{"id":20881,"date":"2020-11-06T15:22:51","date_gmt":"2020-11-06T14:22:51","guid":{"rendered":"https:\/\/www.camping-corse-du-sud.com\/villaggio-di-sartene\/"},"modified":"2023-10-04T18:05:05","modified_gmt":"2023-10-04T16:05:05","slug":"villaggio-di-sartene","status":"publish","type":"page","link":"https:\/\/dev.camping-corse-du-sud.com\/it\/villaggio-di-sartene\/","title":{"rendered":"Villaggio di Sartene"},"content":{"rendered":"<div class=\"wpb-content-wrapper\"><p>[vc_row full_width=&#8221;stretch_row_content&#8221; css_animation=&#8221;fadeIn&#8221; css=&#8221;.vc_custom_1604675741812{background-image: url(https:\/\/www.camping-corse-du-sud.com\/wp-content\/uploads\/2020\/11\/visuel-village-sartene-interne-bandeau-voile50.jpg?id=5953) !important;background-position: center !important;background-repeat: no-repeat !important;background-size: cover !important;}&#8221;][vc_column][vc_empty_space height=&#8221;100px&#8221;][vc_custom_heading text=&#8221;IL VILLAGGIO DI SART\u00c8NE&#8221; font_container=&#8221;tag:h1|text_align:center|color:%23ffffff&#8221; use_theme_fonts=&#8221;yes&#8221;][vc_empty_space height=&#8221;100px&#8221;][vc_row_inner][vc_column_inner][vc_empty_space height=&#8221;50px&#8221;][\/vc_column_inner][\/vc_row_inner][\/vc_column][\/vc_row][vc_row gap=&#8221;20&#8243;][vc_column width=&#8221;1\/2&#8243;][vc_single_image image=&#8221;12485&#8243; img_size=&#8221;full&#8221; onclick=&#8221;zoom&#8221;][\/vc_column][vc_column width=&#8221;1\/2&#8243;][vc_custom_heading text=&#8221;Sart\u00e8ne, \u201cla pi\u00f9 corsa delle citt\u00e0 corse\u201d&#8221; font_container=&#8221;tag:h2|text_align:left|color:%23000000&#8243; use_theme_fonts=&#8221;yes&#8221; css_animation=&#8221;fadeIn&#8221;][vc_separator color=&#8221;custom&#8221; align=&#8221;align_left&#8221; border_width=&#8221;2&#8243; el_width=&#8221;30&#8243; accent_color=&#8221;#5694ff&#8221;][vc_column_text]<\/p>\n<div class=\"page\" title=\"Pagina 2\">\n<div class=\"layoutArea\">\n<div class=\"column\">\n<div class=\"page\" title=\"Pagina 5\">\n<div class=\"layoutArea\">\n<div class=\"column\">\n<p>In uno dei suoi pi\u00f9 grandi racconti, Colomba, M\u00e9rim\u00e9e descrive Sart\u00e8ne come &#8220;la pi\u00f9 corsa delle citt\u00e0 corse&#8221;. Arroccato pochi chilometri a sud di Propriano, il paese domina la valle del Rizzan\u00e8se e il Golfo del Valinco.<br \/>\nPasseggiando tra le sue alte case di granito, scoprirai le sue strade strette. Il quartiere medievale di Santa-Anna ospita il municipio e le scale ad arco.<br \/>\nLa chiesa di Santa Maria Assunta e i suoi tre campanili, l&#8217;ex palazzo dei governatori genovesi, Piazza della Liberazione e i bastioni costituiscono il fascino della citt\u00e0. Petraghju \u00e8 il quartiere pi\u00f9 antico della citt\u00e0. Dalla torre genovese dell&#8217;Echauguette, risalente al XVI secolo, si pu\u00f2 vedere la valle del Rizzanese.<br \/>\n\u201cCitt\u00e0 d&#8217;arte e di storia\u201d, Sart\u00e8ne ha saputo conservare le sue tradizioni pi\u00f9 tipiche, in particolare le celebrazioni religiose, tra le pi\u00f9 famose dell&#8217;isola.<\/p>\n<\/div>\n<\/div>\n<\/div>\n<\/div>\n<\/div>\n<\/div>\n<p>[\/vc_column_text][\/vc_column][\/vc_row][vc_row][vc_column][vc_column_text]<\/p>\n<div class=\"page\" title=\"Pagina 2\">\n<div class=\"layoutArea\">\n<div class=\"column\">\n<div class=\"page\" title=\"Pagina 5\">\n<div class=\"layoutArea\">\n<div class=\"column\">\n<p class=\"p1\">Adagiata sulle colline del sud-ovest della Corsica, Sart\u00e8ne \u00e8 una meraviglia che illustra perfettamente il carattere autentico dell&#8217;isola della bellezza. Passeggiando per le sue strade strette e tortuose si respira un&#8217;atmosfera carica di storia, un&#8217;atmosfera dove il tempo sembra essersi fermato.<\/p>\n<p class=\"p1\">Sart\u00e8ne, o &#8220;la pi\u00f9 corsa delle citt\u00e0 corse&#8221; come la defin\u00ec lo scrittore Prosper M\u00e9rim\u00e9e, si aggrappa alla montagna, offrendo una vista mozzafiato sulla valle del Rizzanese. \u00c8 circondato da un paesaggio selvaggio tipicamente corso, con macchia mediterranea profumata e imponenti formazioni rocciose.<\/p>\n<p class=\"p1\">L&#8217;architettura di Sart\u00e8ne riflette perfettamente la Corsica tradizionale. Edifici in granito grigio, come la robusta Chiesa di Santa Maria, dominano il centro storico. Queste imponenti strutture, costruite per resistere agli attacchi degli invasori, testimoniano la tumultuosa storia della Corsica.<\/p>\n<p class=\"p1\">La Place de la Lib\u00e9ration, spesso considerata il cuore pulsante di Sart\u00e8ne, \u00e8 una tappa imprescindibile. Potete sedervi in \u200b\u200buno dei caff\u00e8 della piazza, gustare un bicchiere di vino corso e ammirare il balletto della gente del posto. Il mercato locale, dove i produttori regionali vengono a vendere i loro prodotti freschi, \u00e8 una vera festa per i sensi. Robusti formaggi corsi, frutta e verdura baciata dal sole, salumi artigianali e marmellate fatte in casa riempiono le bancarelle, offrendo una vera immersione nella cultura gastronomica della Corsica.<\/p>\n<p class=\"p1\">La citt\u00e0 di Sart\u00e8ne, con le sue case in granito, le strade strette e le piazze tranquille, vi immerge nel cuore della cultura corsa. Viene spesso descritta come la &#8220;pi\u00f9 corsa delle citt\u00e0 corse&#8221;, un&#8217;affermazione che diventa evidente mentre esplori le sue strade acciottolate e gli edifici storici.<\/p>\n<p class=\"p1\">Passeggiando per il centro storico, scoprirai Place de la Lib\u00e9ration, dove si trova la chiesa di Sainte-Marie. Questa chiesa del XVII secolo, con la sua facciata in granito e l&#8217;imponente campanile, \u00e8 un vero gioiello del patrimonio corso. Nelle vicinanze, il Museo della Preistoria della Corsica offre uno sguardo affascinante sui primi abitanti dell&#8217;isola.<\/p>\n<p class=\"p1\">Sart\u00e8ne \u00e8 nota anche per le sue tradizioni culturali. Ogni anno, durante la Settimana Santa, la citt\u00e0 ospita il &#8220;Catenacciu&#8221;, una spettacolare processione religiosa che ripercorre la Passione di Cristo. Questo rituale secolare \u00e8 uno dei pi\u00f9 impressionanti della Corsica e attira visitatori da tutto il mondo.<\/p>\n<p class=\"p1\">Ma Sart\u00e8ne non \u00e8 solo una citt\u00e0 di storia e tradizione. Inoltre \u00e8 circondato da una natura mozzafiato. A pochi chilometri troverete suggestivi siti naturali come la valle del Rizzanese, l&#8217;altopiano della Cauria e, naturalmente, le magnifiche spiagge della costa occidentale della Corsica.<\/p>\n<p class=\"p1\">La gastronomia di Sart\u00e8ne non vi deluder\u00e0. I ristoranti locali offrono una variet\u00e0 di piatti tradizionali corsi, dal &#8220;brocciu&#8221; (formaggio di pecora) ai &#8220;salumi corsi&#8221;, compresa la &#8220;polenta&#8221; e, naturalmente, il vino corso, noto per la sua qualit\u00e0 e diversit\u00e0.<\/p>\n<p class=\"p1\">Il <a href=\"https:\/\/www.camping-corse-du-sud.com\/it\/i-villaggi-della-corsica-del-sud\/\">villaggio<\/a> di Sart\u00e8ne \u00e8 una citt\u00e0 che incarna l&#8217;anima corsa. Che tu sia appassionato di storia, cultura, natura o gastronomia, Sart\u00e8ne ha qualcosa da offrire a tutti. Una visita a Sart\u00e8ne \u00e8 una tappa essenziale durante il vostro viaggio in <a href=\"https:\/\/corsicacamping.com\/\">Corsica<\/a>.<\/p>\n<\/div>\n<\/div>\n<\/div>\n<\/div>\n<\/div>\n<\/div>\n<p>[\/vc_column_text][\/vc_column][\/vc_row]<\/p>\n<\/div>","protected":false},"excerpt":{"rendered":"<p>[vc_row full_width=&#8221;stretch_row_content&#8221; css_animation=&#8221;fadeIn&#8221; css=&#8221;.vc_custom_1604675741812{background-image: url(https:\/\/www.camping-corse-du-sud.com\/wp-content\/uploads\/2020\/11\/visuel-village-sartene-interne-bandeau-voile50.jpg?id=5953) !important;background-position: center !important;background-repeat: no-repeat !important;background-size: cover !important;}&#8221;][vc_column][vc_empty_space height=&#8221;100px&#8221;][vc_custom_heading text=&#8221;IL VILLAGGIO DI SART\u00c8NE&#8221; font_container=&#8221;tag:h1|text_align:center|color:%23ffffff&#8221; use_theme_fonts=&#8221;yes&#8221;][vc_empty_space height=&#8221;100px&#8221;][vc_row_inner][vc_column_inner][vc_empty_space [&hellip;]<\/p>\n","protected":false},"author":3,"featured_media":21716,"parent":0,"menu_order":0,"comment_status":"closed","ping_status":"closed","template":"","meta":{"_seopress_robots_primary_cat":"","_seopress_titles_title":"","_seopress_titles_desc":"","_seopress_robots_index":"","_uag_custom_page_level_css":"","site-sidebar-layout":"default","site-content-layout":"","ast-site-content-layout":"default","site-content-style":"default","site-sidebar-style":"default","ast-global-header-display":"","ast-banner-title-visibility":"","ast-main-header-display":"","ast-hfb-above-header-display":"","ast-hfb-below-header-display":"","ast-hfb-mobile-header-display":"","site-post-title":"","ast-breadcrumbs-content":"","ast-featured-img":"","footer-sml-layout":"","ast-disable-related-posts":"","theme-transparent-header-meta":"","adv-header-id-meta":"","stick-header-meta":"","header-above-stick-meta":"","header-main-stick-meta":"","header-below-stick-meta":"","astra-migrate-meta-layouts":"default","ast-page-background-enabled":"default","ast-page-background-meta":{"desktop":{"background-color":"var(--ast-global-color-5)","background-image":"","background-repeat":"repeat","background-position":"center center","background-size":"auto","background-attachment":"scroll","background-type":"","background-media":"","overlay-type":"","overlay-color":"","overlay-opacity":"","overlay-gradient":""},"tablet":{"background-color":"","background-image":"","background-repeat":"repeat","background-position":"center center","background-size":"auto","background-attachment":"scroll","background-type":"","background-media":"","overlay-type":"","overlay-color":"","overlay-opacity":"","overlay-gradient":""},"mobile":{"background-color":"","background-image":"","background-repeat":"repeat","background-position":"center center","background-size":"auto","background-attachment":"scroll","background-type":"","background-media":"","overlay-type":"","overlay-color":"","overlay-opacity":"","overlay-gradient":""}},"ast-content-background-meta":{"desktop":{"background-color":"var(--ast-global-color-4)","background-image":"","background-repeat":"repeat","background-position":"center center","background-size":"auto","background-attachment":"scroll","background-type":"","background-media":"","overlay-type":"","overlay-color":"","overlay-opacity":"","overlay-gradient":""},"tablet":{"background-color":"var(--ast-global-color-4)","background-image":"","background-repeat":"repeat","background-position":"center center","background-size":"auto","background-attachment":"scroll","background-type":"","background-media":"","overlay-type":"","overlay-color":"","overlay-opacity":"","overlay-gradient":""},"mobile":{"background-color":"var(--ast-global-color-4)","background-image":"","background-repeat":"repeat","background-position":"center center","background-size":"auto","background-attachment":"scroll","background-type":"","background-media":"","overlay-type":"","overlay-color":"","overlay-opacity":"","overlay-gradient":""}},"_vp_format_video_url":"","_vp_image_focal_point":[],"footnotes":""},"categories":[],"tags":[],"class_list":["post-20881","page","type-page","status-publish","has-post-thumbnail"],"spectra_custom_meta":{"_vp_words_count":["665"],"_wpml_media_duplicate":["0"],"_wpml_media_featured":["1"],"_top_nav_excluded":[""],"_cms_nav_minihome":[""],"_wpb_shortcodes_custom_css":[".vc_custom_1604675741812{background-image: url(https:\/\/www.camping-corse-du-sud.com\/wp-content\/uploads\/2020\/11\/visuel-village-sartene-interne-bandeau-voile50.jpg?id=5953) !important;background-position: center !important;background-repeat: no-repeat !important;background-size: cover !important;}",".vc_custom_1604675741812{background-image: url(https:\/\/www.camping-corse-du-sud.com\/wp-content\/uploads\/2020\/11\/visuel-village-sartene-interne-bandeau-voile50.jpg?id=5953) !important;background-position: center !important;background-repeat: no-repeat !important;background-size: cover !important;}",".vc_custom_1604675741812{background-image: url(https:\/\/www.camping-corse-du-sud.com\/wp-content\/uploads\/2020\/11\/visuel-village-sartene-interne-bandeau-voile50.jpg?id=5953) !important;background-position: center !important;background-repeat: no-repeat !important;background-size: cover !important;}",".vc_custom_1604675741812{background-image: url(https:\/\/www.camping-corse-du-sud.com\/wp-content\/uploads\/2020\/11\/visuel-village-sartene-interne-bandeau-voile50.jpg?id=5953) !important;background-position: center !important;background-repeat: no-repeat !important;background-size: cover !important;}",".vc_custom_1604675741812{background-image: url(https:\/\/www.camping-corse-du-sud.com\/wp-content\/uploads\/2020\/11\/visuel-village-sartene-interne-bandeau-voile50.jpg?id=5953) !important;background-position: center !important;background-repeat: no-repeat !important;background-size: cover !important;}",".vc_custom_1604675741812{background-image: url(https:\/\/www.camping-corse-du-sud.com\/wp-content\/uploads\/2020\/11\/visuel-village-sartene-interne-bandeau-voile50.jpg?id=5953) !important;background-position: center !important;background-repeat: no-repeat !important;background-size: cover !important;}",".vc_custom_1604675741812{background-image: url(https:\/\/www.camping-corse-du-sud.com\/wp-content\/uploads\/2020\/11\/visuel-village-sartene-interne-bandeau-voile50.jpg?id=5953) !important;background-position: center !important;background-repeat: no-repeat !important;background-size: cover !important;}",".vc_custom_1604675741812{background-image: url(https:\/\/www.camping-corse-du-sud.com\/wp-content\/uploads\/2020\/11\/visuel-village-sartene-interne-bandeau-voile50.jpg?id=5953) !important;background-position: center !important;background-repeat: no-repeat !important;background-size: cover !important;}"],"_thumbnail_id":["21716"],"_last_translation_edit_mode":["translation-editor"],"_wpb_shortcodes_default_css":[".vc_do_custom_heading{margin-bottom:0.625rem;margin-top:0;}"],"_wpb_shortcodes_default_css_updated":["1"],"_wpb_shortcodes_custom_css_updated":["1"],"rank_math_news_sitemap_robots":["index"],"rank_math_robots":["a:1:{i:0;s:5:\"index\";}"],"rank_math_analytic_object_id":["2073"],"_yoast_wpseo_primary_category":[""],"rank_math_primary_category":["0"],"_wp_page_template":[""],"rank_math_internal_links_processed":["1"],"_uag_page_assets":["a:9:{s:3:\"css\";s:7859:\".wp-block-uagb-container{display:flex;position:relative;box-sizing:border-box;transition-property:box-shadow;transition-duration:0.2s;transition-timing-function:ease}.wp-block-uagb-container .spectra-container-link-overlay{bottom:0;left:0;position:absolute;right:0;top:0;z-index:10}.wp-block-uagb-container.uagb-is-root-container{margin-left:auto;margin-right:auto}.wp-block-uagb-container.alignfull.uagb-is-root-container .uagb-container-inner-blocks-wrap{display:flex;position:relative;box-sizing:border-box;margin-left:auto !important;margin-right:auto !important}.wp-block-uagb-container .wp-block-uagb-blockquote,.wp-block-uagb-container .wp-block-spectra-pro-login,.wp-block-uagb-container .wp-block-spectra-pro-register{margin:unset}.wp-block-uagb-container .uagb-container__video-wrap{height:100%;width:100%;top:0;left:0;position:absolute;overflow:hidden;-webkit-transition:opacity 1s;-o-transition:opacity 1s;transition:opacity 1s}.wp-block-uagb-container .uagb-container__video-wrap video{max-width:100%;width:100%;height:100%;margin:0;line-height:1;border:none;display:inline-block;vertical-align:baseline;-o-object-fit:cover;object-fit:cover;background-size:cover}.wp-block-uagb-container.uagb-layout-grid{display:grid;width:100%}.wp-block-uagb-container.uagb-layout-grid>.uagb-container-inner-blocks-wrap{display:inherit;width:inherit}.wp-block-uagb-container.uagb-layout-grid>.uagb-container-inner-blocks-wrap>.wp-block-uagb-container{max-width:unset !important;width:unset !important}.wp-block-uagb-container.uagb-layout-grid>.wp-block-uagb-container{max-width:unset !important;width:unset !important}.wp-block-uagb-container.uagb-layout-grid.uagb-is-root-container{margin-left:auto;margin-right:auto}.wp-block-uagb-container.uagb-layout-grid.uagb-is-root-container>.wp-block-uagb-container{max-width:unset !important;width:unset !important}.wp-block-uagb-container.uagb-layout-grid.alignwide.uagb-is-root-container{margin-left:auto;margin-right:auto}.wp-block-uagb-container.uagb-layout-grid.alignfull.uagb-is-root-container .uagb-container-inner-blocks-wrap{display:inherit;position:relative;box-sizing:border-box;margin-left:auto !important;margin-right:auto !important}body .wp-block-uagb-container>.uagb-container-inner-blocks-wrap>*:not(.wp-block-uagb-container):not(.wp-block-uagb-column):not(.wp-block-uagb-container):not(.wp-block-uagb-section):not(.uagb-container__shape):not(.uagb-container__video-wrap):not(.wp-block-spectra-pro-register):not(.wp-block-spectra-pro-login):not(.uagb-slider-container):not(.spectra-image-gallery__control-lightbox):not(.wp-block-uagb-info-box),body .wp-block-uagb-container>.uagb-container-inner-blocks-wrap,body .wp-block-uagb-container>*:not(.wp-block-uagb-container):not(.wp-block-uagb-column):not(.wp-block-uagb-container):not(.wp-block-uagb-section):not(.uagb-container__shape):not(.uagb-container__video-wrap):not(.wp-block-spectra-pro-register):not(.wp-block-spectra-pro-login):not(.uagb-slider-container):not(.spectra-container-link-overlay):not(.spectra-image-gallery__control-lightbox):not(.wp-block-uagb-lottie):not(.uagb-faq__outer-wrap){min-width:unset !important;width:100%;position:relative}body .ast-container .wp-block-uagb-container>.uagb-container-inner-blocks-wrap>.wp-block-uagb-container>ul,body .ast-container .wp-block-uagb-container>.uagb-container-inner-blocks-wrap>.wp-block-uagb-container ol,body .ast-container .wp-block-uagb-container>.uagb-container-inner-blocks-wrap>ul,body .ast-container .wp-block-uagb-container>.uagb-container-inner-blocks-wrap ol{max-width:-webkit-fill-available;margin-block-start:0;margin-block-end:0;margin-left:20px}.ast-plain-container .editor-styles-wrapper .block-editor-block-list__layout.is-root-container .uagb-is-root-container.wp-block-uagb-container.alignwide{margin-left:auto;margin-right:auto}.uagb-container__shape{overflow:hidden;position:absolute;left:0;width:100%;line-height:0;direction:ltr}.uagb-container__shape-top{top:-3px}.uagb-container__shape-bottom{bottom:-3px}.uagb-container__shape.uagb-container__invert.uagb-container__shape-bottom,.uagb-container__shape.uagb-container__invert.uagb-container__shape-top{-webkit-transform:rotate(180deg);-ms-transform:rotate(180deg);transform:rotate(180deg)}.uagb-container__shape.uagb-container__shape-flip svg{transform:translateX(-50%) rotateY(180deg)}.uagb-container__shape svg{display:block;width:-webkit-calc(100% + 1.3px);width:calc(100% + 1.3px);position:relative;left:50%;-webkit-transform:translateX(-50%);-ms-transform:translateX(-50%);transform:translateX(-50%)}.uagb-container__shape .uagb-container__shape-fill{-webkit-transform-origin:center;-ms-transform-origin:center;transform-origin:center;-webkit-transform:rotateY(0deg);transform:rotateY(0deg)}.uagb-container__shape.uagb-container__shape-above-content{z-index:9;pointer-events:none}.nv-single-page-wrap .nv-content-wrap.entry-content .wp-block-uagb-container.alignfull{margin-left:calc(50% - 50vw);margin-right:calc(50% - 50vw)}@media only screen and (max-width: 767px){.wp-block-uagb-container .wp-block-uagb-advanced-heading{width:-webkit-fill-available}}.wp-block-uagb-image--align-none{justify-content:center}\n.wp-block-uagb-container.uagb-block-360db477 .uagb-container__shape-top svg{width: calc( 100% + 1.3px );}.wp-block-uagb-container.uagb-block-360db477 .uagb-container__shape.uagb-container__shape-top .uagb-container__shape-fill{fill: rgba(51,51,51,1);}.wp-block-uagb-container.uagb-block-360db477 .uagb-container__shape-bottom svg{width: calc( 100% + 1.3px );}.wp-block-uagb-container.uagb-block-360db477 .uagb-container__shape.uagb-container__shape-bottom .uagb-container__shape-fill{fill: rgba(51,51,51,1);}.wp-block-uagb-container.uagb-block-360db477 .uagb-container__video-wrap video{opacity: 1;}.wp-block-uagb-container.uagb-is-root-container .uagb-block-360db477{max-width: 100%;width: 100%;}.wp-block-uagb-container.uagb-is-root-container.alignfull.uagb-block-360db477 > .uagb-container-inner-blocks-wrap{--inner-content-custom-width: min( 100%, 1600px);max-width: var(--inner-content-custom-width);width: 100%;flex-direction: column;align-items: center;justify-content: center;flex-wrap: nowrap;row-gap: 20px;column-gap: 20px;}.wp-block-uagb-container.uagb-block-360db477{box-shadow: 0px 0px   #00000070 ;padding-top: 10px;padding-bottom: 10px;padding-left: 10px;padding-right: 10px;margin-top:  !important;margin-bottom:  !important;overflow: visible;order: initial;border-color: inherit;row-gap: 20px;column-gap: 20px;}@media only screen and (max-width: 976px) {.wp-block-uagb-container.uagb-is-root-container .uagb-block-360db477{width: 100%;}.wp-block-uagb-container.uagb-is-root-container.alignfull.uagb-block-360db477 > .uagb-container-inner-blocks-wrap{--inner-content-custom-width: min( 100%, 1024px);max-width: var(--inner-content-custom-width);width: 100%;}.wp-block-uagb-container.uagb-block-360db477{padding-top: 10px;padding-bottom: 10px;padding-left: 10px;padding-right: 10px;margin-top:  !important;margin-bottom:  !important;order: initial;}}@media only screen and (max-width: 767px) {.wp-block-uagb-container.uagb-is-root-container .uagb-block-360db477{max-width: 100%;width: 100%;}.wp-block-uagb-container.uagb-is-root-container.alignfull.uagb-block-360db477 > .uagb-container-inner-blocks-wrap{--inner-content-custom-width: min( 100%, 767px);max-width: var(--inner-content-custom-width);width: 100%;flex-wrap: wrap;}.wp-block-uagb-container.uagb-block-360db477{padding-top: 10px;padding-bottom: 10px;padding-left: 10px;padding-right: 10px;margin-top:  !important;margin-bottom:  !important;order: initial;}}.uag-blocks-common-selector{z-index:var(--z-index-desktop) !important}@media (max-width: 976px){.uag-blocks-common-selector{z-index:var(--z-index-tablet) !important}}@media (max-width: 767px){.uag-blocks-common-selector{z-index:var(--z-index-mobile) !important}}\n\";s:2:\"js\";s:0:\"\";s:18:\"current_block_list\";a:4:{i:0;s:14:\"uagb\/container\";i:1;s:12:\"core\/heading\";i:2;s:14:\"core\/paragraph\";i:3;s:14:\"core\/shortcode\";}s:8:\"uag_flag\";b:1;s:11:\"uag_version\";s:10:\"1775138354\";s:6:\"gfonts\";a:0:{}s:10:\"gfonts_url\";s:0:\"\";s:12:\"gfonts_files\";a:0:{}s:14:\"uag_faq_layout\";b:0;}"],"_uag_css_file_name":["uag-css-20881.css"]},"uagb_featured_image_src":{"full":["https:\/\/dev.camping-corse-du-sud.com\/wp-content\/uploads\/2025\/01\/visuel-village-sartene-interne.jpg",500,333,false],"thumbnail":["https:\/\/dev.camping-corse-du-sud.com\/wp-content\/uploads\/2025\/01\/visuel-village-sartene-interne-150x150.jpg",150,150,true],"medium":["https:\/\/dev.camping-corse-du-sud.com\/wp-content\/uploads\/2025\/01\/visuel-village-sartene-interne-300x200.jpg",300,200,true],"medium_large":["https:\/\/dev.camping-corse-du-sud.com\/wp-content\/uploads\/2025\/01\/visuel-village-sartene-interne.jpg",500,333,false],"large":["https:\/\/dev.camping-corse-du-sud.com\/wp-content\/uploads\/2025\/01\/visuel-village-sartene-interne.jpg",500,333,false],"1536x1536":["https:\/\/dev.camping-corse-du-sud.com\/wp-content\/uploads\/2025\/01\/visuel-village-sartene-interne.jpg",500,333,false],"2048x2048":["https:\/\/dev.camping-corse-du-sud.com\/wp-content\/uploads\/2025\/01\/visuel-village-sartene-interne.jpg",500,333,false],"vp_sm":["https:\/\/dev.camping-corse-du-sud.com\/wp-content\/uploads\/2025\/01\/visuel-village-sartene-interne.jpg",500,333,false],"vp_md":["https:\/\/dev.camping-corse-du-sud.com\/wp-content\/uploads\/2025\/01\/visuel-village-sartene-interne.jpg",500,333,false],"vp_lg":["https:\/\/dev.camping-corse-du-sud.com\/wp-content\/uploads\/2025\/01\/visuel-village-sartene-interne.jpg",500,333,false],"vp_xl":["https:\/\/dev.camping-corse-du-sud.com\/wp-content\/uploads\/2025\/01\/visuel-village-sartene-interne.jpg",500,333,false],"vp_sm_popup":["https:\/\/dev.camping-corse-du-sud.com\/wp-content\/uploads\/2025\/01\/visuel-village-sartene-interne.jpg",500,333,false],"vp_md_popup":["https:\/\/dev.camping-corse-du-sud.com\/wp-content\/uploads\/2025\/01\/visuel-village-sartene-interne.jpg",500,333,false],"vp_xl_popup":["https:\/\/dev.camping-corse-du-sud.com\/wp-content\/uploads\/2025\/01\/visuel-village-sartene-interne.jpg",500,333,false]},"uagb_author_info":{"display_name":"Edouard","author_link":"https:\/\/dev.camping-corse-du-sud.com\/it\/author\/edouard\/"},"uagb_comment_info":0,"uagb_excerpt":"[vc_row full_width=&#8221;stretch_row_content&#8221; css_animation=&#8221;fadeIn&#8221; css=&#8221;.vc_custom_1604675741812{background-image: url(https:\/\/www.camping-corse-du-sud.com\/wp-content\/uploads\/2020\/11\/visuel-village-sartene-interne-bandeau-voile50.jpg?id=5953) !important;background-position: center !important;background-repeat: no-repeat !important;background-size: cover !important;}&#8221;][vc_column][vc_empty_space height=&#8221;100px&#8221;][vc_custom_heading text=&#8221;IL VILLAGGIO DI SART\u00c8NE&#8221; font_container=&#8221;tag:h1|text_align:center|color:%23ffffff&#8221; use_theme_fonts=&#8221;yes&#8221;][vc_empty_space height=&#8221;100px&#8221;][vc_row_inner][vc_column_inner][vc_empty_space [&hellip;]","_links":{"self":[{"href":"https:\/\/dev.camping-corse-du-sud.com\/it\/wp-json\/wp\/v2\/pages\/20881","targetHints":{"allow":["GET"]}}],"collection":[{"href":"https:\/\/dev.camping-corse-du-sud.com\/it\/wp-json\/wp\/v2\/pages"}],"about":[{"href":"https:\/\/dev.camping-corse-du-sud.com\/it\/wp-json\/wp\/v2\/types\/page"}],"author":[{"embeddable":true,"href":"https:\/\/dev.camping-corse-du-sud.com\/it\/wp-json\/wp\/v2\/users\/3"}],"replies":[{"embeddable":true,"href":"https:\/\/dev.camping-corse-du-sud.com\/it\/wp-json\/wp\/v2\/comments?post=20881"}],"version-history":[{"count":0,"href":"https:\/\/dev.camping-corse-du-sud.com\/it\/wp-json\/wp\/v2\/pages\/20881\/revisions"}],"wp:featuredmedia":[{"embeddable":true,"href":"https:\/\/dev.camping-corse-du-sud.com\/it\/wp-json\/wp\/v2\/media\/21716"}],"wp:attachment":[{"href":"https:\/\/dev.camping-corse-du-sud.com\/it\/wp-json\/wp\/v2\/media?parent=20881"}],"wp:term":[{"taxonomy":"category","embeddable":true,"href":"https:\/\/dev.camping-corse-du-sud.com\/it\/wp-json\/wp\/v2\/categories?post=20881"},{"taxonomy":"post_tag","embeddable":true,"href":"https:\/\/dev.camping-corse-du-sud.com\/it\/wp-json\/wp\/v2\/tags?post=20881"}],"curies":[{"name":"wp","href":"https:\/\/api.w.org\/{rel}","templated":true}]}}