{"id":20860,"date":"2020-11-05T18:50:44","date_gmt":"2020-11-05T17:50:44","guid":{"rendered":"https:\/\/www.camping-corse-du-sud.com\/punta-di-parata\/"},"modified":"2023-10-03T19:39:39","modified_gmt":"2023-10-03T17:39:39","slug":"punta-di-parata","status":"publish","type":"page","link":"https:\/\/dev.camping-corse-du-sud.com\/it\/punta-di-parata\/","title":{"rendered":"Punta di Parata"},"content":{"rendered":"<div class=\"wpb-content-wrapper\"><p>[vc_row full_width=&#8221;stretch_row_content&#8221; css_animation=&#8221;fadeIn&#8221; css=&#8221;.vc_custom_1604612624413{background-image: url(https:\/\/www.camping-corse-du-sud.com\/wp-content\/uploads\/2020\/11\/visuel-plus-beaux-endroits-pointe-parata-interne-bandeau-voile50.jpg?id=5819) !important;background-position: center !important;background-repeat: no-repeat !important;background-size: cover !important;}&#8221;][vc_column][vc_empty_space height=&#8221;100px&#8221;][vc_custom_heading text=&#8221;PUNTO DI PARATA&#8221; font_container=&#8221;tag:h1|text_align:center|color:%23ffffff&#8221; use_theme_fonts=&#8221;yes&#8221;][vc_empty_space height=&#8221;100px&#8221;][vc_row_inner][vc_column_inner][vc_empty_space height=&#8221;50px&#8221;][\/vc_column_inner][\/vc_row_inner][\/vc_column][\/vc_row][vc_row gap=&#8221;20&#8243;][vc_column width=&#8221;1\/2&#8243;][vc_single_image image=&#8221;12441&#8243; img_size=&#8221;full&#8221; onclick=&#8221;zoom&#8221;][\/vc_column][vc_column width=&#8221;1\/2&#8243;][vc_custom_heading text=&#8221;Punta di Parata&#8221; font_container=&#8221;tag:h2|text_align:left|color:%23000000&#8243; use_theme_fonts=&#8221;yes&#8221; css_animation=&#8221;fadeIn&#8221;][vc_separator color=&#8221;custom&#8221; align=&#8221;align_left&#8221; border_width=&#8221;2&#8243; el_width=&#8221;30&#8243; accent_color=&#8221;#5694ff&#8221;][vc_column_text]A nord-ovest del Golfo di Ajaccio, la penisola della Parata, partendo dalla strada delle Sanguinarie, merita una deviazione. Sulla penisola, una torre genovese vi offrir\u00e0 una vista spettacolare sull&#8217;arcipelago delle Sanguinarie ma anche sull&#8217;ambiente che circonda il luogo. Sono stati allestiti diversi piccoli sentieri che ti porteranno a diversi punti di vista. Una ricca flora locale popola il sito e rende il luogo ancora pi\u00f9 affascinante e selvaggio. Dalla punta di Parata i tramonti sono sublimi.[\/vc_column_text][\/vc_column][\/vc_row][vc_row css=&#8221;.vc_custom_1687985015031{margin-top: 20px !important;}&#8221;][vc_column][vc_column_text]<\/p>\n<h2 class=\"p1\">Scopri Pointe de la Parata: un gioiello della Corsica del Sud<\/h2>\n<p class=\"p1\">La Corsica del Sud, una regione di straordinaria bellezza naturale, \u00e8 un paradiso per gli amanti della vita all&#8217;aria aperta e della natura. Al centro di questo splendore c&#8217;\u00e8 la Pointe de la Parata, un sito naturale di bellezza mozzafiato che sicuramente ti lascer\u00e0 senza parole.<\/p>\n<p class=\"p1\">Situata appena fuori Ajaccio, Pointe de la Parata offre un panorama eccezionale sull&#8217;arcipelago delle Sanguinarie, quattro isole selvagge che si ergono orgogliose nel Mar Mediterraneo. Questa punta rocciosa, classificata sito naturale, \u00e8 un must della Corsica del Sud e offre ai visitatori un rifugio naturale a pochi minuti dalla citt\u00e0.<\/p>\n<h3 class=\"p1\">Pointe de la Parata: un paesaggio selvaggio nel Sud della Corsica<\/h3>\n<p class=\"p1\">La Pointe de la Parata \u00e8 il simbolo del sud della Corsica, selvaggio e preservato. \u00c8 il luogo preferito dagli escursionisti e dagli amanti della natura. Il sito \u00e8 accessibile tramite un sentiero segnalato, che propone una bella passeggiata attraverso la profumata macchia mediterranea tipica del sud della Corsica. Il sentiero conduce ad una torre genovese, vestigia del XVI secolo che domina il sito e offre una vista panoramica sulle Isole Sanguinarie.<\/p>\n<h3 class=\"p1\">Le Isole Sanguinarie: un panorama eccezionale dalla Pointe de la Parata<\/h3>\n<p class=\"p1\">Dalla Pointe de la Parata, il panorama delle Isole Sanguinarie \u00e8 semplicemente mozzafiato. Queste quattro isole, situate a pochi chilometri dalla costa, sono uno spettacolo naturale indimenticabile, soprattutto al tramonto, quando le rocce assumono un colore rossastro, da qui il loro nome &#8220;Sanguinaires&#8221;. Queste isole rappresentano anche il rifugio di una fauna e di una flora eccezionali, che fanno di questo arcipelago un sito di grande interesse ecologico nel Sud della Corsica.<\/p>\n<h3 class=\"p1\">Pointe de la Parata: una ricchezza storica della Corsica del Sud<\/h3>\n<p class=\"p1\">Oltre alla sua ricchezza naturale, Pointe de la Parata \u00e8 anche un importante sito storico. La torre genovese che vi si trova testimonia il passato della Corsica del Sud, quando era un avamposto strategico per la difesa dell&#8217;isola. Una visita a questa torre ben conservata \u00e8 un tuffo nella storia del sud della Corsica, offrendo una prospettiva unica sul passato di questa regione.<\/p>\n<h3 class=\"p1\">Pointe de la Parata nel Sud della Corsica: assolutamente da vedere<\/h3>\n<p class=\"p1\">Che tu sia un appassionato della natura, un amante della storia o semplicemente alla ricerca di un paesaggio mozzafiato, Pointe de la Parata nel Sud della Corsica \u00e8 un must. La sua miscela unica di bellezza naturale, storia e viste panoramiche la rendono uno dei gioielli della Corsica del Sud.<\/p>\n<p class=\"p1\">Dall&#8217;escursionismo alla scoperta storica, passando per l&#8217;immersione totale nelle bellezze naturali, Pointe de la Parata, nel sud della Corsica, ha qualcosa per soddisfare tutti i gusti. Lasciati sorprendere dalla variet\u00e0 dei paesaggi, dalle ripide scogliere alle spiagge tranquille, passando per la profumata macchia mediterranea.<\/p>\n<h3 class=\"p1\">La fauna e la flora della Pointe de la Parata nel Sud della Corsica<\/h3>\n<p class=\"p1\">Il <a href=\"https:\/\/www.camping-corse-du-sud.com\/it\/i-posti-piu-belli-della-corsica-del-sud\/\">sito<\/a> ospita una biodiversit\u00e0 eccezionale, dove si mescolano specie endemiche e migratorie. Gli appassionati di ornitologia rimarranno estasiati dalla variet\u00e0 di uccelli presenti, mentre la flora, particolarmente ricca in primavera, offre un vero spettacolo di colori e profumi.<\/p>\n<h3 class=\"p1\">Una visita all&#8217;imbrunire per uno spettacolo indimenticabile<\/h3>\n<p class=\"p1\">Per un&#8217;esperienza indimenticabile, organizza la tua visita al calar della notte. I colori del tramonto sulle Isole Sanguinarie sono di una bellezza mozzafiato, rendendo questo momento un ricordo indelebile del vostro soggiorno nel Sud della Corsica.<\/p>\n<p class=\"p1\">Pointe de la Parata \u00e8 una tappa essenziale durante la vostra visita nel Sud della <a href=\"https:\/\/corsicacamping.com\/\">Corsica<\/a>. Questo sito eccezionale vi offre una fuga nella natura e un tuffo nella storia, il tutto arricchito da un panorama unico sulle Isole Sanguinarie. Quindi, durante il vostro prossimo viaggio nel Sud della Corsica, non dimenticate di inserire la Pointe de la Parata nel programma delle vostre scoperte.<\/p>\n<p>[\/vc_column_text][\/vc_column][\/vc_row]<\/p>\n<\/div>","protected":false},"excerpt":{"rendered":"<p>[vc_row full_width=&#8221;stretch_row_content&#8221; css_animation=&#8221;fadeIn&#8221; css=&#8221;.vc_custom_1604612624413{background-image: url(https:\/\/www.camping-corse-du-sud.com\/wp-content\/uploads\/2020\/11\/visuel-plus-beaux-endroits-pointe-parata-interne-bandeau-voile50.jpg?id=5819) !important;background-position: center !important;background-repeat: no-repeat !important;background-size: cover !important;}&#8221;][vc_column][vc_empty_space height=&#8221;100px&#8221;][vc_custom_heading text=&#8221;PUNTO DI PARATA&#8221; font_container=&#8221;tag:h1|text_align:center|color:%23ffffff&#8221; use_theme_fonts=&#8221;yes&#8221;][vc_empty_space height=&#8221;100px&#8221;][vc_row_inner][vc_column_inner][vc_empty_space height=&#8221;50px&#8221;][\/vc_column_inner][\/vc_row_inner][\/vc_column][\/vc_row][vc_row [&hellip;]<\/p>\n","protected":false},"author":3,"featured_media":24692,"parent":0,"menu_order":0,"comment_status":"closed","ping_status":"closed","template":"","meta":{"_seopress_robots_primary_cat":"","_seopress_titles_title":"","_seopress_titles_desc":"","_seopress_robots_index":"","_uag_custom_page_level_css":"","site-sidebar-layout":"default","site-content-layout":"","ast-site-content-layout":"default","site-content-style":"default","site-sidebar-style":"default","ast-global-header-display":"","ast-banner-title-visibility":"","ast-main-header-display":"","ast-hfb-above-header-display":"","ast-hfb-below-header-display":"","ast-hfb-mobile-header-display":"","site-post-title":"","ast-breadcrumbs-content":"","ast-featured-img":"","footer-sml-layout":"","ast-disable-related-posts":"","theme-transparent-header-meta":"","adv-header-id-meta":"","stick-header-meta":"","header-above-stick-meta":"","header-main-stick-meta":"","header-below-stick-meta":"","astra-migrate-meta-layouts":"default","ast-page-background-enabled":"default","ast-page-background-meta":{"desktop":{"background-color":"var(--ast-global-color-5)","background-image":"","background-repeat":"repeat","background-position":"center center","background-size":"auto","background-attachment":"scroll","background-type":"","background-media":"","overlay-type":"","overlay-color":"","overlay-opacity":"","overlay-gradient":""},"tablet":{"background-color":"","background-image":"","background-repeat":"repeat","background-position":"center center","background-size":"auto","background-attachment":"scroll","background-type":"","background-media":"","overlay-type":"","overlay-color":"","overlay-opacity":"","overlay-gradient":""},"mobile":{"background-color":"","background-image":"","background-repeat":"repeat","background-position":"center center","background-size":"auto","background-attachment":"scroll","background-type":"","background-media":"","overlay-type":"","overlay-color":"","overlay-opacity":"","overlay-gradient":""}},"ast-content-background-meta":{"desktop":{"background-color":"var(--ast-global-color-4)","background-image":"","background-repeat":"repeat","background-position":"center center","background-size":"auto","background-attachment":"scroll","background-type":"","background-media":"","overlay-type":"","overlay-color":"","overlay-opacity":"","overlay-gradient":""},"tablet":{"background-color":"var(--ast-global-color-4)","background-image":"","background-repeat":"repeat","background-position":"center center","background-size":"auto","background-attachment":"scroll","background-type":"","background-media":"","overlay-type":"","overlay-color":"","overlay-opacity":"","overlay-gradient":""},"mobile":{"background-color":"var(--ast-global-color-4)","background-image":"","background-repeat":"repeat","background-position":"center center","background-size":"auto","background-attachment":"scroll","background-type":"","background-media":"","overlay-type":"","overlay-color":"","overlay-opacity":"","overlay-gradient":""}},"_vp_format_video_url":"","_vp_image_focal_point":[],"footnotes":""},"categories":[],"tags":[],"class_list":["post-20860","page","type-page","status-publish","has-post-thumbnail"],"spectra_custom_meta":{"_vp_words_count":["728"],"_wpml_media_duplicate":["0"],"_wpml_media_featured":["1"],"_top_nav_excluded":[""],"_cms_nav_minihome":[""],"_wpb_shortcodes_custom_css":[".vc_custom_1604612624413{background-image: url(https:\/\/www.camping-corse-du-sud.com\/wp-content\/uploads\/2020\/11\/visuel-plus-beaux-endroits-pointe-parata-interne-bandeau-voile50.jpg?id=5819) !important;background-position: center !important;background-repeat: no-repeat !important;background-size: cover !important;}.vc_custom_1687985015031{margin-top: 20px !important;}",".vc_custom_1604612624413{background-image: url(https:\/\/www.camping-corse-du-sud.com\/wp-content\/uploads\/2020\/11\/visuel-plus-beaux-endroits-pointe-parata-interne-bandeau-voile50.jpg?id=5819) !important;background-position: center !important;background-repeat: no-repeat !important;background-size: cover !important;}.vc_custom_1687985015031{margin-top: 20px !important;}",".vc_custom_1604612624413{background-image: url(https:\/\/www.camping-corse-du-sud.com\/wp-content\/uploads\/2020\/11\/visuel-plus-beaux-endroits-pointe-parata-interne-bandeau-voile50.jpg?id=5819) !important;background-position: center !important;background-repeat: no-repeat !important;background-size: cover !important;}.vc_custom_1687985015031{margin-top: 20px !important;}",".vc_custom_1604612624413{background-image: url(https:\/\/www.camping-corse-du-sud.com\/wp-content\/uploads\/2020\/11\/visuel-plus-beaux-endroits-pointe-parata-interne-bandeau-voile50.jpg?id=5819) !important;background-position: center !important;background-repeat: no-repeat !important;background-size: cover !important;}.vc_custom_1687985015031{margin-top: 20px !important;}"],"_thumbnail_id":["24692"],"_last_translation_edit_mode":["translation-editor"],"_wpb_shortcodes_default_css":[".vc_do_custom_heading{margin-bottom:0.625rem;margin-top:0;}"],"_wpb_shortcodes_default_css_updated":["1"],"_wpb_shortcodes_custom_css_updated":["1"],"rank_math_news_sitemap_robots":["index"],"rank_math_robots":["a:1:{i:0;s:5:\"index\";}"],"rank_math_analytic_object_id":["2117"],"_yoast_wpseo_primary_category":[""],"rank_math_primary_category":["0"],"_wp_page_template":[""],"rank_math_internal_links_processed":["1"],"_uag_page_assets":["a:9:{s:3:\"css\";s:7859:\".wp-block-uagb-container{display:flex;position:relative;box-sizing:border-box;transition-property:box-shadow;transition-duration:0.2s;transition-timing-function:ease}.wp-block-uagb-container .spectra-container-link-overlay{bottom:0;left:0;position:absolute;right:0;top:0;z-index:10}.wp-block-uagb-container.uagb-is-root-container{margin-left:auto;margin-right:auto}.wp-block-uagb-container.alignfull.uagb-is-root-container .uagb-container-inner-blocks-wrap{display:flex;position:relative;box-sizing:border-box;margin-left:auto !important;margin-right:auto !important}.wp-block-uagb-container .wp-block-uagb-blockquote,.wp-block-uagb-container .wp-block-spectra-pro-login,.wp-block-uagb-container .wp-block-spectra-pro-register{margin:unset}.wp-block-uagb-container .uagb-container__video-wrap{height:100%;width:100%;top:0;left:0;position:absolute;overflow:hidden;-webkit-transition:opacity 1s;-o-transition:opacity 1s;transition:opacity 1s}.wp-block-uagb-container .uagb-container__video-wrap video{max-width:100%;width:100%;height:100%;margin:0;line-height:1;border:none;display:inline-block;vertical-align:baseline;-o-object-fit:cover;object-fit:cover;background-size:cover}.wp-block-uagb-container.uagb-layout-grid{display:grid;width:100%}.wp-block-uagb-container.uagb-layout-grid>.uagb-container-inner-blocks-wrap{display:inherit;width:inherit}.wp-block-uagb-container.uagb-layout-grid>.uagb-container-inner-blocks-wrap>.wp-block-uagb-container{max-width:unset !important;width:unset !important}.wp-block-uagb-container.uagb-layout-grid>.wp-block-uagb-container{max-width:unset !important;width:unset !important}.wp-block-uagb-container.uagb-layout-grid.uagb-is-root-container{margin-left:auto;margin-right:auto}.wp-block-uagb-container.uagb-layout-grid.uagb-is-root-container>.wp-block-uagb-container{max-width:unset !important;width:unset !important}.wp-block-uagb-container.uagb-layout-grid.alignwide.uagb-is-root-container{margin-left:auto;margin-right:auto}.wp-block-uagb-container.uagb-layout-grid.alignfull.uagb-is-root-container .uagb-container-inner-blocks-wrap{display:inherit;position:relative;box-sizing:border-box;margin-left:auto !important;margin-right:auto !important}body .wp-block-uagb-container>.uagb-container-inner-blocks-wrap>*:not(.wp-block-uagb-container):not(.wp-block-uagb-column):not(.wp-block-uagb-container):not(.wp-block-uagb-section):not(.uagb-container__shape):not(.uagb-container__video-wrap):not(.wp-block-spectra-pro-register):not(.wp-block-spectra-pro-login):not(.uagb-slider-container):not(.spectra-image-gallery__control-lightbox):not(.wp-block-uagb-info-box),body .wp-block-uagb-container>.uagb-container-inner-blocks-wrap,body .wp-block-uagb-container>*:not(.wp-block-uagb-container):not(.wp-block-uagb-column):not(.wp-block-uagb-container):not(.wp-block-uagb-section):not(.uagb-container__shape):not(.uagb-container__video-wrap):not(.wp-block-spectra-pro-register):not(.wp-block-spectra-pro-login):not(.uagb-slider-container):not(.spectra-container-link-overlay):not(.spectra-image-gallery__control-lightbox):not(.wp-block-uagb-lottie):not(.uagb-faq__outer-wrap){min-width:unset !important;width:100%;position:relative}body .ast-container .wp-block-uagb-container>.uagb-container-inner-blocks-wrap>.wp-block-uagb-container>ul,body .ast-container .wp-block-uagb-container>.uagb-container-inner-blocks-wrap>.wp-block-uagb-container ol,body .ast-container .wp-block-uagb-container>.uagb-container-inner-blocks-wrap>ul,body .ast-container .wp-block-uagb-container>.uagb-container-inner-blocks-wrap ol{max-width:-webkit-fill-available;margin-block-start:0;margin-block-end:0;margin-left:20px}.ast-plain-container .editor-styles-wrapper .block-editor-block-list__layout.is-root-container .uagb-is-root-container.wp-block-uagb-container.alignwide{margin-left:auto;margin-right:auto}.uagb-container__shape{overflow:hidden;position:absolute;left:0;width:100%;line-height:0;direction:ltr}.uagb-container__shape-top{top:-3px}.uagb-container__shape-bottom{bottom:-3px}.uagb-container__shape.uagb-container__invert.uagb-container__shape-bottom,.uagb-container__shape.uagb-container__invert.uagb-container__shape-top{-webkit-transform:rotate(180deg);-ms-transform:rotate(180deg);transform:rotate(180deg)}.uagb-container__shape.uagb-container__shape-flip svg{transform:translateX(-50%) rotateY(180deg)}.uagb-container__shape svg{display:block;width:-webkit-calc(100% + 1.3px);width:calc(100% + 1.3px);position:relative;left:50%;-webkit-transform:translateX(-50%);-ms-transform:translateX(-50%);transform:translateX(-50%)}.uagb-container__shape .uagb-container__shape-fill{-webkit-transform-origin:center;-ms-transform-origin:center;transform-origin:center;-webkit-transform:rotateY(0deg);transform:rotateY(0deg)}.uagb-container__shape.uagb-container__shape-above-content{z-index:9;pointer-events:none}.nv-single-page-wrap .nv-content-wrap.entry-content .wp-block-uagb-container.alignfull{margin-left:calc(50% - 50vw);margin-right:calc(50% - 50vw)}@media only screen and (max-width: 767px){.wp-block-uagb-container .wp-block-uagb-advanced-heading{width:-webkit-fill-available}}.wp-block-uagb-image--align-none{justify-content:center}\n.wp-block-uagb-container.uagb-block-360db477 .uagb-container__shape-top svg{width: calc( 100% + 1.3px );}.wp-block-uagb-container.uagb-block-360db477 .uagb-container__shape.uagb-container__shape-top .uagb-container__shape-fill{fill: rgba(51,51,51,1);}.wp-block-uagb-container.uagb-block-360db477 .uagb-container__shape-bottom svg{width: calc( 100% + 1.3px );}.wp-block-uagb-container.uagb-block-360db477 .uagb-container__shape.uagb-container__shape-bottom .uagb-container__shape-fill{fill: rgba(51,51,51,1);}.wp-block-uagb-container.uagb-block-360db477 .uagb-container__video-wrap video{opacity: 1;}.wp-block-uagb-container.uagb-is-root-container .uagb-block-360db477{max-width: 100%;width: 100%;}.wp-block-uagb-container.uagb-is-root-container.alignfull.uagb-block-360db477 > .uagb-container-inner-blocks-wrap{--inner-content-custom-width: min( 100%, 1600px);max-width: var(--inner-content-custom-width);width: 100%;flex-direction: column;align-items: center;justify-content: center;flex-wrap: nowrap;row-gap: 20px;column-gap: 20px;}.wp-block-uagb-container.uagb-block-360db477{box-shadow: 0px 0px   #00000070 ;padding-top: 10px;padding-bottom: 10px;padding-left: 10px;padding-right: 10px;margin-top:  !important;margin-bottom:  !important;overflow: visible;order: initial;border-color: inherit;row-gap: 20px;column-gap: 20px;}@media only screen and (max-width: 976px) {.wp-block-uagb-container.uagb-is-root-container .uagb-block-360db477{width: 100%;}.wp-block-uagb-container.uagb-is-root-container.alignfull.uagb-block-360db477 > .uagb-container-inner-blocks-wrap{--inner-content-custom-width: min( 100%, 1024px);max-width: var(--inner-content-custom-width);width: 100%;}.wp-block-uagb-container.uagb-block-360db477{padding-top: 10px;padding-bottom: 10px;padding-left: 10px;padding-right: 10px;margin-top:  !important;margin-bottom:  !important;order: initial;}}@media only screen and (max-width: 767px) {.wp-block-uagb-container.uagb-is-root-container .uagb-block-360db477{max-width: 100%;width: 100%;}.wp-block-uagb-container.uagb-is-root-container.alignfull.uagb-block-360db477 > .uagb-container-inner-blocks-wrap{--inner-content-custom-width: min( 100%, 767px);max-width: var(--inner-content-custom-width);width: 100%;flex-wrap: wrap;}.wp-block-uagb-container.uagb-block-360db477{padding-top: 10px;padding-bottom: 10px;padding-left: 10px;padding-right: 10px;margin-top:  !important;margin-bottom:  !important;order: initial;}}.uag-blocks-common-selector{z-index:var(--z-index-desktop) !important}@media (max-width: 976px){.uag-blocks-common-selector{z-index:var(--z-index-tablet) !important}}@media (max-width: 767px){.uag-blocks-common-selector{z-index:var(--z-index-mobile) !important}}\n\";s:2:\"js\";s:0:\"\";s:18:\"current_block_list\";a:4:{i:0;s:14:\"uagb\/container\";i:1;s:12:\"core\/heading\";i:2;s:14:\"core\/paragraph\";i:3;s:14:\"core\/shortcode\";}s:8:\"uag_flag\";b:1;s:11:\"uag_version\";s:10:\"1775138354\";s:6:\"gfonts\";a:0:{}s:10:\"gfonts_url\";s:0:\"\";s:12:\"gfonts_files\";a:0:{}s:14:\"uag_faq_layout\";b:0;}"],"_uag_css_file_name":["uag-css-20860.css"]},"uagb_featured_image_src":{"full":["https:\/\/dev.camping-corse-du-sud.com\/wp-content\/uploads\/2025\/01\/tourisme-paysage-mer-rocher-phare-ile-architecture.jpg",500,333,false],"thumbnail":["https:\/\/dev.camping-corse-du-sud.com\/wp-content\/uploads\/2025\/01\/tourisme-paysage-mer-rocher-phare-ile-architecture-150x150.jpg",150,150,true],"medium":["https:\/\/dev.camping-corse-du-sud.com\/wp-content\/uploads\/2025\/01\/tourisme-paysage-mer-rocher-phare-ile-architecture-300x200.jpg",300,200,true],"medium_large":["https:\/\/dev.camping-corse-du-sud.com\/wp-content\/uploads\/2025\/01\/tourisme-paysage-mer-rocher-phare-ile-architecture.jpg",500,333,false],"large":["https:\/\/dev.camping-corse-du-sud.com\/wp-content\/uploads\/2025\/01\/tourisme-paysage-mer-rocher-phare-ile-architecture.jpg",500,333,false],"1536x1536":["https:\/\/dev.camping-corse-du-sud.com\/wp-content\/uploads\/2025\/01\/tourisme-paysage-mer-rocher-phare-ile-architecture.jpg",500,333,false],"2048x2048":["https:\/\/dev.camping-corse-du-sud.com\/wp-content\/uploads\/2025\/01\/tourisme-paysage-mer-rocher-phare-ile-architecture.jpg",500,333,false],"vp_sm":["https:\/\/dev.camping-corse-du-sud.com\/wp-content\/uploads\/2025\/01\/tourisme-paysage-mer-rocher-phare-ile-architecture.jpg",500,333,false],"vp_md":["https:\/\/dev.camping-corse-du-sud.com\/wp-content\/uploads\/2025\/01\/tourisme-paysage-mer-rocher-phare-ile-architecture.jpg",500,333,false],"vp_lg":["https:\/\/dev.camping-corse-du-sud.com\/wp-content\/uploads\/2025\/01\/tourisme-paysage-mer-rocher-phare-ile-architecture.jpg",500,333,false],"vp_xl":["https:\/\/dev.camping-corse-du-sud.com\/wp-content\/uploads\/2025\/01\/tourisme-paysage-mer-rocher-phare-ile-architecture.jpg",500,333,false],"vp_sm_popup":["https:\/\/dev.camping-corse-du-sud.com\/wp-content\/uploads\/2025\/01\/tourisme-paysage-mer-rocher-phare-ile-architecture.jpg",500,333,false],"vp_md_popup":["https:\/\/dev.camping-corse-du-sud.com\/wp-content\/uploads\/2025\/01\/tourisme-paysage-mer-rocher-phare-ile-architecture.jpg",500,333,false],"vp_xl_popup":["https:\/\/dev.camping-corse-du-sud.com\/wp-content\/uploads\/2025\/01\/tourisme-paysage-mer-rocher-phare-ile-architecture.jpg",500,333,false]},"uagb_author_info":{"display_name":"Edouard","author_link":"https:\/\/dev.camping-corse-du-sud.com\/it\/author\/edouard\/"},"uagb_comment_info":0,"uagb_excerpt":"[vc_row full_width=&#8221;stretch_row_content&#8221; css_animation=&#8221;fadeIn&#8221; css=&#8221;.vc_custom_1604612624413{background-image: url(https:\/\/www.camping-corse-du-sud.com\/wp-content\/uploads\/2020\/11\/visuel-plus-beaux-endroits-pointe-parata-interne-bandeau-voile50.jpg?id=5819) !important;background-position: center !important;background-repeat: no-repeat !important;background-size: cover !important;}&#8221;][vc_column][vc_empty_space height=&#8221;100px&#8221;][vc_custom_heading text=&#8221;PUNTO DI PARATA&#8221; font_container=&#8221;tag:h1|text_align:center|color:%23ffffff&#8221; use_theme_fonts=&#8221;yes&#8221;][vc_empty_space height=&#8221;100px&#8221;][vc_row_inner][vc_column_inner][vc_empty_space height=&#8221;50px&#8221;][\/vc_column_inner][\/vc_row_inner][\/vc_column][\/vc_row][vc_row [&hellip;]","_links":{"self":[{"href":"https:\/\/dev.camping-corse-du-sud.com\/it\/wp-json\/wp\/v2\/pages\/20860","targetHints":{"allow":["GET"]}}],"collection":[{"href":"https:\/\/dev.camping-corse-du-sud.com\/it\/wp-json\/wp\/v2\/pages"}],"about":[{"href":"https:\/\/dev.camping-corse-du-sud.com\/it\/wp-json\/wp\/v2\/types\/page"}],"author":[{"embeddable":true,"href":"https:\/\/dev.camping-corse-du-sud.com\/it\/wp-json\/wp\/v2\/users\/3"}],"replies":[{"embeddable":true,"href":"https:\/\/dev.camping-corse-du-sud.com\/it\/wp-json\/wp\/v2\/comments?post=20860"}],"version-history":[{"count":0,"href":"https:\/\/dev.camping-corse-du-sud.com\/it\/wp-json\/wp\/v2\/pages\/20860\/revisions"}],"wp:featuredmedia":[{"embeddable":true,"href":"https:\/\/dev.camping-corse-du-sud.com\/it\/wp-json\/wp\/v2\/media\/24692"}],"wp:attachment":[{"href":"https:\/\/dev.camping-corse-du-sud.com\/it\/wp-json\/wp\/v2\/media?parent=20860"}],"wp:term":[{"taxonomy":"category","embeddable":true,"href":"https:\/\/dev.camping-corse-du-sud.com\/it\/wp-json\/wp\/v2\/categories?post=20860"},{"taxonomy":"post_tag","embeddable":true,"href":"https:\/\/dev.camping-corse-du-sud.com\/it\/wp-json\/wp\/v2\/tags?post=20860"}],"curies":[{"name":"wp","href":"https:\/\/api.w.org\/{rel}","templated":true}]}}