{"id":20651,"date":"2020-08-05T16:27:47","date_gmt":"2020-08-05T14:27:47","guid":{"rendered":"https:\/\/www.camping-corse-du-sud.com\/i-laghi-del-sud-della-corsica\/"},"modified":"2023-10-02T17:18:42","modified_gmt":"2023-10-02T15:18:42","slug":"i-laghi-del-sud-della-corsica","status":"publish","type":"page","link":"https:\/\/dev.camping-corse-du-sud.com\/it\/i-laghi-del-sud-della-corsica\/","title":{"rendered":"I laghi del sud della Corsica"},"content":{"rendered":"<div class=\"wpb-content-wrapper\"><p>[vc_row full_width=&#8221;stretch_row&#8221; css_animation=&#8221;fadeIn&#8221; css=&#8221;.vc_custom_1596636693274{background-image: url(https:\/\/www.camping-corse-du-sud.com\/wp-content\/uploads\/2020\/08\/visuel-lacs-voile50.jpg?id=4793) !important;background-position: center !important;background-repeat: no-repeat !important;background-size: cover !important;}&#8221;][vc_column][vc_row_inner][vc_column_inner][vc_empty_space height=&#8221;100px&#8221;][vc_custom_heading text=&#8221;I laghi del sud della Corsica&#8221; font_container=&#8221;tag:h1|text_align:center|color:%23ffffff&#8221; use_theme_fonts=&#8221;yes&#8221;][\/vc_column_inner][\/vc_row_inner][vc_empty_space height=&#8221;100px&#8221;][\/vc_column][\/vc_row][vc_row][vc_column][vc_empty_space height=&#8221;50px&#8221;][vc_custom_heading text=&#8221;I laghi pi\u00f9 belli della Corsica&#8221; font_container=&#8221;tag:h2|text_align:center|color:%23020202&#8243; use_theme_fonts=&#8221;yes&#8221;][vc_custom_heading text=&#8221;Sono i gioielli della Corsica, i laghi dell&#8217;entroterra offrono momenti rigeneranti abbaglianti e indimenticabili nel cuore delle regioni e delle valli pi\u00f9 belle dell&#8217;isola della bellezza.<br \/>\nBen equipaggiato, partite per i sentieri escursionistici e le montagne per scoprirli.&#8221; font_container=&#8221;tag:p|text_align:center|color:%23000000&#8243; use_theme_fonts=&#8221;yes&#8221;][vc_column_text]Se avete scelto la Corsica e la Corsica del Sud per le <a href=\"https:\/\/www.camping-corse-du-sud.com\/nos-circuits\/\">vostre vacanze in libert\u00e0<\/a>, avete scelto di trascorrere un soggiorno al mare oltre che in montagna. Se doveste portare in valigia crema solare e costume da bagno, pensate anche alle scarpe da trekking, perch\u00e9 l&#8217;entroterra corso \u00e8 maestoso da vedere con le sue alte valli, le sue famose montagne, le sue cascate e i suoi laghi. I panorami pi\u00f9 belli sono vostri per una moltitudine di attivit\u00e0 per il tempo libero !<\/p>\n<p>Ben attrezzati, in famiglia, attraverso i sentieri segnalati, partite nella Corsica selvaggia e autentica alla scoperta dei gioielli pi\u00f9 belli della regione: i laghi della Corsica.<\/p>\n<p>In estate, \u00e8 infatti un&#8217;attivit\u00e0 di svago apprezzata dai turisti: immergersi nei magnifici paesaggi per trovare appagamento all&#8217;ombra dei pini corsi che costeggiano gli specchi d&#8217;acqua naturali. Anche se lo sforzo in quota \u00e8 spesso notevole per raggiungerli, vale la pena fare una deviazione perch\u00e9 la magia che offrono i laghi corsi stupisce tutti gli occhi.<\/p>\n<h3><a href=\"https:\/\/www.camping-haute-corse.com\/les-lacs\/\">Scoprite la nostra guida ai laghi dell&#8217;Alta Corsica <\/a><\/h3>\n<h2>Corsica, l&#8217;isola dei laghi sugli itinerari del GR20<\/h2>\n<p>Nel cuore del massiccio Rotondo, del Monte Cinto e del Monte Renoso, i laghi corsi si trovano spesso lungo gli itinerari o in prossimit\u00e0 del <a href=\"http:\/\/www.le-gr20.fr\/\">famoso GR 20<\/a>. Per citare solo quelli : <strong>Il lago di Nino<\/strong> circondato da pozzines accessibili dal Col de Vergio nella valle della Restonica, <strong>Lago Melo<\/strong>, il pi\u00f9 famoso e frequentato nei pressi di Corte, <strong>Lago Creno<\/strong> agli unici pini larici del paese di Soccia.<\/p>\n<p>Per gli esperti di escursionismo \u00e8 prevista un&#8217;escursione pi\u00f9 lunga per raggiungere il Lago Creno dal paese di Ortu di 3 ore andata e ritorno. La leggenda narra che il Lago di Creno sia nato da un colpo di martello inferto dal diavolo, ma sappiate che la sua origine \u00e8 molto semplicemente legata allo scavo di antichi ghiacciai come la maggior parte dei laghi della Corsica.<\/p>\n<h2>Lago di Tolla: a 30 minuti da Ajaccio<\/h2>\n<p>Fate una passeggiata panoramica verso il Lago di Tolla, a 30 minuti da Ajaccio. Prendere la direzione di Porticcio e Cauro verso le Gole dei Prunelli, la strada \u00e8 difficile ma il paesaggio offerto \u00e8 una vera ricompensa. Lungo il percorso ti aspettano diverse attrazioni per una pausa nella natura come il Ponte Genovese a pochi chilometri da Cauro. Puoi anche fare una sosta nel cuore delle Gole del Prunelli. Pi\u00f9 avanti il \u200b\u200blago offre un panorama suggestivo.[\/vc_column_text][\/vc_column][\/vc_row][vc_row full_width=&#8221;stretch_row_content&#8221;][vc_column][vc_empty_space height=&#8221;40px&#8221;][vc_row_inner gap=&#8221;15&#8243; css=&#8221;.vc_custom_1577694919025{padding-bottom: 30px !important;}&#8221;][vc_column_inner width=&#8221;1\/2&#8243;][vc_hoverbox image=&#8221;12461&#8243; primary_title=&#8221;Lago Creno&#8221; primary_title_font_container=&#8221;font_size:30px|color:%23ffffff&#8221; primary_title_use_theme_fonts=&#8221;yes&#8221; hover_title=&#8221;Lago Creno&#8221; hover_btn_title=&#8221;Saperne di pi\u00f9&#8221; hover_btn_style=&#8221;outline-custom&#8221; hover_btn_outline_custom_color=&#8221;#5694ff&#8221; hover_btn_outline_custom_hover_background=&#8221;#5694ff&#8221; hover_btn_outline_custom_hover_text=&#8221;#ffffff&#8221; hover_btn_i_icon_fontawesome=&#8221;far fa-arrow-alt-circle-right&#8221; use_custom_fonts_primary_title=&#8221;true&#8221; hover_add_button=&#8221;true&#8221; hover_btn_add_icon=&#8221;true&#8221; el_class=&#8221;carre-microregion&#8221; hover_btn_link=&#8221;url:https%3A%2F%2Fwww.camping-corse-du-sud.com%2Fit%2Flago-creno%2F|title:Lago%20Creno|&#8221;]\u00c8 l&#8217;unico lago boscoso dell&#8217;isola, circondato da pini laricio. Gran parte del lago \u00e8 ricoperto da ninfee. Si trova ad un&#8217;altitudine di 1310 m.<\/p>\n<p>&nbsp;<\/p>\n<p>[\/vc_hoverbox][\/vc_column_inner][vc_column_inner width=&#8221;1\/2&#8243;][vc_hoverbox image=&#8221;12445&#8243; primary_title=&#8221;Lago Tolla&#8221; primary_title_font_container=&#8221;font_size:30px|color:%23ffffff&#8221; primary_title_use_theme_fonts=&#8221;yes&#8221; hover_title=&#8221;Lago Tolla&#8221; hover_btn_title=&#8221;Saperne di pi\u00f9&#8221; hover_btn_style=&#8221;outline-custom&#8221; hover_btn_outline_custom_color=&#8221;#5694ff&#8221; hover_btn_outline_custom_hover_background=&#8221;#5694ff&#8221; hover_btn_outline_custom_hover_text=&#8221;#ffffff&#8221; hover_btn_i_icon_fontawesome=&#8221;far fa-arrow-alt-circle-right&#8221; use_custom_fonts_primary_title=&#8221;true&#8221; hover_add_button=&#8221;true&#8221; hover_btn_add_icon=&#8221;true&#8221; el_class=&#8221;carre-microregion&#8221; hover_btn_link=&#8221;url:https%3A%2F%2Fwww.camping-corse-du-sud.com%2Fit%2Flago-tolla%2F|title:Lago%20Tolla|&#8221;]<\/p>\n<p>&nbsp;<\/p>\n<p>[\/vc_hoverbox][\/vc_column_inner][\/vc_row_inner][\/vc_column][\/vc_row][vc_row][vc_column][vc_column_text]<\/p>\n<p><img decoding=\"async\" id=\"socialpilot-extension-hover-button\" style=\"cursor: pointer; display: none;\" src=\"moz-extension:\/\/21cc1344-8ac9-354c-8d8c-9e24eac2fa72\/icons\/share_image.png\">[\/vc_column_text][\/vc_column][\/vc_row][vc_row][vc_column][\/vc_column][\/vc_row]<\/p>\n<\/div>","protected":false},"excerpt":{"rendered":"<p>[vc_row full_width=&#8221;stretch_row&#8221; css_animation=&#8221;fadeIn&#8221; css=&#8221;.vc_custom_1596636693274{background-image: url(https:\/\/www.camping-corse-du-sud.com\/wp-content\/uploads\/2020\/08\/visuel-lacs-voile50.jpg?id=4793) !important;background-position: center !important;background-repeat: no-repeat !important;background-size: cover !important;}&#8221;][vc_column][vc_row_inner][vc_column_inner][vc_empty_space height=&#8221;100px&#8221;][vc_custom_heading text=&#8221;I laghi del sud della Corsica&#8221; font_container=&#8221;tag:h1|text_align:center|color:%23ffffff&#8221; [&hellip;]<\/p>\n","protected":false},"author":3,"featured_media":24304,"parent":0,"menu_order":0,"comment_status":"closed","ping_status":"closed","template":"","meta":{"_seopress_robots_primary_cat":"","_seopress_titles_title":"I laghi della Corsica del Sud da scoprire assolutamente in vacanza","_seopress_titles_desc":"I laghi del Sud della Corsica da non perdere durante le tue vacanze in campeggio nel Sud della Corsica. Le migliori offerte in Corsica !","_seopress_robots_index":"","_uag_custom_page_level_css":"","site-sidebar-layout":"default","site-content-layout":"","ast-site-content-layout":"default","site-content-style":"default","site-sidebar-style":"default","ast-global-header-display":"","ast-banner-title-visibility":"","ast-main-header-display":"","ast-hfb-above-header-display":"","ast-hfb-below-header-display":"","ast-hfb-mobile-header-display":"","site-post-title":"","ast-breadcrumbs-content":"","ast-featured-img":"","footer-sml-layout":"","ast-disable-related-posts":"","theme-transparent-header-meta":"","adv-header-id-meta":"","stick-header-meta":"","header-above-stick-meta":"","header-main-stick-meta":"","header-below-stick-meta":"","astra-migrate-meta-layouts":"default","ast-page-background-enabled":"default","ast-page-background-meta":{"desktop":{"background-color":"var(--ast-global-color-5)","background-image":"","background-repeat":"repeat","background-position":"center center","background-size":"auto","background-attachment":"scroll","background-type":"","background-media":"","overlay-type":"","overlay-color":"","overlay-opacity":"","overlay-gradient":""},"tablet":{"background-color":"","background-image":"","background-repeat":"repeat","background-position":"center center","background-size":"auto","background-attachment":"scroll","background-type":"","background-media":"","overlay-type":"","overlay-color":"","overlay-opacity":"","overlay-gradient":""},"mobile":{"background-color":"","background-image":"","background-repeat":"repeat","background-position":"center center","background-size":"auto","background-attachment":"scroll","background-type":"","background-media":"","overlay-type":"","overlay-color":"","overlay-opacity":"","overlay-gradient":""}},"ast-content-background-meta":{"desktop":{"background-color":"var(--ast-global-color-4)","background-image":"","background-repeat":"repeat","background-position":"center center","background-size":"auto","background-attachment":"scroll","background-type":"","background-media":"","overlay-type":"","overlay-color":"","overlay-opacity":"","overlay-gradient":""},"tablet":{"background-color":"var(--ast-global-color-4)","background-image":"","background-repeat":"repeat","background-position":"center center","background-size":"auto","background-attachment":"scroll","background-type":"","background-media":"","overlay-type":"","overlay-color":"","overlay-opacity":"","overlay-gradient":""},"mobile":{"background-color":"var(--ast-global-color-4)","background-image":"","background-repeat":"repeat","background-position":"center center","background-size":"auto","background-attachment":"scroll","background-type":"","background-media":"","overlay-type":"","overlay-color":"","overlay-opacity":"","overlay-gradient":""}},"_vp_format_video_url":"","_vp_image_focal_point":[],"footnotes":""},"categories":[],"tags":[],"class_list":["post-20651","page","type-page","status-publish","has-post-thumbnail"],"spectra_custom_meta":{"_vp_words_count":["552"],"_wpml_media_duplicate":["0"],"_wpml_media_featured":["1"],"_top_nav_excluded":[""],"_cms_nav_minihome":[""],"_yoast_wpseo_title":["I laghi della Corsica del Sud da scoprire assolutamente in vacanza"],"_yoast_wpseo_metadesc":["I laghi del Sud della Corsica da non perdere durante le tue vacanze in campeggio nel Sud della Corsica. Le migliori offerte in Corsica !"],"_wpb_shortcodes_custom_css":[".vc_custom_1596636693274{background-image: url(https:\/\/www.camping-corse-du-sud.com\/wp-content\/uploads\/2020\/08\/visuel-lacs-voile50.jpg?id=4793) !important;background-position: center !important;background-repeat: no-repeat !important;background-size: cover !important;}.vc_custom_1577694919025{padding-bottom: 30px !important;}",".vc_custom_1596636693274{background-image: url(https:\/\/www.camping-corse-du-sud.com\/wp-content\/uploads\/2020\/08\/visuel-lacs-voile50.jpg?id=4793) !important;background-position: center !important;background-repeat: no-repeat !important;background-size: cover !important;}.vc_custom_1577694919025{padding-bottom: 30px !important;}",".vc_custom_1596636693274{background-image: url(https:\/\/www.camping-corse-du-sud.com\/wp-content\/uploads\/2020\/08\/visuel-lacs-voile50.jpg?id=4793) !important;background-position: center !important;background-repeat: no-repeat !important;background-size: cover !important;}.vc_custom_1577694919025{padding-bottom: 30px !important;}",".vc_custom_1596636693274{background-image: url(https:\/\/www.camping-corse-du-sud.com\/wp-content\/uploads\/2020\/08\/visuel-lacs-voile50.jpg?id=4793) !important;background-position: center !important;background-repeat: no-repeat !important;background-size: cover !important;}.vc_custom_1577694919025{padding-bottom: 30px !important;}",".vc_custom_1596636693274{background-image: url(https:\/\/www.camping-corse-du-sud.com\/wp-content\/uploads\/2020\/08\/visuel-lacs-voile50.jpg?id=4793) !important;background-position: center !important;background-repeat: no-repeat !important;background-size: cover !important;}.vc_custom_1577694919025{padding-bottom: 30px !important;}",".vc_custom_1596636693274{background-image: url(https:\/\/www.camping-corse-du-sud.com\/wp-content\/uploads\/2020\/08\/visuel-lacs-voile50.jpg?id=4793) !important;background-position: center !important;background-repeat: no-repeat !important;background-size: cover !important;}.vc_custom_1577694919025{padding-bottom: 30px !important;}",".vc_custom_1596636693274{background-image: url(https:\/\/www.camping-corse-du-sud.com\/wp-content\/uploads\/2020\/08\/visuel-lacs-voile50.jpg?id=4793) !important;background-position: center !important;background-repeat: no-repeat !important;background-size: cover !important;}.vc_custom_1577694919025{padding-bottom: 30px !important;}"],"_thumbnail_id":["24304"],"_last_translation_edit_mode":["translation-editor"],"_wpb_shortcodes_default_css":[".vc_do_custom_heading{margin-bottom:0.625rem;margin-top:0;}.vc_do_custom_heading{margin-bottom:0.625rem;margin-top:0;}.vc_do_custom_heading{margin-bottom:0.625rem;margin-top:0;}"],"_wpb_shortcodes_default_css_updated":["1"],"_wpb_shortcodes_custom_css_updated":["1"],"_seopress_titles_title":["I laghi della Corsica del Sud da scoprire assolutamente in vacanza"],"_seopress_titles_desc":["I laghi del Sud della Corsica da non perdere durante le tue vacanze in campeggio nel Sud della Corsica. Le migliori offerte in Corsica !"],"rank_math_title":["I laghi della Corsica del Sud da scoprire assolutamente in vacanza"],"rank_math_description":["I laghi del Sud della Corsica da non perdere durante le tue vacanze in campeggio nel Sud della Corsica. Le migliori offerte in Corsica !"],"rank_math_news_sitemap_robots":["index"],"rank_math_robots":["a:1:{i:0;s:5:\"index\";}"],"rank_math_analytic_object_id":["2365"],"_yoast_wpseo_primary_category":[""],"rank_math_primary_category":["0"],"_wp_page_template":[""],"_uag_page_assets":["a:9:{s:3:\"css\";s:7859:\".wp-block-uagb-container{display:flex;position:relative;box-sizing:border-box;transition-property:box-shadow;transition-duration:0.2s;transition-timing-function:ease}.wp-block-uagb-container .spectra-container-link-overlay{bottom:0;left:0;position:absolute;right:0;top:0;z-index:10}.wp-block-uagb-container.uagb-is-root-container{margin-left:auto;margin-right:auto}.wp-block-uagb-container.alignfull.uagb-is-root-container .uagb-container-inner-blocks-wrap{display:flex;position:relative;box-sizing:border-box;margin-left:auto !important;margin-right:auto !important}.wp-block-uagb-container .wp-block-uagb-blockquote,.wp-block-uagb-container .wp-block-spectra-pro-login,.wp-block-uagb-container .wp-block-spectra-pro-register{margin:unset}.wp-block-uagb-container .uagb-container__video-wrap{height:100%;width:100%;top:0;left:0;position:absolute;overflow:hidden;-webkit-transition:opacity 1s;-o-transition:opacity 1s;transition:opacity 1s}.wp-block-uagb-container .uagb-container__video-wrap video{max-width:100%;width:100%;height:100%;margin:0;line-height:1;border:none;display:inline-block;vertical-align:baseline;-o-object-fit:cover;object-fit:cover;background-size:cover}.wp-block-uagb-container.uagb-layout-grid{display:grid;width:100%}.wp-block-uagb-container.uagb-layout-grid>.uagb-container-inner-blocks-wrap{display:inherit;width:inherit}.wp-block-uagb-container.uagb-layout-grid>.uagb-container-inner-blocks-wrap>.wp-block-uagb-container{max-width:unset !important;width:unset !important}.wp-block-uagb-container.uagb-layout-grid>.wp-block-uagb-container{max-width:unset !important;width:unset !important}.wp-block-uagb-container.uagb-layout-grid.uagb-is-root-container{margin-left:auto;margin-right:auto}.wp-block-uagb-container.uagb-layout-grid.uagb-is-root-container>.wp-block-uagb-container{max-width:unset !important;width:unset !important}.wp-block-uagb-container.uagb-layout-grid.alignwide.uagb-is-root-container{margin-left:auto;margin-right:auto}.wp-block-uagb-container.uagb-layout-grid.alignfull.uagb-is-root-container .uagb-container-inner-blocks-wrap{display:inherit;position:relative;box-sizing:border-box;margin-left:auto !important;margin-right:auto !important}body .wp-block-uagb-container>.uagb-container-inner-blocks-wrap>*:not(.wp-block-uagb-container):not(.wp-block-uagb-column):not(.wp-block-uagb-container):not(.wp-block-uagb-section):not(.uagb-container__shape):not(.uagb-container__video-wrap):not(.wp-block-spectra-pro-register):not(.wp-block-spectra-pro-login):not(.uagb-slider-container):not(.spectra-image-gallery__control-lightbox):not(.wp-block-uagb-info-box),body .wp-block-uagb-container>.uagb-container-inner-blocks-wrap,body .wp-block-uagb-container>*:not(.wp-block-uagb-container):not(.wp-block-uagb-column):not(.wp-block-uagb-container):not(.wp-block-uagb-section):not(.uagb-container__shape):not(.uagb-container__video-wrap):not(.wp-block-spectra-pro-register):not(.wp-block-spectra-pro-login):not(.uagb-slider-container):not(.spectra-container-link-overlay):not(.spectra-image-gallery__control-lightbox):not(.wp-block-uagb-lottie):not(.uagb-faq__outer-wrap){min-width:unset !important;width:100%;position:relative}body .ast-container .wp-block-uagb-container>.uagb-container-inner-blocks-wrap>.wp-block-uagb-container>ul,body .ast-container .wp-block-uagb-container>.uagb-container-inner-blocks-wrap>.wp-block-uagb-container ol,body .ast-container .wp-block-uagb-container>.uagb-container-inner-blocks-wrap>ul,body .ast-container .wp-block-uagb-container>.uagb-container-inner-blocks-wrap ol{max-width:-webkit-fill-available;margin-block-start:0;margin-block-end:0;margin-left:20px}.ast-plain-container .editor-styles-wrapper .block-editor-block-list__layout.is-root-container .uagb-is-root-container.wp-block-uagb-container.alignwide{margin-left:auto;margin-right:auto}.uagb-container__shape{overflow:hidden;position:absolute;left:0;width:100%;line-height:0;direction:ltr}.uagb-container__shape-top{top:-3px}.uagb-container__shape-bottom{bottom:-3px}.uagb-container__shape.uagb-container__invert.uagb-container__shape-bottom,.uagb-container__shape.uagb-container__invert.uagb-container__shape-top{-webkit-transform:rotate(180deg);-ms-transform:rotate(180deg);transform:rotate(180deg)}.uagb-container__shape.uagb-container__shape-flip svg{transform:translateX(-50%) rotateY(180deg)}.uagb-container__shape svg{display:block;width:-webkit-calc(100% + 1.3px);width:calc(100% + 1.3px);position:relative;left:50%;-webkit-transform:translateX(-50%);-ms-transform:translateX(-50%);transform:translateX(-50%)}.uagb-container__shape .uagb-container__shape-fill{-webkit-transform-origin:center;-ms-transform-origin:center;transform-origin:center;-webkit-transform:rotateY(0deg);transform:rotateY(0deg)}.uagb-container__shape.uagb-container__shape-above-content{z-index:9;pointer-events:none}.nv-single-page-wrap .nv-content-wrap.entry-content .wp-block-uagb-container.alignfull{margin-left:calc(50% - 50vw);margin-right:calc(50% - 50vw)}@media only screen and (max-width: 767px){.wp-block-uagb-container .wp-block-uagb-advanced-heading{width:-webkit-fill-available}}.wp-block-uagb-image--align-none{justify-content:center}\n.wp-block-uagb-container.uagb-block-360db477 .uagb-container__shape-top svg{width: calc( 100% + 1.3px );}.wp-block-uagb-container.uagb-block-360db477 .uagb-container__shape.uagb-container__shape-top .uagb-container__shape-fill{fill: rgba(51,51,51,1);}.wp-block-uagb-container.uagb-block-360db477 .uagb-container__shape-bottom svg{width: calc( 100% + 1.3px );}.wp-block-uagb-container.uagb-block-360db477 .uagb-container__shape.uagb-container__shape-bottom .uagb-container__shape-fill{fill: rgba(51,51,51,1);}.wp-block-uagb-container.uagb-block-360db477 .uagb-container__video-wrap video{opacity: 1;}.wp-block-uagb-container.uagb-is-root-container .uagb-block-360db477{max-width: 100%;width: 100%;}.wp-block-uagb-container.uagb-is-root-container.alignfull.uagb-block-360db477 > .uagb-container-inner-blocks-wrap{--inner-content-custom-width: min( 100%, 1600px);max-width: var(--inner-content-custom-width);width: 100%;flex-direction: column;align-items: center;justify-content: center;flex-wrap: nowrap;row-gap: 20px;column-gap: 20px;}.wp-block-uagb-container.uagb-block-360db477{box-shadow: 0px 0px   #00000070 ;padding-top: 10px;padding-bottom: 10px;padding-left: 10px;padding-right: 10px;margin-top:  !important;margin-bottom:  !important;overflow: visible;order: initial;border-color: inherit;row-gap: 20px;column-gap: 20px;}@media only screen and (max-width: 976px) {.wp-block-uagb-container.uagb-is-root-container .uagb-block-360db477{width: 100%;}.wp-block-uagb-container.uagb-is-root-container.alignfull.uagb-block-360db477 > .uagb-container-inner-blocks-wrap{--inner-content-custom-width: min( 100%, 1024px);max-width: var(--inner-content-custom-width);width: 100%;}.wp-block-uagb-container.uagb-block-360db477{padding-top: 10px;padding-bottom: 10px;padding-left: 10px;padding-right: 10px;margin-top:  !important;margin-bottom:  !important;order: initial;}}@media only screen and (max-width: 767px) {.wp-block-uagb-container.uagb-is-root-container .uagb-block-360db477{max-width: 100%;width: 100%;}.wp-block-uagb-container.uagb-is-root-container.alignfull.uagb-block-360db477 > .uagb-container-inner-blocks-wrap{--inner-content-custom-width: min( 100%, 767px);max-width: var(--inner-content-custom-width);width: 100%;flex-wrap: wrap;}.wp-block-uagb-container.uagb-block-360db477{padding-top: 10px;padding-bottom: 10px;padding-left: 10px;padding-right: 10px;margin-top:  !important;margin-bottom:  !important;order: initial;}}.uag-blocks-common-selector{z-index:var(--z-index-desktop) !important}@media (max-width: 976px){.uag-blocks-common-selector{z-index:var(--z-index-tablet) !important}}@media (max-width: 767px){.uag-blocks-common-selector{z-index:var(--z-index-mobile) !important}}\n\";s:2:\"js\";s:0:\"\";s:18:\"current_block_list\";a:4:{i:0;s:14:\"uagb\/container\";i:1;s:12:\"core\/heading\";i:2;s:14:\"core\/paragraph\";i:3;s:14:\"core\/shortcode\";}s:8:\"uag_flag\";b:1;s:11:\"uag_version\";s:10:\"1775138354\";s:6:\"gfonts\";a:0:{}s:10:\"gfonts_url\";s:0:\"\";s:12:\"gfonts_files\";a:0:{}s:14:\"uag_faq_layout\";b:0;}"],"_uag_css_file_name":["uag-css-20651.css"]},"uagb_featured_image_src":{"full":["https:\/\/dev.camping-corse-du-sud.com\/wp-content\/uploads\/2025\/01\/visuel-lacs-capitello.jpg",960,540,false],"thumbnail":["https:\/\/dev.camping-corse-du-sud.com\/wp-content\/uploads\/2025\/01\/visuel-lacs-capitello-150x150.jpg",150,150,true],"medium":["https:\/\/dev.camping-corse-du-sud.com\/wp-content\/uploads\/2025\/01\/visuel-lacs-capitello-300x169.jpg",300,169,true],"medium_large":["https:\/\/dev.camping-corse-du-sud.com\/wp-content\/uploads\/2025\/01\/visuel-lacs-capitello-768x432.jpg",768,432,true],"large":["https:\/\/dev.camping-corse-du-sud.com\/wp-content\/uploads\/2025\/01\/visuel-lacs-capitello.jpg",960,540,false],"1536x1536":["https:\/\/dev.camping-corse-du-sud.com\/wp-content\/uploads\/2025\/01\/visuel-lacs-capitello.jpg",960,540,false],"2048x2048":["https:\/\/dev.camping-corse-du-sud.com\/wp-content\/uploads\/2025\/01\/visuel-lacs-capitello.jpg",960,540,false],"vp_sm":["https:\/\/dev.camping-corse-du-sud.com\/wp-content\/uploads\/2025\/01\/visuel-lacs-capitello-500x281.jpg",500,281,true],"vp_md":["https:\/\/dev.camping-corse-du-sud.com\/wp-content\/uploads\/2025\/01\/visuel-lacs-capitello-800x450.jpg",800,450,true],"vp_lg":["https:\/\/dev.camping-corse-du-sud.com\/wp-content\/uploads\/2025\/01\/visuel-lacs-capitello.jpg",960,540,false],"vp_xl":["https:\/\/dev.camping-corse-du-sud.com\/wp-content\/uploads\/2025\/01\/visuel-lacs-capitello.jpg",960,540,false],"vp_sm_popup":["https:\/\/dev.camping-corse-du-sud.com\/wp-content\/uploads\/2025\/01\/visuel-lacs-capitello-500x281.jpg",500,281,true],"vp_md_popup":["https:\/\/dev.camping-corse-du-sud.com\/wp-content\/uploads\/2025\/01\/visuel-lacs-capitello-800x450.jpg",800,450,true],"vp_xl_popup":["https:\/\/dev.camping-corse-du-sud.com\/wp-content\/uploads\/2025\/01\/visuel-lacs-capitello.jpg",960,540,false]},"uagb_author_info":{"display_name":"Edouard","author_link":"https:\/\/dev.camping-corse-du-sud.com\/it\/author\/edouard\/"},"uagb_comment_info":0,"uagb_excerpt":"[vc_row full_width=&#8221;stretch_row&#8221; css_animation=&#8221;fadeIn&#8221; css=&#8221;.vc_custom_1596636693274{background-image: url(https:\/\/www.camping-corse-du-sud.com\/wp-content\/uploads\/2020\/08\/visuel-lacs-voile50.jpg?id=4793) !important;background-position: center !important;background-repeat: no-repeat !important;background-size: cover !important;}&#8221;][vc_column][vc_row_inner][vc_column_inner][vc_empty_space height=&#8221;100px&#8221;][vc_custom_heading text=&#8221;I laghi del sud della Corsica&#8221; font_container=&#8221;tag:h1|text_align:center|color:%23ffffff&#8221; [&hellip;]","_links":{"self":[{"href":"https:\/\/dev.camping-corse-du-sud.com\/it\/wp-json\/wp\/v2\/pages\/20651","targetHints":{"allow":["GET"]}}],"collection":[{"href":"https:\/\/dev.camping-corse-du-sud.com\/it\/wp-json\/wp\/v2\/pages"}],"about":[{"href":"https:\/\/dev.camping-corse-du-sud.com\/it\/wp-json\/wp\/v2\/types\/page"}],"author":[{"embeddable":true,"href":"https:\/\/dev.camping-corse-du-sud.com\/it\/wp-json\/wp\/v2\/users\/3"}],"replies":[{"embeddable":true,"href":"https:\/\/dev.camping-corse-du-sud.com\/it\/wp-json\/wp\/v2\/comments?post=20651"}],"version-history":[{"count":0,"href":"https:\/\/dev.camping-corse-du-sud.com\/it\/wp-json\/wp\/v2\/pages\/20651\/revisions"}],"wp:featuredmedia":[{"embeddable":true,"href":"https:\/\/dev.camping-corse-du-sud.com\/it\/wp-json\/wp\/v2\/media\/24304"}],"wp:attachment":[{"href":"https:\/\/dev.camping-corse-du-sud.com\/it\/wp-json\/wp\/v2\/media?parent=20651"}],"wp:term":[{"taxonomy":"category","embeddable":true,"href":"https:\/\/dev.camping-corse-du-sud.com\/it\/wp-json\/wp\/v2\/categories?post=20651"},{"taxonomy":"post_tag","embeddable":true,"href":"https:\/\/dev.camping-corse-du-sud.com\/it\/wp-json\/wp\/v2\/tags?post=20651"}],"curies":[{"name":"wp","href":"https:\/\/api.w.org\/{rel}","templated":true}]}}