{"id":19087,"date":"2020-06-18T13:51:02","date_gmt":"2020-06-18T11:51:02","guid":{"rendered":"https:\/\/www.camping-corse-du-sud.com\/grande-ajaccio\/"},"modified":"2023-09-21T10:30:18","modified_gmt":"2023-09-21T08:30:18","slug":"grande-ajaccio","status":"publish","type":"page","link":"https:\/\/dev.camping-corse-du-sud.com\/it\/grande-ajaccio\/","title":{"rendered":"Grande Ajaccio"},"content":{"rendered":"<div class=\"wpb-content-wrapper\"><p>[vc_row full_width=&#8221;stretch_row_content&#8221; css_animation=&#8221;fadeIn&#8221; css=&#8221;.vc_custom_1603208429902{background-image: url(https:\/\/www.camping-corse-du-sud.com\/wp-content\/uploads\/2020\/10\/bandeau-grand-ajaccio-voile50.jpg?id=5607) !important;background-position: center !important;background-repeat: no-repeat !important;background-size: cover !important;}&#8221;][vc_column][vc_empty_space height=&#8221;100px&#8221;][vc_custom_heading text=&#8221;GRANDE AJACCIO&#8221; font_container=&#8221;tag:h1|text_align:center|color:%23ffffff&#8221; use_theme_fonts=&#8221;yes&#8221;][vc_empty_space height=&#8221;100px&#8221;][vc_row_inner][vc_column_inner][vc_empty_space height=&#8221;50px&#8221;][\/vc_column_inner][\/vc_row_inner][\/vc_column][\/vc_row][vc_row gap=&#8221;20&#8243;][vc_column width=&#8221;1\/2&#8243;][vc_single_image image=&#8221;12416&#8243; img_size=&#8221;full&#8221; onclick=&#8221;zoom&#8221;][\/vc_column][vc_column width=&#8221;1\/2&#8243;][vc_custom_heading text=&#8221;La regione della Grande Ajaccio&#8221; font_container=&#8221;tag:h2|text_align:left|color:%23000000&#8243; use_theme_fonts=&#8221;yes&#8221; css_animation=&#8221;fadeIn&#8221;][vc_separator color=&#8221;custom&#8221; align=&#8221;align_left&#8221; border_width=&#8221;2&#8243; el_width=&#8221;30&#8243; accent_color=&#8221;#5694ff&#8221;][vc_column_text]Partite alla scoperta della capitale dell&#8217;isola, Ajaccio, e del suo notevole patrimonio, con le sue numerose spiagge che si affacciano sul golfo. Per il tramonto, recatevi alle Isole Sanguinarie, a 10 km dalla citt\u00e0 ! Alle porte della citt\u00e0 di Napoleone, esplora la valle Gravona, con il suo parco delle tartarughe e il suo fiume; e la valle Prunelli, ai piedi del Monte Renosu.[\/vc_column_text][\/vc_column][\/vc_row][vc_row][vc_column][vc_custom_heading text=&#8221;Strada dei Sanguinari&#8221; font_container=&#8221;tag:h2|text_align:left|color:%23000000&#8243; use_theme_fonts=&#8221;yes&#8221; css_animation=&#8221;fadeIn&#8221;][vc_separator color=&#8221;custom&#8221; align=&#8221;align_left&#8221; border_width=&#8221;2&#8243; el_width=&#8221;10&#8243; accent_color=&#8221;#5694ff&#8221;][vc_column_text]La D111 conduce alla Route des Sanguinaires e termina alla Pointe de la Parata con la sua torre genovese, che risale al 1608. \u00c8 raggiungibile tramite una passeggiata abbastanza facile, circa 40 minuti andata e ritorno. Sotto la strada c&#8217;\u00e8 la possibilit\u00e0 di fermarsi, ad esempio, sulle spiagge di Saint-Fran\u00e7ois o di Trottel. Nel 1632 fu costruita la Cappella dei Greci, a 500 metri dalla spiaggia di Trottel. Per i pi\u00f9 sportivi, non esitate a prendere il Sentier des Cr\u00eates, con partenza da Ajaccio, per un&#8217;escursione di 3 ore per raggiungere l&#8217;arcipelago roccioso.[\/vc_column_text][vc_custom_heading text=&#8221;Ajaccio&#8221; font_container=&#8221;tag:h2|text_align:left|color:%23000000&#8243; use_theme_fonts=&#8221;yes&#8221; css_animation=&#8221;fadeIn&#8221;][vc_separator color=&#8221;custom&#8221; align=&#8221;align_left&#8221; border_width=&#8221;2&#8243; el_width=&#8221;10&#8243; accent_color=&#8221;#5694ff&#8221;][vc_column_text]In epoca romana la citt\u00e0 si chiamava Adjacium, che significava &#8220;luogo tranquillo&#8221;. Fu durante il XV secolo e con l&#8217;arrivo dei genovesi che la citt\u00e0 si espanse e furono creati molti edifici, come la Cittadella. Sotto il regno di Napoleone, la citt\u00e0 fu dichiarata capitale della Corsica. Dopo aver superato la Cittadella, arriviamo al porto turistico, da dove partono le escursioni per le Isole Sanguinarie o Bonifacio. Dietro il municipio, in piazza Campinchi, \u00e8 presente il mercato tutti i giorni della settimana tranne il luned\u00ec. Da Place Foch torniamo verso Rue Cardinal Fesch e la sua strada pedonale con i suoi numerosi negozi e boutique. Sulla destra vediamo il Palais Fesch, costruito all&#8217;inizio del XIX secolo, che porta il nome del cardinale Joseph Fesch, membro della famiglia di Napoleone, che alla sua morte aveva dipinto circa 16.000 dipinti, alcuni dei quali sono esposti al museo che porta il suo nome. Rue Cardinal Fesch conduce al Cours Napol\u00e9on, la principale via commerciale della citt\u00e0. La strada conduce a Place du Diamant. Nel cuore della citt\u00e0 vecchia, in rue Bonaparte, si trova la casa natale dell&#8217;imperatore, oggi trasformata in museo.[\/vc_column_text][vc_custom_heading text=&#8221;Golfo meridionale&#8221; font_container=&#8221;tag:h2|text_align:left|color:%23000000&#8243; use_theme_fonts=&#8221;yes&#8221; css_animation=&#8221;fadeIn&#8221;][vc_separator color=&#8221;custom&#8221; align=&#8221;align_left&#8221; border_width=&#8221;2&#8243; el_width=&#8221;10&#8243; accent_color=&#8221;#5694ff&#8221;][vc_column_text]Nella parte meridionale del golfo, alla foce del fiume Gravona, si pu\u00f2 ammirare un&#8217;imponente torre genovese, Campitello. Fu il luogo di rifugio della famiglia Bonaparte quando fuggirono dalla citt\u00e0 nel 1793. Proseguendo la strada arriviamo a Porticcio, localit\u00e0 balneare. Le sue spiagge e le sue acque turchesi offrono una vista panoramica sul mare e sulla citt\u00e0 di Ajaccian in lontananza. Porticcio \u00e8 la marina di Grosseto-Prugna, che si trova pochi chilometri nell&#8217;entroterra. La chiesa di Saint-C\u00e9saire fu costruita nel centro del paese nel XI secolo.Le spiagge pi\u00f9 conosciute di Porticcio sono quella di Capitello (all&#8217;ingresso del paese) o La Viva, situata nel centro del paese. Ritornando verso l&#8217;entroterra il percorso conduce all&#8217;Acqua Doria, dove si trova uno dei panorami pi\u00f9 belli del Golfo di Ajaccio. Si arriva poi al Capu di Muro, dove inizia l&#8217;escursione verso l&#8217;omonima torre genovese. La strada prosegue verso il Golfo del Valinco.[\/vc_column_text][vc_custom_heading text=&#8221;Valle Gravona&#8221; font_container=&#8221;tag:h2|text_align:left|color:%23000000&#8243; use_theme_fonts=&#8221;yes&#8221; css_animation=&#8221;fadeIn&#8221;][vc_separator color=&#8221;custom&#8221; align=&#8221;align_left&#8221; border_width=&#8221;2&#8243; el_width=&#8221;10&#8243; accent_color=&#8221;#5694ff&#8221;][vc_column_text]Da Ajaccio, sulla strada che porta a Bastia, si pu\u00f2 ammirare la valle della Gravona. Dall&#8217;altro lato possiamo vedere il Monte Gozzi. Anche se il percorso \u00e8 pi\u00f9 lungo, non esitate a prendere il sentiero che porta ai villaggi di Pedi-Morella, Cuttoli e Peri.La valle ospita anche il parco delle tartarughe A Cupulatta, fondato nel 1993 da Philippe MAGNAN, dove pi\u00f9 di 170 tartarughe sono elencate diverse specie di tartarughe. \u00c8 aperto dal 1 aprile al 31 ottobre. Durante l&#8217;inverno il parco \u00e8 chiuso a causa del letargo delle specie. Sempre sulla strada per Bastia, nei pressi del villaggio di Bocognano, la D27 vi porter\u00e0 alla Cascade du Voile de la Mari\u00e9e. Dalla strada proseguire a piedi per 3,3 km per arrivare alla cascata pi\u00f9 alta dell&#8217;isola (125 m). Il paese organizza ogni anno nel mese di dicembre la Fiera della Castagna. Quasi 150 espositori sono presenti durante il fine settimana ed \u00e8 una delle fiere pi\u00f9 famose e antiche della Corsica. Partendo da Bocognano, una strada attraversa i villaggi di Busso e Richjusa, dove scorre il fiume Gravona. Numerose piscine vi aspettano per rinfrescarvi fuori o praticare sport d&#8217;acqua viva. Il canyon di Richjusa \u00e8 uno dei canyon pi\u00f9 conosciuti e preferiti della Corsica.[\/vc_column_text][vc_custom_heading text=&#8221;Valle Prunelli&#8221; font_container=&#8221;tag:h2|text_align:left|color:%23000000&#8243; use_theme_fonts=&#8221;yes&#8221; css_animation=&#8221;fadeIn&#8221;][vc_separator color=&#8221;custom&#8221; align=&#8221;align_left&#8221; border_width=&#8221;2&#8243; el_width=&#8221;10&#8243; accent_color=&#8221;#5694ff&#8221;][vc_column_text]Da Ajaccio, la valle \u00e8 accessibile dalla N193, poi dalla N196 dopo aver superato l&#8217;aeroporto, la strada sale per 15 km verso il villaggio di Ocana. Superato il passo del Mercujo si arriva al lago artificiale di Tolla. Superato il passo si ha la vista su tutta la valle Prunelli e le sue gole. Dopo l&#8217;abitato di Tolla si attraversa la gola dei Prunelli, ed \u00e8 possibile sostare nei pressi del fiume per godersi le conche. Arriviamo poi sulla D27 che sale verso Bastelica. Il paese \u00e8 noto per i suoi salumi, i maiali vengono allevati in tutto il paese. Se ci andate durante il primo fine settimana di novembre scoprirete la Fiera Nostra Mela, tradizionale festa autunnale, dove \u00e8 possibile degustare salumi e anche altri prodotti locali. La D27a prosegue verso l&#8217;altopiano dell&#8217;Ese, dove si trova un comprensorio di sci da discesa e da fondo.[\/vc_column_text][\/vc_column][\/vc_row]<\/p>\n<\/div>","protected":false},"excerpt":{"rendered":"<p>[vc_row full_width=&#8221;stretch_row_content&#8221; css_animation=&#8221;fadeIn&#8221; css=&#8221;.vc_custom_1603208429902{background-image: url(https:\/\/www.camping-corse-du-sud.com\/wp-content\/uploads\/2020\/10\/bandeau-grand-ajaccio-voile50.jpg?id=5607) !important;background-position: center !important;background-repeat: no-repeat !important;background-size: cover !important;}&#8221;][vc_column][vc_empty_space height=&#8221;100px&#8221;][vc_custom_heading text=&#8221;GRANDE AJACCIO&#8221; font_container=&#8221;tag:h1|text_align:center|color:%23ffffff&#8221; use_theme_fonts=&#8221;yes&#8221;][vc_empty_space height=&#8221;100px&#8221;][vc_row_inner][vc_column_inner][vc_empty_space height=&#8221;50px&#8221;][\/vc_column_inner][\/vc_row_inner][\/vc_column][\/vc_row][vc_row gap=&#8221;20&#8243;][vc_column [&hellip;]<\/p>\n","protected":false},"author":3,"featured_media":31657,"parent":0,"menu_order":0,"comment_status":"closed","ping_status":"closed","template":"","meta":{"_seopress_robots_primary_cat":"","_seopress_titles_title":"","_seopress_titles_desc":"","_seopress_robots_index":"","_uag_custom_page_level_css":"","site-sidebar-layout":"default","site-content-layout":"","ast-site-content-layout":"default","site-content-style":"default","site-sidebar-style":"default","ast-global-header-display":"","ast-banner-title-visibility":"","ast-main-header-display":"","ast-hfb-above-header-display":"","ast-hfb-below-header-display":"","ast-hfb-mobile-header-display":"","site-post-title":"","ast-breadcrumbs-content":"","ast-featured-img":"","footer-sml-layout":"","ast-disable-related-posts":"","theme-transparent-header-meta":"","adv-header-id-meta":"","stick-header-meta":"","header-above-stick-meta":"","header-main-stick-meta":"","header-below-stick-meta":"","astra-migrate-meta-layouts":"default","ast-page-background-enabled":"default","ast-page-background-meta":{"desktop":{"background-color":"var(--ast-global-color-5)","background-image":"","background-repeat":"repeat","background-position":"center center","background-size":"auto","background-attachment":"scroll","background-type":"","background-media":"","overlay-type":"","overlay-color":"","overlay-opacity":"","overlay-gradient":""},"tablet":{"background-color":"","background-image":"","background-repeat":"repeat","background-position":"center center","background-size":"auto","background-attachment":"scroll","background-type":"","background-media":"","overlay-type":"","overlay-color":"","overlay-opacity":"","overlay-gradient":""},"mobile":{"background-color":"","background-image":"","background-repeat":"repeat","background-position":"center center","background-size":"auto","background-attachment":"scroll","background-type":"","background-media":"","overlay-type":"","overlay-color":"","overlay-opacity":"","overlay-gradient":""}},"ast-content-background-meta":{"desktop":{"background-color":"var(--ast-global-color-4)","background-image":"","background-repeat":"repeat","background-position":"center center","background-size":"auto","background-attachment":"scroll","background-type":"","background-media":"","overlay-type":"","overlay-color":"","overlay-opacity":"","overlay-gradient":""},"tablet":{"background-color":"var(--ast-global-color-4)","background-image":"","background-repeat":"repeat","background-position":"center center","background-size":"auto","background-attachment":"scroll","background-type":"","background-media":"","overlay-type":"","overlay-color":"","overlay-opacity":"","overlay-gradient":""},"mobile":{"background-color":"var(--ast-global-color-4)","background-image":"","background-repeat":"repeat","background-position":"center center","background-size":"auto","background-attachment":"scroll","background-type":"","background-media":"","overlay-type":"","overlay-color":"","overlay-opacity":"","overlay-gradient":""}},"_vp_format_video_url":"","_vp_image_focal_point":[],"footnotes":""},"categories":[],"tags":[],"class_list":["post-19087","page","type-page","status-publish","has-post-thumbnail"],"spectra_custom_meta":{"_vp_words_count":["925"],"_wpml_media_duplicate":["0"],"_wpml_media_featured":["1"],"_top_nav_excluded":[""],"_cms_nav_minihome":[""],"_wpb_shortcodes_custom_css":[".vc_custom_1603208429902{background-image: url(https:\/\/www.camping-corse-du-sud.com\/wp-content\/uploads\/2020\/10\/bandeau-grand-ajaccio-voile50.jpg?id=5607) !important;background-position: center !important;background-repeat: no-repeat !important;background-size: cover !important;}",".vc_custom_1603208429902{background-image: url(https:\/\/www.camping-corse-du-sud.com\/wp-content\/uploads\/2020\/10\/bandeau-grand-ajaccio-voile50.jpg?id=5607) !important;background-position: center !important;background-repeat: no-repeat !important;background-size: cover !important;}",".vc_custom_1603208429902{background-image: url(https:\/\/www.camping-corse-du-sud.com\/wp-content\/uploads\/2020\/10\/bandeau-grand-ajaccio-voile50.jpg?id=5607) !important;background-position: center !important;background-repeat: no-repeat !important;background-size: cover !important;}"],"_thumbnail_id":["31657"],"_last_translation_edit_mode":["translation-editor"],"_wpb_shortcodes_default_css":[".vc_do_custom_heading{margin-bottom:0.625rem;margin-top:0;}.vc_do_custom_heading{margin-bottom:0.625rem;margin-top:0;}.vc_do_custom_heading{margin-bottom:0.625rem;margin-top:0;}.vc_do_custom_heading{margin-bottom:0.625rem;margin-top:0;}.vc_do_custom_heading{margin-bottom:0.625rem;margin-top:0;}.vc_do_custom_heading{margin-bottom:0.625rem;margin-top:0;}"],"_wpb_shortcodes_default_css_updated":["1"],"_wpb_shortcodes_custom_css_updated":["1"],"rank_math_news_sitemap_robots":["index"],"rank_math_robots":["a:1:{i:0;s:5:\"index\";}"],"rank_math_analytic_object_id":["2670"],"rank_math_primary_category":["0"],"_wp_page_template":[""],"_uag_page_assets":["a:9:{s:3:\"css\";s:7859:\".wp-block-uagb-container{display:flex;position:relative;box-sizing:border-box;transition-property:box-shadow;transition-duration:0.2s;transition-timing-function:ease}.wp-block-uagb-container .spectra-container-link-overlay{bottom:0;left:0;position:absolute;right:0;top:0;z-index:10}.wp-block-uagb-container.uagb-is-root-container{margin-left:auto;margin-right:auto}.wp-block-uagb-container.alignfull.uagb-is-root-container .uagb-container-inner-blocks-wrap{display:flex;position:relative;box-sizing:border-box;margin-left:auto !important;margin-right:auto !important}.wp-block-uagb-container .wp-block-uagb-blockquote,.wp-block-uagb-container .wp-block-spectra-pro-login,.wp-block-uagb-container .wp-block-spectra-pro-register{margin:unset}.wp-block-uagb-container .uagb-container__video-wrap{height:100%;width:100%;top:0;left:0;position:absolute;overflow:hidden;-webkit-transition:opacity 1s;-o-transition:opacity 1s;transition:opacity 1s}.wp-block-uagb-container .uagb-container__video-wrap video{max-width:100%;width:100%;height:100%;margin:0;line-height:1;border:none;display:inline-block;vertical-align:baseline;-o-object-fit:cover;object-fit:cover;background-size:cover}.wp-block-uagb-container.uagb-layout-grid{display:grid;width:100%}.wp-block-uagb-container.uagb-layout-grid>.uagb-container-inner-blocks-wrap{display:inherit;width:inherit}.wp-block-uagb-container.uagb-layout-grid>.uagb-container-inner-blocks-wrap>.wp-block-uagb-container{max-width:unset !important;width:unset !important}.wp-block-uagb-container.uagb-layout-grid>.wp-block-uagb-container{max-width:unset !important;width:unset !important}.wp-block-uagb-container.uagb-layout-grid.uagb-is-root-container{margin-left:auto;margin-right:auto}.wp-block-uagb-container.uagb-layout-grid.uagb-is-root-container>.wp-block-uagb-container{max-width:unset !important;width:unset !important}.wp-block-uagb-container.uagb-layout-grid.alignwide.uagb-is-root-container{margin-left:auto;margin-right:auto}.wp-block-uagb-container.uagb-layout-grid.alignfull.uagb-is-root-container .uagb-container-inner-blocks-wrap{display:inherit;position:relative;box-sizing:border-box;margin-left:auto !important;margin-right:auto !important}body .wp-block-uagb-container>.uagb-container-inner-blocks-wrap>*:not(.wp-block-uagb-container):not(.wp-block-uagb-column):not(.wp-block-uagb-container):not(.wp-block-uagb-section):not(.uagb-container__shape):not(.uagb-container__video-wrap):not(.wp-block-spectra-pro-register):not(.wp-block-spectra-pro-login):not(.uagb-slider-container):not(.spectra-image-gallery__control-lightbox):not(.wp-block-uagb-info-box),body .wp-block-uagb-container>.uagb-container-inner-blocks-wrap,body .wp-block-uagb-container>*:not(.wp-block-uagb-container):not(.wp-block-uagb-column):not(.wp-block-uagb-container):not(.wp-block-uagb-section):not(.uagb-container__shape):not(.uagb-container__video-wrap):not(.wp-block-spectra-pro-register):not(.wp-block-spectra-pro-login):not(.uagb-slider-container):not(.spectra-container-link-overlay):not(.spectra-image-gallery__control-lightbox):not(.wp-block-uagb-lottie):not(.uagb-faq__outer-wrap){min-width:unset !important;width:100%;position:relative}body .ast-container .wp-block-uagb-container>.uagb-container-inner-blocks-wrap>.wp-block-uagb-container>ul,body .ast-container .wp-block-uagb-container>.uagb-container-inner-blocks-wrap>.wp-block-uagb-container ol,body .ast-container .wp-block-uagb-container>.uagb-container-inner-blocks-wrap>ul,body .ast-container .wp-block-uagb-container>.uagb-container-inner-blocks-wrap ol{max-width:-webkit-fill-available;margin-block-start:0;margin-block-end:0;margin-left:20px}.ast-plain-container .editor-styles-wrapper .block-editor-block-list__layout.is-root-container .uagb-is-root-container.wp-block-uagb-container.alignwide{margin-left:auto;margin-right:auto}.uagb-container__shape{overflow:hidden;position:absolute;left:0;width:100%;line-height:0;direction:ltr}.uagb-container__shape-top{top:-3px}.uagb-container__shape-bottom{bottom:-3px}.uagb-container__shape.uagb-container__invert.uagb-container__shape-bottom,.uagb-container__shape.uagb-container__invert.uagb-container__shape-top{-webkit-transform:rotate(180deg);-ms-transform:rotate(180deg);transform:rotate(180deg)}.uagb-container__shape.uagb-container__shape-flip svg{transform:translateX(-50%) rotateY(180deg)}.uagb-container__shape svg{display:block;width:-webkit-calc(100% + 1.3px);width:calc(100% + 1.3px);position:relative;left:50%;-webkit-transform:translateX(-50%);-ms-transform:translateX(-50%);transform:translateX(-50%)}.uagb-container__shape .uagb-container__shape-fill{-webkit-transform-origin:center;-ms-transform-origin:center;transform-origin:center;-webkit-transform:rotateY(0deg);transform:rotateY(0deg)}.uagb-container__shape.uagb-container__shape-above-content{z-index:9;pointer-events:none}.nv-single-page-wrap .nv-content-wrap.entry-content .wp-block-uagb-container.alignfull{margin-left:calc(50% - 50vw);margin-right:calc(50% - 50vw)}@media only screen and (max-width: 767px){.wp-block-uagb-container .wp-block-uagb-advanced-heading{width:-webkit-fill-available}}.wp-block-uagb-image--align-none{justify-content:center}\n.wp-block-uagb-container.uagb-block-360db477 .uagb-container__shape-top svg{width: calc( 100% + 1.3px );}.wp-block-uagb-container.uagb-block-360db477 .uagb-container__shape.uagb-container__shape-top .uagb-container__shape-fill{fill: rgba(51,51,51,1);}.wp-block-uagb-container.uagb-block-360db477 .uagb-container__shape-bottom svg{width: calc( 100% + 1.3px );}.wp-block-uagb-container.uagb-block-360db477 .uagb-container__shape.uagb-container__shape-bottom .uagb-container__shape-fill{fill: rgba(51,51,51,1);}.wp-block-uagb-container.uagb-block-360db477 .uagb-container__video-wrap video{opacity: 1;}.wp-block-uagb-container.uagb-is-root-container .uagb-block-360db477{max-width: 100%;width: 100%;}.wp-block-uagb-container.uagb-is-root-container.alignfull.uagb-block-360db477 > .uagb-container-inner-blocks-wrap{--inner-content-custom-width: min( 100%, 1600px);max-width: var(--inner-content-custom-width);width: 100%;flex-direction: column;align-items: center;justify-content: center;flex-wrap: nowrap;row-gap: 20px;column-gap: 20px;}.wp-block-uagb-container.uagb-block-360db477{box-shadow: 0px 0px   #00000070 ;padding-top: 10px;padding-bottom: 10px;padding-left: 10px;padding-right: 10px;margin-top:  !important;margin-bottom:  !important;overflow: visible;order: initial;border-color: inherit;row-gap: 20px;column-gap: 20px;}@media only screen and (max-width: 976px) {.wp-block-uagb-container.uagb-is-root-container .uagb-block-360db477{width: 100%;}.wp-block-uagb-container.uagb-is-root-container.alignfull.uagb-block-360db477 > .uagb-container-inner-blocks-wrap{--inner-content-custom-width: min( 100%, 1024px);max-width: var(--inner-content-custom-width);width: 100%;}.wp-block-uagb-container.uagb-block-360db477{padding-top: 10px;padding-bottom: 10px;padding-left: 10px;padding-right: 10px;margin-top:  !important;margin-bottom:  !important;order: initial;}}@media only screen and (max-width: 767px) {.wp-block-uagb-container.uagb-is-root-container .uagb-block-360db477{max-width: 100%;width: 100%;}.wp-block-uagb-container.uagb-is-root-container.alignfull.uagb-block-360db477 > .uagb-container-inner-blocks-wrap{--inner-content-custom-width: min( 100%, 767px);max-width: var(--inner-content-custom-width);width: 100%;flex-wrap: wrap;}.wp-block-uagb-container.uagb-block-360db477{padding-top: 10px;padding-bottom: 10px;padding-left: 10px;padding-right: 10px;margin-top:  !important;margin-bottom:  !important;order: initial;}}.uag-blocks-common-selector{z-index:var(--z-index-desktop) !important}@media (max-width: 976px){.uag-blocks-common-selector{z-index:var(--z-index-tablet) !important}}@media (max-width: 767px){.uag-blocks-common-selector{z-index:var(--z-index-mobile) !important}}\n\";s:2:\"js\";s:0:\"\";s:18:\"current_block_list\";a:4:{i:0;s:14:\"uagb\/container\";i:1;s:12:\"core\/heading\";i:2;s:14:\"core\/paragraph\";i:3;s:14:\"core\/shortcode\";}s:8:\"uag_flag\";b:1;s:11:\"uag_version\";s:10:\"1775138354\";s:6:\"gfonts\";a:0:{}s:10:\"gfonts_url\";s:0:\"\";s:12:\"gfonts_files\";a:0:{}s:14:\"uag_faq_layout\";b:0;}"],"_uag_css_file_name":["uag-css-19087.css"]},"uagb_featured_image_src":{"full":["https:\/\/dev.camping-corse-du-sud.com\/wp-content\/uploads\/2025\/10\/visuel-micro-region-grand-ajaccio.jpg",960,540,false],"thumbnail":["https:\/\/dev.camping-corse-du-sud.com\/wp-content\/uploads\/2025\/10\/visuel-micro-region-grand-ajaccio-150x150.jpg",150,150,true],"medium":["https:\/\/dev.camping-corse-du-sud.com\/wp-content\/uploads\/2025\/10\/visuel-micro-region-grand-ajaccio-300x169.jpg",300,169,true],"medium_large":["https:\/\/dev.camping-corse-du-sud.com\/wp-content\/uploads\/2025\/10\/visuel-micro-region-grand-ajaccio-768x432.jpg",768,432,true],"large":["https:\/\/dev.camping-corse-du-sud.com\/wp-content\/uploads\/2025\/10\/visuel-micro-region-grand-ajaccio.jpg",960,540,false],"1536x1536":["https:\/\/dev.camping-corse-du-sud.com\/wp-content\/uploads\/2025\/10\/visuel-micro-region-grand-ajaccio.jpg",960,540,false],"2048x2048":["https:\/\/dev.camping-corse-du-sud.com\/wp-content\/uploads\/2025\/10\/visuel-micro-region-grand-ajaccio.jpg",960,540,false],"vp_sm":["https:\/\/dev.camping-corse-du-sud.com\/wp-content\/uploads\/2025\/10\/visuel-micro-region-grand-ajaccio-500x281.jpg",500,281,true],"vp_md":["https:\/\/dev.camping-corse-du-sud.com\/wp-content\/uploads\/2025\/10\/visuel-micro-region-grand-ajaccio-800x450.jpg",800,450,true],"vp_lg":["https:\/\/dev.camping-corse-du-sud.com\/wp-content\/uploads\/2025\/10\/visuel-micro-region-grand-ajaccio.jpg",960,540,false],"vp_xl":["https:\/\/dev.camping-corse-du-sud.com\/wp-content\/uploads\/2025\/10\/visuel-micro-region-grand-ajaccio.jpg",960,540,false],"vp_sm_popup":["https:\/\/dev.camping-corse-du-sud.com\/wp-content\/uploads\/2025\/10\/visuel-micro-region-grand-ajaccio-500x281.jpg",500,281,true],"vp_md_popup":["https:\/\/dev.camping-corse-du-sud.com\/wp-content\/uploads\/2025\/10\/visuel-micro-region-grand-ajaccio-800x450.jpg",800,450,true],"vp_xl_popup":["https:\/\/dev.camping-corse-du-sud.com\/wp-content\/uploads\/2025\/10\/visuel-micro-region-grand-ajaccio.jpg",960,540,false]},"uagb_author_info":{"display_name":"Edouard","author_link":"https:\/\/dev.camping-corse-du-sud.com\/it\/author\/edouard\/"},"uagb_comment_info":0,"uagb_excerpt":"[vc_row full_width=&#8221;stretch_row_content&#8221; css_animation=&#8221;fadeIn&#8221; css=&#8221;.vc_custom_1603208429902{background-image: url(https:\/\/www.camping-corse-du-sud.com\/wp-content\/uploads\/2020\/10\/bandeau-grand-ajaccio-voile50.jpg?id=5607) !important;background-position: center !important;background-repeat: no-repeat !important;background-size: cover !important;}&#8221;][vc_column][vc_empty_space height=&#8221;100px&#8221;][vc_custom_heading text=&#8221;GRANDE AJACCIO&#8221; font_container=&#8221;tag:h1|text_align:center|color:%23ffffff&#8221; use_theme_fonts=&#8221;yes&#8221;][vc_empty_space height=&#8221;100px&#8221;][vc_row_inner][vc_column_inner][vc_empty_space height=&#8221;50px&#8221;][\/vc_column_inner][\/vc_row_inner][\/vc_column][\/vc_row][vc_row gap=&#8221;20&#8243;][vc_column [&hellip;]","_links":{"self":[{"href":"https:\/\/dev.camping-corse-du-sud.com\/it\/wp-json\/wp\/v2\/pages\/19087","targetHints":{"allow":["GET"]}}],"collection":[{"href":"https:\/\/dev.camping-corse-du-sud.com\/it\/wp-json\/wp\/v2\/pages"}],"about":[{"href":"https:\/\/dev.camping-corse-du-sud.com\/it\/wp-json\/wp\/v2\/types\/page"}],"author":[{"embeddable":true,"href":"https:\/\/dev.camping-corse-du-sud.com\/it\/wp-json\/wp\/v2\/users\/3"}],"replies":[{"embeddable":true,"href":"https:\/\/dev.camping-corse-du-sud.com\/it\/wp-json\/wp\/v2\/comments?post=19087"}],"version-history":[{"count":0,"href":"https:\/\/dev.camping-corse-du-sud.com\/it\/wp-json\/wp\/v2\/pages\/19087\/revisions"}],"wp:featuredmedia":[{"embeddable":true,"href":"https:\/\/dev.camping-corse-du-sud.com\/it\/wp-json\/wp\/v2\/media\/31657"}],"wp:attachment":[{"href":"https:\/\/dev.camping-corse-du-sud.com\/it\/wp-json\/wp\/v2\/media?parent=19087"}],"wp:term":[{"taxonomy":"category","embeddable":true,"href":"https:\/\/dev.camping-corse-du-sud.com\/it\/wp-json\/wp\/v2\/categories?post=19087"},{"taxonomy":"post_tag","embeddable":true,"href":"https:\/\/dev.camping-corse-du-sud.com\/it\/wp-json\/wp\/v2\/tags?post=19087"}],"curies":[{"name":"wp","href":"https:\/\/api.w.org\/{rel}","templated":true}]}}