{"id":19013,"date":"2020-08-05T15:21:27","date_gmt":"2020-08-05T13:21:27","guid":{"rendered":"https:\/\/www.camping-corse-du-sud.com\/cascata-polischellu\/"},"modified":"2023-09-20T17:46:22","modified_gmt":"2023-09-20T15:46:22","slug":"cascata-polischellu","status":"publish","type":"page","link":"https:\/\/dev.camping-corse-du-sud.com\/it\/cascata-polischellu\/","title":{"rendered":"Cascata Polischellu"},"content":{"rendered":"<div class=\"wpb-content-wrapper\"><p>[vc_row full_width=&#8221;stretch_row_content&#8221; css_animation=&#8221;fadeIn&#8221; css=&#8221;.vc_custom_1604663060144{background-image: url(https:\/\/www.camping-corse-du-sud.com\/wp-content\/uploads\/2020\/11\/visuel-plus-belles-cascades-polischellu-interne-bandeau-voile50.jpg?id=5898) !important;background-position: center !important;background-repeat: no-repeat !important;background-size: cover !important;}&#8221;][vc_column][vc_empty_space height=&#8221;100px&#8221;][vc_custom_heading text=&#8221;CASCATA DI POLISCHELLU&#8221; font_container=&#8221;tag:h1|text_align:center|color:%23ffffff&#8221; use_theme_fonts=&#8221;yes&#8221;][vc_empty_space height=&#8221;100px&#8221;][vc_row_inner][vc_column_inner][vc_empty_space height=&#8221;50px&#8221;][\/vc_column_inner][\/vc_row_inner][\/vc_column][\/vc_row][vc_row gap=&#8221;20&#8243;][vc_column width=&#8221;1\/2&#8243;][vc_single_image image=&#8221;12469&#8243; img_size=&#8221;full&#8221; onclick=&#8221;zoom&#8221;][\/vc_column][vc_column width=&#8221;1\/2&#8243;][vc_custom_heading text=&#8221;Cascate di Polischellu \u2013 Quenza, Corsica del Sud&#8221; font_container=&#8221;tag:h2|text_align:left|color:%23000000&#8243; use_theme_fonts=&#8221;yes&#8221; css_animation=&#8221;fadeIn&#8221;][vc_separator color=&#8221;custom&#8221; align=&#8221;align_left&#8221; border_width=&#8221;2&#8243; el_width=&#8221;30&#8243; accent_color=&#8221;#b0d049&#8243;][vc_column_text]<\/p>\n<div class=\"page\" title=\"Pagina 1\">\n<div class=\"layoutArea\">\n<div class=\"column\">\n<div class=\"page\" title=\"Pagina 2\">\n<div class=\"layoutArea\">\n<div class=\"column\">\n<div class=\"page\" title=\"Pagina 3\">\n<div class=\"layoutArea\">\n<div class=\"column\">\n<div class=\"page\" title=\"Pagina 4\">\n<div class=\"layoutArea\">\n<div class=\"column\">\n<p>Nel cuore dell&#8217;Alta Rocca, le cascate di Polischellu distano pochi chilometri da quelle di Purcaraccia. Il sito ospita le piscine naturali pi\u00f9 belle dell&#8217;isola.<\/p>\n<p>Il fiume \u00e8 molto frequentato dagli appassionati di canyoning. Il Polischellu \u00e8 uno degli affluenti del Solenzara.<\/p>\n<p>Per raggiungere l&#8217;inizio dell&#8217;escursione \u00e8 necessario prendere la D268 in direzione del Col de Larone. 3 km dopo aver superato il passo troverete un ampio parcheggio a lato della strada. Questo \u00e8 il punto di partenza per l&#8217;escursione alle cascate. La prima piscina \u00e8 a 10 minuti a piedi e per raggiungere le ultime piscine \u00e8 necessario indossare buone scarpe.<\/p>\n<\/div>\n<\/div>\n<\/div>\n<\/div>\n<\/div>\n<\/div>\n<\/div>\n<\/div>\n<\/div>\n<\/div>\n<\/div>\n<\/div>\n<p>[\/vc_column_text][\/vc_column][\/vc_row][vc_row][vc_column][vc_column_text]<\/p>\n<div class=\"page\" title=\"Pagina 1\">\n<div class=\"layoutArea\">\n<div class=\"column\">\n<div class=\"page\" title=\"Pagina 2\">\n<div class=\"layoutArea\">\n<div class=\"column\">\n<div class=\"page\" title=\"Pagina 3\">\n<div class=\"layoutArea\">\n<div class=\"column\">\n<div class=\"page\" title=\"Pagina 4\">\n<div class=\"layoutArea\">\n<div class=\"column\">\n<p class=\"p1\">Lasciati stupire dalla cascata Polischellu in Corsica<\/p>\n<p class=\"p1\">Immersa nel cuore delle montagne corse, la <a href=\"https:\/\/www.camping-corse-du-sud.com\/les-plus-belles-cascades\/\">cascata<\/a> Polischellu \u00e8 una vera meraviglia naturale. Questa perla rara, spesso considerata una delle gemme nascoste della Corsica, offre uno spettacolo mozzafiato ai fortunati visitatori che la scoprono.<\/p>\n<p class=\"p1\">La strada per la cascata Polischellu \u00e8 gi\u00e0 di per s\u00e9 un viaggio. Mentre attraversi il paesaggio verde e aspro della <a href=\"https:\/\/corsicacamping.com\/\">Corsica<\/a>, avrai l&#8217;opportunit\u00e0 di scoprire la bellezza selvaggia dell&#8217;Isola della Bellezza. Il sentiero verso la cascata \u00e8 un mix di piste forestali e sentieri di montagna, offrendo un&#8217;escursione impegnativa ma estremamente gratificante.<\/p>\n<p class=\"p1\">Arrivati \u200b\u200ba destinazione lo spettacolo della Cascata Polischellu \u00e8 mozzafiato. L&#8217;acqua fresca e limpida scende dalla montagna in una serie di cascate e piscine naturali. Ogni cascata ha la sua bellezza unica, offrendo uno scenario di ineguagliabile bellezza naturale. Il suono dell&#8217;acqua che scorre, il rumore del vento tra gli alberi e il profumo dei fiori selvatici corsi creano un&#8217;atmosfera di profonda serenit\u00e0.<\/p>\n<p class=\"p1\">Per i pi\u00f9 avventurosi, la Cascata Polischellu offre anche opportunit\u00e0 per attivit\u00e0 pi\u00f9 intense. Dal nuoto nelle piscine naturali alla discesa in corda doppia lungo le cascate, ce n&#8217;\u00e8 per tutti i gusti. Non dimenticare il costume da bagno e il tuo spirito di avventura !<\/p>\n<p class=\"p1\">Inoltre, la regione che circonda la Cascade de Polischellu \u00e8 ricca di flora e fauna della Corsica. Alberi contorti e cespugli rigogliosi forniscono l&#8217;habitat per una variet\u00e0 di specie di uccelli e piccoli mammiferi, mentre i fiori selvatici aggiungono un&#8217;esplosione di colore al paesaggio.<\/p>\n<p class=\"p1\">La Cascata Polischellu \u00e8 un vero tesoro della Corsica, un&#8217;esperienza imperdibile per chiunque visiti l&#8217;isola. Che tu sia un escursionista esperto o semplicemente cerchi un posto per rilassarti nel cuore della natura, la Cascata Polischellu ha qualcosa da offrire a tutti. Quindi, durante il tuo prossimo viaggio in Corsica, prenditi il \u200b\u200btempo per scoprire questa gemma nascosta: non te ne pentirai.<\/p>\n<p class=\"p1\">La famosa Cascata Polischellu \u00e8 un vero simbolo dell&#8217;incredibile diversit\u00e0 e bellezza naturale della Corsica. \u00c8 una destinazione imperdibile per ogni viaggiatore alla ricerca di un&#8217;esperienza autentica e indimenticabile. Non dimenticare la macchina fotografica, perch\u00e9 la cascata Polischellu \u00e8 uno spettacolo che vorrai ricordare per sempre.<\/p>\n<\/div>\n<\/div>\n<\/div>\n<\/div>\n<\/div>\n<\/div>\n<\/div>\n<\/div>\n<\/div>\n<\/div>\n<\/div>\n<\/div>\n<p>[\/vc_column_text][\/vc_column][\/vc_row]<\/p>\n<\/div>","protected":false},"excerpt":{"rendered":"<p>[vc_row full_width=&#8221;stretch_row_content&#8221; css_animation=&#8221;fadeIn&#8221; css=&#8221;.vc_custom_1604663060144{background-image: url(https:\/\/www.camping-corse-du-sud.com\/wp-content\/uploads\/2020\/11\/visuel-plus-belles-cascades-polischellu-interne-bandeau-voile50.jpg?id=5898) !important;background-position: center !important;background-repeat: no-repeat !important;background-size: cover !important;}&#8221;][vc_column][vc_empty_space height=&#8221;100px&#8221;][vc_custom_heading text=&#8221;CASCATA DI POLISCHELLU&#8221; font_container=&#8221;tag:h1|text_align:center|color:%23ffffff&#8221; use_theme_fonts=&#8221;yes&#8221;][vc_empty_space height=&#8221;100px&#8221;][vc_row_inner][vc_column_inner][vc_empty_space height=&#8221;50px&#8221;][\/vc_column_inner][\/vc_row_inner][\/vc_column][\/vc_row][vc_row [&hellip;]<\/p>\n","protected":false},"author":3,"featured_media":31545,"parent":0,"menu_order":0,"comment_status":"closed","ping_status":"closed","template":"","meta":{"_seopress_robots_primary_cat":"","_seopress_titles_title":"","_seopress_titles_desc":"Immersa nel cuore delle montagne corse, la cascata Polischellu \u00e8 una vera meraviglia naturale. Questa perla rara, spesso considerata una delle gemme nascoste della Corsica, offre uno spettacolo mozzafiato ai fortunati visitatori che la scoprono.","_seopress_robots_index":"","_uag_custom_page_level_css":"","site-sidebar-layout":"default","site-content-layout":"","ast-site-content-layout":"default","site-content-style":"default","site-sidebar-style":"default","ast-global-header-display":"","ast-banner-title-visibility":"","ast-main-header-display":"","ast-hfb-above-header-display":"","ast-hfb-below-header-display":"","ast-hfb-mobile-header-display":"","site-post-title":"","ast-breadcrumbs-content":"","ast-featured-img":"","footer-sml-layout":"","ast-disable-related-posts":"","theme-transparent-header-meta":"","adv-header-id-meta":"","stick-header-meta":"","header-above-stick-meta":"","header-main-stick-meta":"","header-below-stick-meta":"","astra-migrate-meta-layouts":"default","ast-page-background-enabled":"default","ast-page-background-meta":{"desktop":{"background-color":"var(--ast-global-color-5)","background-image":"","background-repeat":"repeat","background-position":"center center","background-size":"auto","background-attachment":"scroll","background-type":"","background-media":"","overlay-type":"","overlay-color":"","overlay-opacity":"","overlay-gradient":""},"tablet":{"background-color":"","background-image":"","background-repeat":"repeat","background-position":"center center","background-size":"auto","background-attachment":"scroll","background-type":"","background-media":"","overlay-type":"","overlay-color":"","overlay-opacity":"","overlay-gradient":""},"mobile":{"background-color":"","background-image":"","background-repeat":"repeat","background-position":"center center","background-size":"auto","background-attachment":"scroll","background-type":"","background-media":"","overlay-type":"","overlay-color":"","overlay-opacity":"","overlay-gradient":""}},"ast-content-background-meta":{"desktop":{"background-color":"var(--ast-global-color-4)","background-image":"","background-repeat":"repeat","background-position":"center center","background-size":"auto","background-attachment":"scroll","background-type":"","background-media":"","overlay-type":"","overlay-color":"","overlay-opacity":"","overlay-gradient":""},"tablet":{"background-color":"var(--ast-global-color-4)","background-image":"","background-repeat":"repeat","background-position":"center center","background-size":"auto","background-attachment":"scroll","background-type":"","background-media":"","overlay-type":"","overlay-color":"","overlay-opacity":"","overlay-gradient":""},"mobile":{"background-color":"var(--ast-global-color-4)","background-image":"","background-repeat":"repeat","background-position":"center center","background-size":"auto","background-attachment":"scroll","background-type":"","background-media":"","overlay-type":"","overlay-color":"","overlay-opacity":"","overlay-gradient":""}},"_vp_format_video_url":"","_vp_image_focal_point":[],"footnotes":""},"categories":[],"tags":[],"class_list":["post-19013","page","type-page","status-publish","has-post-thumbnail"],"spectra_custom_meta":{"_vp_words_count":["500"],"_wpml_media_duplicate":["0"],"_wpml_media_featured":["1"],"_top_nav_excluded":[""],"_cms_nav_minihome":[""],"_yoast_wpseo_metadesc":["Immersa nel cuore delle montagne corse, la cascata Polischellu \u00e8 una vera meraviglia naturale. Questa perla rara, spesso considerata una delle gemme nascoste della Corsica, offre uno spettacolo mozzafiato ai fortunati visitatori che la scoprono."],"_wpb_shortcodes_custom_css":[".vc_custom_1604663060144{background-image: url(https:\/\/www.camping-corse-du-sud.com\/wp-content\/uploads\/2020\/11\/visuel-plus-belles-cascades-polischellu-interne-bandeau-voile50.jpg?id=5898) !important;background-position: center !important;background-repeat: no-repeat !important;background-size: cover !important;}",".vc_custom_1604663060144{background-image: url(https:\/\/www.camping-corse-du-sud.com\/wp-content\/uploads\/2020\/11\/visuel-plus-belles-cascades-polischellu-interne-bandeau-voile50.jpg?id=5898) !important;background-position: center !important;background-repeat: no-repeat !important;background-size: cover !important;}",".vc_custom_1604663060144{background-image: url(https:\/\/www.camping-corse-du-sud.com\/wp-content\/uploads\/2020\/11\/visuel-plus-belles-cascades-polischellu-interne-bandeau-voile50.jpg?id=5898) !important;background-position: center !important;background-repeat: no-repeat !important;background-size: cover !important;}",".vc_custom_1604663060144{background-image: url(https:\/\/www.camping-corse-du-sud.com\/wp-content\/uploads\/2020\/11\/visuel-plus-belles-cascades-polischellu-interne-bandeau-voile50.jpg?id=5898) !important;background-position: center !important;background-repeat: no-repeat !important;background-size: cover !important;}",".vc_custom_1604663060144{background-image: url(https:\/\/www.camping-corse-du-sud.com\/wp-content\/uploads\/2020\/11\/visuel-plus-belles-cascades-polischellu-interne-bandeau-voile50.jpg?id=5898) !important;background-position: center !important;background-repeat: no-repeat !important;background-size: cover !important;}",".vc_custom_1604663060144{background-image: url(https:\/\/www.camping-corse-du-sud.com\/wp-content\/uploads\/2020\/11\/visuel-plus-belles-cascades-polischellu-interne-bandeau-voile50.jpg?id=5898) !important;background-position: center !important;background-repeat: no-repeat !important;background-size: cover !important;}",".vc_custom_1604663060144{background-image: url(https:\/\/www.camping-corse-du-sud.com\/wp-content\/uploads\/2020\/11\/visuel-plus-belles-cascades-polischellu-interne-bandeau-voile50.jpg?id=5898) !important;background-position: center !important;background-repeat: no-repeat !important;background-size: cover !important;}",".vc_custom_1604663060144{background-image: url(https:\/\/www.camping-corse-du-sud.com\/wp-content\/uploads\/2020\/11\/visuel-plus-belles-cascades-polischellu-interne-bandeau-voile50.jpg?id=5898) !important;background-position: center !important;background-repeat: no-repeat !important;background-size: cover !important;}"],"_thumbnail_id":["31545"],"_last_translation_edit_mode":["translation-editor"],"_wpb_shortcodes_default_css":[".vc_do_custom_heading{margin-bottom:0.625rem;margin-top:0;}"],"_wpb_shortcodes_default_css_updated":["1"],"_wpb_shortcodes_custom_css_updated":["1"],"_seopress_titles_desc":["Immersa nel cuore delle montagne corse, la cascata Polischellu \u00e8 una vera meraviglia naturale. Questa perla rara, spesso considerata una delle gemme nascoste della Corsica, offre uno spettacolo mozzafiato ai fortunati visitatori che la scoprono."],"rank_math_description":["Immersa nel cuore delle montagne corse, la cascata Polischellu \u00e8 una vera meraviglia naturale. Questa perla rara, spesso considerata una delle gemme nascoste della Corsica, offre uno spettacolo mozzafiato ai fortunati visitatori che la scoprono."],"rank_math_news_sitemap_robots":["index"],"rank_math_robots":["a:1:{i:0;s:5:\"index\";}"],"rank_math_analytic_object_id":["2370"],"_yoast_wpseo_primary_category":[""],"rank_math_primary_category":["0"],"_wp_page_template":[""],"_uag_page_assets":["a:9:{s:3:\"css\";s:7859:\".wp-block-uagb-container{display:flex;position:relative;box-sizing:border-box;transition-property:box-shadow;transition-duration:0.2s;transition-timing-function:ease}.wp-block-uagb-container .spectra-container-link-overlay{bottom:0;left:0;position:absolute;right:0;top:0;z-index:10}.wp-block-uagb-container.uagb-is-root-container{margin-left:auto;margin-right:auto}.wp-block-uagb-container.alignfull.uagb-is-root-container .uagb-container-inner-blocks-wrap{display:flex;position:relative;box-sizing:border-box;margin-left:auto !important;margin-right:auto !important}.wp-block-uagb-container .wp-block-uagb-blockquote,.wp-block-uagb-container .wp-block-spectra-pro-login,.wp-block-uagb-container .wp-block-spectra-pro-register{margin:unset}.wp-block-uagb-container .uagb-container__video-wrap{height:100%;width:100%;top:0;left:0;position:absolute;overflow:hidden;-webkit-transition:opacity 1s;-o-transition:opacity 1s;transition:opacity 1s}.wp-block-uagb-container .uagb-container__video-wrap video{max-width:100%;width:100%;height:100%;margin:0;line-height:1;border:none;display:inline-block;vertical-align:baseline;-o-object-fit:cover;object-fit:cover;background-size:cover}.wp-block-uagb-container.uagb-layout-grid{display:grid;width:100%}.wp-block-uagb-container.uagb-layout-grid>.uagb-container-inner-blocks-wrap{display:inherit;width:inherit}.wp-block-uagb-container.uagb-layout-grid>.uagb-container-inner-blocks-wrap>.wp-block-uagb-container{max-width:unset !important;width:unset !important}.wp-block-uagb-container.uagb-layout-grid>.wp-block-uagb-container{max-width:unset !important;width:unset !important}.wp-block-uagb-container.uagb-layout-grid.uagb-is-root-container{margin-left:auto;margin-right:auto}.wp-block-uagb-container.uagb-layout-grid.uagb-is-root-container>.wp-block-uagb-container{max-width:unset !important;width:unset !important}.wp-block-uagb-container.uagb-layout-grid.alignwide.uagb-is-root-container{margin-left:auto;margin-right:auto}.wp-block-uagb-container.uagb-layout-grid.alignfull.uagb-is-root-container .uagb-container-inner-blocks-wrap{display:inherit;position:relative;box-sizing:border-box;margin-left:auto !important;margin-right:auto !important}body .wp-block-uagb-container>.uagb-container-inner-blocks-wrap>*:not(.wp-block-uagb-container):not(.wp-block-uagb-column):not(.wp-block-uagb-container):not(.wp-block-uagb-section):not(.uagb-container__shape):not(.uagb-container__video-wrap):not(.wp-block-spectra-pro-register):not(.wp-block-spectra-pro-login):not(.uagb-slider-container):not(.spectra-image-gallery__control-lightbox):not(.wp-block-uagb-info-box),body .wp-block-uagb-container>.uagb-container-inner-blocks-wrap,body .wp-block-uagb-container>*:not(.wp-block-uagb-container):not(.wp-block-uagb-column):not(.wp-block-uagb-container):not(.wp-block-uagb-section):not(.uagb-container__shape):not(.uagb-container__video-wrap):not(.wp-block-spectra-pro-register):not(.wp-block-spectra-pro-login):not(.uagb-slider-container):not(.spectra-container-link-overlay):not(.spectra-image-gallery__control-lightbox):not(.wp-block-uagb-lottie):not(.uagb-faq__outer-wrap){min-width:unset !important;width:100%;position:relative}body .ast-container .wp-block-uagb-container>.uagb-container-inner-blocks-wrap>.wp-block-uagb-container>ul,body .ast-container .wp-block-uagb-container>.uagb-container-inner-blocks-wrap>.wp-block-uagb-container ol,body .ast-container .wp-block-uagb-container>.uagb-container-inner-blocks-wrap>ul,body .ast-container .wp-block-uagb-container>.uagb-container-inner-blocks-wrap ol{max-width:-webkit-fill-available;margin-block-start:0;margin-block-end:0;margin-left:20px}.ast-plain-container .editor-styles-wrapper .block-editor-block-list__layout.is-root-container .uagb-is-root-container.wp-block-uagb-container.alignwide{margin-left:auto;margin-right:auto}.uagb-container__shape{overflow:hidden;position:absolute;left:0;width:100%;line-height:0;direction:ltr}.uagb-container__shape-top{top:-3px}.uagb-container__shape-bottom{bottom:-3px}.uagb-container__shape.uagb-container__invert.uagb-container__shape-bottom,.uagb-container__shape.uagb-container__invert.uagb-container__shape-top{-webkit-transform:rotate(180deg);-ms-transform:rotate(180deg);transform:rotate(180deg)}.uagb-container__shape.uagb-container__shape-flip svg{transform:translateX(-50%) rotateY(180deg)}.uagb-container__shape svg{display:block;width:-webkit-calc(100% + 1.3px);width:calc(100% + 1.3px);position:relative;left:50%;-webkit-transform:translateX(-50%);-ms-transform:translateX(-50%);transform:translateX(-50%)}.uagb-container__shape .uagb-container__shape-fill{-webkit-transform-origin:center;-ms-transform-origin:center;transform-origin:center;-webkit-transform:rotateY(0deg);transform:rotateY(0deg)}.uagb-container__shape.uagb-container__shape-above-content{z-index:9;pointer-events:none}.nv-single-page-wrap .nv-content-wrap.entry-content .wp-block-uagb-container.alignfull{margin-left:calc(50% - 50vw);margin-right:calc(50% - 50vw)}@media only screen and (max-width: 767px){.wp-block-uagb-container .wp-block-uagb-advanced-heading{width:-webkit-fill-available}}.wp-block-uagb-image--align-none{justify-content:center}\n.wp-block-uagb-container.uagb-block-360db477 .uagb-container__shape-top svg{width: calc( 100% + 1.3px );}.wp-block-uagb-container.uagb-block-360db477 .uagb-container__shape.uagb-container__shape-top .uagb-container__shape-fill{fill: rgba(51,51,51,1);}.wp-block-uagb-container.uagb-block-360db477 .uagb-container__shape-bottom svg{width: calc( 100% + 1.3px );}.wp-block-uagb-container.uagb-block-360db477 .uagb-container__shape.uagb-container__shape-bottom .uagb-container__shape-fill{fill: rgba(51,51,51,1);}.wp-block-uagb-container.uagb-block-360db477 .uagb-container__video-wrap video{opacity: 1;}.wp-block-uagb-container.uagb-is-root-container .uagb-block-360db477{max-width: 100%;width: 100%;}.wp-block-uagb-container.uagb-is-root-container.alignfull.uagb-block-360db477 > .uagb-container-inner-blocks-wrap{--inner-content-custom-width: min( 100%, 1600px);max-width: var(--inner-content-custom-width);width: 100%;flex-direction: column;align-items: center;justify-content: center;flex-wrap: nowrap;row-gap: 20px;column-gap: 20px;}.wp-block-uagb-container.uagb-block-360db477{box-shadow: 0px 0px   #00000070 ;padding-top: 10px;padding-bottom: 10px;padding-left: 10px;padding-right: 10px;margin-top:  !important;margin-bottom:  !important;overflow: visible;order: initial;border-color: inherit;row-gap: 20px;column-gap: 20px;}@media only screen and (max-width: 976px) {.wp-block-uagb-container.uagb-is-root-container .uagb-block-360db477{width: 100%;}.wp-block-uagb-container.uagb-is-root-container.alignfull.uagb-block-360db477 > .uagb-container-inner-blocks-wrap{--inner-content-custom-width: min( 100%, 1024px);max-width: var(--inner-content-custom-width);width: 100%;}.wp-block-uagb-container.uagb-block-360db477{padding-top: 10px;padding-bottom: 10px;padding-left: 10px;padding-right: 10px;margin-top:  !important;margin-bottom:  !important;order: initial;}}@media only screen and (max-width: 767px) {.wp-block-uagb-container.uagb-is-root-container .uagb-block-360db477{max-width: 100%;width: 100%;}.wp-block-uagb-container.uagb-is-root-container.alignfull.uagb-block-360db477 > .uagb-container-inner-blocks-wrap{--inner-content-custom-width: min( 100%, 767px);max-width: var(--inner-content-custom-width);width: 100%;flex-wrap: wrap;}.wp-block-uagb-container.uagb-block-360db477{padding-top: 10px;padding-bottom: 10px;padding-left: 10px;padding-right: 10px;margin-top:  !important;margin-bottom:  !important;order: initial;}}.uag-blocks-common-selector{z-index:var(--z-index-desktop) !important}@media (max-width: 976px){.uag-blocks-common-selector{z-index:var(--z-index-tablet) !important}}@media (max-width: 767px){.uag-blocks-common-selector{z-index:var(--z-index-mobile) !important}}\n\";s:2:\"js\";s:0:\"\";s:18:\"current_block_list\";a:4:{i:0;s:14:\"uagb\/container\";i:1;s:12:\"core\/heading\";i:2;s:14:\"core\/paragraph\";i:3;s:14:\"core\/shortcode\";}s:8:\"uag_flag\";b:1;s:11:\"uag_version\";s:10:\"1775138354\";s:6:\"gfonts\";a:0:{}s:10:\"gfonts_url\";s:0:\"\";s:12:\"gfonts_files\";a:0:{}s:14:\"uag_faq_layout\";b:0;}"],"_uag_css_file_name":["uag-css-19013.css"]},"uagb_featured_image_src":{"full":["https:\/\/dev.camping-corse-du-sud.com\/wp-content\/uploads\/2025\/10\/visuel-plus-belles-cascades-ucelluline.jpg",960,540,false],"thumbnail":["https:\/\/dev.camping-corse-du-sud.com\/wp-content\/uploads\/2025\/10\/visuel-plus-belles-cascades-ucelluline-150x150.jpg",150,150,true],"medium":["https:\/\/dev.camping-corse-du-sud.com\/wp-content\/uploads\/2025\/10\/visuel-plus-belles-cascades-ucelluline-300x169.jpg",300,169,true],"medium_large":["https:\/\/dev.camping-corse-du-sud.com\/wp-content\/uploads\/2025\/10\/visuel-plus-belles-cascades-ucelluline-768x432.jpg",768,432,true],"large":["https:\/\/dev.camping-corse-du-sud.com\/wp-content\/uploads\/2025\/10\/visuel-plus-belles-cascades-ucelluline.jpg",960,540,false],"1536x1536":["https:\/\/dev.camping-corse-du-sud.com\/wp-content\/uploads\/2025\/10\/visuel-plus-belles-cascades-ucelluline.jpg",960,540,false],"2048x2048":["https:\/\/dev.camping-corse-du-sud.com\/wp-content\/uploads\/2025\/10\/visuel-plus-belles-cascades-ucelluline.jpg",960,540,false],"vp_sm":["https:\/\/dev.camping-corse-du-sud.com\/wp-content\/uploads\/2025\/10\/visuel-plus-belles-cascades-ucelluline-500x281.jpg",500,281,true],"vp_md":["https:\/\/dev.camping-corse-du-sud.com\/wp-content\/uploads\/2025\/10\/visuel-plus-belles-cascades-ucelluline-800x450.jpg",800,450,true],"vp_lg":["https:\/\/dev.camping-corse-du-sud.com\/wp-content\/uploads\/2025\/10\/visuel-plus-belles-cascades-ucelluline.jpg",960,540,false],"vp_xl":["https:\/\/dev.camping-corse-du-sud.com\/wp-content\/uploads\/2025\/10\/visuel-plus-belles-cascades-ucelluline.jpg",960,540,false],"vp_sm_popup":["https:\/\/dev.camping-corse-du-sud.com\/wp-content\/uploads\/2025\/10\/visuel-plus-belles-cascades-ucelluline-500x281.jpg",500,281,true],"vp_md_popup":["https:\/\/dev.camping-corse-du-sud.com\/wp-content\/uploads\/2025\/10\/visuel-plus-belles-cascades-ucelluline-800x450.jpg",800,450,true],"vp_xl_popup":["https:\/\/dev.camping-corse-du-sud.com\/wp-content\/uploads\/2025\/10\/visuel-plus-belles-cascades-ucelluline.jpg",960,540,false]},"uagb_author_info":{"display_name":"Edouard","author_link":"https:\/\/dev.camping-corse-du-sud.com\/it\/author\/edouard\/"},"uagb_comment_info":0,"uagb_excerpt":"[vc_row full_width=&#8221;stretch_row_content&#8221; css_animation=&#8221;fadeIn&#8221; css=&#8221;.vc_custom_1604663060144{background-image: url(https:\/\/www.camping-corse-du-sud.com\/wp-content\/uploads\/2020\/11\/visuel-plus-belles-cascades-polischellu-interne-bandeau-voile50.jpg?id=5898) !important;background-position: center !important;background-repeat: no-repeat !important;background-size: cover !important;}&#8221;][vc_column][vc_empty_space height=&#8221;100px&#8221;][vc_custom_heading text=&#8221;CASCATA DI POLISCHELLU&#8221; font_container=&#8221;tag:h1|text_align:center|color:%23ffffff&#8221; use_theme_fonts=&#8221;yes&#8221;][vc_empty_space height=&#8221;100px&#8221;][vc_row_inner][vc_column_inner][vc_empty_space height=&#8221;50px&#8221;][\/vc_column_inner][\/vc_row_inner][\/vc_column][\/vc_row][vc_row [&hellip;]","_links":{"self":[{"href":"https:\/\/dev.camping-corse-du-sud.com\/it\/wp-json\/wp\/v2\/pages\/19013","targetHints":{"allow":["GET"]}}],"collection":[{"href":"https:\/\/dev.camping-corse-du-sud.com\/it\/wp-json\/wp\/v2\/pages"}],"about":[{"href":"https:\/\/dev.camping-corse-du-sud.com\/it\/wp-json\/wp\/v2\/types\/page"}],"author":[{"embeddable":true,"href":"https:\/\/dev.camping-corse-du-sud.com\/it\/wp-json\/wp\/v2\/users\/3"}],"replies":[{"embeddable":true,"href":"https:\/\/dev.camping-corse-du-sud.com\/it\/wp-json\/wp\/v2\/comments?post=19013"}],"version-history":[{"count":0,"href":"https:\/\/dev.camping-corse-du-sud.com\/it\/wp-json\/wp\/v2\/pages\/19013\/revisions"}],"wp:featuredmedia":[{"embeddable":true,"href":"https:\/\/dev.camping-corse-du-sud.com\/it\/wp-json\/wp\/v2\/media\/31545"}],"wp:attachment":[{"href":"https:\/\/dev.camping-corse-du-sud.com\/it\/wp-json\/wp\/v2\/media?parent=19013"}],"wp:term":[{"taxonomy":"category","embeddable":true,"href":"https:\/\/dev.camping-corse-du-sud.com\/it\/wp-json\/wp\/v2\/categories?post=19013"},{"taxonomy":"post_tag","embeddable":true,"href":"https:\/\/dev.camping-corse-du-sud.com\/it\/wp-json\/wp\/v2\/tags?post=19013"}],"curies":[{"name":"wp","href":"https:\/\/api.w.org\/{rel}","templated":true}]}}