{"id":18989,"date":"2020-11-05T18:51:52","date_gmt":"2020-11-05T17:51:52","guid":{"rendered":"https:\/\/www.camping-corse-du-sud.com\/bavella\/"},"modified":"2023-09-20T15:00:49","modified_gmt":"2023-09-20T13:00:49","slug":"bavella","status":"publish","type":"page","link":"https:\/\/dev.camping-corse-du-sud.com\/it\/bavella\/","title":{"rendered":"Bavella"},"content":{"rendered":"<div class=\"wpb-content-wrapper\"><p>[vc_row full_width=&#8221;stretch_row_content&#8221; css_animation=&#8221;fadeIn&#8221; css=&#8221;.vc_custom_1604613704336{background-image: url(https:\/\/www.camping-corse-du-sud.com\/wp-content\/uploads\/2020\/11\/visuel-plus-beaux-endroits-bavella-interne-bandeau-voile50.jpg?id=5826) !important;background-position: center !important;background-repeat: no-repeat !important;background-size: cover !important;}&#8221;][vc_column][vc_empty_space height=&#8221;100px&#8221;][vc_custom_heading text=&#8221;BAVELLA&#8221; font_container=&#8221;tag:h1|text_align:center|color:%23ffffff&#8221; use_theme_fonts=&#8221;yes&#8221;][vc_empty_space height=&#8221;100px&#8221;][vc_row_inner][vc_column_inner][vc_empty_space height=&#8221;50px&#8221;][\/vc_column_inner][\/vc_row_inner][\/vc_column][\/vc_row][vc_row gap=&#8221;20&#8243;][vc_column width=&#8221;1\/2&#8243;][vc_single_image image=&#8221;12444&#8243; img_size=&#8221;full&#8221; onclick=&#8221;zoom&#8221;][\/vc_column][vc_column width=&#8221;1\/2&#8243;][vc_custom_heading text=&#8221;Bavella&#8221; font_container=&#8221;tag:h2|text_align:left|color:%23000000&#8243; use_theme_fonts=&#8221;yes&#8221; css_animation=&#8221;fadeIn&#8221;][vc_separator color=&#8221;custom&#8221; align=&#8221;align_left&#8221; border_width=&#8221;2&#8243; el_width=&#8221;30&#8243; accent_color=&#8221;#5694ff&#8221;][vc_column_text]Massiccio, passo e foresta Bavella \u00e8 un luogo ben noto agli amanti della montagna. Dal Col de Bavella (1218 m) godrete di un magnifico panorama sulle Aiguilles de Bavella con colori che vanno dal rosso al grigio e circondate da immense foreste. Nel cuore del Parco Naturale Regionale della Corsica, questo luogo rappresenta da solo il rilievo particolare dell&#8217;isola della bellezza. Il sito \u00e8 anche il punto di partenza di numerosi sentieri escursionistici. In 3 ore andata e ritorno, potrete raggiungere il famoso \u201cTrou de la Bombe\u201d, questa escursione rimane molto accessibile a tutti.[\/vc_column_text][\/vc_column][\/vc_row][vc_row css=&#8221;.vc_custom_1687526643935{margin-top: 20px !important;}&#8221;][vc_column][vc_column_text]<\/p>\n<h2 class=\"p1\">Bavella, una vera meraviglia della Corsica del Sud<\/h2>\n<p class=\"p1\">Scolpite dal tempo e dagli elementi, le Aiguilles de Bavella si ergono maestose sull&#8217;Isola della Bellezza, offrendo un panorama mozzafiato a tutti coloro che si avventurano nel Sud della Corsica. Questo paesaggio selvaggio e preservato, emblematico della Corsica meridionale, \u00e8 un vero paradiso per gli amanti della natura e delle escursioni.<\/p>\n<h2 class=\"p1\">Il grandioso sito delle Aiguilles de Bavella<\/h2>\n<p class=\"p1\">Quando si parla del sud della Corsica, una delle prime immagini che ci vengono in mente \u00e8 quella delle Aiguilles de Bavella, queste torri di granito rosa che sovrastano il Col de Bavella a pi\u00f9 di 1.600 metri sul livello del mare. Nelle giornate limpide \u00e8 possibile vedere il mare dalla loro sommit\u00e0. Il panorama che offrono \u00e8 grandioso e lascia spesso i visitatori senza parole. Il massiccio della Bavella \u00e8 considerato uno dei siti pi\u00f9 belli della Corsica del Sud e uno dei pi\u00f9 spettacolari dell&#8217;intera isola.<\/p>\n<h2 class=\"p1\">L&#8217;incredibile biodiversit\u00e0 della Corsica del Sud<\/h2>\n<p class=\"p1\">La regione delle Aiguilles de Bavella ospita una flora e una fauna di notevole diversit\u00e0. Le foreste di pini laricio e di leccio che costeggiano gli aghi ospitano una moltitudine di specie animali, tra cui il muflone \u200b\u200bcorso. I profumi della macchia mediterranea, dominati dall&#8217;odore del rosmarino, del ginepro e del corbezzolo, aggiungono una dimensione olfattiva alla bellezza visiva del paesaggio. Questa ricchezza ecologica rende la Corsica del Sud una destinazione privilegiata per gli amanti della natura.<\/p>\n<h2 class=\"p1\">Un paradiso per gli escursionisti<\/h2>\n<p class=\"p1\">La Corsica del Sud \u00e8 una terra di escursioni e le Aiguilles de Bavella sono tra i percorsi pi\u00f9 belli dell&#8217;isola. Il GR 20, considerato uno dei sentieri escursionistici a lunga percorrenza pi\u00f9 difficili d&#8217;Europa, attraversa il massiccio della Bavella. Altri sentieri meno impegnativi ma ugualmente pittoreschi attraversano la regione, permettendo agli escursionisti di tutti i livelli di godere della bellezza del sito.<\/p>\n<h2 class=\"p1\">Le Aiguilles de Bavella, un luogo pieno di leggende<\/h2>\n<p class=\"p1\">Le Aiguilles de Bavella non sono solo un sito naturale eccezionale, sono anche un luogo ricco di leggende. Il pi\u00f9 famoso di loro racconta che un tempo le streghe abitavano le montagne e trasformavano in pietra coloro che osavano disturbarle. Queste storie, tramandate di generazione in generazione, aggiungono una dimensione mistica a <a href=\"https:\/\/www.camping-corse-du-sud.com\/it\/i-posti-piu-belli-della-corsica-del-sud\/\">questi luoghi<\/a>.<\/p>\n<p class=\"p1\">La Corsica del Sud \u00e8 un territorio che stupisce per la sua bellezza e ricchezza. Le Aiguilles de Bavella ne sono l&#8217;incarnazione perfetta, un vero gioiello della natura. Che tu sia un escursionista esperto, un amante della natura o semplicemente un viaggiatore alla ricerca di paesaggi mozzafiato, le Aiguilles de Bavella sono una tappa obbligata durante un soggiorno nel Sud della Corsica.<\/p>\n<h2 class=\"p1\">Arrampicata: una sfida per i pi\u00f9 audaci<\/h2>\n<p class=\"p1\">Gli scalatori pi\u00f9 esperti troveranno quello che cercano nella Corsica del Sud, con pareti verticali e vie di arrampicata per tutti i livelli. Le Aiguilles de Bavella, con il loro solido granito e i loro percorsi variegati, sono un vero e proprio parco giochi per questi appassionati. Gli scalatori possono mettere alla prova i propri limiti godendo di una vista spettacolare sul mare e sulle montagne circostanti.<\/p>\n<h2 class=\"p1\">Gastronomia corsa: un altro tesoro dell&#8217;isola<\/h2>\n<p class=\"p1\">Dopo una giornata trascorsa esplorando le Aiguilles de Bavella, non c&#8217;\u00e8 niente come scoprire le delizie della gastronomia corsa. Dai salumi locali ai formaggi di pecora e di capra, senza dimenticare i vini dell&#8217;isola, le specialit\u00e0 corse sono un piacere per il palato. Nel Sud della <a href=\"https:\/\/corsicacamping.com\/\">Corsica<\/a>, ogni pasto \u00e8 un invito a celebrare la ricchezza del terroir locale.<\/p>\n<p class=\"p1\">Le Aiguilles de Bavella sono una vera meraviglia della Corsica del Sud. Tra paesaggi mozzafiato, ricchezze naturali, attivit\u00e0 all&#8217;aria aperta e sapori locali, offrono un&#8217;esperienza indimenticabile a tutti coloro che vi si avventurano. Una visita alle Aiguilles de Bavella \u00e8 molto pi\u00f9 di una semplice escursione: \u00e8 un tuffo nell&#8217;anima stessa della Corsica del Sud.<\/p>\n<p>[\/vc_column_text][\/vc_column][\/vc_row]<\/p>\n<\/div>","protected":false},"excerpt":{"rendered":"<p>[vc_row full_width=&#8221;stretch_row_content&#8221; css_animation=&#8221;fadeIn&#8221; css=&#8221;.vc_custom_1604613704336{background-image: url(https:\/\/www.camping-corse-du-sud.com\/wp-content\/uploads\/2020\/11\/visuel-plus-beaux-endroits-bavella-interne-bandeau-voile50.jpg?id=5826) !important;background-position: center !important;background-repeat: no-repeat !important;background-size: cover !important;}&#8221;][vc_column][vc_empty_space height=&#8221;100px&#8221;][vc_custom_heading text=&#8221;BAVELLA&#8221; font_container=&#8221;tag:h1|text_align:center|color:%23ffffff&#8221; use_theme_fonts=&#8221;yes&#8221;][vc_empty_space height=&#8221;100px&#8221;][vc_row_inner][vc_column_inner][vc_empty_space height=&#8221;50px&#8221;][\/vc_column_inner][\/vc_row_inner][\/vc_column][\/vc_row][vc_row gap=&#8221;20&#8243;][vc_column width=&#8221;1\/2&#8243;][vc_single_image [&hellip;]<\/p>\n","protected":false},"author":3,"featured_media":24504,"parent":0,"menu_order":0,"comment_status":"closed","ping_status":"closed","template":"","meta":{"_seopress_robots_primary_cat":"","_seopress_titles_title":"","_seopress_titles_desc":"%%post_title%% %%sep%% Viaggia nel Sud della Corsica e scopri i posti pi\u00f9 belli ! %%sep%% Buoni affari in campeggio nel sud della Corsica !","_seopress_robots_index":"","_uag_custom_page_level_css":"","site-sidebar-layout":"default","site-content-layout":"","ast-site-content-layout":"default","site-content-style":"default","site-sidebar-style":"default","ast-global-header-display":"","ast-banner-title-visibility":"","ast-main-header-display":"","ast-hfb-above-header-display":"","ast-hfb-below-header-display":"","ast-hfb-mobile-header-display":"","site-post-title":"","ast-breadcrumbs-content":"","ast-featured-img":"","footer-sml-layout":"","ast-disable-related-posts":"","theme-transparent-header-meta":"","adv-header-id-meta":"","stick-header-meta":"","header-above-stick-meta":"","header-main-stick-meta":"","header-below-stick-meta":"","astra-migrate-meta-layouts":"default","ast-page-background-enabled":"default","ast-page-background-meta":{"desktop":{"background-color":"var(--ast-global-color-5)","background-image":"","background-repeat":"repeat","background-position":"center center","background-size":"auto","background-attachment":"scroll","background-type":"","background-media":"","overlay-type":"","overlay-color":"","overlay-opacity":"","overlay-gradient":""},"tablet":{"background-color":"","background-image":"","background-repeat":"repeat","background-position":"center center","background-size":"auto","background-attachment":"scroll","background-type":"","background-media":"","overlay-type":"","overlay-color":"","overlay-opacity":"","overlay-gradient":""},"mobile":{"background-color":"","background-image":"","background-repeat":"repeat","background-position":"center center","background-size":"auto","background-attachment":"scroll","background-type":"","background-media":"","overlay-type":"","overlay-color":"","overlay-opacity":"","overlay-gradient":""}},"ast-content-background-meta":{"desktop":{"background-color":"var(--ast-global-color-4)","background-image":"","background-repeat":"repeat","background-position":"center center","background-size":"auto","background-attachment":"scroll","background-type":"","background-media":"","overlay-type":"","overlay-color":"","overlay-opacity":"","overlay-gradient":""},"tablet":{"background-color":"var(--ast-global-color-4)","background-image":"","background-repeat":"repeat","background-position":"center center","background-size":"auto","background-attachment":"scroll","background-type":"","background-media":"","overlay-type":"","overlay-color":"","overlay-opacity":"","overlay-gradient":""},"mobile":{"background-color":"var(--ast-global-color-4)","background-image":"","background-repeat":"repeat","background-position":"center center","background-size":"auto","background-attachment":"scroll","background-type":"","background-media":"","overlay-type":"","overlay-color":"","overlay-opacity":"","overlay-gradient":""}},"_vp_format_video_url":"","_vp_image_focal_point":[],"footnotes":""},"categories":[],"tags":[],"class_list":["post-18989","page","type-page","status-publish","has-post-thumbnail"],"spectra_custom_meta":{"_vp_words_count":["754"],"_wpml_media_duplicate":["0"],"_wpml_media_featured":["1"],"_top_nav_excluded":[""],"_cms_nav_minihome":[""],"_yoast_wpseo_metadesc":["%%title%% %%sep%% Viaggia nel Sud della Corsica e scopri i posti pi\u00f9 belli ! %%sep%% Buoni affari in campeggio nel sud della Corsica !"],"_wpb_shortcodes_custom_css":[".vc_custom_1604613704336{background-image: url(https:\/\/www.camping-corse-du-sud.com\/wp-content\/uploads\/2020\/11\/visuel-plus-beaux-endroits-bavella-interne-bandeau-voile50.jpg?id=5826) !important;background-position: center !important;background-repeat: no-repeat !important;background-size: cover !important;}.vc_custom_1687526643935{margin-top: 20px !important;}",".vc_custom_1604613704336{background-image: url(https:\/\/www.camping-corse-du-sud.com\/wp-content\/uploads\/2020\/11\/visuel-plus-beaux-endroits-bavella-interne-bandeau-voile50.jpg?id=5826) !important;background-position: center !important;background-repeat: no-repeat !important;background-size: cover !important;}.vc_custom_1687526643935{margin-top: 20px !important;}",".vc_custom_1604613704336{background-image: url(https:\/\/www.camping-corse-du-sud.com\/wp-content\/uploads\/2020\/11\/visuel-plus-beaux-endroits-bavella-interne-bandeau-voile50.jpg?id=5826) !important;background-position: center !important;background-repeat: no-repeat !important;background-size: cover !important;}.vc_custom_1687526643935{margin-top: 20px !important;}",".vc_custom_1604613704336{background-image: url(https:\/\/www.camping-corse-du-sud.com\/wp-content\/uploads\/2020\/11\/visuel-plus-beaux-endroits-bavella-interne-bandeau-voile50.jpg?id=5826) !important;background-position: center !important;background-repeat: no-repeat !important;background-size: cover !important;}.vc_custom_1687526643935{margin-top: 20px !important;}"],"_thumbnail_id":["24504"],"_last_translation_edit_mode":["translation-editor"],"_wpb_shortcodes_default_css":[".vc_do_custom_heading{margin-bottom:0.625rem;margin-top:0;}"],"_wpb_shortcodes_default_css_updated":["1"],"_wpb_shortcodes_custom_css_updated":["1"],"_seopress_titles_desc":["%%post_title%% %%sep%% Viaggia nel Sud della Corsica e scopri i posti pi\u00f9 belli ! %%sep%% Buoni affari in campeggio nel sud della Corsica !"],"rank_math_description":["%title% %sep% Viaggia nel Sud della Corsica e scopri i posti pi\u00f9 belli ! %sep% Buoni affari in campeggio nel sud della Corsica !"],"rank_math_news_sitemap_robots":["index"],"rank_math_robots":["a:1:{i:0;s:5:\"index\";}"],"rank_math_analytic_object_id":["2113"],"_yoast_wpseo_primary_category":[""],"rank_math_primary_category":["0"],"_wp_page_template":[""],"rank_math_internal_links_processed":["1"],"_uag_page_assets":["a:9:{s:3:\"css\";s:7859:\".wp-block-uagb-container{display:flex;position:relative;box-sizing:border-box;transition-property:box-shadow;transition-duration:0.2s;transition-timing-function:ease}.wp-block-uagb-container .spectra-container-link-overlay{bottom:0;left:0;position:absolute;right:0;top:0;z-index:10}.wp-block-uagb-container.uagb-is-root-container{margin-left:auto;margin-right:auto}.wp-block-uagb-container.alignfull.uagb-is-root-container .uagb-container-inner-blocks-wrap{display:flex;position:relative;box-sizing:border-box;margin-left:auto !important;margin-right:auto !important}.wp-block-uagb-container .wp-block-uagb-blockquote,.wp-block-uagb-container .wp-block-spectra-pro-login,.wp-block-uagb-container .wp-block-spectra-pro-register{margin:unset}.wp-block-uagb-container .uagb-container__video-wrap{height:100%;width:100%;top:0;left:0;position:absolute;overflow:hidden;-webkit-transition:opacity 1s;-o-transition:opacity 1s;transition:opacity 1s}.wp-block-uagb-container .uagb-container__video-wrap video{max-width:100%;width:100%;height:100%;margin:0;line-height:1;border:none;display:inline-block;vertical-align:baseline;-o-object-fit:cover;object-fit:cover;background-size:cover}.wp-block-uagb-container.uagb-layout-grid{display:grid;width:100%}.wp-block-uagb-container.uagb-layout-grid>.uagb-container-inner-blocks-wrap{display:inherit;width:inherit}.wp-block-uagb-container.uagb-layout-grid>.uagb-container-inner-blocks-wrap>.wp-block-uagb-container{max-width:unset !important;width:unset !important}.wp-block-uagb-container.uagb-layout-grid>.wp-block-uagb-container{max-width:unset !important;width:unset !important}.wp-block-uagb-container.uagb-layout-grid.uagb-is-root-container{margin-left:auto;margin-right:auto}.wp-block-uagb-container.uagb-layout-grid.uagb-is-root-container>.wp-block-uagb-container{max-width:unset !important;width:unset !important}.wp-block-uagb-container.uagb-layout-grid.alignwide.uagb-is-root-container{margin-left:auto;margin-right:auto}.wp-block-uagb-container.uagb-layout-grid.alignfull.uagb-is-root-container .uagb-container-inner-blocks-wrap{display:inherit;position:relative;box-sizing:border-box;margin-left:auto !important;margin-right:auto !important}body .wp-block-uagb-container>.uagb-container-inner-blocks-wrap>*:not(.wp-block-uagb-container):not(.wp-block-uagb-column):not(.wp-block-uagb-container):not(.wp-block-uagb-section):not(.uagb-container__shape):not(.uagb-container__video-wrap):not(.wp-block-spectra-pro-register):not(.wp-block-spectra-pro-login):not(.uagb-slider-container):not(.spectra-image-gallery__control-lightbox):not(.wp-block-uagb-info-box),body .wp-block-uagb-container>.uagb-container-inner-blocks-wrap,body .wp-block-uagb-container>*:not(.wp-block-uagb-container):not(.wp-block-uagb-column):not(.wp-block-uagb-container):not(.wp-block-uagb-section):not(.uagb-container__shape):not(.uagb-container__video-wrap):not(.wp-block-spectra-pro-register):not(.wp-block-spectra-pro-login):not(.uagb-slider-container):not(.spectra-container-link-overlay):not(.spectra-image-gallery__control-lightbox):not(.wp-block-uagb-lottie):not(.uagb-faq__outer-wrap){min-width:unset !important;width:100%;position:relative}body .ast-container .wp-block-uagb-container>.uagb-container-inner-blocks-wrap>.wp-block-uagb-container>ul,body .ast-container .wp-block-uagb-container>.uagb-container-inner-blocks-wrap>.wp-block-uagb-container ol,body .ast-container .wp-block-uagb-container>.uagb-container-inner-blocks-wrap>ul,body .ast-container .wp-block-uagb-container>.uagb-container-inner-blocks-wrap ol{max-width:-webkit-fill-available;margin-block-start:0;margin-block-end:0;margin-left:20px}.ast-plain-container .editor-styles-wrapper .block-editor-block-list__layout.is-root-container .uagb-is-root-container.wp-block-uagb-container.alignwide{margin-left:auto;margin-right:auto}.uagb-container__shape{overflow:hidden;position:absolute;left:0;width:100%;line-height:0;direction:ltr}.uagb-container__shape-top{top:-3px}.uagb-container__shape-bottom{bottom:-3px}.uagb-container__shape.uagb-container__invert.uagb-container__shape-bottom,.uagb-container__shape.uagb-container__invert.uagb-container__shape-top{-webkit-transform:rotate(180deg);-ms-transform:rotate(180deg);transform:rotate(180deg)}.uagb-container__shape.uagb-container__shape-flip svg{transform:translateX(-50%) rotateY(180deg)}.uagb-container__shape svg{display:block;width:-webkit-calc(100% + 1.3px);width:calc(100% + 1.3px);position:relative;left:50%;-webkit-transform:translateX(-50%);-ms-transform:translateX(-50%);transform:translateX(-50%)}.uagb-container__shape .uagb-container__shape-fill{-webkit-transform-origin:center;-ms-transform-origin:center;transform-origin:center;-webkit-transform:rotateY(0deg);transform:rotateY(0deg)}.uagb-container__shape.uagb-container__shape-above-content{z-index:9;pointer-events:none}.nv-single-page-wrap .nv-content-wrap.entry-content .wp-block-uagb-container.alignfull{margin-left:calc(50% - 50vw);margin-right:calc(50% - 50vw)}@media only screen and (max-width: 767px){.wp-block-uagb-container .wp-block-uagb-advanced-heading{width:-webkit-fill-available}}.wp-block-uagb-image--align-none{justify-content:center}\n.wp-block-uagb-container.uagb-block-360db477 .uagb-container__shape-top svg{width: calc( 100% + 1.3px );}.wp-block-uagb-container.uagb-block-360db477 .uagb-container__shape.uagb-container__shape-top .uagb-container__shape-fill{fill: rgba(51,51,51,1);}.wp-block-uagb-container.uagb-block-360db477 .uagb-container__shape-bottom svg{width: calc( 100% + 1.3px );}.wp-block-uagb-container.uagb-block-360db477 .uagb-container__shape.uagb-container__shape-bottom .uagb-container__shape-fill{fill: rgba(51,51,51,1);}.wp-block-uagb-container.uagb-block-360db477 .uagb-container__video-wrap video{opacity: 1;}.wp-block-uagb-container.uagb-is-root-container .uagb-block-360db477{max-width: 100%;width: 100%;}.wp-block-uagb-container.uagb-is-root-container.alignfull.uagb-block-360db477 > .uagb-container-inner-blocks-wrap{--inner-content-custom-width: min( 100%, 1600px);max-width: var(--inner-content-custom-width);width: 100%;flex-direction: column;align-items: center;justify-content: center;flex-wrap: nowrap;row-gap: 20px;column-gap: 20px;}.wp-block-uagb-container.uagb-block-360db477{box-shadow: 0px 0px   #00000070 ;padding-top: 10px;padding-bottom: 10px;padding-left: 10px;padding-right: 10px;margin-top:  !important;margin-bottom:  !important;overflow: visible;order: initial;border-color: inherit;row-gap: 20px;column-gap: 20px;}@media only screen and (max-width: 976px) {.wp-block-uagb-container.uagb-is-root-container .uagb-block-360db477{width: 100%;}.wp-block-uagb-container.uagb-is-root-container.alignfull.uagb-block-360db477 > .uagb-container-inner-blocks-wrap{--inner-content-custom-width: min( 100%, 1024px);max-width: var(--inner-content-custom-width);width: 100%;}.wp-block-uagb-container.uagb-block-360db477{padding-top: 10px;padding-bottom: 10px;padding-left: 10px;padding-right: 10px;margin-top:  !important;margin-bottom:  !important;order: initial;}}@media only screen and (max-width: 767px) {.wp-block-uagb-container.uagb-is-root-container .uagb-block-360db477{max-width: 100%;width: 100%;}.wp-block-uagb-container.uagb-is-root-container.alignfull.uagb-block-360db477 > .uagb-container-inner-blocks-wrap{--inner-content-custom-width: min( 100%, 767px);max-width: var(--inner-content-custom-width);width: 100%;flex-wrap: wrap;}.wp-block-uagb-container.uagb-block-360db477{padding-top: 10px;padding-bottom: 10px;padding-left: 10px;padding-right: 10px;margin-top:  !important;margin-bottom:  !important;order: initial;}}.uag-blocks-common-selector{z-index:var(--z-index-desktop) !important}@media (max-width: 976px){.uag-blocks-common-selector{z-index:var(--z-index-tablet) !important}}@media (max-width: 767px){.uag-blocks-common-selector{z-index:var(--z-index-mobile) !important}}\n\";s:2:\"js\";s:0:\"\";s:18:\"current_block_list\";a:4:{i:0;s:14:\"uagb\/container\";i:1;s:12:\"core\/heading\";i:2;s:14:\"core\/paragraph\";i:3;s:14:\"core\/shortcode\";}s:8:\"uag_flag\";b:1;s:11:\"uag_version\";s:10:\"1775138354\";s:6:\"gfonts\";a:0:{}s:10:\"gfonts_url\";s:0:\"\";s:12:\"gfonts_files\";a:0:{}s:14:\"uag_faq_layout\";b:0;}"],"_uag_css_file_name":["uag-css-18989.css"]},"uagb_featured_image_src":{"full":["https:\/\/dev.camping-corse-du-sud.com\/wp-content\/uploads\/2025\/01\/statue_vierge_montagne_ciel_bleu_mediterranee.jpg",500,333,false],"thumbnail":["https:\/\/dev.camping-corse-du-sud.com\/wp-content\/uploads\/2025\/01\/statue_vierge_montagne_ciel_bleu_mediterranee-150x150.jpg",150,150,true],"medium":["https:\/\/dev.camping-corse-du-sud.com\/wp-content\/uploads\/2025\/01\/statue_vierge_montagne_ciel_bleu_mediterranee-300x200.jpg",300,200,true],"medium_large":["https:\/\/dev.camping-corse-du-sud.com\/wp-content\/uploads\/2025\/01\/statue_vierge_montagne_ciel_bleu_mediterranee.jpg",500,333,false],"large":["https:\/\/dev.camping-corse-du-sud.com\/wp-content\/uploads\/2025\/01\/statue_vierge_montagne_ciel_bleu_mediterranee.jpg",500,333,false],"1536x1536":["https:\/\/dev.camping-corse-du-sud.com\/wp-content\/uploads\/2025\/01\/statue_vierge_montagne_ciel_bleu_mediterranee.jpg",500,333,false],"2048x2048":["https:\/\/dev.camping-corse-du-sud.com\/wp-content\/uploads\/2025\/01\/statue_vierge_montagne_ciel_bleu_mediterranee.jpg",500,333,false],"vp_sm":["https:\/\/dev.camping-corse-du-sud.com\/wp-content\/uploads\/2025\/01\/statue_vierge_montagne_ciel_bleu_mediterranee.jpg",500,333,false],"vp_md":["https:\/\/dev.camping-corse-du-sud.com\/wp-content\/uploads\/2025\/01\/statue_vierge_montagne_ciel_bleu_mediterranee.jpg",500,333,false],"vp_lg":["https:\/\/dev.camping-corse-du-sud.com\/wp-content\/uploads\/2025\/01\/statue_vierge_montagne_ciel_bleu_mediterranee.jpg",500,333,false],"vp_xl":["https:\/\/dev.camping-corse-du-sud.com\/wp-content\/uploads\/2025\/01\/statue_vierge_montagne_ciel_bleu_mediterranee.jpg",500,333,false],"vp_sm_popup":["https:\/\/dev.camping-corse-du-sud.com\/wp-content\/uploads\/2025\/01\/statue_vierge_montagne_ciel_bleu_mediterranee.jpg",500,333,false],"vp_md_popup":["https:\/\/dev.camping-corse-du-sud.com\/wp-content\/uploads\/2025\/01\/statue_vierge_montagne_ciel_bleu_mediterranee.jpg",500,333,false],"vp_xl_popup":["https:\/\/dev.camping-corse-du-sud.com\/wp-content\/uploads\/2025\/01\/statue_vierge_montagne_ciel_bleu_mediterranee.jpg",500,333,false]},"uagb_author_info":{"display_name":"Edouard","author_link":"https:\/\/dev.camping-corse-du-sud.com\/it\/author\/edouard\/"},"uagb_comment_info":0,"uagb_excerpt":"[vc_row full_width=&#8221;stretch_row_content&#8221; css_animation=&#8221;fadeIn&#8221; css=&#8221;.vc_custom_1604613704336{background-image: url(https:\/\/www.camping-corse-du-sud.com\/wp-content\/uploads\/2020\/11\/visuel-plus-beaux-endroits-bavella-interne-bandeau-voile50.jpg?id=5826) !important;background-position: center !important;background-repeat: no-repeat !important;background-size: cover !important;}&#8221;][vc_column][vc_empty_space height=&#8221;100px&#8221;][vc_custom_heading text=&#8221;BAVELLA&#8221; font_container=&#8221;tag:h1|text_align:center|color:%23ffffff&#8221; use_theme_fonts=&#8221;yes&#8221;][vc_empty_space height=&#8221;100px&#8221;][vc_row_inner][vc_column_inner][vc_empty_space height=&#8221;50px&#8221;][\/vc_column_inner][\/vc_row_inner][\/vc_column][\/vc_row][vc_row gap=&#8221;20&#8243;][vc_column width=&#8221;1\/2&#8243;][vc_single_image [&hellip;]","_links":{"self":[{"href":"https:\/\/dev.camping-corse-du-sud.com\/it\/wp-json\/wp\/v2\/pages\/18989","targetHints":{"allow":["GET"]}}],"collection":[{"href":"https:\/\/dev.camping-corse-du-sud.com\/it\/wp-json\/wp\/v2\/pages"}],"about":[{"href":"https:\/\/dev.camping-corse-du-sud.com\/it\/wp-json\/wp\/v2\/types\/page"}],"author":[{"embeddable":true,"href":"https:\/\/dev.camping-corse-du-sud.com\/it\/wp-json\/wp\/v2\/users\/3"}],"replies":[{"embeddable":true,"href":"https:\/\/dev.camping-corse-du-sud.com\/it\/wp-json\/wp\/v2\/comments?post=18989"}],"version-history":[{"count":0,"href":"https:\/\/dev.camping-corse-du-sud.com\/it\/wp-json\/wp\/v2\/pages\/18989\/revisions"}],"wp:featuredmedia":[{"embeddable":true,"href":"https:\/\/dev.camping-corse-du-sud.com\/it\/wp-json\/wp\/v2\/media\/24504"}],"wp:attachment":[{"href":"https:\/\/dev.camping-corse-du-sud.com\/it\/wp-json\/wp\/v2\/media?parent=18989"}],"wp:term":[{"taxonomy":"category","embeddable":true,"href":"https:\/\/dev.camping-corse-du-sud.com\/it\/wp-json\/wp\/v2\/categories?post=18989"},{"taxonomy":"post_tag","embeddable":true,"href":"https:\/\/dev.camping-corse-du-sud.com\/it\/wp-json\/wp\/v2\/tags?post=18989"}],"curies":[{"name":"wp","href":"https:\/\/api.w.org\/{rel}","templated":true}]}}