{"id":25707,"date":"2024-10-25T17:46:41","date_gmt":"2024-10-25T15:46:41","guid":{"rendered":"https:\/\/www.camping-corse-du-sud.com\/?page_id=25707"},"modified":"2025-02-18T16:05:50","modified_gmt":"2025-02-18T15:05:50","slug":"promo-camping-corse","status":"publish","type":"page","link":"https:\/\/dev.camping-corse-du-sud.com\/en\/promo-camping-corse\/","title":{"rendered":"Promo Camping Corse"},"content":{"rendered":"<div class=\"wpb-content-wrapper\"><p>[vc_row full_width=&#8221;stretch_row&#8221; css_animation=&#8221;fadeIn&#8221; css=&#8221;.vc_custom_1729871593586{background-image: url(https:\/\/www.camping-corse-du-sud.com\/wp-content\/uploads\/2024\/10\/fond-visuel-promo-camping-corse-voile30.jpg?id=21345) !important;background-position: center !important;background-repeat: no-repeat !important;background-size: cover !important;}&#8221;][vc_column][vc_empty_space height=&#8221;50px&#8221;][vc_row_inner][vc_column_inner][vc_empty_space height=&#8221;100px&#8221;][vc_custom_heading text=&#8221;Nos promotions avec notre partenaire Promo Camping Corse&#8221; font_container=&#8221;tag:h1|text_align:center|color:%23ffffff&#8221; use_theme_fonts=&#8221;yes&#8221; css=&#8221;&#8221;][\/vc_column_inner][\/vc_row_inner][vc_empty_space height=&#8221;100px&#8221;][\/vc_column][\/vc_row][vc_row][vc_column width=&#8221;1\/3&#8243;][vc_single_image image=&#8221;21397&#8243; img_size=&#8221;large&#8221; onclick=&#8221;custom_link&#8221; img_link_target=&#8221;_blank&#8221; css=&#8221;&#8221; link=&#8221;https:\/\/promo-camping-corse.com\/&#8221;][\/vc_column][vc_column width=&#8221;2\/3&#8243; css=&#8221;.vc_custom_1729871526588{margin-bottom: 0px !important;padding-bottom: 0px !important;}&#8221;][vc_custom_heading text=&#8221;D\u00e9couvrez Promo Camping Corse : votre destination id\u00e9ale pour des promotions incroyables et des vacances inoubliables \u00e0 petit prix en Corse !&#8221; font_container=&#8221;tag:h2|text_align:left|color:%23000000&#8243; use_theme_fonts=&#8221;yes&#8221; css=&#8221;.vc_custom_1729871605523{margin-left: 50px !important;}&#8221;][vc_column_text css=&#8221;.vc_custom_1729871642516{margin-left: 50px !important;}&#8221;]<span id=\"wpaicg-chat-message-9518\" class=\"wpaicg-chat-message\">Si vous aspirez \u00e0 un s\u00e9jour m\u00e9morable sur cette magnifique \u00eele, Promo Camping Corse est votre meilleur partenaire pour d\u00e9nicher les meilleures offres de camping.<\/span><\/p>\n<p><span id=\"wpaicg-chat-message-9518\" class=\"wpaicg-chat-message\">Que vous souhaitiez profiter d\u2019un cadre idyllique en bord de mer ou vivre une exp\u00e9rience immersive en pleine nature, notre plateforme vous propose une s\u00e9lection de campings partenaires avec des r\u00e9ductions exceptionnelles. Que ce soit en haute saison ou hors saison, b\u00e9n\u00e9ficiez de remises allant de 10 % \u00e0 50 % sur des campings soigneusement choisis, tous situ\u00e9s dans des lieux enchanteurs.<\/span>[\/vc_column_text][\/vc_column][vc_column css=&#8221;.vc_custom_1729871538548{margin-top: 0px !important;padding-top: 0px !important;}&#8221;][vc_column_text css=&#8221;&#8221;]<\/p>\n<h3><span id=\"wpaicg-chat-message-9518\" class=\"wpaicg-chat-message\">Des Destinations de R\u00eave entre Mer et Montagne !<\/span><\/h3>\n<p><span id=\"wpaicg-chat-message-9518\" class=\"wpaicg-chat-message\">Avec Promo Camping Corse, vivez des moments uniques au c\u0153ur de paysages marins et montagnards. Nos campings partenaires sont id\u00e9alement plac\u00e9s pour vous permettre d\u2019acc\u00e9der facilement aux plus belles plages de l\u2019\u00eele tout en profitant d\u2019un environnement naturel pr\u00e9serv\u00e9.<\/span><\/p>\n<h3><span id=\"wpaicg-chat-message-9518\" class=\"wpaicg-chat-message\">Une Exp\u00e9rience pour Tous !<\/span><\/h3>\n<p><span id=\"wpaicg-chat-message-9518\" class=\"wpaicg-chat-message\">Que vous voyagiez en famille, entre amis ou en couple, Promo Camping Corse saura r\u00e9pondre \u00e0 toutes vos attentes. Vous trouverez des campings adapt\u00e9s aux familles, proposant des animations et des activit\u00e9s pour les enfants, ainsi que des espaces paisibles pour ceux en qu\u00eate de tranquillit\u00e9. Nos partenaires offrent \u00e9galement une gamme d\u2019h\u00e9bergements vari\u00e9s, allant des tentes traditionnelles aux mobil-homes enti\u00e8rement \u00e9quip\u00e9s, afin que chacun puisse choisir la formule qui lui convient le mieux.<\/span><\/p>\n<h3><b>Profitez d\u2019offres exceptionnelles !<\/b><\/h3>\n<p><span id=\"wpaicg-chat-message-9518\" class=\"wpaicg-chat-message\">En optant pour Promo Camping Corse, vous choisissez des vacances \u00e0 prix r\u00e9duit sans compromettre le confort ni la qualit\u00e9. Tous nos campings partenaires sont reconnus pour leur ambiance familiale, leur cadre exceptionnel et leurs services de qualit\u00e9. Ne laissez pas passer ces offres incroyables !<\/span>[\/vc_column_text][vc_btn title=&#8221;Voir toutes nos promotions !&#8221; style=&#8221;gradient-custom&#8221; gradient_custom_color_1=&#8221;#5694FF&#8221; gradient_custom_color_2=&#8221;#5694FF&#8221; size=&#8221;lg&#8221; i_icon_fontawesome=&#8221;fas fa-arrow-circle-right&#8221; css=&#8221;&#8221; add_icon=&#8221;true&#8221; link=&#8221;url:https%3A%2F%2Fpromo-camping-corse.com%2Fnos-promotions%2F|title:Nos%20promotions|target:_blank&#8221;][vc_column_text css=&#8221;&#8221;]<span id=\"wpaicg-chat-message-9518\" class=\"wpaicg-chat-message\">Explorez nos promotions exclusives et trouvez le camping qui vous correspond. Avec Promo Camping Corse, transformez vos vacances en un souvenir inoubliable dans l\u2019un des plus beaux endroits du monde !<\/span>[\/vc_column_text][\/vc_column][\/vc_row][vc_row][vc_column][vc_raw_html]JTVCeHl6LWlwcyUyMHNuaXBwZXQlM0QlMjJXaWRnZXQtR3Vlc3QtU3VpdGUtU2ltcGxlJTIyJTVE[\/vc_raw_html][\/vc_column][\/vc_row]<\/p>\n<\/div>","protected":false},"excerpt":{"rendered":"<p>[vc_row full_width=&#8221;stretch_row&#8221; css_animation=&#8221;fadeIn&#8221; css=&#8221;.vc_custom_1729871593586{background-image: url(https:\/\/www.camping-corse-du-sud.com\/wp-content\/uploads\/2024\/10\/fond-visuel-promo-camping-corse-voile30.jpg?id=21345) !important;background-position: center !important;background-repeat: no-repeat !important;background-size: cover !important;}&#8221;][vc_column][vc_empty_space height=&#8221;50px&#8221;][vc_row_inner][vc_column_inner][vc_empty_space height=&#8221;100px&#8221;][vc_custom_heading text=&#8221;Nos promotions avec notre partenaire Promo [&hellip;]<\/p>\n","protected":false},"author":3,"featured_media":25022,"parent":0,"menu_order":0,"comment_status":"closed","ping_status":"closed","template":"","meta":{"_seopress_robots_primary_cat":"","_seopress_titles_title":"","_seopress_titles_desc":"","_seopress_robots_index":"","_uag_custom_page_level_css":"","site-sidebar-layout":"default","site-content-layout":"","ast-site-content-layout":"default","site-content-style":"default","site-sidebar-style":"default","ast-global-header-display":"","ast-banner-title-visibility":"","ast-main-header-display":"","ast-hfb-above-header-display":"","ast-hfb-below-header-display":"","ast-hfb-mobile-header-display":"","site-post-title":"","ast-breadcrumbs-content":"","ast-featured-img":"","footer-sml-layout":"","ast-disable-related-posts":"","theme-transparent-header-meta":"","adv-header-id-meta":"","stick-header-meta":"","header-above-stick-meta":"","header-main-stick-meta":"","header-below-stick-meta":"","astra-migrate-meta-layouts":"default","ast-page-background-enabled":"default","ast-page-background-meta":{"desktop":{"background-color":"var(--ast-global-color-5)","background-image":"","background-repeat":"repeat","background-position":"center center","background-size":"auto","background-attachment":"scroll","background-type":"","background-media":"","overlay-type":"","overlay-color":"","overlay-opacity":"","overlay-gradient":""},"tablet":{"background-color":"","background-image":"","background-repeat":"repeat","background-position":"center center","background-size":"auto","background-attachment":"scroll","background-type":"","background-media":"","overlay-type":"","overlay-color":"","overlay-opacity":"","overlay-gradient":""},"mobile":{"background-color":"","background-image":"","background-repeat":"repeat","background-position":"center center","background-size":"auto","background-attachment":"scroll","background-type":"","background-media":"","overlay-type":"","overlay-color":"","overlay-opacity":"","overlay-gradient":""}},"ast-content-background-meta":{"desktop":{"background-color":"var(--ast-global-color-4)","background-image":"","background-repeat":"repeat","background-position":"center center","background-size":"auto","background-attachment":"scroll","background-type":"","background-media":"","overlay-type":"","overlay-color":"","overlay-opacity":"","overlay-gradient":""},"tablet":{"background-color":"var(--ast-global-color-4)","background-image":"","background-repeat":"repeat","background-position":"center center","background-size":"auto","background-attachment":"scroll","background-type":"","background-media":"","overlay-type":"","overlay-color":"","overlay-opacity":"","overlay-gradient":""},"mobile":{"background-color":"var(--ast-global-color-4)","background-image":"","background-repeat":"repeat","background-position":"center center","background-size":"auto","background-attachment":"scroll","background-type":"","background-media":"","overlay-type":"","overlay-color":"","overlay-opacity":"","overlay-gradient":""}},"_vp_format_video_url":"","_vp_image_focal_point":[],"footnotes":""},"categories":[],"tags":[],"class_list":["post-25707","page","type-page","status-publish","has-post-thumbnail"],"spectra_custom_meta":{"_vp_words_count":["383"],"_edit_lock":["1739891074:3"],"_wpml_word_count":["{\"total\":0,\"to_translate\":{\"en\":320,\"fr\":320,\"de\":320,\"it\":320}}"],"rank_math_internal_links_processed":["1"],"rank_math_seo_score":["7"],"_wpb_shortcodes_default_css":[".vc_do_custom_heading{margin-bottom:0.625rem;margin-top:0;}.vc_do_custom_heading{margin-bottom:0.625rem;margin-top:0;}.vc_do_btn{margin-bottom:22px;}"],"_wpb_shortcodes_default_css_updated":["1"],"_wpb_shortcodes_custom_css":[".vc_custom_1729871593586{background-image: url(https:\/\/www.camping-corse-du-sud.com\/wp-content\/uploads\/2024\/10\/fond-visuel-promo-camping-corse-voile30.jpg?id=21345) !important;background-position: center !important;background-repeat: no-repeat !important;background-size: cover !important;}.vc_custom_1729871526588{margin-bottom: 0px !important;padding-bottom: 0px !important;}.vc_custom_1729871538548{margin-top: 0px !important;padding-top: 0px !important;}.vc_custom_1729871605523{margin-left: 50px !important;}.vc_custom_1729871642516{margin-left: 50px !important;}"],"_wpb_shortcodes_custom_css_updated":["1"],"_edit_last":["3"],"cmplz_hide_cookiebanner":[""],"rank_math_analytic_object_id":["2747"],"_wpml_media_duplicate":["0"],"_wpml_media_featured":["1"],"_yoast_wpseo_primary_category":[""],"_wp_page_template":[""],"rank_math_robots":["a:1:{i:0;s:5:\"index\";}"],"_thumbnail_id":["25022"],"_last_translation_edit_mode":["native-editor"],"_cmplz_scanned_post":["1"],"rank_math_primary_category":["0"],"_uag_page_assets":["a:9:{s:3:\"css\";s:7859:\".wp-block-uagb-container{display:flex;position:relative;box-sizing:border-box;transition-property:box-shadow;transition-duration:0.2s;transition-timing-function:ease}.wp-block-uagb-container .spectra-container-link-overlay{bottom:0;left:0;position:absolute;right:0;top:0;z-index:10}.wp-block-uagb-container.uagb-is-root-container{margin-left:auto;margin-right:auto}.wp-block-uagb-container.alignfull.uagb-is-root-container .uagb-container-inner-blocks-wrap{display:flex;position:relative;box-sizing:border-box;margin-left:auto !important;margin-right:auto !important}.wp-block-uagb-container .wp-block-uagb-blockquote,.wp-block-uagb-container .wp-block-spectra-pro-login,.wp-block-uagb-container .wp-block-spectra-pro-register{margin:unset}.wp-block-uagb-container .uagb-container__video-wrap{height:100%;width:100%;top:0;left:0;position:absolute;overflow:hidden;-webkit-transition:opacity 1s;-o-transition:opacity 1s;transition:opacity 1s}.wp-block-uagb-container .uagb-container__video-wrap video{max-width:100%;width:100%;height:100%;margin:0;line-height:1;border:none;display:inline-block;vertical-align:baseline;-o-object-fit:cover;object-fit:cover;background-size:cover}.wp-block-uagb-container.uagb-layout-grid{display:grid;width:100%}.wp-block-uagb-container.uagb-layout-grid>.uagb-container-inner-blocks-wrap{display:inherit;width:inherit}.wp-block-uagb-container.uagb-layout-grid>.uagb-container-inner-blocks-wrap>.wp-block-uagb-container{max-width:unset !important;width:unset !important}.wp-block-uagb-container.uagb-layout-grid>.wp-block-uagb-container{max-width:unset !important;width:unset !important}.wp-block-uagb-container.uagb-layout-grid.uagb-is-root-container{margin-left:auto;margin-right:auto}.wp-block-uagb-container.uagb-layout-grid.uagb-is-root-container>.wp-block-uagb-container{max-width:unset !important;width:unset !important}.wp-block-uagb-container.uagb-layout-grid.alignwide.uagb-is-root-container{margin-left:auto;margin-right:auto}.wp-block-uagb-container.uagb-layout-grid.alignfull.uagb-is-root-container .uagb-container-inner-blocks-wrap{display:inherit;position:relative;box-sizing:border-box;margin-left:auto !important;margin-right:auto !important}body .wp-block-uagb-container>.uagb-container-inner-blocks-wrap>*:not(.wp-block-uagb-container):not(.wp-block-uagb-column):not(.wp-block-uagb-container):not(.wp-block-uagb-section):not(.uagb-container__shape):not(.uagb-container__video-wrap):not(.wp-block-spectra-pro-register):not(.wp-block-spectra-pro-login):not(.uagb-slider-container):not(.spectra-image-gallery__control-lightbox):not(.wp-block-uagb-info-box),body .wp-block-uagb-container>.uagb-container-inner-blocks-wrap,body .wp-block-uagb-container>*:not(.wp-block-uagb-container):not(.wp-block-uagb-column):not(.wp-block-uagb-container):not(.wp-block-uagb-section):not(.uagb-container__shape):not(.uagb-container__video-wrap):not(.wp-block-spectra-pro-register):not(.wp-block-spectra-pro-login):not(.uagb-slider-container):not(.spectra-container-link-overlay):not(.spectra-image-gallery__control-lightbox):not(.wp-block-uagb-lottie):not(.uagb-faq__outer-wrap){min-width:unset !important;width:100%;position:relative}body .ast-container .wp-block-uagb-container>.uagb-container-inner-blocks-wrap>.wp-block-uagb-container>ul,body .ast-container .wp-block-uagb-container>.uagb-container-inner-blocks-wrap>.wp-block-uagb-container ol,body .ast-container .wp-block-uagb-container>.uagb-container-inner-blocks-wrap>ul,body .ast-container .wp-block-uagb-container>.uagb-container-inner-blocks-wrap ol{max-width:-webkit-fill-available;margin-block-start:0;margin-block-end:0;margin-left:20px}.ast-plain-container .editor-styles-wrapper .block-editor-block-list__layout.is-root-container .uagb-is-root-container.wp-block-uagb-container.alignwide{margin-left:auto;margin-right:auto}.uagb-container__shape{overflow:hidden;position:absolute;left:0;width:100%;line-height:0;direction:ltr}.uagb-container__shape-top{top:-3px}.uagb-container__shape-bottom{bottom:-3px}.uagb-container__shape.uagb-container__invert.uagb-container__shape-bottom,.uagb-container__shape.uagb-container__invert.uagb-container__shape-top{-webkit-transform:rotate(180deg);-ms-transform:rotate(180deg);transform:rotate(180deg)}.uagb-container__shape.uagb-container__shape-flip svg{transform:translateX(-50%) rotateY(180deg)}.uagb-container__shape svg{display:block;width:-webkit-calc(100% + 1.3px);width:calc(100% + 1.3px);position:relative;left:50%;-webkit-transform:translateX(-50%);-ms-transform:translateX(-50%);transform:translateX(-50%)}.uagb-container__shape .uagb-container__shape-fill{-webkit-transform-origin:center;-ms-transform-origin:center;transform-origin:center;-webkit-transform:rotateY(0deg);transform:rotateY(0deg)}.uagb-container__shape.uagb-container__shape-above-content{z-index:9;pointer-events:none}.nv-single-page-wrap .nv-content-wrap.entry-content .wp-block-uagb-container.alignfull{margin-left:calc(50% - 50vw);margin-right:calc(50% - 50vw)}@media only screen and (max-width: 767px){.wp-block-uagb-container .wp-block-uagb-advanced-heading{width:-webkit-fill-available}}.wp-block-uagb-image--align-none{justify-content:center}\n.wp-block-uagb-container.uagb-block-360db477 .uagb-container__shape-top svg{width: calc( 100% + 1.3px );}.wp-block-uagb-container.uagb-block-360db477 .uagb-container__shape.uagb-container__shape-top .uagb-container__shape-fill{fill: rgba(51,51,51,1);}.wp-block-uagb-container.uagb-block-360db477 .uagb-container__shape-bottom svg{width: calc( 100% + 1.3px );}.wp-block-uagb-container.uagb-block-360db477 .uagb-container__shape.uagb-container__shape-bottom .uagb-container__shape-fill{fill: rgba(51,51,51,1);}.wp-block-uagb-container.uagb-block-360db477 .uagb-container__video-wrap video{opacity: 1;}.wp-block-uagb-container.uagb-is-root-container .uagb-block-360db477{max-width: 100%;width: 100%;}.wp-block-uagb-container.uagb-is-root-container.alignfull.uagb-block-360db477 > .uagb-container-inner-blocks-wrap{--inner-content-custom-width: min( 100%, 1600px);max-width: var(--inner-content-custom-width);width: 100%;flex-direction: column;align-items: center;justify-content: center;flex-wrap: nowrap;row-gap: 20px;column-gap: 20px;}.wp-block-uagb-container.uagb-block-360db477{box-shadow: 0px 0px   #00000070 ;padding-top: 10px;padding-bottom: 10px;padding-left: 10px;padding-right: 10px;margin-top:  !important;margin-bottom:  !important;overflow: visible;order: initial;border-color: inherit;row-gap: 20px;column-gap: 20px;}@media only screen and (max-width: 976px) {.wp-block-uagb-container.uagb-is-root-container .uagb-block-360db477{width: 100%;}.wp-block-uagb-container.uagb-is-root-container.alignfull.uagb-block-360db477 > .uagb-container-inner-blocks-wrap{--inner-content-custom-width: min( 100%, 1024px);max-width: var(--inner-content-custom-width);width: 100%;}.wp-block-uagb-container.uagb-block-360db477{padding-top: 10px;padding-bottom: 10px;padding-left: 10px;padding-right: 10px;margin-top:  !important;margin-bottom:  !important;order: initial;}}@media only screen and (max-width: 767px) {.wp-block-uagb-container.uagb-is-root-container .uagb-block-360db477{max-width: 100%;width: 100%;}.wp-block-uagb-container.uagb-is-root-container.alignfull.uagb-block-360db477 > .uagb-container-inner-blocks-wrap{--inner-content-custom-width: min( 100%, 767px);max-width: var(--inner-content-custom-width);width: 100%;flex-wrap: wrap;}.wp-block-uagb-container.uagb-block-360db477{padding-top: 10px;padding-bottom: 10px;padding-left: 10px;padding-right: 10px;margin-top:  !important;margin-bottom:  !important;order: initial;}}.uag-blocks-common-selector{z-index:var(--z-index-desktop) !important}@media (max-width: 976px){.uag-blocks-common-selector{z-index:var(--z-index-tablet) !important}}@media (max-width: 767px){.uag-blocks-common-selector{z-index:var(--z-index-mobile) !important}}\n\";s:2:\"js\";s:0:\"\";s:18:\"current_block_list\";a:4:{i:0;s:14:\"uagb\/container\";i:1;s:12:\"core\/heading\";i:2;s:14:\"core\/paragraph\";i:3;s:14:\"core\/shortcode\";}s:8:\"uag_flag\";b:1;s:11:\"uag_version\";s:10:\"1775138354\";s:6:\"gfonts\";a:0:{}s:10:\"gfonts_url\";s:0:\"\";s:12:\"gfonts_files\";a:0:{}s:14:\"uag_faq_layout\";b:0;}"],"_uag_css_file_name":["uag-css-25707.css"]},"uagb_featured_image_src":{"full":["https:\/\/dev.camping-corse-du-sud.com\/wp-content\/uploads\/2025\/01\/huile_olive_echantillons_olives_bouteilles_naturelle_artisanale.jpg",960,540,false],"thumbnail":["https:\/\/dev.camping-corse-du-sud.com\/wp-content\/uploads\/2025\/01\/huile_olive_echantillons_olives_bouteilles_naturelle_artisanale-150x150.jpg",150,150,true],"medium":["https:\/\/dev.camping-corse-du-sud.com\/wp-content\/uploads\/2025\/01\/huile_olive_echantillons_olives_bouteilles_naturelle_artisanale-300x169.jpg",300,169,true],"medium_large":["https:\/\/dev.camping-corse-du-sud.com\/wp-content\/uploads\/2025\/01\/huile_olive_echantillons_olives_bouteilles_naturelle_artisanale-768x432.jpg",768,432,true],"large":["https:\/\/dev.camping-corse-du-sud.com\/wp-content\/uploads\/2025\/01\/huile_olive_echantillons_olives_bouteilles_naturelle_artisanale.jpg",960,540,false],"1536x1536":["https:\/\/dev.camping-corse-du-sud.com\/wp-content\/uploads\/2025\/01\/huile_olive_echantillons_olives_bouteilles_naturelle_artisanale.jpg",960,540,false],"2048x2048":["https:\/\/dev.camping-corse-du-sud.com\/wp-content\/uploads\/2025\/01\/huile_olive_echantillons_olives_bouteilles_naturelle_artisanale.jpg",960,540,false],"vp_sm":["https:\/\/dev.camping-corse-du-sud.com\/wp-content\/uploads\/2025\/01\/huile_olive_echantillons_olives_bouteilles_naturelle_artisanale-500x281.jpg",500,281,true],"vp_md":["https:\/\/dev.camping-corse-du-sud.com\/wp-content\/uploads\/2025\/01\/huile_olive_echantillons_olives_bouteilles_naturelle_artisanale-800x450.jpg",800,450,true],"vp_lg":["https:\/\/dev.camping-corse-du-sud.com\/wp-content\/uploads\/2025\/01\/huile_olive_echantillons_olives_bouteilles_naturelle_artisanale.jpg",960,540,false],"vp_xl":["https:\/\/dev.camping-corse-du-sud.com\/wp-content\/uploads\/2025\/01\/huile_olive_echantillons_olives_bouteilles_naturelle_artisanale.jpg",960,540,false],"vp_sm_popup":["https:\/\/dev.camping-corse-du-sud.com\/wp-content\/uploads\/2025\/01\/huile_olive_echantillons_olives_bouteilles_naturelle_artisanale-500x281.jpg",500,281,true],"vp_md_popup":["https:\/\/dev.camping-corse-du-sud.com\/wp-content\/uploads\/2025\/01\/huile_olive_echantillons_olives_bouteilles_naturelle_artisanale-800x450.jpg",800,450,true],"vp_xl_popup":["https:\/\/dev.camping-corse-du-sud.com\/wp-content\/uploads\/2025\/01\/huile_olive_echantillons_olives_bouteilles_naturelle_artisanale.jpg",960,540,false]},"uagb_author_info":{"display_name":"Edouard","author_link":"https:\/\/dev.camping-corse-du-sud.com\/en\/author\/edouard\/"},"uagb_comment_info":0,"uagb_excerpt":"[vc_row full_width=&#8221;stretch_row&#8221; css_animation=&#8221;fadeIn&#8221; css=&#8221;.vc_custom_1729871593586{background-image: url(https:\/\/www.camping-corse-du-sud.com\/wp-content\/uploads\/2024\/10\/fond-visuel-promo-camping-corse-voile30.jpg?id=21345) !important;background-position: center !important;background-repeat: no-repeat !important;background-size: cover !important;}&#8221;][vc_column][vc_empty_space height=&#8221;50px&#8221;][vc_row_inner][vc_column_inner][vc_empty_space height=&#8221;100px&#8221;][vc_custom_heading text=&#8221;Nos promotions avec notre partenaire Promo [&hellip;]","_links":{"self":[{"href":"https:\/\/dev.camping-corse-du-sud.com\/en\/wp-json\/wp\/v2\/pages\/25707","targetHints":{"allow":["GET"]}}],"collection":[{"href":"https:\/\/dev.camping-corse-du-sud.com\/en\/wp-json\/wp\/v2\/pages"}],"about":[{"href":"https:\/\/dev.camping-corse-du-sud.com\/en\/wp-json\/wp\/v2\/types\/page"}],"author":[{"embeddable":true,"href":"https:\/\/dev.camping-corse-du-sud.com\/en\/wp-json\/wp\/v2\/users\/3"}],"replies":[{"embeddable":true,"href":"https:\/\/dev.camping-corse-du-sud.com\/en\/wp-json\/wp\/v2\/comments?post=25707"}],"version-history":[{"count":0,"href":"https:\/\/dev.camping-corse-du-sud.com\/en\/wp-json\/wp\/v2\/pages\/25707\/revisions"}],"wp:featuredmedia":[{"embeddable":true,"href":"https:\/\/dev.camping-corse-du-sud.com\/en\/wp-json\/wp\/v2\/media\/25022"}],"wp:attachment":[{"href":"https:\/\/dev.camping-corse-du-sud.com\/en\/wp-json\/wp\/v2\/media?parent=25707"}],"wp:term":[{"taxonomy":"category","embeddable":true,"href":"https:\/\/dev.camping-corse-du-sud.com\/en\/wp-json\/wp\/v2\/categories?post=25707"},{"taxonomy":"post_tag","embeddable":true,"href":"https:\/\/dev.camping-corse-du-sud.com\/en\/wp-json\/wp\/v2\/tags?post=25707"}],"curies":[{"name":"wp","href":"https:\/\/api.w.org\/{rel}","templated":true}]}}