{"id":11074,"date":"2020-11-06T15:22:51","date_gmt":"2020-11-06T14:22:51","guid":{"rendered":"https:\/\/www.camping-corse-du-sud.com\/village-de-sartene\/"},"modified":"2023-06-30T18:53:41","modified_gmt":"2023-06-30T16:53:41","slug":"sartene-the-authentic-heart-of-corsica","status":"publish","type":"page","link":"https:\/\/dev.camping-corse-du-sud.com\/en\/sartene-the-authentic-heart-of-corsica\/","title":{"rendered":"Sart\u00e8ne, the Authentic Heart of Corsica"},"content":{"rendered":"<div class=\"wpb-content-wrapper\"><p>[vc_row full_width=&#8221;stretch_row_content&#8221; css_animation=&#8221;fadeIn&#8221; css=&#8221;.vc_custom_1604675741812{background-image: url(https:\/\/www.camping-corse-du-sud.com\/wp-content\/uploads\/2020\/11\/visuel-village-sartene-interne-bandeau-voile50.jpg?id=5953) !important;background-position: center !important;background-repeat: no-repeat !important;background-size: cover !important;}&#8221;][vc_column][vc_empty_space height=&#8221;100px&#8221;][vc_custom_heading text=&#8221;Sart\u00e8ne, the Authentic Heart of Corsica&#8221; font_container=&#8221;tag:h1|text_align:center|color:%23ffffff&#8221; use_theme_fonts=&#8221;yes&#8221;][vc_empty_space height=&#8221;100px&#8221;][vc_row_inner][vc_column_inner][vc_empty_space height=&#8221;50px&#8221;][\/vc_column_inner][\/vc_row_inner][\/vc_column][\/vc_row][vc_row gap=&#8221;20&#8243;][vc_column width=&#8221;1\/2&#8243;][vc_single_image image=&#8221;9681&#8243; img_size=&#8221;full&#8221; onclick=&#8221;zoom&#8221;][\/vc_column][vc_column width=&#8221;1\/2&#8243;][vc_custom_heading text=&#8221;Sart\u00e8ne, \u201cthe most Corsican of Corsican towns\u201d<br \/>\n&#8221; font_container=&#8221;tag:h2|text_align:left|color:%23000000&#8243; use_theme_fonts=&#8221;yes&#8221; css_animation=&#8221;fadeIn&#8221;][vc_separator color=&#8221;custom&#8221; align=&#8221;align_left&#8221; border_width=&#8221;2&#8243; el_width=&#8221;30&#8243; accent_color=&#8221;#5694ff&#8221;][vc_column_text]<\/p>\n<div class=\"page\" title=\"Page 2\">\n<div class=\"layoutArea\">\n<div class=\"column\">\n<div class=\"page\" title=\"Page 5\">\n<div class=\"layoutArea\">\n<div class=\"column\">\n<p class=\"p1\">In one of his greatest short stories \u201cColomba\u201d, M\u00e9rim\u00e9e calls Sart\u00e8ne \u201cthe most Corsican of Corsican towns\u201d. Perched a few kilometers south of Propriano, the town overlooks the Rizzanese Valley and the Gulf of Valinco.<\/p>\n<p class=\"p1\">While strolling between its tall granite houses, you will discover its narrow streets. The medieval district of Santa-Anna is home to the town hall and vaulted stairs.<\/p>\n<p class=\"p1\">The Santa Maria Assunta church and its three bell towers, the former palace of the Genoese governors, Liberation Square and the ramparts are the charm of the city. Petraghju is the oldest district of the city. From the Genoese tower of Echauguette dating from the 16th century, you can see the Rizzanese valley.<\/p>\n<p class=\"p1\">\u201cCity of art and history\u201d, Sart\u00e8ne has managed to preserve its most typical traditions, in particular religious celebrations, which are among the most famous on the island.<\/p>\n<\/div>\n<\/div>\n<\/div>\n<\/div>\n<\/div>\n<\/div>\n<p>[\/vc_column_text][\/vc_column][\/vc_row][vc_row][vc_column][vc_column_text]<\/p>\n<div class=\"page\" title=\"Page 2\">\n<div class=\"layoutArea\">\n<div class=\"column\">\n<div class=\"page\" title=\"Page 5\">\n<div class=\"layoutArea\">\n<div class=\"column\">\n<p class=\"p1\">Nestled in the hills of southwestern Corsica, Sart\u00e8ne is a marvel that perfectly illustrates the authentic character of the Isle of Beauty. Strolling through its narrow, winding alleys, one feels an atmosphere charged with history, an ambiance where time seems to have stood still.<\/p>\n<p class=\"p1\">Sart\u00e8ne, or &#8220;the most Corsican of Corsican towns&#8221; as defined by writer Prosper M\u00e9rim\u00e9e, clings to the mountain, offering breathtaking views of the Rizzanese Valley. It is surrounded by a typically Corsican wild landscape, with fragrant maquis and impressive rock formations.<\/p>\n<p class=\"p1\">The architecture of Sart\u00e8ne perfectly reflects traditional Corsica. The grey granite buildings, like the robust Santa Maria Church, dominate the old town. These imposing structures, built to withstand attacks from invaders, bear witness to Corsica&#8217;s tumultuous history.<\/p>\n<p class=\"p1\">The Place de la Lib\u00e9ration, often considered the beating heart of Sart\u00e8ne, is a must-visit. You can sit in one of the square&#8217;s cafes, sip a glass of Corsican wine, and admire the ballet of locals. The local market, where regional producers come to sell their fresh produce, is a true feast for the senses. Robust Corsican cheeses, sun-drenched fruits and vegetables, artisanal charcuteries, and homemade jams fill the stalls, offering a genuine immersion in Corsican gastronomic culture.<\/p>\n<p class=\"p1\">The town of Sart\u00e8ne, with its granite houses, narrow alleys, and tranquil squares, immerses you in the heart of Corsican culture. It is often described as the &#8220;most Corsican of Corsican towns,&#8221; a claim that becomes evident when you explore its cobbled streets and historic buildings.<\/p>\n<p class=\"p1\">As you wander through the old town, you will discover the Place de la Lib\u00e9ration, home to Sainte-Marie Church. This 17th-century church, with its granite facade and imposing bell tower, is a true gem of Corsican heritage. Nearby, the Corsican Prehistory Museum offers a fascinating glimpse into the island&#8217;s early inhabitants.<\/p>\n<p class=\"p1\">Sart\u00e8ne is also known for its cultural traditions. Each year, during Holy Week, the town hosts the &#8220;Catenacciu,&#8221; a spectacular religious procession that retraces the Passion of Christ. This centuries-old ritual is one of the most impressive in Corsica, attracting visitors from all over the world.<\/p>\n<p class=\"p1\">But Sart\u00e8ne is not just a town of history and tradition. It is also surrounded by breathtaking nature. Just a few kilometers away, you will find impressive natural sites such as the Rizzanese Valley, the Cauria plateau, and of course, the beautiful beaches of Corsica&#8217;s west coast.<\/p>\n<p class=\"p1\">The gastronomy in Sart\u00e8ne will not disappoint you. Local restaurants offer a variety of traditional Corsican dishes, from &#8220;brocciu&#8221; (sheep&#8217;s cheese) to &#8220;Corsican charcuterie,&#8221; to &#8220;polenta&#8221; and, of course, Corsican wine, renowned for its quality and diversity.<\/p>\n<p class=\"p1\">The village of Sart\u00e8ne is a town that embodies the Corsican soul. Whether you are passionate about history, culture, nature, or gastronomy, Sart\u00e8ne has something to offer everyone. A visit to Sart\u00e8ne is an essential stop on your Corsican journey.<\/p>\n<\/div>\n<\/div>\n<\/div>\n<\/div>\n<\/div>\n<\/div>\n<p>[\/vc_column_text][\/vc_column][\/vc_row]<\/p>\n<\/div>","protected":false},"excerpt":{"rendered":"<p>[vc_row full_width=&#8221;stretch_row_content&#8221; css_animation=&#8221;fadeIn&#8221; css=&#8221;.vc_custom_1604675741812{background-image: url(https:\/\/www.camping-corse-du-sud.com\/wp-content\/uploads\/2020\/11\/visuel-village-sartene-interne-bandeau-voile50.jpg?id=5953) !important;background-position: center !important;background-repeat: no-repeat !important;background-size: cover !important;}&#8221;][vc_column][vc_empty_space height=&#8221;100px&#8221;][vc_custom_heading text=&#8221;Sart\u00e8ne, the Authentic Heart of Corsica&#8221; font_container=&#8221;tag:h1|text_align:center|color:%23ffffff&#8221; [&hellip;]<\/p>\n","protected":false},"author":3,"featured_media":21714,"parent":0,"menu_order":0,"comment_status":"closed","ping_status":"closed","template":"","meta":{"_seopress_robots_primary_cat":"","_seopress_titles_title":"%%post_title%% %%sep%% Camping in South Corsica! Good Deals!","_seopress_titles_desc":"","_seopress_robots_index":"","_uag_custom_page_level_css":"","site-sidebar-layout":"no-sidebar","site-content-layout":"plain-container","ast-site-content-layout":"default","site-content-style":"default","site-sidebar-style":"default","ast-global-header-display":"","ast-banner-title-visibility":"","ast-main-header-display":"","ast-hfb-above-header-display":"","ast-hfb-below-header-display":"","ast-hfb-mobile-header-display":"","site-post-title":"disabled","ast-breadcrumbs-content":"","ast-featured-img":"disabled","footer-sml-layout":"","ast-disable-related-posts":"","theme-transparent-header-meta":"","adv-header-id-meta":"","stick-header-meta":"","header-above-stick-meta":"","header-main-stick-meta":"","header-below-stick-meta":"","astra-migrate-meta-layouts":"default","ast-page-background-enabled":"default","ast-page-background-meta":{"desktop":{"background-color":"var(--ast-global-color-5)","background-image":"","background-repeat":"repeat","background-position":"center center","background-size":"auto","background-attachment":"scroll","background-type":"","background-media":"","overlay-type":"","overlay-color":"","overlay-opacity":"","overlay-gradient":""},"tablet":{"background-color":"","background-image":"","background-repeat":"repeat","background-position":"center center","background-size":"auto","background-attachment":"scroll","background-type":"","background-media":"","overlay-type":"","overlay-color":"","overlay-opacity":"","overlay-gradient":""},"mobile":{"background-color":"","background-image":"","background-repeat":"repeat","background-position":"center center","background-size":"auto","background-attachment":"scroll","background-type":"","background-media":"","overlay-type":"","overlay-color":"","overlay-opacity":"","overlay-gradient":""}},"ast-content-background-meta":{"desktop":{"background-color":"var(--ast-global-color-4)","background-image":"","background-repeat":"repeat","background-position":"center center","background-size":"auto","background-attachment":"scroll","background-type":"","background-media":"","overlay-type":"","overlay-color":"","overlay-opacity":"","overlay-gradient":""},"tablet":{"background-color":"var(--ast-global-color-4)","background-image":"","background-repeat":"repeat","background-position":"center center","background-size":"auto","background-attachment":"scroll","background-type":"","background-media":"","overlay-type":"","overlay-color":"","overlay-opacity":"","overlay-gradient":""},"mobile":{"background-color":"var(--ast-global-color-4)","background-image":"","background-repeat":"repeat","background-position":"center center","background-size":"auto","background-attachment":"scroll","background-type":"","background-media":"","overlay-type":"","overlay-color":"","overlay-opacity":"","overlay-gradient":""}},"_vp_format_video_url":"","_vp_image_focal_point":[],"footnotes":""},"categories":[],"tags":[],"class_list":["post-11074","page","type-page","status-publish","has-post-thumbnail"],"spectra_custom_meta":{"_vp_words_count":["656"],"_wpb_shortcodes_custom_css":[".vc_custom_1604675741812{background-image: url(https:\/\/www.camping-corse-du-sud.com\/wp-content\/uploads\/2020\/11\/visuel-village-sartene-interne-bandeau-voile50.jpg?id=5953) !important;background-position: center !important;background-repeat: no-repeat !important;background-size: cover !important;}",".vc_custom_1604675741812{background-image: url(https:\/\/www.camping-corse-du-sud.com\/wp-content\/uploads\/2020\/11\/visuel-village-sartene-interne-bandeau-voile50.jpg?id=5953) !important;background-position: center !important;background-repeat: no-repeat !important;background-size: cover !important;}",".vc_custom_1604675741812{background-image: url(https:\/\/www.camping-corse-du-sud.com\/wp-content\/uploads\/2020\/11\/visuel-village-sartene-interne-bandeau-voile50.jpg?id=5953) !important;background-position: center !important;background-repeat: no-repeat !important;background-size: cover !important;}",".vc_custom_1604675741812{background-image: url(https:\/\/www.camping-corse-du-sud.com\/wp-content\/uploads\/2020\/11\/visuel-village-sartene-interne-bandeau-voile50.jpg?id=5953) !important;background-position: center !important;background-repeat: no-repeat !important;background-size: cover !important;}",".vc_custom_1604675741812{background-image: url(https:\/\/www.camping-corse-du-sud.com\/wp-content\/uploads\/2020\/11\/visuel-village-sartene-interne-bandeau-voile50.jpg?id=5953) !important;background-position: center !important;background-repeat: no-repeat !important;background-size: cover !important;}",".vc_custom_1604675741812{background-image: url(https:\/\/www.camping-corse-du-sud.com\/wp-content\/uploads\/2020\/11\/visuel-village-sartene-interne-bandeau-voile50.jpg?id=5953) !important;background-position: center !important;background-repeat: no-repeat !important;background-size: cover !important;}",".vc_custom_1604675741812{background-image: url(https:\/\/www.camping-corse-du-sud.com\/wp-content\/uploads\/2020\/11\/visuel-village-sartene-interne-bandeau-voile50.jpg?id=5953) !important;background-position: center !important;background-repeat: no-repeat !important;background-size: cover !important;}",".vc_custom_1604675741812{background-image: url(https:\/\/www.camping-corse-du-sud.com\/wp-content\/uploads\/2020\/11\/visuel-village-sartene-interne-bandeau-voile50.jpg?id=5953) !important;background-position: center !important;background-repeat: no-repeat !important;background-size: cover !important;}"],"_wpb_vc_js_status":["true"],"_yoast_wpseo_content_score":["30"],"_wpml_media_featured":["1"],"_wpml_media_duplicate":["0"],"_yoast_wpseo_estimated-reading-time-minutes":["4"],"_yoast_wpseo_wordproof_timestamp":[""],"_yoast_wpseo_primary_category":[""],"_wpml_location_migration_done":["1"],"_wpml_word_count":["{\"total\":758,\"to_translate\":{\"en\":758,\"de\":758}}"],"_thumbnail_id":["21714"],"_wp_page_template":[""],"_last_translation_edit_mode":["native-editor"],"_edit_lock":["1688143883:11"],"_edit_last":["11"],"_wpml_media_has_media":["1"],"_yoast_wpseo_title":["%%title%% %%sep%% Camping in South Corsica! Good Deals!"],"_wpb_shortcodes_default_css":[".vc_do_custom_heading{margin-bottom:0.625rem;margin-top:0;}"],"_wpb_shortcodes_default_css_updated":["1"],"_wpb_shortcodes_custom_css_updated":["1"],"_seopress_titles_title":["%%post_title%% %%sep%% Camping in South Corsica! Good Deals!"],"rank_math_title":["%title% %sep% Camping in South Corsica! Good Deals!"],"rank_math_news_sitemap_robots":["index"],"rank_math_robots":["a:1:{i:0;s:5:\"index\";}"],"rank_math_analytic_object_id":["2071"],"rank_math_primary_category":["0"],"rank_math_internal_links_processed":["1"],"_astra_content_layout_flag":["disabled"],"site-post-title":["disabled"],"ast-title-bar-display":["disabled"],"ast-featured-img":["disabled"],"site-content-layout":["plain-container"],"site-sidebar-layout":["no-sidebar"],"_uag_page_assets":["a:9:{s:3:\"css\";s:7859:\".wp-block-uagb-container{display:flex;position:relative;box-sizing:border-box;transition-property:box-shadow;transition-duration:0.2s;transition-timing-function:ease}.wp-block-uagb-container .spectra-container-link-overlay{bottom:0;left:0;position:absolute;right:0;top:0;z-index:10}.wp-block-uagb-container.uagb-is-root-container{margin-left:auto;margin-right:auto}.wp-block-uagb-container.alignfull.uagb-is-root-container .uagb-container-inner-blocks-wrap{display:flex;position:relative;box-sizing:border-box;margin-left:auto !important;margin-right:auto !important}.wp-block-uagb-container .wp-block-uagb-blockquote,.wp-block-uagb-container .wp-block-spectra-pro-login,.wp-block-uagb-container .wp-block-spectra-pro-register{margin:unset}.wp-block-uagb-container .uagb-container__video-wrap{height:100%;width:100%;top:0;left:0;position:absolute;overflow:hidden;-webkit-transition:opacity 1s;-o-transition:opacity 1s;transition:opacity 1s}.wp-block-uagb-container .uagb-container__video-wrap video{max-width:100%;width:100%;height:100%;margin:0;line-height:1;border:none;display:inline-block;vertical-align:baseline;-o-object-fit:cover;object-fit:cover;background-size:cover}.wp-block-uagb-container.uagb-layout-grid{display:grid;width:100%}.wp-block-uagb-container.uagb-layout-grid>.uagb-container-inner-blocks-wrap{display:inherit;width:inherit}.wp-block-uagb-container.uagb-layout-grid>.uagb-container-inner-blocks-wrap>.wp-block-uagb-container{max-width:unset !important;width:unset !important}.wp-block-uagb-container.uagb-layout-grid>.wp-block-uagb-container{max-width:unset !important;width:unset !important}.wp-block-uagb-container.uagb-layout-grid.uagb-is-root-container{margin-left:auto;margin-right:auto}.wp-block-uagb-container.uagb-layout-grid.uagb-is-root-container>.wp-block-uagb-container{max-width:unset !important;width:unset !important}.wp-block-uagb-container.uagb-layout-grid.alignwide.uagb-is-root-container{margin-left:auto;margin-right:auto}.wp-block-uagb-container.uagb-layout-grid.alignfull.uagb-is-root-container .uagb-container-inner-blocks-wrap{display:inherit;position:relative;box-sizing:border-box;margin-left:auto !important;margin-right:auto !important}body .wp-block-uagb-container>.uagb-container-inner-blocks-wrap>*:not(.wp-block-uagb-container):not(.wp-block-uagb-column):not(.wp-block-uagb-container):not(.wp-block-uagb-section):not(.uagb-container__shape):not(.uagb-container__video-wrap):not(.wp-block-spectra-pro-register):not(.wp-block-spectra-pro-login):not(.uagb-slider-container):not(.spectra-image-gallery__control-lightbox):not(.wp-block-uagb-info-box),body .wp-block-uagb-container>.uagb-container-inner-blocks-wrap,body .wp-block-uagb-container>*:not(.wp-block-uagb-container):not(.wp-block-uagb-column):not(.wp-block-uagb-container):not(.wp-block-uagb-section):not(.uagb-container__shape):not(.uagb-container__video-wrap):not(.wp-block-spectra-pro-register):not(.wp-block-spectra-pro-login):not(.uagb-slider-container):not(.spectra-container-link-overlay):not(.spectra-image-gallery__control-lightbox):not(.wp-block-uagb-lottie):not(.uagb-faq__outer-wrap){min-width:unset !important;width:100%;position:relative}body .ast-container .wp-block-uagb-container>.uagb-container-inner-blocks-wrap>.wp-block-uagb-container>ul,body .ast-container .wp-block-uagb-container>.uagb-container-inner-blocks-wrap>.wp-block-uagb-container ol,body .ast-container .wp-block-uagb-container>.uagb-container-inner-blocks-wrap>ul,body .ast-container .wp-block-uagb-container>.uagb-container-inner-blocks-wrap ol{max-width:-webkit-fill-available;margin-block-start:0;margin-block-end:0;margin-left:20px}.ast-plain-container .editor-styles-wrapper .block-editor-block-list__layout.is-root-container .uagb-is-root-container.wp-block-uagb-container.alignwide{margin-left:auto;margin-right:auto}.uagb-container__shape{overflow:hidden;position:absolute;left:0;width:100%;line-height:0;direction:ltr}.uagb-container__shape-top{top:-3px}.uagb-container__shape-bottom{bottom:-3px}.uagb-container__shape.uagb-container__invert.uagb-container__shape-bottom,.uagb-container__shape.uagb-container__invert.uagb-container__shape-top{-webkit-transform:rotate(180deg);-ms-transform:rotate(180deg);transform:rotate(180deg)}.uagb-container__shape.uagb-container__shape-flip svg{transform:translateX(-50%) rotateY(180deg)}.uagb-container__shape svg{display:block;width:-webkit-calc(100% + 1.3px);width:calc(100% + 1.3px);position:relative;left:50%;-webkit-transform:translateX(-50%);-ms-transform:translateX(-50%);transform:translateX(-50%)}.uagb-container__shape .uagb-container__shape-fill{-webkit-transform-origin:center;-ms-transform-origin:center;transform-origin:center;-webkit-transform:rotateY(0deg);transform:rotateY(0deg)}.uagb-container__shape.uagb-container__shape-above-content{z-index:9;pointer-events:none}.nv-single-page-wrap .nv-content-wrap.entry-content .wp-block-uagb-container.alignfull{margin-left:calc(50% - 50vw);margin-right:calc(50% - 50vw)}@media only screen and (max-width: 767px){.wp-block-uagb-container .wp-block-uagb-advanced-heading{width:-webkit-fill-available}}.wp-block-uagb-image--align-none{justify-content:center}\n.wp-block-uagb-container.uagb-block-360db477 .uagb-container__shape-top svg{width: calc( 100% + 1.3px );}.wp-block-uagb-container.uagb-block-360db477 .uagb-container__shape.uagb-container__shape-top .uagb-container__shape-fill{fill: rgba(51,51,51,1);}.wp-block-uagb-container.uagb-block-360db477 .uagb-container__shape-bottom svg{width: calc( 100% + 1.3px );}.wp-block-uagb-container.uagb-block-360db477 .uagb-container__shape.uagb-container__shape-bottom .uagb-container__shape-fill{fill: rgba(51,51,51,1);}.wp-block-uagb-container.uagb-block-360db477 .uagb-container__video-wrap video{opacity: 1;}.wp-block-uagb-container.uagb-is-root-container .uagb-block-360db477{max-width: 100%;width: 100%;}.wp-block-uagb-container.uagb-is-root-container.alignfull.uagb-block-360db477 > .uagb-container-inner-blocks-wrap{--inner-content-custom-width: min( 100%, 1600px);max-width: var(--inner-content-custom-width);width: 100%;flex-direction: column;align-items: center;justify-content: center;flex-wrap: nowrap;row-gap: 20px;column-gap: 20px;}.wp-block-uagb-container.uagb-block-360db477{box-shadow: 0px 0px   #00000070 ;padding-top: 10px;padding-bottom: 10px;padding-left: 10px;padding-right: 10px;margin-top:  !important;margin-bottom:  !important;overflow: visible;order: initial;border-color: inherit;row-gap: 20px;column-gap: 20px;}@media only screen and (max-width: 976px) {.wp-block-uagb-container.uagb-is-root-container .uagb-block-360db477{width: 100%;}.wp-block-uagb-container.uagb-is-root-container.alignfull.uagb-block-360db477 > .uagb-container-inner-blocks-wrap{--inner-content-custom-width: min( 100%, 1024px);max-width: var(--inner-content-custom-width);width: 100%;}.wp-block-uagb-container.uagb-block-360db477{padding-top: 10px;padding-bottom: 10px;padding-left: 10px;padding-right: 10px;margin-top:  !important;margin-bottom:  !important;order: initial;}}@media only screen and (max-width: 767px) {.wp-block-uagb-container.uagb-is-root-container .uagb-block-360db477{max-width: 100%;width: 100%;}.wp-block-uagb-container.uagb-is-root-container.alignfull.uagb-block-360db477 > .uagb-container-inner-blocks-wrap{--inner-content-custom-width: min( 100%, 767px);max-width: var(--inner-content-custom-width);width: 100%;flex-wrap: wrap;}.wp-block-uagb-container.uagb-block-360db477{padding-top: 10px;padding-bottom: 10px;padding-left: 10px;padding-right: 10px;margin-top:  !important;margin-bottom:  !important;order: initial;}}.uag-blocks-common-selector{z-index:var(--z-index-desktop) !important}@media (max-width: 976px){.uag-blocks-common-selector{z-index:var(--z-index-tablet) !important}}@media (max-width: 767px){.uag-blocks-common-selector{z-index:var(--z-index-mobile) !important}}\n\";s:2:\"js\";s:0:\"\";s:18:\"current_block_list\";a:4:{i:0;s:14:\"uagb\/container\";i:1;s:12:\"core\/heading\";i:2;s:14:\"core\/paragraph\";i:3;s:14:\"core\/shortcode\";}s:8:\"uag_flag\";b:1;s:11:\"uag_version\";s:10:\"1775138354\";s:6:\"gfonts\";a:0:{}s:10:\"gfonts_url\";s:0:\"\";s:12:\"gfonts_files\";a:0:{}s:14:\"uag_faq_layout\";b:0;}"],"_uag_css_file_name":["uag-css-11074.css"]},"uagb_featured_image_src":{"full":["https:\/\/dev.camping-corse-du-sud.com\/wp-content\/uploads\/2025\/01\/visuel-village-sartene-interne.jpg",500,333,false],"thumbnail":["https:\/\/dev.camping-corse-du-sud.com\/wp-content\/uploads\/2025\/01\/visuel-village-sartene-interne-150x150.jpg",150,150,true],"medium":["https:\/\/dev.camping-corse-du-sud.com\/wp-content\/uploads\/2025\/01\/visuel-village-sartene-interne-300x200.jpg",300,200,true],"medium_large":["https:\/\/dev.camping-corse-du-sud.com\/wp-content\/uploads\/2025\/01\/visuel-village-sartene-interne.jpg",500,333,false],"large":["https:\/\/dev.camping-corse-du-sud.com\/wp-content\/uploads\/2025\/01\/visuel-village-sartene-interne.jpg",500,333,false],"1536x1536":["https:\/\/dev.camping-corse-du-sud.com\/wp-content\/uploads\/2025\/01\/visuel-village-sartene-interne.jpg",500,333,false],"2048x2048":["https:\/\/dev.camping-corse-du-sud.com\/wp-content\/uploads\/2025\/01\/visuel-village-sartene-interne.jpg",500,333,false],"vp_sm":["https:\/\/dev.camping-corse-du-sud.com\/wp-content\/uploads\/2025\/01\/visuel-village-sartene-interne.jpg",500,333,false],"vp_md":["https:\/\/dev.camping-corse-du-sud.com\/wp-content\/uploads\/2025\/01\/visuel-village-sartene-interne.jpg",500,333,false],"vp_lg":["https:\/\/dev.camping-corse-du-sud.com\/wp-content\/uploads\/2025\/01\/visuel-village-sartene-interne.jpg",500,333,false],"vp_xl":["https:\/\/dev.camping-corse-du-sud.com\/wp-content\/uploads\/2025\/01\/visuel-village-sartene-interne.jpg",500,333,false],"vp_sm_popup":["https:\/\/dev.camping-corse-du-sud.com\/wp-content\/uploads\/2025\/01\/visuel-village-sartene-interne.jpg",500,333,false],"vp_md_popup":["https:\/\/dev.camping-corse-du-sud.com\/wp-content\/uploads\/2025\/01\/visuel-village-sartene-interne.jpg",500,333,false],"vp_xl_popup":["https:\/\/dev.camping-corse-du-sud.com\/wp-content\/uploads\/2025\/01\/visuel-village-sartene-interne.jpg",500,333,false]},"uagb_author_info":{"display_name":"Edouard","author_link":"https:\/\/dev.camping-corse-du-sud.com\/en\/author\/edouard\/"},"uagb_comment_info":0,"uagb_excerpt":"[vc_row full_width=&#8221;stretch_row_content&#8221; css_animation=&#8221;fadeIn&#8221; css=&#8221;.vc_custom_1604675741812{background-image: url(https:\/\/www.camping-corse-du-sud.com\/wp-content\/uploads\/2020\/11\/visuel-village-sartene-interne-bandeau-voile50.jpg?id=5953) !important;background-position: center !important;background-repeat: no-repeat !important;background-size: cover !important;}&#8221;][vc_column][vc_empty_space height=&#8221;100px&#8221;][vc_custom_heading text=&#8221;Sart\u00e8ne, the Authentic Heart of Corsica&#8221; font_container=&#8221;tag:h1|text_align:center|color:%23ffffff&#8221; [&hellip;]","_links":{"self":[{"href":"https:\/\/dev.camping-corse-du-sud.com\/en\/wp-json\/wp\/v2\/pages\/11074","targetHints":{"allow":["GET"]}}],"collection":[{"href":"https:\/\/dev.camping-corse-du-sud.com\/en\/wp-json\/wp\/v2\/pages"}],"about":[{"href":"https:\/\/dev.camping-corse-du-sud.com\/en\/wp-json\/wp\/v2\/types\/page"}],"author":[{"embeddable":true,"href":"https:\/\/dev.camping-corse-du-sud.com\/en\/wp-json\/wp\/v2\/users\/3"}],"replies":[{"embeddable":true,"href":"https:\/\/dev.camping-corse-du-sud.com\/en\/wp-json\/wp\/v2\/comments?post=11074"}],"version-history":[{"count":0,"href":"https:\/\/dev.camping-corse-du-sud.com\/en\/wp-json\/wp\/v2\/pages\/11074\/revisions"}],"wp:featuredmedia":[{"embeddable":true,"href":"https:\/\/dev.camping-corse-du-sud.com\/en\/wp-json\/wp\/v2\/media\/21714"}],"wp:attachment":[{"href":"https:\/\/dev.camping-corse-du-sud.com\/en\/wp-json\/wp\/v2\/media?parent=11074"}],"wp:term":[{"taxonomy":"category","embeddable":true,"href":"https:\/\/dev.camping-corse-du-sud.com\/en\/wp-json\/wp\/v2\/categories?post=11074"},{"taxonomy":"post_tag","embeddable":true,"href":"https:\/\/dev.camping-corse-du-sud.com\/en\/wp-json\/wp\/v2\/tags?post=11074"}],"curies":[{"name":"wp","href":"https:\/\/api.w.org\/{rel}","templated":true}]}}