{"id":27549,"date":"2025-04-03T12:49:42","date_gmt":"2025-04-03T10:49:42","guid":{"rendered":"https:\/\/www.camping-corse-du-sud.com\/campingplaetze-im-sueden-korsikas\/campingplaetze-in-ajaccio\/camping-u-prunelli-2\/"},"modified":"2025-04-17T12:56:04","modified_gmt":"2025-04-17T10:56:04","slug":"camping-u-prunelli-2","status":"publish","type":"page","link":"https:\/\/dev.camping-corse-du-sud.com\/de\/campingplaetze-im-sueden-korsikas\/campingplaetze-in-ajaccio\/camping-u-prunelli-2\/","title":{"rendered":"Camping U Prunelli"},"content":{"rendered":"<div class=\"wpb-content-wrapper\"><p>[vc_row full_width=&#8220;stretch_row&#8220; content_placement=&#8220;middle&#8220; parallax=&#8220;content-moving&#8220; parallax_image=&#8220;26175&#8243; parallax_speed_bg=&#8220;2&#8243; css_animation=&#8220;fadeIn&#8220; css=&#8220;.vc_custom_1743577718511{background-position: center;background-repeat: no-repeat !important;background-size: cover !important;}&#8220;][vc_column][vc_row_inner css=&#8220;.vc_custom_1594740491159{background-position: 0 0 !important;background-repeat: repeat !important;}&#8220;][vc_column_inner][vc_empty_space height=&#8220;210px&#8220;][vc_column_text css=&#8220;&#8220;]<\/p>\n<h1 style=\"text-align: left; font-size: 50px;\"><span style=\"color: #ffffff;\">U Prunelli<\/span> <img alt=\"\" decoding=\"async\" class=\"alignnone size-full wp-image-3911\" src=\"https:\/\/www.camping-corse-du-sud.com\/wp-content\/uploads\/2020\/07\/etoile.png\" alt=\"\" width=\"40\" height=\"40\"><img alt=\"\" decoding=\"async\" class=\"alignnone size-full wp-image-3911\" src=\"https:\/\/www.camping-corse-du-sud.com\/wp-content\/uploads\/2020\/07\/etoile.png\" alt=\"\" width=\"40\" height=\"40\"><img alt=\"\" decoding=\"async\" class=\"alignnone size-full wp-image-3911\" src=\"https:\/\/www.camping-corse-du-sud.com\/wp-content\/uploads\/2020\/07\/etoile.png\" alt=\"\" width=\"40\" height=\"40\"><\/h1>\n<p>[\/vc_column_text][vc_separator color=&#8220;custom&#8220; align=&#8220;align_left&#8220; border_width=&#8220;2&#8243; el_width=&#8220;10&#8243; accent_color=&#8220;#5694ff&#8220;][vc_column_text css=&#8220;&#8220;]<span style=\"color: #ffffff; font-size: 20px;\">Ajaccio, Gro\u00df-Ajaccio<\/span>[\/vc_column_text][vc_empty_space height=&#8220;100px&#8220;][\/vc_column_inner][\/vc_row_inner][\/vc_column][\/vc_row][vc_row full_width=&#8220;stretch_row_content&#8220; css_animation=&#8220;fadeInUp&#8220; el_id=&#8220;Projekte&#8220;][vc_column][vc_empty_space height=&#8220;30px&#8220;][vc_custom_heading text=&#8220;Camping U Prunelli&#8220; font_container=&#8220;tag:h2|text_align:center|color:%23000000&#8243; use_theme_fonts=&#8220;yes&#8220; css=&#8220;.vc_custom_1743655665588{margin-top: -30px !important;}&#8220; el_class=&#8220;line-class&#8220;][vc_zigzag color=&#8220;custom&#8220; el_width=&#8220;30&#8243; custom_color=&#8220;#5694ff&#8220;][vc_empty_space height=&#8220;30px&#8220;][\/vc_column][\/vc_row][vc_row css_animation=&#8220;fadeInUp&#8220;][vc_column][vc_row_inner gap=&#8220;30&#8243;][vc_column_inner width=&#8220;2\/3&#8243;][vc_custom_heading text=&#8220;Beschreibung von Camping U Prunelli&#8220; use_theme_fonts=&#8220;yes&#8220; css=&#8220;&#8220;][vc_separator color=&#8220;custom&#8220; align=&#8220;align_left&#8220; border_width=&#8220;2&#8243; el_width=&#8220;30&#8243; accent_color=&#8220;#5694ff&#8220;][vc_column_text css=&#8220;&#8220;]<\/p>\n<h3><strong>Camping du Prunelli: Genie\u00dfen Sie einen ruhigen Urlaub im S\u00fcden von Korsika.<\/strong><\/h3>\n<p>Der Campingplatz U Prunelli befindet sich in Cuttoli-Corticchiato in Corse-du-Sud und ist nur 15 Kilometer von Aiacciu (Ajaccio) entfernt.<\/p>\n<p>Dieser 3-Sterne-Campingplatz liegt inmitten einer unber\u00fchrten und friedlichen Natur, die eine bezaubernde nat\u00fcrliche Umgebung bietet und gleichzeitig in der N\u00e4he der Str\u00e4nde und Sehensw\u00fcrdigkeiten der umliegenden Region liegt. Er ist der ideale Ort f\u00fcr diejenigen, die sich nach einem ruhigen und authentischen Urlaub in der korsischen Natur sehnen.<\/p>\n<h3><strong>Unterk\u00fcnfte f\u00fcr alle Bed\u00fcrfnisse.<\/strong><\/h3>\n<p>Der Campingplatz U Prunelli bietet gro\u00dfz\u00fcgige Stellpl\u00e4tze f\u00fcr Zelte und Wohnwagen sowie voll ausgestattete Mobilheime und Chalets f\u00fcr einen komfortablen und angenehmen Aufenthalt in der Natur.<\/p>\n<p>Die Unterk\u00fcnfte sind sorgf\u00e4ltig gestaltet, um den Bewohnern Privatsph\u00e4re und Wohlbefinden zu bieten.<\/p>\n<p>Die Anlage verf\u00fcgt \u00fcber einen einladenden Au\u00dfenpool, ein gem\u00fctliches Restaurant und eine einladende Bar, um unvergessliche Momente der Entspannung in einer beruhigenden nat\u00fcrlichen Umgebung zu genie\u00dfen.<\/p>\n<p>Wenn Sie einen Campingplatz mit Wasserpark f\u00fcr noch mehr Spa\u00df buchen m\u00f6chten, schauen Sie sich unsere Liste der Campingpl\u00e4tze <a href=\"https:\/\/camping-corse-bord-de-mer.com\/camping-corse-bord-de-mer-avec-parc-aquatique\/\">mit Wasserpark in Korsika<\/a> an.<\/p>\n<h3><strong>Entdecken Sie die Region und nehmen Sie an verschiedenen Aktivit\u00e4ten teil.<\/strong><\/h3>\n<p>In der N\u00e4he des Campingplatzes gibt es verschiedene Freizeitaktivit\u00e4ten im Freien, die Sie genie\u00dfen k\u00f6nnen, wie z.B. Spazierg\u00e4nge durch die umliegende Garrigue, <a href=\"https:\/\/www.camping-corse-du-sud.com\/de\/tauchaktivitaeten\/\">Wassersport<\/a> an den nahegelegenen Str\u00e4nden und die Erkundung der faszinierenden lokalen Geschichte der Umgebung.<\/p>\n<p>Der Campingplatz ist ein ausgezeichneter Ausgangspunkt, um diese Gegend zu erkunden, mit m\u00f6glichen Ausfl\u00fcgen nach Ajaccio und Umgebung.<\/p>\n<p>Entdecken Sie auch die malerischen D\u00f6rfer der Region und die au\u00dfergew\u00f6hnlichen Naturgebiete.<\/p>\n<p>Der Campingplatz U Prunelli empf\u00e4ngt seine Besucher von April bis Oktober und bietet eine friedliche und echte Erfahrung in der tiefen und authentischen Natur Korsikas.<\/p>\n<p>Dieser Ort ist der perfekte Ort f\u00fcr einen Urlaub mit der Familie oder Freunden, ein Zufluchtsort vor dem Trubel und doch in der N\u00e4he der wichtigsten Sehensw\u00fcrdigkeiten der Insel.[\/vc_column_text][\/vc_column_inner][vc_column_inner width=&#8220;1\/3&#8243; css=&#8220;.vc_custom_1594301846510{background-color: #f7f5f5 !important;}&#8220;][vc_single_image image=&#8220;10736&#8243; img_size=&#8220;large&#8220; alignment=&#8220;center&#8220;][vc_custom_heading text=&#8220;Camping ist&#8220; font_container=&#8220;tag:h4|text_align:center|color:%235694ff&#8220; use_theme_fonts=&#8220;yes&#8220; css=&#8220;.vc_custom_1604960017521{padding-right: 1px !important;padding-left: 10px !important;}&#8220; link=&#8220;|||&#8220;][vc_column_text]<\/p>\n<p style=\"text-align: center;\"><strong style=\"color: #5694ff;\">110<\/strong> Stellpl\u00e4tze<br \/>\n<strong style=\"color: #5694ff;\">22<\/strong> Mietunterk\u00fcnfte<\/p>\n<p>[\/vc_column_text][\/vc_column_inner][\/vc_row_inner][\/vc_column][\/vc_row][vc_row full_width=&#8220;stretch_row&#8220; parallax=&#8220;content-moving&#8220; parallax_image=&#8220;6315&#8243; parallax_speed_bg=&#8220;2&#8243;][vc_column][vc_empty_space height=&#8220;250px&#8220;][\/vc_column][\/vc_row][vc_row][vc_column][vc_custom_heading text=&#8220;Aktivit\u00e4ten in der N\u00e4he des Campingplatzes&#8220; use_theme_fonts=&#8220;yes&#8220;][vc_separator color=&#8220;custom&#8220; align=&#8220;align_left&#8220; border_width=&#8220;2&#8243; el_width=&#8220;80&#8243; accent_color=&#8220;#5694ff&#8220;][vc_basic_grid post_type=&#8220;page&#8220; max_items=&#8220;3&#8243; orderby=&#8220;rand&#8220; item=&#8220;3805&#8243; grid_id=&#8220;vc_gid:1743655627495-bce121f1-fa62-8&#8243; taxonomies=&#8220;34, 49, 54, 59, 64, 69, 74, 79, 86, 89, 94, 158&#8243;][\/vc_column][\/vc_row]<\/p>\n<\/div>","protected":false},"excerpt":{"rendered":"<p>[vc_row full_width=&#8220;stretch_row&#8220; content_placement=&#8220;middle&#8220; parallax=&#8220;content-moving&#8220; parallax_image=&#8220;26175&#8243; parallax_speed_bg=&#8220;2&#8243; css_animation=&#8220;fadeIn&#8220; css=&#8220;.vc_custom_1743577718511{background-position: center;background-repeat: no-repeat !important;background-size: cover !important;}&#8220;][vc_column][vc_row_inner css=&#8220;.vc_custom_1594740491159{background-position: 0 0 !important;background-repeat: repeat !important;}&#8220;][vc_column_inner][vc_empty_space height=&#8220;210px&#8220;][vc_column_text [&hellip;]<\/p>\n","protected":false},"author":14,"featured_media":31813,"parent":19366,"menu_order":0,"comment_status":"closed","ping_status":"closed","template":"","meta":{"_seopress_robots_primary_cat":"","_seopress_titles_title":"","_seopress_titles_desc":"","_seopress_robots_index":"","_uag_custom_page_level_css":"","site-sidebar-layout":"default","site-content-layout":"","ast-site-content-layout":"default","site-content-style":"default","site-sidebar-style":"default","ast-global-header-display":"","ast-banner-title-visibility":"","ast-main-header-display":"","ast-hfb-above-header-display":"","ast-hfb-below-header-display":"","ast-hfb-mobile-header-display":"","site-post-title":"","ast-breadcrumbs-content":"","ast-featured-img":"","footer-sml-layout":"","ast-disable-related-posts":"","theme-transparent-header-meta":"","adv-header-id-meta":"","stick-header-meta":"","header-above-stick-meta":"","header-main-stick-meta":"","header-below-stick-meta":"","astra-migrate-meta-layouts":"default","ast-page-background-enabled":"default","ast-page-background-meta":{"desktop":{"background-color":"var(--ast-global-color-5)","background-image":"","background-repeat":"repeat","background-position":"center center","background-size":"auto","background-attachment":"scroll","background-type":"","background-media":"","overlay-type":"","overlay-color":"","overlay-opacity":"","overlay-gradient":""},"tablet":{"background-color":"","background-image":"","background-repeat":"repeat","background-position":"center center","background-size":"auto","background-attachment":"scroll","background-type":"","background-media":"","overlay-type":"","overlay-color":"","overlay-opacity":"","overlay-gradient":""},"mobile":{"background-color":"","background-image":"","background-repeat":"repeat","background-position":"center center","background-size":"auto","background-attachment":"scroll","background-type":"","background-media":"","overlay-type":"","overlay-color":"","overlay-opacity":"","overlay-gradient":""}},"ast-content-background-meta":{"desktop":{"background-color":"var(--ast-global-color-4)","background-image":"","background-repeat":"repeat","background-position":"center center","background-size":"auto","background-attachment":"scroll","background-type":"","background-media":"","overlay-type":"","overlay-color":"","overlay-opacity":"","overlay-gradient":""},"tablet":{"background-color":"var(--ast-global-color-4)","background-image":"","background-repeat":"repeat","background-position":"center center","background-size":"auto","background-attachment":"scroll","background-type":"","background-media":"","overlay-type":"","overlay-color":"","overlay-opacity":"","overlay-gradient":""},"mobile":{"background-color":"var(--ast-global-color-4)","background-image":"","background-repeat":"repeat","background-position":"center center","background-size":"auto","background-attachment":"scroll","background-type":"","background-media":"","overlay-type":"","overlay-color":"","overlay-opacity":"","overlay-gradient":""}},"_vp_format_video_url":"","_vp_image_focal_point":[],"footnotes":""},"categories":[838,841],"tags":[1169,1178,1171,1170],"class_list":{"0":"post-27549","1":"page","2":"type-page","3":"status-publish","4":"has-post-thumbnail","6":"category-ajaccio-de","7":"category-ajaccio-basique-de","8":"tag-3-stelle-de-2","9":"tag-avec-animations-de","10":"tag-con-i-cani-de-2","11":"tag-per-disabili-de-2"},"spectra_custom_meta":{"_vp_words_count":["424"],"rank_math_internal_links_processed":["1"],"_wpml_media_duplicate":["0"],"_wpml_media_featured":["1"],"_yoast_wpseo_primary_category":["148"],"_top_nav_excluded":[""],"_cms_nav_minihome":[""],"_wpb_shortcodes_custom_css":[".vc_custom_1743577718511{background-position: center;background-repeat: no-repeat !important;background-size: cover !important;}.vc_custom_1594740491159{background-position: 0 0 !important;background-repeat: repeat !important;}.vc_custom_1743655665588{margin-top: -30px !important;}.vc_custom_1594301846510{background-color: #f7f5f5 !important;}.vc_custom_1604960017521{padding-right: 1px !important;padding-left: 10px !important;}"],"rank_math_robots":["a:1:{i:0;s:5:\"index\";}"],"_thumbnail_id":["31813"],"_last_translation_edit_mode":["translation-editor"],"_wpml_word_count":["398"],"_wpb_shortcodes_default_css":[".vc_do_custom_heading{margin-bottom:0.625rem;margin-top:0;}"],"_wpb_shortcodes_default_css_updated":["1"],"_wpb_shortcodes_custom_css_updated":["1"],"_vc_post_settings":["a:1:{s:10:\"vc_grid_id\";a:1:{s:10:\"shortcodes\";a:1:{s:29:\"1759658155588-e419356d-3e0c-6\";a:3:{s:3:\"tag\";s:13:\"vc_basic_grid\";s:4:\"atts\";a:6:{s:9:\"post_type\";s:4:\"page\";s:9:\"max_items\";s:1:\"3\";s:7:\"orderby\";s:4:\"rand\";s:4:\"item\";s:4:\"3805\";s:7:\"grid_id\";s:36:\"vc_gid:1759658155588-e419356d-3e0c-6\";s:10:\"taxonomies\";s:47:\"34, 49, 54, 59, 64, 69, 74, 79, 86, 89, 94, 158\";}s:7:\"content\";s:0:\"\";}}}}"],"rank_math_primary_category":["148"],"_wp_page_template":[""],"_uag_page_assets":["a:9:{s:3:\"css\";s:7859:\".wp-block-uagb-container{display:flex;position:relative;box-sizing:border-box;transition-property:box-shadow;transition-duration:0.2s;transition-timing-function:ease}.wp-block-uagb-container .spectra-container-link-overlay{bottom:0;left:0;position:absolute;right:0;top:0;z-index:10}.wp-block-uagb-container.uagb-is-root-container{margin-left:auto;margin-right:auto}.wp-block-uagb-container.alignfull.uagb-is-root-container .uagb-container-inner-blocks-wrap{display:flex;position:relative;box-sizing:border-box;margin-left:auto !important;margin-right:auto !important}.wp-block-uagb-container .wp-block-uagb-blockquote,.wp-block-uagb-container .wp-block-spectra-pro-login,.wp-block-uagb-container .wp-block-spectra-pro-register{margin:unset}.wp-block-uagb-container .uagb-container__video-wrap{height:100%;width:100%;top:0;left:0;position:absolute;overflow:hidden;-webkit-transition:opacity 1s;-o-transition:opacity 1s;transition:opacity 1s}.wp-block-uagb-container .uagb-container__video-wrap video{max-width:100%;width:100%;height:100%;margin:0;line-height:1;border:none;display:inline-block;vertical-align:baseline;-o-object-fit:cover;object-fit:cover;background-size:cover}.wp-block-uagb-container.uagb-layout-grid{display:grid;width:100%}.wp-block-uagb-container.uagb-layout-grid>.uagb-container-inner-blocks-wrap{display:inherit;width:inherit}.wp-block-uagb-container.uagb-layout-grid>.uagb-container-inner-blocks-wrap>.wp-block-uagb-container{max-width:unset !important;width:unset !important}.wp-block-uagb-container.uagb-layout-grid>.wp-block-uagb-container{max-width:unset !important;width:unset !important}.wp-block-uagb-container.uagb-layout-grid.uagb-is-root-container{margin-left:auto;margin-right:auto}.wp-block-uagb-container.uagb-layout-grid.uagb-is-root-container>.wp-block-uagb-container{max-width:unset !important;width:unset !important}.wp-block-uagb-container.uagb-layout-grid.alignwide.uagb-is-root-container{margin-left:auto;margin-right:auto}.wp-block-uagb-container.uagb-layout-grid.alignfull.uagb-is-root-container .uagb-container-inner-blocks-wrap{display:inherit;position:relative;box-sizing:border-box;margin-left:auto !important;margin-right:auto !important}body .wp-block-uagb-container>.uagb-container-inner-blocks-wrap>*:not(.wp-block-uagb-container):not(.wp-block-uagb-column):not(.wp-block-uagb-container):not(.wp-block-uagb-section):not(.uagb-container__shape):not(.uagb-container__video-wrap):not(.wp-block-spectra-pro-register):not(.wp-block-spectra-pro-login):not(.uagb-slider-container):not(.spectra-image-gallery__control-lightbox):not(.wp-block-uagb-info-box),body .wp-block-uagb-container>.uagb-container-inner-blocks-wrap,body .wp-block-uagb-container>*:not(.wp-block-uagb-container):not(.wp-block-uagb-column):not(.wp-block-uagb-container):not(.wp-block-uagb-section):not(.uagb-container__shape):not(.uagb-container__video-wrap):not(.wp-block-spectra-pro-register):not(.wp-block-spectra-pro-login):not(.uagb-slider-container):not(.spectra-container-link-overlay):not(.spectra-image-gallery__control-lightbox):not(.wp-block-uagb-lottie):not(.uagb-faq__outer-wrap){min-width:unset !important;width:100%;position:relative}body .ast-container .wp-block-uagb-container>.uagb-container-inner-blocks-wrap>.wp-block-uagb-container>ul,body .ast-container .wp-block-uagb-container>.uagb-container-inner-blocks-wrap>.wp-block-uagb-container ol,body .ast-container .wp-block-uagb-container>.uagb-container-inner-blocks-wrap>ul,body .ast-container .wp-block-uagb-container>.uagb-container-inner-blocks-wrap ol{max-width:-webkit-fill-available;margin-block-start:0;margin-block-end:0;margin-left:20px}.ast-plain-container .editor-styles-wrapper .block-editor-block-list__layout.is-root-container .uagb-is-root-container.wp-block-uagb-container.alignwide{margin-left:auto;margin-right:auto}.uagb-container__shape{overflow:hidden;position:absolute;left:0;width:100%;line-height:0;direction:ltr}.uagb-container__shape-top{top:-3px}.uagb-container__shape-bottom{bottom:-3px}.uagb-container__shape.uagb-container__invert.uagb-container__shape-bottom,.uagb-container__shape.uagb-container__invert.uagb-container__shape-top{-webkit-transform:rotate(180deg);-ms-transform:rotate(180deg);transform:rotate(180deg)}.uagb-container__shape.uagb-container__shape-flip svg{transform:translateX(-50%) rotateY(180deg)}.uagb-container__shape svg{display:block;width:-webkit-calc(100% + 1.3px);width:calc(100% + 1.3px);position:relative;left:50%;-webkit-transform:translateX(-50%);-ms-transform:translateX(-50%);transform:translateX(-50%)}.uagb-container__shape .uagb-container__shape-fill{-webkit-transform-origin:center;-ms-transform-origin:center;transform-origin:center;-webkit-transform:rotateY(0deg);transform:rotateY(0deg)}.uagb-container__shape.uagb-container__shape-above-content{z-index:9;pointer-events:none}.nv-single-page-wrap .nv-content-wrap.entry-content .wp-block-uagb-container.alignfull{margin-left:calc(50% - 50vw);margin-right:calc(50% - 50vw)}@media only screen and (max-width: 767px){.wp-block-uagb-container .wp-block-uagb-advanced-heading{width:-webkit-fill-available}}.wp-block-uagb-image--align-none{justify-content:center}\n.wp-block-uagb-container.uagb-block-360db477 .uagb-container__shape-top svg{width: calc( 100% + 1.3px );}.wp-block-uagb-container.uagb-block-360db477 .uagb-container__shape.uagb-container__shape-top .uagb-container__shape-fill{fill: rgba(51,51,51,1);}.wp-block-uagb-container.uagb-block-360db477 .uagb-container__shape-bottom svg{width: calc( 100% + 1.3px );}.wp-block-uagb-container.uagb-block-360db477 .uagb-container__shape.uagb-container__shape-bottom .uagb-container__shape-fill{fill: rgba(51,51,51,1);}.wp-block-uagb-container.uagb-block-360db477 .uagb-container__video-wrap video{opacity: 1;}.wp-block-uagb-container.uagb-is-root-container .uagb-block-360db477{max-width: 100%;width: 100%;}.wp-block-uagb-container.uagb-is-root-container.alignfull.uagb-block-360db477 > .uagb-container-inner-blocks-wrap{--inner-content-custom-width: min( 100%, 1600px);max-width: var(--inner-content-custom-width);width: 100%;flex-direction: column;align-items: center;justify-content: center;flex-wrap: nowrap;row-gap: 20px;column-gap: 20px;}.wp-block-uagb-container.uagb-block-360db477{box-shadow: 0px 0px   #00000070 ;padding-top: 10px;padding-bottom: 10px;padding-left: 10px;padding-right: 10px;margin-top:  !important;margin-bottom:  !important;overflow: visible;order: initial;border-color: inherit;row-gap: 20px;column-gap: 20px;}@media only screen and (max-width: 976px) {.wp-block-uagb-container.uagb-is-root-container .uagb-block-360db477{width: 100%;}.wp-block-uagb-container.uagb-is-root-container.alignfull.uagb-block-360db477 > .uagb-container-inner-blocks-wrap{--inner-content-custom-width: min( 100%, 1024px);max-width: var(--inner-content-custom-width);width: 100%;}.wp-block-uagb-container.uagb-block-360db477{padding-top: 10px;padding-bottom: 10px;padding-left: 10px;padding-right: 10px;margin-top:  !important;margin-bottom:  !important;order: initial;}}@media only screen and (max-width: 767px) {.wp-block-uagb-container.uagb-is-root-container .uagb-block-360db477{max-width: 100%;width: 100%;}.wp-block-uagb-container.uagb-is-root-container.alignfull.uagb-block-360db477 > .uagb-container-inner-blocks-wrap{--inner-content-custom-width: min( 100%, 767px);max-width: var(--inner-content-custom-width);width: 100%;flex-wrap: wrap;}.wp-block-uagb-container.uagb-block-360db477{padding-top: 10px;padding-bottom: 10px;padding-left: 10px;padding-right: 10px;margin-top:  !important;margin-bottom:  !important;order: initial;}}.uag-blocks-common-selector{z-index:var(--z-index-desktop) !important}@media (max-width: 976px){.uag-blocks-common-selector{z-index:var(--z-index-tablet) !important}}@media (max-width: 767px){.uag-blocks-common-selector{z-index:var(--z-index-mobile) !important}}\n\";s:2:\"js\";s:0:\"\";s:18:\"current_block_list\";a:4:{i:0;s:14:\"uagb\/container\";i:1;s:12:\"core\/heading\";i:2;s:14:\"core\/paragraph\";i:3;s:14:\"core\/shortcode\";}s:8:\"uag_flag\";b:1;s:11:\"uag_version\";s:10:\"1775138354\";s:6:\"gfonts\";a:0:{}s:10:\"gfonts_url\";s:0:\"\";s:12:\"gfonts_files\";a:0:{}s:14:\"uag_faq_layout\";b:0;}"],"_cmplz_scanned_post":["1"],"_uag_css_file_name":["uag-css-27549.css"]},"uagb_featured_image_src":{"full":["https:\/\/dev.camping-corse-du-sud.com\/wp-content\/uploads\/2025\/10\/Camping-U-Prunelli-feat.jpg",1280,640,false],"thumbnail":["https:\/\/dev.camping-corse-du-sud.com\/wp-content\/uploads\/2025\/10\/Camping-U-Prunelli-feat-150x150.jpg",150,150,true],"medium":["https:\/\/dev.camping-corse-du-sud.com\/wp-content\/uploads\/2025\/10\/Camping-U-Prunelli-feat-300x150.jpg",300,150,true],"medium_large":["https:\/\/dev.camping-corse-du-sud.com\/wp-content\/uploads\/2025\/10\/Camping-U-Prunelli-feat-768x384.jpg",768,384,true],"large":["https:\/\/dev.camping-corse-du-sud.com\/wp-content\/uploads\/2025\/10\/Camping-U-Prunelli-feat-1024x512.jpg",1024,512,true],"1536x1536":["https:\/\/dev.camping-corse-du-sud.com\/wp-content\/uploads\/2025\/10\/Camping-U-Prunelli-feat.jpg",1280,640,false],"2048x2048":["https:\/\/dev.camping-corse-du-sud.com\/wp-content\/uploads\/2025\/10\/Camping-U-Prunelli-feat.jpg",1280,640,false],"vp_sm":["https:\/\/dev.camping-corse-du-sud.com\/wp-content\/uploads\/2025\/10\/Camping-U-Prunelli-feat-500x250.jpg",500,250,true],"vp_md":["https:\/\/dev.camping-corse-du-sud.com\/wp-content\/uploads\/2025\/10\/Camping-U-Prunelli-feat-800x400.jpg",800,400,true],"vp_lg":["https:\/\/dev.camping-corse-du-sud.com\/wp-content\/uploads\/2025\/10\/Camping-U-Prunelli-feat.jpg",1280,640,false],"vp_xl":["https:\/\/dev.camping-corse-du-sud.com\/wp-content\/uploads\/2025\/10\/Camping-U-Prunelli-feat.jpg",1280,640,false],"vp_sm_popup":["https:\/\/dev.camping-corse-du-sud.com\/wp-content\/uploads\/2025\/10\/Camping-U-Prunelli-feat-500x250.jpg",500,250,true],"vp_md_popup":["https:\/\/dev.camping-corse-du-sud.com\/wp-content\/uploads\/2025\/10\/Camping-U-Prunelli-feat-800x400.jpg",800,400,true],"vp_xl_popup":["https:\/\/dev.camping-corse-du-sud.com\/wp-content\/uploads\/2025\/10\/Camping-U-Prunelli-feat.jpg",1280,640,false]},"uagb_author_info":{"display_name":"Hari","author_link":"https:\/\/dev.camping-corse-du-sud.com\/de\/author\/hari\/"},"uagb_comment_info":0,"uagb_excerpt":"[vc_row full_width=&#8220;stretch_row&#8220; content_placement=&#8220;middle&#8220; parallax=&#8220;content-moving&#8220; parallax_image=&#8220;26175&#8243; parallax_speed_bg=&#8220;2&#8243; css_animation=&#8220;fadeIn&#8220; css=&#8220;.vc_custom_1743577718511{background-position: center;background-repeat: no-repeat !important;background-size: cover !important;}&#8220;][vc_column][vc_row_inner css=&#8220;.vc_custom_1594740491159{background-position: 0 0 !important;background-repeat: repeat !important;}&#8220;][vc_column_inner][vc_empty_space height=&#8220;210px&#8220;][vc_column_text [&hellip;]","_links":{"self":[{"href":"https:\/\/dev.camping-corse-du-sud.com\/de\/wp-json\/wp\/v2\/pages\/27549","targetHints":{"allow":["GET"]}}],"collection":[{"href":"https:\/\/dev.camping-corse-du-sud.com\/de\/wp-json\/wp\/v2\/pages"}],"about":[{"href":"https:\/\/dev.camping-corse-du-sud.com\/de\/wp-json\/wp\/v2\/types\/page"}],"author":[{"embeddable":true,"href":"https:\/\/dev.camping-corse-du-sud.com\/de\/wp-json\/wp\/v2\/users\/14"}],"replies":[{"embeddable":true,"href":"https:\/\/dev.camping-corse-du-sud.com\/de\/wp-json\/wp\/v2\/comments?post=27549"}],"version-history":[{"count":0,"href":"https:\/\/dev.camping-corse-du-sud.com\/de\/wp-json\/wp\/v2\/pages\/27549\/revisions"}],"up":[{"embeddable":true,"href":"https:\/\/dev.camping-corse-du-sud.com\/de\/wp-json\/wp\/v2\/pages\/19366"}],"wp:featuredmedia":[{"embeddable":true,"href":"https:\/\/dev.camping-corse-du-sud.com\/de\/wp-json\/wp\/v2\/media\/31813"}],"wp:attachment":[{"href":"https:\/\/dev.camping-corse-du-sud.com\/de\/wp-json\/wp\/v2\/media?parent=27549"}],"wp:term":[{"taxonomy":"category","embeddable":true,"href":"https:\/\/dev.camping-corse-du-sud.com\/de\/wp-json\/wp\/v2\/categories?post=27549"},{"taxonomy":"post_tag","embeddable":true,"href":"https:\/\/dev.camping-corse-du-sud.com\/de\/wp-json\/wp\/v2\/tags?post=27549"}],"curies":[{"name":"wp","href":"https:\/\/api.w.org\/{rel}","templated":true}]}}