{"id":21388,"date":"2024-10-25T17:46:41","date_gmt":"2024-10-25T15:46:41","guid":{"rendered":"https:\/\/www.camping-corse-du-sud.com\/promo-camping-korsika\/"},"modified":"2024-10-25T18:36:21","modified_gmt":"2024-10-25T16:36:21","slug":"promo-camping-korsika","status":"publish","type":"page","link":"https:\/\/dev.camping-corse-du-sud.com\/de\/promo-camping-korsika\/","title":{"rendered":"Promo Camping Korsika"},"content":{"rendered":"<div class=\"wpb-content-wrapper\"><p>[vc_row full_width=&#8220;stretch_row&#8220; css_animation=&#8220;fadeIn&#8220; css=&#8220;.vc_custom_1729871593586{background-image: url(https:\/\/www.camping-corse-du-sud.com\/wp-content\/uploads\/2024\/10\/fond-visuel-promo-camping-corse-voile30.jpg?id=21345) !important;background-position: center !important;background-repeat: no-repeat !important;background-size: cover !important;}&#8220;][vc_column][vc_empty_space height=&#8220;50px&#8220;][vc_row_inner][vc_column_inner][vc_empty_space height=&#8220;100px&#8220;][vc_custom_heading text=&#8220;Unsere Angebote mit unserem Partner Promo Camping Corse&#8220; font_container=&#8220;tag:h1|text_align:center|color:%23ffffff&#8220; use_theme_fonts=&#8220;yes&#8220; css=&#8220;&#8220;][\/vc_column_inner][\/vc_row_inner][vc_empty_space height=&#8220;100px&#8220;][\/vc_column][\/vc_row][vc_row][vc_column width=&#8220;1\/3&#8243;][vc_single_image image=&#8220;21356&#8243; img_size=&#8220;large&#8220; css=&#8220;&#8220;][\/vc_column][vc_column width=&#8220;2\/3&#8243; css=&#8220;.vc_custom_1729871526588{margin-bottom: 0px !important;padding-bottom: 0px !important;}&#8220;][vc_custom_heading text=&#8220;Entdecken Sie Promo Camping Corse: Ihr ideales Reiseziel f\u00fcr unglaubliche Angebote und einen unvergesslichen Urlaub zum kleinen Preis auf Korsika!&#8220; font_container=&#8220;tag:h2|text_align:left|color:%23000000&#8243; use_theme_fonts=&#8220;yes&#8220; css=&#8220;.vc_custom_1729871605523{margin-left: 50px !important;}&#8220;][vc_column_text css=&#8220;.vc_custom_1729871642516{margin-left: 50px !important;}&#8220;]<span id=\"wpaicg-chat-message-9518\" class=\"wpaicg-chat-message\">Wenn Sie sich einen unvergesslichen Aufenthalt auf dieser wundersch\u00f6nen Insel w\u00fcnschen, ist Promo Camping Corse Ihr bester Partner, um die besten Campingangebote zu finden.<\/span><\/p>\n<p><span id=\"wpaicg-chat-message-9518\" class=\"wpaicg-chat-message\">Ob Sie nun eine idyllische Umgebung am Meer oder eine intensive Erfahrung in der Natur suchen, unsere Plattform bietet Ihnen eine Auswahl an Partner-Campingpl\u00e4tzen mit au\u00dfergew\u00f6hnlichen Rabatten. Ob Hochsaison oder Nebensaison, profitieren Sie von Rabatten zwischen 10 % und 50 % auf sorgf\u00e4ltig ausgew\u00e4hlten Campingpl\u00e4tzen, die alle in zauberhaften Gegenden liegen. <\/span>[\/vc_column_text][\/vc_column][vc_column css=&#8220;.vc_custom_1729871538548{margin-top: 0px !important;padding-top: 0px !important;}&#8220;][vc_column_text css=&#8220;&#8220;]<\/p>\n<h3><span id=\"wpaicg-chat-message-9518\" class=\"wpaicg-chat-message\">Traumziele zwischen Meer und Bergen!<\/span><\/h3>\n<p><span id=\"wpaicg-chat-message-9518\" class=\"wpaicg-chat-message\">Mit Promo Camping Corse erleben Sie einzigartige Momente inmitten von Meeres- und Berglandschaften. Unsere Partner-Campingpl\u00e4tze sind ideal gelegen, so dass Sie die sch\u00f6nsten Str\u00e4nde der Insel leicht erreichen k\u00f6nnen und gleichzeitig von einer gesch\u00fctzten Natur profitieren. <\/span><\/p>\n<h3><span id=\"wpaicg-chat-message-9518\" class=\"wpaicg-chat-message\">Ein Erlebnis f\u00fcr alle!<\/span><\/h3>\n<p><span id=\"wpaicg-chat-message-9518\" class=\"wpaicg-chat-message\">Ob Sie mit der Familie, mit Freunden oder als Paar reisen, Promo Camping Corse wird alle Ihre Erwartungen erf\u00fcllen. Sie finden familienfreundliche Campingpl\u00e4tze mit Animation und Aktivit\u00e4ten f\u00fcr Kinder, aber auch ruhige Pl\u00e4tze f\u00fcr diejenigen, die Ruhe suchen. Unsere Partner bieten eine gro\u00dfe Auswahl an Unterk\u00fcnften, von traditionellen Zelten bis hin zu voll ausgestatteten Mobilheimen, so dass jeder das f\u00fcr ihn passende Angebot finden kann.  <\/span><\/p>\n<h3><b>Profitieren Sie von au\u00dfergew\u00f6hnlichen Angeboten!<\/b><\/h3>\n<p><span id=\"wpaicg-chat-message-9518\" class=\"wpaicg-chat-message\">Mit Promo Camping Corse entscheiden Sie sich f\u00fcr einen preisg\u00fcnstigen Urlaub, ohne Kompromisse bei Komfort und Qualit\u00e4t eingehen zu m\u00fcssen. Alle unsere Partner-Campingpl\u00e4tze sind bekannt f\u00fcr ihre famili\u00e4re Atmosph\u00e4re, ihre au\u00dfergew\u00f6hnliche Umgebung und ihre hochwertigen Dienstleistungen. Lassen Sie sich diese unglaublichen Angebote nicht entgehen!  <\/span>[\/vc_column_text][vc_btn title=&#8220;Buchen Sie jetzt!&#8220; style=&#8220;gradient-custom&#8220; gradient_custom_color_1=&#8220;#5694FF&#8220; gradient_custom_color_2=&#8220;#5694FF&#8220; size=&#8220;lg&#8220; i_icon_fontawesome=&#8220;fas fa-arrow-circle-right&#8220; css=&#8220;&#8220; add_icon=&#8220;true&#8220; link=&#8220;url:https%3A%2F%2Fpromo-camping-corse.com%2Fnos-promotions%2F|title:Unsere%20Angebote|target:_blank|&#8220;][vc_column_text css=&#8220;&#8220;]<span id=\"wpaicg-chat-message-9518\" class=\"wpaicg-chat-message\">Entdecken Sie unsere exklusiven Angebote und finden Sie den Campingplatz, der zu Ihnen passt. Mit Promo Camping Corse machen Sie Ihren Urlaub zu einem unvergesslichen Erlebnis an einem der sch\u00f6nsten Orte der Welt! <\/span>[\/vc_column_text][\/vc_column][\/vc_row][vc_row][vc_column][vc_raw_html]W3h5ei1pcHMgc25pcHBldD0iV2lkZ2V0LUd1ZXN0LVN1aXRlLVNpbXBsZSJd[\/vc_raw_html][\/vc_column][\/vc_row]<\/p>\n<\/div>","protected":false},"excerpt":{"rendered":"<p>[vc_row full_width=&#8220;stretch_row&#8220; css_animation=&#8220;fadeIn&#8220; css=&#8220;.vc_custom_1729871593586{background-image: url(https:\/\/www.camping-corse-du-sud.com\/wp-content\/uploads\/2024\/10\/fond-visuel-promo-camping-corse-voile30.jpg?id=21345) !important;background-position: center !important;background-repeat: no-repeat !important;background-size: cover !important;}&#8220;][vc_column][vc_empty_space height=&#8220;50px&#8220;][vc_row_inner][vc_column_inner][vc_empty_space height=&#8220;100px&#8220;][vc_custom_heading text=&#8220;Unsere Angebote mit unserem Partner Promo [&hellip;]<\/p>\n","protected":false},"author":3,"featured_media":25023,"parent":0,"menu_order":0,"comment_status":"closed","ping_status":"closed","template":"","meta":{"_seopress_robots_primary_cat":"","_seopress_titles_title":"Unsere Sonderangebote von Camping Corse du Sud","_seopress_titles_desc":"Wenn Sie sich einen unvergesslichen Aufenthalt auf dieser wundersch\u00f6nen Insel w\u00fcnschen, ist Promo Camping Corse Ihr bester Partner, um die besten Campingangebote zu finden.","_seopress_robots_index":"","_uag_custom_page_level_css":"","site-sidebar-layout":"default","site-content-layout":"","ast-site-content-layout":"default","site-content-style":"default","site-sidebar-style":"default","ast-global-header-display":"","ast-banner-title-visibility":"","ast-main-header-display":"","ast-hfb-above-header-display":"","ast-hfb-below-header-display":"","ast-hfb-mobile-header-display":"","site-post-title":"","ast-breadcrumbs-content":"","ast-featured-img":"","footer-sml-layout":"","ast-disable-related-posts":"","theme-transparent-header-meta":"","adv-header-id-meta":"","stick-header-meta":"","header-above-stick-meta":"","header-main-stick-meta":"","header-below-stick-meta":"","astra-migrate-meta-layouts":"default","ast-page-background-enabled":"default","ast-page-background-meta":{"desktop":{"background-color":"var(--ast-global-color-5)","background-image":"","background-repeat":"repeat","background-position":"center center","background-size":"auto","background-attachment":"scroll","background-type":"","background-media":"","overlay-type":"","overlay-color":"","overlay-opacity":"","overlay-gradient":""},"tablet":{"background-color":"","background-image":"","background-repeat":"repeat","background-position":"center center","background-size":"auto","background-attachment":"scroll","background-type":"","background-media":"","overlay-type":"","overlay-color":"","overlay-opacity":"","overlay-gradient":""},"mobile":{"background-color":"","background-image":"","background-repeat":"repeat","background-position":"center center","background-size":"auto","background-attachment":"scroll","background-type":"","background-media":"","overlay-type":"","overlay-color":"","overlay-opacity":"","overlay-gradient":""}},"ast-content-background-meta":{"desktop":{"background-color":"var(--ast-global-color-4)","background-image":"","background-repeat":"repeat","background-position":"center center","background-size":"auto","background-attachment":"scroll","background-type":"","background-media":"","overlay-type":"","overlay-color":"","overlay-opacity":"","overlay-gradient":""},"tablet":{"background-color":"var(--ast-global-color-4)","background-image":"","background-repeat":"repeat","background-position":"center center","background-size":"auto","background-attachment":"scroll","background-type":"","background-media":"","overlay-type":"","overlay-color":"","overlay-opacity":"","overlay-gradient":""},"mobile":{"background-color":"var(--ast-global-color-4)","background-image":"","background-repeat":"repeat","background-position":"center center","background-size":"auto","background-attachment":"scroll","background-type":"","background-media":"","overlay-type":"","overlay-color":"","overlay-opacity":"","overlay-gradient":""}},"_vp_format_video_url":"","_vp_image_focal_point":[],"footnotes":""},"categories":[],"tags":[],"class_list":["post-21388","page","type-page","status-publish","has-post-thumbnail"],"spectra_custom_meta":{"_vp_words_count":["351"],"_wpml_media_duplicate":["0"],"_wpml_media_featured":["1"],"_yoast_wpseo_primary_category":[""],"_top_nav_excluded":[""],"_cms_nav_minihome":[""],"_yoast_wpseo_title":["Unsere Sonderangebote von Camping Corse du Sud"],"_yoast_wpseo_metadesc":["Wenn Sie sich einen unvergesslichen Aufenthalt auf dieser wundersch\u00f6nen Insel w\u00fcnschen, ist Promo Camping Corse Ihr bester Partner, um die besten Campingangebote zu finden."],"_wpb_shortcodes_custom_css":[".vc_custom_1729871593586{background-image: url(https:\/\/www.camping-corse-du-sud.com\/wp-content\/uploads\/2024\/10\/fond-visuel-promo-camping-corse-voile30.jpg?id=21345) !important;background-position: center !important;background-repeat: no-repeat !important;background-size: cover !important;}.vc_custom_1729871526588{margin-bottom: 0px !important;padding-bottom: 0px !important;}.vc_custom_1729871538548{margin-top: 0px !important;padding-top: 0px !important;}.vc_custom_1729871605523{margin-left: 50px !important;}.vc_custom_1729871642516{margin-left: 50px !important;}"],"_thumbnail_id":["25023"],"_wpb_shortcodes_default_css":[".vc_do_custom_heading{margin-bottom:0.625rem;margin-top:0;}.vc_do_custom_heading{margin-bottom:0.625rem;margin-top:0;}.vc_do_btn{margin-bottom:22px;}"],"_wpb_shortcodes_default_css_updated":["1"],"_wpb_shortcodes_custom_css_updated":["1"],"_last_translation_edit_mode":["translation-editor"],"_wp_page_template":[""],"_cmplz_scanned_post":["1"],"_seopress_titles_title":["Unsere Sonderangebote von Camping Corse du Sud"],"_seopress_titles_desc":["Wenn Sie sich einen unvergesslichen Aufenthalt auf dieser wundersch\u00f6nen Insel w\u00fcnschen, ist Promo Camping Corse Ihr bester Partner, um die besten Campingangebote zu finden."],"rank_math_title":["Unsere Sonderangebote von Camping Corse du Sud"],"rank_math_description":["Wenn Sie sich einen unvergesslichen Aufenthalt auf dieser wundersch\u00f6nen Insel w\u00fcnschen, ist Promo Camping Corse Ihr bester Partner, um die besten Campingangebote zu finden."],"rank_math_news_sitemap_robots":["index"],"rank_math_robots":["a:1:{i:0;s:5:\"index\";}"],"rank_math_internal_links_processed":["1"],"rank_math_analytic_object_id":["109"],"rank_math_primary_category":["0"],"_uag_page_assets":["a:9:{s:3:\"css\";s:7859:\".wp-block-uagb-container{display:flex;position:relative;box-sizing:border-box;transition-property:box-shadow;transition-duration:0.2s;transition-timing-function:ease}.wp-block-uagb-container .spectra-container-link-overlay{bottom:0;left:0;position:absolute;right:0;top:0;z-index:10}.wp-block-uagb-container.uagb-is-root-container{margin-left:auto;margin-right:auto}.wp-block-uagb-container.alignfull.uagb-is-root-container .uagb-container-inner-blocks-wrap{display:flex;position:relative;box-sizing:border-box;margin-left:auto !important;margin-right:auto !important}.wp-block-uagb-container .wp-block-uagb-blockquote,.wp-block-uagb-container .wp-block-spectra-pro-login,.wp-block-uagb-container .wp-block-spectra-pro-register{margin:unset}.wp-block-uagb-container .uagb-container__video-wrap{height:100%;width:100%;top:0;left:0;position:absolute;overflow:hidden;-webkit-transition:opacity 1s;-o-transition:opacity 1s;transition:opacity 1s}.wp-block-uagb-container .uagb-container__video-wrap video{max-width:100%;width:100%;height:100%;margin:0;line-height:1;border:none;display:inline-block;vertical-align:baseline;-o-object-fit:cover;object-fit:cover;background-size:cover}.wp-block-uagb-container.uagb-layout-grid{display:grid;width:100%}.wp-block-uagb-container.uagb-layout-grid>.uagb-container-inner-blocks-wrap{display:inherit;width:inherit}.wp-block-uagb-container.uagb-layout-grid>.uagb-container-inner-blocks-wrap>.wp-block-uagb-container{max-width:unset !important;width:unset !important}.wp-block-uagb-container.uagb-layout-grid>.wp-block-uagb-container{max-width:unset !important;width:unset !important}.wp-block-uagb-container.uagb-layout-grid.uagb-is-root-container{margin-left:auto;margin-right:auto}.wp-block-uagb-container.uagb-layout-grid.uagb-is-root-container>.wp-block-uagb-container{max-width:unset !important;width:unset !important}.wp-block-uagb-container.uagb-layout-grid.alignwide.uagb-is-root-container{margin-left:auto;margin-right:auto}.wp-block-uagb-container.uagb-layout-grid.alignfull.uagb-is-root-container .uagb-container-inner-blocks-wrap{display:inherit;position:relative;box-sizing:border-box;margin-left:auto !important;margin-right:auto !important}body .wp-block-uagb-container>.uagb-container-inner-blocks-wrap>*:not(.wp-block-uagb-container):not(.wp-block-uagb-column):not(.wp-block-uagb-container):not(.wp-block-uagb-section):not(.uagb-container__shape):not(.uagb-container__video-wrap):not(.wp-block-spectra-pro-register):not(.wp-block-spectra-pro-login):not(.uagb-slider-container):not(.spectra-image-gallery__control-lightbox):not(.wp-block-uagb-info-box),body .wp-block-uagb-container>.uagb-container-inner-blocks-wrap,body .wp-block-uagb-container>*:not(.wp-block-uagb-container):not(.wp-block-uagb-column):not(.wp-block-uagb-container):not(.wp-block-uagb-section):not(.uagb-container__shape):not(.uagb-container__video-wrap):not(.wp-block-spectra-pro-register):not(.wp-block-spectra-pro-login):not(.uagb-slider-container):not(.spectra-container-link-overlay):not(.spectra-image-gallery__control-lightbox):not(.wp-block-uagb-lottie):not(.uagb-faq__outer-wrap){min-width:unset !important;width:100%;position:relative}body .ast-container .wp-block-uagb-container>.uagb-container-inner-blocks-wrap>.wp-block-uagb-container>ul,body .ast-container .wp-block-uagb-container>.uagb-container-inner-blocks-wrap>.wp-block-uagb-container ol,body .ast-container .wp-block-uagb-container>.uagb-container-inner-blocks-wrap>ul,body .ast-container .wp-block-uagb-container>.uagb-container-inner-blocks-wrap ol{max-width:-webkit-fill-available;margin-block-start:0;margin-block-end:0;margin-left:20px}.ast-plain-container .editor-styles-wrapper .block-editor-block-list__layout.is-root-container .uagb-is-root-container.wp-block-uagb-container.alignwide{margin-left:auto;margin-right:auto}.uagb-container__shape{overflow:hidden;position:absolute;left:0;width:100%;line-height:0;direction:ltr}.uagb-container__shape-top{top:-3px}.uagb-container__shape-bottom{bottom:-3px}.uagb-container__shape.uagb-container__invert.uagb-container__shape-bottom,.uagb-container__shape.uagb-container__invert.uagb-container__shape-top{-webkit-transform:rotate(180deg);-ms-transform:rotate(180deg);transform:rotate(180deg)}.uagb-container__shape.uagb-container__shape-flip svg{transform:translateX(-50%) rotateY(180deg)}.uagb-container__shape svg{display:block;width:-webkit-calc(100% + 1.3px);width:calc(100% + 1.3px);position:relative;left:50%;-webkit-transform:translateX(-50%);-ms-transform:translateX(-50%);transform:translateX(-50%)}.uagb-container__shape .uagb-container__shape-fill{-webkit-transform-origin:center;-ms-transform-origin:center;transform-origin:center;-webkit-transform:rotateY(0deg);transform:rotateY(0deg)}.uagb-container__shape.uagb-container__shape-above-content{z-index:9;pointer-events:none}.nv-single-page-wrap .nv-content-wrap.entry-content .wp-block-uagb-container.alignfull{margin-left:calc(50% - 50vw);margin-right:calc(50% - 50vw)}@media only screen and (max-width: 767px){.wp-block-uagb-container .wp-block-uagb-advanced-heading{width:-webkit-fill-available}}.wp-block-uagb-image--align-none{justify-content:center}\n.wp-block-uagb-container.uagb-block-360db477 .uagb-container__shape-top svg{width: calc( 100% + 1.3px );}.wp-block-uagb-container.uagb-block-360db477 .uagb-container__shape.uagb-container__shape-top .uagb-container__shape-fill{fill: rgba(51,51,51,1);}.wp-block-uagb-container.uagb-block-360db477 .uagb-container__shape-bottom svg{width: calc( 100% + 1.3px );}.wp-block-uagb-container.uagb-block-360db477 .uagb-container__shape.uagb-container__shape-bottom .uagb-container__shape-fill{fill: rgba(51,51,51,1);}.wp-block-uagb-container.uagb-block-360db477 .uagb-container__video-wrap video{opacity: 1;}.wp-block-uagb-container.uagb-is-root-container .uagb-block-360db477{max-width: 100%;width: 100%;}.wp-block-uagb-container.uagb-is-root-container.alignfull.uagb-block-360db477 > .uagb-container-inner-blocks-wrap{--inner-content-custom-width: min( 100%, 1600px);max-width: var(--inner-content-custom-width);width: 100%;flex-direction: column;align-items: center;justify-content: center;flex-wrap: nowrap;row-gap: 20px;column-gap: 20px;}.wp-block-uagb-container.uagb-block-360db477{box-shadow: 0px 0px   #00000070 ;padding-top: 10px;padding-bottom: 10px;padding-left: 10px;padding-right: 10px;margin-top:  !important;margin-bottom:  !important;overflow: visible;order: initial;border-color: inherit;row-gap: 20px;column-gap: 20px;}@media only screen and (max-width: 976px) {.wp-block-uagb-container.uagb-is-root-container .uagb-block-360db477{width: 100%;}.wp-block-uagb-container.uagb-is-root-container.alignfull.uagb-block-360db477 > .uagb-container-inner-blocks-wrap{--inner-content-custom-width: min( 100%, 1024px);max-width: var(--inner-content-custom-width);width: 100%;}.wp-block-uagb-container.uagb-block-360db477{padding-top: 10px;padding-bottom: 10px;padding-left: 10px;padding-right: 10px;margin-top:  !important;margin-bottom:  !important;order: initial;}}@media only screen and (max-width: 767px) {.wp-block-uagb-container.uagb-is-root-container .uagb-block-360db477{max-width: 100%;width: 100%;}.wp-block-uagb-container.uagb-is-root-container.alignfull.uagb-block-360db477 > .uagb-container-inner-blocks-wrap{--inner-content-custom-width: min( 100%, 767px);max-width: var(--inner-content-custom-width);width: 100%;flex-wrap: wrap;}.wp-block-uagb-container.uagb-block-360db477{padding-top: 10px;padding-bottom: 10px;padding-left: 10px;padding-right: 10px;margin-top:  !important;margin-bottom:  !important;order: initial;}}.uag-blocks-common-selector{z-index:var(--z-index-desktop) !important}@media (max-width: 976px){.uag-blocks-common-selector{z-index:var(--z-index-tablet) !important}}@media (max-width: 767px){.uag-blocks-common-selector{z-index:var(--z-index-mobile) !important}}\n\";s:2:\"js\";s:0:\"\";s:18:\"current_block_list\";a:4:{i:0;s:14:\"uagb\/container\";i:1;s:12:\"core\/heading\";i:2;s:14:\"core\/paragraph\";i:3;s:14:\"core\/shortcode\";}s:8:\"uag_flag\";b:1;s:11:\"uag_version\";s:10:\"1775138354\";s:6:\"gfonts\";a:0:{}s:10:\"gfonts_url\";s:0:\"\";s:12:\"gfonts_files\";a:0:{}s:14:\"uag_faq_layout\";b:0;}"],"_uag_css_file_name":["uag-css-21388.css"]},"uagb_featured_image_src":{"full":["https:\/\/dev.camping-corse-du-sud.com\/wp-content\/uploads\/2025\/01\/huile_olive_echantillons_olives_bouteilles_naturelle_artisanale.jpg",960,540,false],"thumbnail":["https:\/\/dev.camping-corse-du-sud.com\/wp-content\/uploads\/2025\/01\/huile_olive_echantillons_olives_bouteilles_naturelle_artisanale-150x150.jpg",150,150,true],"medium":["https:\/\/dev.camping-corse-du-sud.com\/wp-content\/uploads\/2025\/01\/huile_olive_echantillons_olives_bouteilles_naturelle_artisanale-300x169.jpg",300,169,true],"medium_large":["https:\/\/dev.camping-corse-du-sud.com\/wp-content\/uploads\/2025\/01\/huile_olive_echantillons_olives_bouteilles_naturelle_artisanale-768x432.jpg",768,432,true],"large":["https:\/\/dev.camping-corse-du-sud.com\/wp-content\/uploads\/2025\/01\/huile_olive_echantillons_olives_bouteilles_naturelle_artisanale.jpg",960,540,false],"1536x1536":["https:\/\/dev.camping-corse-du-sud.com\/wp-content\/uploads\/2025\/01\/huile_olive_echantillons_olives_bouteilles_naturelle_artisanale.jpg",960,540,false],"2048x2048":["https:\/\/dev.camping-corse-du-sud.com\/wp-content\/uploads\/2025\/01\/huile_olive_echantillons_olives_bouteilles_naturelle_artisanale.jpg",960,540,false],"vp_sm":["https:\/\/dev.camping-corse-du-sud.com\/wp-content\/uploads\/2025\/01\/huile_olive_echantillons_olives_bouteilles_naturelle_artisanale-500x281.jpg",500,281,true],"vp_md":["https:\/\/dev.camping-corse-du-sud.com\/wp-content\/uploads\/2025\/01\/huile_olive_echantillons_olives_bouteilles_naturelle_artisanale-800x450.jpg",800,450,true],"vp_lg":["https:\/\/dev.camping-corse-du-sud.com\/wp-content\/uploads\/2025\/01\/huile_olive_echantillons_olives_bouteilles_naturelle_artisanale.jpg",960,540,false],"vp_xl":["https:\/\/dev.camping-corse-du-sud.com\/wp-content\/uploads\/2025\/01\/huile_olive_echantillons_olives_bouteilles_naturelle_artisanale.jpg",960,540,false],"vp_sm_popup":["https:\/\/dev.camping-corse-du-sud.com\/wp-content\/uploads\/2025\/01\/huile_olive_echantillons_olives_bouteilles_naturelle_artisanale-500x281.jpg",500,281,true],"vp_md_popup":["https:\/\/dev.camping-corse-du-sud.com\/wp-content\/uploads\/2025\/01\/huile_olive_echantillons_olives_bouteilles_naturelle_artisanale-800x450.jpg",800,450,true],"vp_xl_popup":["https:\/\/dev.camping-corse-du-sud.com\/wp-content\/uploads\/2025\/01\/huile_olive_echantillons_olives_bouteilles_naturelle_artisanale.jpg",960,540,false]},"uagb_author_info":{"display_name":"Edouard","author_link":"https:\/\/dev.camping-corse-du-sud.com\/de\/author\/edouard\/"},"uagb_comment_info":0,"uagb_excerpt":"[vc_row full_width=&#8220;stretch_row&#8220; css_animation=&#8220;fadeIn&#8220; css=&#8220;.vc_custom_1729871593586{background-image: url(https:\/\/www.camping-corse-du-sud.com\/wp-content\/uploads\/2024\/10\/fond-visuel-promo-camping-corse-voile30.jpg?id=21345) !important;background-position: center !important;background-repeat: no-repeat !important;background-size: cover !important;}&#8220;][vc_column][vc_empty_space height=&#8220;50px&#8220;][vc_row_inner][vc_column_inner][vc_empty_space height=&#8220;100px&#8220;][vc_custom_heading text=&#8220;Unsere Angebote mit unserem Partner Promo [&hellip;]","_links":{"self":[{"href":"https:\/\/dev.camping-corse-du-sud.com\/de\/wp-json\/wp\/v2\/pages\/21388","targetHints":{"allow":["GET"]}}],"collection":[{"href":"https:\/\/dev.camping-corse-du-sud.com\/de\/wp-json\/wp\/v2\/pages"}],"about":[{"href":"https:\/\/dev.camping-corse-du-sud.com\/de\/wp-json\/wp\/v2\/types\/page"}],"author":[{"embeddable":true,"href":"https:\/\/dev.camping-corse-du-sud.com\/de\/wp-json\/wp\/v2\/users\/3"}],"replies":[{"embeddable":true,"href":"https:\/\/dev.camping-corse-du-sud.com\/de\/wp-json\/wp\/v2\/comments?post=21388"}],"version-history":[{"count":0,"href":"https:\/\/dev.camping-corse-du-sud.com\/de\/wp-json\/wp\/v2\/pages\/21388\/revisions"}],"wp:featuredmedia":[{"embeddable":true,"href":"https:\/\/dev.camping-corse-du-sud.com\/de\/wp-json\/wp\/v2\/media\/25023"}],"wp:attachment":[{"href":"https:\/\/dev.camping-corse-du-sud.com\/de\/wp-json\/wp\/v2\/media?parent=21388"}],"wp:term":[{"taxonomy":"category","embeddable":true,"href":"https:\/\/dev.camping-corse-du-sud.com\/de\/wp-json\/wp\/v2\/categories?post=21388"},{"taxonomy":"post_tag","embeddable":true,"href":"https:\/\/dev.camping-corse-du-sud.com\/de\/wp-json\/wp\/v2\/tags?post=21388"}],"curies":[{"name":"wp","href":"https:\/\/api.w.org\/{rel}","templated":true}]}}