{"id":20760,"date":"2020-07-01T15:41:57","date_gmt":"2020-07-01T13:41:57","guid":{"rendered":"https:\/\/www.camping-corse-du-sud.com\/monte-cinto\/"},"modified":"2025-02-18T14:58:10","modified_gmt":"2025-02-18T13:58:10","slug":"monte-cinto","status":"publish","type":"page","link":"https:\/\/dev.camping-corse-du-sud.com\/de\/monte-cinto\/","title":{"rendered":"Monte Cinto"},"content":{"rendered":"<div class=\"wpb-content-wrapper\"><p>[vc_row full_width=&#8220;stretch_row_content&#8220; css_animation=&#8220;fadeIn&#8220; css=&#8220;.vc_custom_1593610915037{background-image: url(https:\/\/www.camping-corse-du-sud.com\/wp-content\/uploads\/2020\/07\/visuel-plus-beaux-endroits-monte-cinto-interne-bandeau-voile50.jpg?id=3501) !important;background-position: center !important;background-repeat: no-repeat !important;background-size: cover !important;}&#8220;][vc_column][vc_empty_space height=&#8220;100px&#8220;][vc_custom_heading text=&#8220;DER MONTE CINTO&#8220; font_container=&#8220;tag:h1|text_align:center|color:%23ffffff&#8220; use_theme_fonts=&#8220;yes&#8220;][vc_empty_space height=&#8220;100px&#8220;][vc_row_inner][vc_column_inner][vc_empty_space height=&#8220;50px&#8220;][\/vc_column_inner][\/vc_row_inner][\/vc_column][\/vc_row][vc_row gap=&#8220;20&#8243;][vc_column width=&#8220;1\/2&#8243;][vc_single_image image=&#8220;10317&#8243; img_size=&#8220;full&#8220; onclick=&#8220;zoom&#8220;][\/vc_column][vc_column width=&#8220;1\/2&#8243;][vc_custom_heading text=&#8220;Der Monte Cinto&#8220; font_container=&#8220;tag:h2|text_align:left|color:%23000000&#8243; use_theme_fonts=&#8220;yes&#8220; css_animation=&#8220;fadeIn&#8220;][vc_separator color=&#8220;custom&#8220; align=&#8220;align_left&#8220; border_width=&#8220;2&#8243; el_width=&#8220;30&#8243; accent_color=&#8220;#b0d049&#8243;][vc_column_text css=&#8220;&#8220;]<\/p>\n<h3>Monte Cito \u2013 Wanderung auf das Dach Korsikas<\/h3>\n<p>Berg- und Wanderbegeisterte werden es genie\u00dfen, Korsika und die Auswahl an Aktivit\u00e4ten und Landschaften zu entdecken, die es zu bieten hat. Der Monte Cinto geh\u00f6rt zu den bekanntesten und h\u00f6chsten Gipfeln Korsikas und gipfelt auf 2706 Metern H\u00f6he vom Bahnhof Haut-Asco inmitten der Laricio-Kiefern. <strong>Monte Sito liegt<\/strong> in Haute-Corse zwischen den Gemeinden Asco und Vozzi und ist \u00fcber <a href=\"https:\/\/gr20-infos.com\/etapes\/nord-sud\/ascu-tighettu\/\">Etappe 4 des GR20<\/a> (Nord-S\u00fcd-Richtung) erreichbar.<\/p>\n<p>Von seiner H\u00f6he aus kann der Monte Cito nur majest\u00e4tisch sein, ein scharfer Felsen, der der Berglandschaft Korsikas trotzt. Der Weg dorthin wird zwangsl\u00e4ufig der GR20 sein, eine Schl\u00fcsseletappe dieses Wanderwegs.<\/p>\n<h3>Die korsischen Berge\u2026 anspruchsvolle Gipfel \u00fcber den GR20<\/h3>\n<p>Korsika besteht im Wesentlichen aus einer langen Bergkette, die in vier Massive unterteilt ist. Von Norden nach S\u00fcden: das Monte-Cinto-Massiv, das <a href=\"https:\/\/www.camping-corse-du-sud.com\/de\/monte-rotondo\/\">Monte-Rotondo<\/a>-Massiv, der Renoso und schlie\u00dflich das Monte-Incudine-Massiv.<\/p>\n<p>Die Korsischen Berge sind oft feindselig und doch so faszinierend und bieten sportliche Routen, die den Geist und die Sch\u00f6nheit der Region Korsika und Nordkorsika noch mehr vorheben. Auf der GR20-Route ist der Monte Cito ein Gipfel, den man mit M\u00fche erk\u00e4mpft, aber bei der Ankunft ist die Sch\u00f6nheit fast \u00fcberw\u00e4ltigend!<\/p>\n<p>Im Vergleich zu den Alpen sind die korsischen Berge zwar nicht gerade einladend, aber gerade deshalb so faszinierend f\u00fcr Abenteurer, die Herausforderungen suchen. Seine Feindseligkeit und sein Stolz treiben ihn dazu, \u00fcber sich selbst hinauszuwachsen. In einer bergigen Umgebung ohne jegliche Tierwelt, der mangelnden Gastfreundschaft der Macchia, den strengen Gesichtern und der Stille verf\u00fchren die hohen korsischen Berge.<\/p>\n<p><em>\u201eDer korsische Berg ist ein Ort der Konfrontation. Wir kommen, um uns selbst Dinge zu beweisen und \u00fcber uns selbst hinauszuwachsen. Es ist ein Gegner, der dem Wunsch des Menschen, \u00fcber sich selbst hinauszuwachsen, w\u00fcrdig ist, was den Gedanken der Kontemplation in den Hintergrund dr\u00e4ngt. Korsika ist au\u00dferdem die perfekte Kombination aus H\u00f6henlage und K\u00fcstenlinie. Zwei diametral entgegengesetzte Universen, die dennoch zu ein und demselben Territorium verschmolzen\u201c (Quelle: <a href=\"http:\/\/www.carnetsderando.net\/\">http:\/\/www.carnetsderando.net<\/a>)<\/em><\/p>\n<p>Von der Spitze des Monte Cito aus verschmilzt das Meer mit dem Horizont. Sie k\u00f6nnen den Golf von Porto und Calvi sehen, aber auch die K\u00fcste von Al\u00e9ria im Osten. Die gro\u00dfen Gipfel Nordkorsikas werden alle enth\u00fcllt.[\/vc_column_text][\/vc_column][\/vc_row]<\/p>\n<\/div>","protected":false},"excerpt":{"rendered":"<p>[vc_row full_width=&#8220;stretch_row_content&#8220; css_animation=&#8220;fadeIn&#8220; css=&#8220;.vc_custom_1593610915037{background-image: url(https:\/\/www.camping-corse-du-sud.com\/wp-content\/uploads\/2020\/07\/visuel-plus-beaux-endroits-monte-cinto-interne-bandeau-voile50.jpg?id=3501) !important;background-position: center !important;background-repeat: no-repeat !important;background-size: cover !important;}&#8220;][vc_column][vc_empty_space height=&#8220;100px&#8220;][vc_custom_heading text=&#8220;DER MONTE CINTO&#8220; font_container=&#8220;tag:h1|text_align:center|color:%23ffffff&#8220; use_theme_fonts=&#8220;yes&#8220;][vc_empty_space height=&#8220;100px&#8220;][vc_row_inner][vc_column_inner][vc_empty_space height=&#8220;50px&#8220;][\/vc_column_inner][\/vc_row_inner][\/vc_column][\/vc_row][vc_row [&hellip;]<\/p>\n","protected":false},"author":3,"featured_media":24655,"parent":0,"menu_order":0,"comment_status":"closed","ping_status":"closed","template":"","meta":{"_seopress_robots_primary_cat":"","_seopress_titles_title":"","_seopress_titles_desc":"Fordern Sie den korsischen Berg heraus: Aufgrund seiner H\u00f6he kann der Monte Cito nur majest\u00e4tisch sein, ein scharfer Felsen, der die Berglandschaft Nordkorsikas herausfordert","_seopress_robots_index":"","_uag_custom_page_level_css":"","site-sidebar-layout":"default","site-content-layout":"","ast-site-content-layout":"default","site-content-style":"default","site-sidebar-style":"default","ast-global-header-display":"","ast-banner-title-visibility":"","ast-main-header-display":"","ast-hfb-above-header-display":"","ast-hfb-below-header-display":"","ast-hfb-mobile-header-display":"","site-post-title":"","ast-breadcrumbs-content":"","ast-featured-img":"","footer-sml-layout":"","ast-disable-related-posts":"","theme-transparent-header-meta":"","adv-header-id-meta":"","stick-header-meta":"","header-above-stick-meta":"","header-main-stick-meta":"","header-below-stick-meta":"","astra-migrate-meta-layouts":"default","ast-page-background-enabled":"default","ast-page-background-meta":{"desktop":{"background-color":"var(--ast-global-color-5)","background-image":"","background-repeat":"repeat","background-position":"center center","background-size":"auto","background-attachment":"scroll","background-type":"","background-media":"","overlay-type":"","overlay-color":"","overlay-opacity":"","overlay-gradient":""},"tablet":{"background-color":"","background-image":"","background-repeat":"repeat","background-position":"center center","background-size":"auto","background-attachment":"scroll","background-type":"","background-media":"","overlay-type":"","overlay-color":"","overlay-opacity":"","overlay-gradient":""},"mobile":{"background-color":"","background-image":"","background-repeat":"repeat","background-position":"center center","background-size":"auto","background-attachment":"scroll","background-type":"","background-media":"","overlay-type":"","overlay-color":"","overlay-opacity":"","overlay-gradient":""}},"ast-content-background-meta":{"desktop":{"background-color":"var(--ast-global-color-4)","background-image":"","background-repeat":"repeat","background-position":"center center","background-size":"auto","background-attachment":"scroll","background-type":"","background-media":"","overlay-type":"","overlay-color":"","overlay-opacity":"","overlay-gradient":""},"tablet":{"background-color":"var(--ast-global-color-4)","background-image":"","background-repeat":"repeat","background-position":"center center","background-size":"auto","background-attachment":"scroll","background-type":"","background-media":"","overlay-type":"","overlay-color":"","overlay-opacity":"","overlay-gradient":""},"mobile":{"background-color":"var(--ast-global-color-4)","background-image":"","background-repeat":"repeat","background-position":"center center","background-size":"auto","background-attachment":"scroll","background-type":"","background-media":"","overlay-type":"","overlay-color":"","overlay-opacity":"","overlay-gradient":""}},"_vp_format_video_url":"","_vp_image_focal_point":[],"footnotes":""},"categories":[],"tags":[],"class_list":["post-20760","page","type-page","status-publish","has-post-thumbnail"],"spectra_custom_meta":{"_vp_words_count":["392"],"_wpml_media_duplicate":["0"],"_wpml_media_featured":["1"],"_top_nav_excluded":[""],"_cms_nav_minihome":[""],"_wpb_shortcodes_custom_css":[".vc_custom_1593610915037{background-image: url(https:\/\/www.camping-corse-du-sud.com\/wp-content\/uploads\/2020\/07\/visuel-plus-beaux-endroits-monte-cinto-interne-bandeau-voile50.jpg?id=3501) !important;background-position: center !important;background-repeat: no-repeat !important;background-size: cover !important;}",".vc_custom_1593610915037{background-image: url(https:\/\/www.camping-corse-du-sud.com\/wp-content\/uploads\/2020\/07\/visuel-plus-beaux-endroits-monte-cinto-interne-bandeau-voile50.jpg?id=3501) !important;background-position: center !important;background-repeat: no-repeat !important;background-size: cover !important;}",".vc_custom_1593610915037{background-image: url(https:\/\/www.camping-corse-du-sud.com\/wp-content\/uploads\/2020\/07\/visuel-plus-beaux-endroits-monte-cinto-interne-bandeau-voile50.jpg?id=3501) !important;background-position: center !important;background-repeat: no-repeat !important;background-size: cover !important;}",".vc_custom_1593610915037{background-image: url(https:\/\/www.camping-corse-du-sud.com\/wp-content\/uploads\/2020\/07\/visuel-plus-beaux-endroits-monte-cinto-interne-bandeau-voile50.jpg?id=3501) !important;background-position: center !important;background-repeat: no-repeat !important;background-size: cover !important;}"],"_thumbnail_id":["24655"],"_last_translation_edit_mode":["translation-editor"],"_wp_page_template":[""],"_yoast_wpseo_primary_category":[""],"_wpb_shortcodes_default_css":[".vc_do_custom_heading{margin-bottom:0.625rem;margin-top:0;}"],"_wpb_shortcodes_default_css_updated":["1"],"_wpb_shortcodes_custom_css_updated":["1"],"rank_math_news_sitemap_robots":["index"],"rank_math_robots":["a:1:{i:0;s:5:\"index\";}"],"rank_math_analytic_object_id":["2645"],"rank_math_internal_links_processed":["1"],"_yoast_wpseo_metadesc":["Fordern Sie den korsischen Berg heraus: Aufgrund seiner H\u00f6he kann der Monte Cito nur majest\u00e4tisch sein, ein scharfer Felsen, der die Berglandschaft Nordkorsikas herausfordert"],"_seopress_titles_desc":["Fordern Sie den korsischen Berg heraus: Aufgrund seiner H\u00f6he kann der Monte Cito nur majest\u00e4tisch sein, ein scharfer Felsen, der die Berglandschaft Nordkorsikas herausfordert"],"rank_math_description":["Fordern Sie den korsischen Berg heraus: Aufgrund seiner H\u00f6he kann der Monte Cito nur majest\u00e4tisch sein, ein scharfer Felsen, der die Berglandschaft Nordkorsikas herausfordert"],"rank_math_primary_category":["0"],"_uag_page_assets":["a:9:{s:3:\"css\";s:7859:\".wp-block-uagb-container{display:flex;position:relative;box-sizing:border-box;transition-property:box-shadow;transition-duration:0.2s;transition-timing-function:ease}.wp-block-uagb-container .spectra-container-link-overlay{bottom:0;left:0;position:absolute;right:0;top:0;z-index:10}.wp-block-uagb-container.uagb-is-root-container{margin-left:auto;margin-right:auto}.wp-block-uagb-container.alignfull.uagb-is-root-container .uagb-container-inner-blocks-wrap{display:flex;position:relative;box-sizing:border-box;margin-left:auto !important;margin-right:auto !important}.wp-block-uagb-container .wp-block-uagb-blockquote,.wp-block-uagb-container .wp-block-spectra-pro-login,.wp-block-uagb-container .wp-block-spectra-pro-register{margin:unset}.wp-block-uagb-container .uagb-container__video-wrap{height:100%;width:100%;top:0;left:0;position:absolute;overflow:hidden;-webkit-transition:opacity 1s;-o-transition:opacity 1s;transition:opacity 1s}.wp-block-uagb-container .uagb-container__video-wrap video{max-width:100%;width:100%;height:100%;margin:0;line-height:1;border:none;display:inline-block;vertical-align:baseline;-o-object-fit:cover;object-fit:cover;background-size:cover}.wp-block-uagb-container.uagb-layout-grid{display:grid;width:100%}.wp-block-uagb-container.uagb-layout-grid>.uagb-container-inner-blocks-wrap{display:inherit;width:inherit}.wp-block-uagb-container.uagb-layout-grid>.uagb-container-inner-blocks-wrap>.wp-block-uagb-container{max-width:unset !important;width:unset !important}.wp-block-uagb-container.uagb-layout-grid>.wp-block-uagb-container{max-width:unset !important;width:unset !important}.wp-block-uagb-container.uagb-layout-grid.uagb-is-root-container{margin-left:auto;margin-right:auto}.wp-block-uagb-container.uagb-layout-grid.uagb-is-root-container>.wp-block-uagb-container{max-width:unset !important;width:unset !important}.wp-block-uagb-container.uagb-layout-grid.alignwide.uagb-is-root-container{margin-left:auto;margin-right:auto}.wp-block-uagb-container.uagb-layout-grid.alignfull.uagb-is-root-container .uagb-container-inner-blocks-wrap{display:inherit;position:relative;box-sizing:border-box;margin-left:auto !important;margin-right:auto !important}body .wp-block-uagb-container>.uagb-container-inner-blocks-wrap>*:not(.wp-block-uagb-container):not(.wp-block-uagb-column):not(.wp-block-uagb-container):not(.wp-block-uagb-section):not(.uagb-container__shape):not(.uagb-container__video-wrap):not(.wp-block-spectra-pro-register):not(.wp-block-spectra-pro-login):not(.uagb-slider-container):not(.spectra-image-gallery__control-lightbox):not(.wp-block-uagb-info-box),body .wp-block-uagb-container>.uagb-container-inner-blocks-wrap,body .wp-block-uagb-container>*:not(.wp-block-uagb-container):not(.wp-block-uagb-column):not(.wp-block-uagb-container):not(.wp-block-uagb-section):not(.uagb-container__shape):not(.uagb-container__video-wrap):not(.wp-block-spectra-pro-register):not(.wp-block-spectra-pro-login):not(.uagb-slider-container):not(.spectra-container-link-overlay):not(.spectra-image-gallery__control-lightbox):not(.wp-block-uagb-lottie):not(.uagb-faq__outer-wrap){min-width:unset !important;width:100%;position:relative}body .ast-container .wp-block-uagb-container>.uagb-container-inner-blocks-wrap>.wp-block-uagb-container>ul,body .ast-container .wp-block-uagb-container>.uagb-container-inner-blocks-wrap>.wp-block-uagb-container ol,body .ast-container .wp-block-uagb-container>.uagb-container-inner-blocks-wrap>ul,body .ast-container .wp-block-uagb-container>.uagb-container-inner-blocks-wrap ol{max-width:-webkit-fill-available;margin-block-start:0;margin-block-end:0;margin-left:20px}.ast-plain-container .editor-styles-wrapper .block-editor-block-list__layout.is-root-container .uagb-is-root-container.wp-block-uagb-container.alignwide{margin-left:auto;margin-right:auto}.uagb-container__shape{overflow:hidden;position:absolute;left:0;width:100%;line-height:0;direction:ltr}.uagb-container__shape-top{top:-3px}.uagb-container__shape-bottom{bottom:-3px}.uagb-container__shape.uagb-container__invert.uagb-container__shape-bottom,.uagb-container__shape.uagb-container__invert.uagb-container__shape-top{-webkit-transform:rotate(180deg);-ms-transform:rotate(180deg);transform:rotate(180deg)}.uagb-container__shape.uagb-container__shape-flip svg{transform:translateX(-50%) rotateY(180deg)}.uagb-container__shape svg{display:block;width:-webkit-calc(100% + 1.3px);width:calc(100% + 1.3px);position:relative;left:50%;-webkit-transform:translateX(-50%);-ms-transform:translateX(-50%);transform:translateX(-50%)}.uagb-container__shape .uagb-container__shape-fill{-webkit-transform-origin:center;-ms-transform-origin:center;transform-origin:center;-webkit-transform:rotateY(0deg);transform:rotateY(0deg)}.uagb-container__shape.uagb-container__shape-above-content{z-index:9;pointer-events:none}.nv-single-page-wrap .nv-content-wrap.entry-content .wp-block-uagb-container.alignfull{margin-left:calc(50% - 50vw);margin-right:calc(50% - 50vw)}@media only screen and (max-width: 767px){.wp-block-uagb-container .wp-block-uagb-advanced-heading{width:-webkit-fill-available}}.wp-block-uagb-image--align-none{justify-content:center}\n.wp-block-uagb-container.uagb-block-360db477 .uagb-container__shape-top svg{width: calc( 100% + 1.3px );}.wp-block-uagb-container.uagb-block-360db477 .uagb-container__shape.uagb-container__shape-top .uagb-container__shape-fill{fill: rgba(51,51,51,1);}.wp-block-uagb-container.uagb-block-360db477 .uagb-container__shape-bottom svg{width: calc( 100% + 1.3px );}.wp-block-uagb-container.uagb-block-360db477 .uagb-container__shape.uagb-container__shape-bottom .uagb-container__shape-fill{fill: rgba(51,51,51,1);}.wp-block-uagb-container.uagb-block-360db477 .uagb-container__video-wrap video{opacity: 1;}.wp-block-uagb-container.uagb-is-root-container .uagb-block-360db477{max-width: 100%;width: 100%;}.wp-block-uagb-container.uagb-is-root-container.alignfull.uagb-block-360db477 > .uagb-container-inner-blocks-wrap{--inner-content-custom-width: min( 100%, 1600px);max-width: var(--inner-content-custom-width);width: 100%;flex-direction: column;align-items: center;justify-content: center;flex-wrap: nowrap;row-gap: 20px;column-gap: 20px;}.wp-block-uagb-container.uagb-block-360db477{box-shadow: 0px 0px   #00000070 ;padding-top: 10px;padding-bottom: 10px;padding-left: 10px;padding-right: 10px;margin-top:  !important;margin-bottom:  !important;overflow: visible;order: initial;border-color: inherit;row-gap: 20px;column-gap: 20px;}@media only screen and (max-width: 976px) {.wp-block-uagb-container.uagb-is-root-container .uagb-block-360db477{width: 100%;}.wp-block-uagb-container.uagb-is-root-container.alignfull.uagb-block-360db477 > .uagb-container-inner-blocks-wrap{--inner-content-custom-width: min( 100%, 1024px);max-width: var(--inner-content-custom-width);width: 100%;}.wp-block-uagb-container.uagb-block-360db477{padding-top: 10px;padding-bottom: 10px;padding-left: 10px;padding-right: 10px;margin-top:  !important;margin-bottom:  !important;order: initial;}}@media only screen and (max-width: 767px) {.wp-block-uagb-container.uagb-is-root-container .uagb-block-360db477{max-width: 100%;width: 100%;}.wp-block-uagb-container.uagb-is-root-container.alignfull.uagb-block-360db477 > .uagb-container-inner-blocks-wrap{--inner-content-custom-width: min( 100%, 767px);max-width: var(--inner-content-custom-width);width: 100%;flex-wrap: wrap;}.wp-block-uagb-container.uagb-block-360db477{padding-top: 10px;padding-bottom: 10px;padding-left: 10px;padding-right: 10px;margin-top:  !important;margin-bottom:  !important;order: initial;}}.uag-blocks-common-selector{z-index:var(--z-index-desktop) !important}@media (max-width: 976px){.uag-blocks-common-selector{z-index:var(--z-index-tablet) !important}}@media (max-width: 767px){.uag-blocks-common-selector{z-index:var(--z-index-mobile) !important}}\n\";s:2:\"js\";s:0:\"\";s:18:\"current_block_list\";a:4:{i:0;s:14:\"uagb\/container\";i:1;s:12:\"core\/heading\";i:2;s:14:\"core\/paragraph\";i:3;s:14:\"core\/shortcode\";}s:8:\"uag_flag\";b:1;s:11:\"uag_version\";s:10:\"1775138354\";s:6:\"gfonts\";a:0:{}s:10:\"gfonts_url\";s:0:\"\";s:12:\"gfonts_files\";a:0:{}s:14:\"uag_faq_layout\";b:0;}"],"_uag_css_file_name":["uag-css-20760.css"]},"uagb_featured_image_src":{"full":["https:\/\/dev.camping-corse-du-sud.com\/wp-content\/uploads\/2025\/01\/croix-sommets-montagne-nature-granite-paysage-ruisseaux.jpg",500,333,false],"thumbnail":["https:\/\/dev.camping-corse-du-sud.com\/wp-content\/uploads\/2025\/01\/croix-sommets-montagne-nature-granite-paysage-ruisseaux-150x150.jpg",150,150,true],"medium":["https:\/\/dev.camping-corse-du-sud.com\/wp-content\/uploads\/2025\/01\/croix-sommets-montagne-nature-granite-paysage-ruisseaux-300x200.jpg",300,200,true],"medium_large":["https:\/\/dev.camping-corse-du-sud.com\/wp-content\/uploads\/2025\/01\/croix-sommets-montagne-nature-granite-paysage-ruisseaux.jpg",500,333,false],"large":["https:\/\/dev.camping-corse-du-sud.com\/wp-content\/uploads\/2025\/01\/croix-sommets-montagne-nature-granite-paysage-ruisseaux.jpg",500,333,false],"1536x1536":["https:\/\/dev.camping-corse-du-sud.com\/wp-content\/uploads\/2025\/01\/croix-sommets-montagne-nature-granite-paysage-ruisseaux.jpg",500,333,false],"2048x2048":["https:\/\/dev.camping-corse-du-sud.com\/wp-content\/uploads\/2025\/01\/croix-sommets-montagne-nature-granite-paysage-ruisseaux.jpg",500,333,false],"vp_sm":["https:\/\/dev.camping-corse-du-sud.com\/wp-content\/uploads\/2025\/01\/croix-sommets-montagne-nature-granite-paysage-ruisseaux.jpg",500,333,false],"vp_md":["https:\/\/dev.camping-corse-du-sud.com\/wp-content\/uploads\/2025\/01\/croix-sommets-montagne-nature-granite-paysage-ruisseaux.jpg",500,333,false],"vp_lg":["https:\/\/dev.camping-corse-du-sud.com\/wp-content\/uploads\/2025\/01\/croix-sommets-montagne-nature-granite-paysage-ruisseaux.jpg",500,333,false],"vp_xl":["https:\/\/dev.camping-corse-du-sud.com\/wp-content\/uploads\/2025\/01\/croix-sommets-montagne-nature-granite-paysage-ruisseaux.jpg",500,333,false],"vp_sm_popup":["https:\/\/dev.camping-corse-du-sud.com\/wp-content\/uploads\/2025\/01\/croix-sommets-montagne-nature-granite-paysage-ruisseaux.jpg",500,333,false],"vp_md_popup":["https:\/\/dev.camping-corse-du-sud.com\/wp-content\/uploads\/2025\/01\/croix-sommets-montagne-nature-granite-paysage-ruisseaux.jpg",500,333,false],"vp_xl_popup":["https:\/\/dev.camping-corse-du-sud.com\/wp-content\/uploads\/2025\/01\/croix-sommets-montagne-nature-granite-paysage-ruisseaux.jpg",500,333,false]},"uagb_author_info":{"display_name":"Edouard","author_link":"https:\/\/dev.camping-corse-du-sud.com\/de\/author\/edouard\/"},"uagb_comment_info":0,"uagb_excerpt":"[vc_row full_width=&#8220;stretch_row_content&#8220; css_animation=&#8220;fadeIn&#8220; css=&#8220;.vc_custom_1593610915037{background-image: url(https:\/\/www.camping-corse-du-sud.com\/wp-content\/uploads\/2020\/07\/visuel-plus-beaux-endroits-monte-cinto-interne-bandeau-voile50.jpg?id=3501) !important;background-position: center !important;background-repeat: no-repeat !important;background-size: cover !important;}&#8220;][vc_column][vc_empty_space height=&#8220;100px&#8220;][vc_custom_heading text=&#8220;DER MONTE CINTO&#8220; font_container=&#8220;tag:h1|text_align:center|color:%23ffffff&#8220; use_theme_fonts=&#8220;yes&#8220;][vc_empty_space height=&#8220;100px&#8220;][vc_row_inner][vc_column_inner][vc_empty_space height=&#8220;50px&#8220;][\/vc_column_inner][\/vc_row_inner][\/vc_column][\/vc_row][vc_row [&hellip;]","_links":{"self":[{"href":"https:\/\/dev.camping-corse-du-sud.com\/de\/wp-json\/wp\/v2\/pages\/20760","targetHints":{"allow":["GET"]}}],"collection":[{"href":"https:\/\/dev.camping-corse-du-sud.com\/de\/wp-json\/wp\/v2\/pages"}],"about":[{"href":"https:\/\/dev.camping-corse-du-sud.com\/de\/wp-json\/wp\/v2\/types\/page"}],"author":[{"embeddable":true,"href":"https:\/\/dev.camping-corse-du-sud.com\/de\/wp-json\/wp\/v2\/users\/3"}],"replies":[{"embeddable":true,"href":"https:\/\/dev.camping-corse-du-sud.com\/de\/wp-json\/wp\/v2\/comments?post=20760"}],"version-history":[{"count":0,"href":"https:\/\/dev.camping-corse-du-sud.com\/de\/wp-json\/wp\/v2\/pages\/20760\/revisions"}],"wp:featuredmedia":[{"embeddable":true,"href":"https:\/\/dev.camping-corse-du-sud.com\/de\/wp-json\/wp\/v2\/media\/24655"}],"wp:attachment":[{"href":"https:\/\/dev.camping-corse-du-sud.com\/de\/wp-json\/wp\/v2\/media?parent=20760"}],"wp:term":[{"taxonomy":"category","embeddable":true,"href":"https:\/\/dev.camping-corse-du-sud.com\/de\/wp-json\/wp\/v2\/categories?post=20760"},{"taxonomy":"post_tag","embeddable":true,"href":"https:\/\/dev.camping-corse-du-sud.com\/de\/wp-json\/wp\/v2\/tags?post=20760"}],"curies":[{"name":"wp","href":"https:\/\/api.w.org\/{rel}","templated":true}]}}