{"id":19428,"date":"2020-05-23T21:34:01","date_gmt":"2020-05-23T19:34:01","guid":{"rendered":"https:\/\/www.camping-corse-du-sud.com\/die-stufen-im-mobilheim\/"},"modified":"2025-08-06T18:34:37","modified_gmt":"2025-08-06T16:34:37","slug":"die-stufen-im-mobilheim","status":"publish","type":"page","link":"https:\/\/dev.camping-corse-du-sud.com\/de\/die-stufen-im-mobilheim\/","title":{"rendered":"Die &#8222;Stufen im Mobilheim&#8220;"},"content":{"rendered":"<div class=\"wpb-content-wrapper\"><p>[vc_row full_width=&#8220;stretch_row_content&#8220; css_animation=&#8220;fadeIn&#8220; css=&#8220;.vc_custom_1590262261269{background-image: url(https:\/\/www.camping-corse-du-sud.com\/wp-content\/uploads\/2020\/05\/bandeau-circuits-etapes-mobile-home.jpg?id=3041) !important;background-position: center !important;background-repeat: no-repeat !important;background-size: cover !important;}&#8220;][vc_column][vc_empty_space height=&#8220;100px&#8220;][vc_custom_heading text=&#8220;Die &quot;Stufen im Mobilheim&quot;&#8220; font_container=&#8220;tag:h1|text_align:center|color:%23ffffff&#8220; use_theme_fonts=&#8220;yes&#8220;][vc_empty_space height=&#8220;200px&#8220;][vc_row_inner][vc_column_inner][vc_empty_space height=&#8220;50px&#8220;][\/vc_column_inner][\/vc_row_inner][\/vc_column][\/vc_row][vc_row][vc_column][vc_column_text css=&#8220;&#8220;]<\/p>\n<h2>Mobilheim-Tour: Korsika bequem erkunden<\/h2>\n<p>W\u00e4hlen Sie eine <span style=\"color: #5694ff;\"><strong>Mobilheimtour<\/strong><\/span> und entdecken Sie Korsika in Ihrem eigenen Tempo und in aller Ruhe. Mit unserem Angebot \u201e<a href=\"https:\/\/corsicacamping.com\/etapes-en-mobil-home-en-corse\/\" target=\"_blank\" rel=\"noopener\"><strong>Mobilheim-Zwischenstopps<\/strong><\/a>\u201c k\u00f6nnen Sie eine individuelle Tour durch unser Netzwerk von 10 <a href=\"https:\/\/corsicacamping.com\/carte-des-campings-corse\/\" target=\"_blank\" rel=\"noopener\"><strong>Partner-Campingpl\u00e4tzen<\/strong><\/a> erstellen, die ideal \u00fcber die ganze Insel verteilt sind. <\/p>\n<h3>Die Vorteile unserer Formel :<\/h3>\n<ul>\n<li>&#8211; Zentralisierte Reservierungen: Wir verwalten alles f\u00fcr Sie<\/li>\n<li>&#8211; Ein einheitlicher Tarif f\u00fcr alle Campingpl\u00e4tze<\/li>\n<li>&#8211; Voll ausgestattete Unterkunft: K\u00fcche, Bad, Terrasse<\/li>\n<li>&#8211; Bettw\u00e4sche und Handt\u00fccher nicht inbegriffen<\/li>\n<\/ul>\n<p><span style=\"color: #5694ff;\"><strong>Unterkunft f\u00fcr 2 bis 6 Personen<\/strong><\/span>, Kurtaxe und Zuschl\u00e4ge (Hund, Handt\u00fccher etc.) sind bei Ankunft zu bezahlen.<\/p>\n<h3>Mobilheim \/ Chalet B\u00fchnenpreise \u2013 Nebensaison :<\/h3>\n<p>(G\u00fcltig vom 01.04. bis 15.06. und vom 15.09. bis 01.11., mindestens 2 N\u00e4chte pro Etappe)<\/p>\n<p>Aufenthalt f\u00fcr <span style=\"color: #5694ff;\"><strong>2 bis 4<\/strong><\/span> Personen :<\/p>\n<p>\u2013 F\u00fcr 1 Woche: <span style=\"color: #5694ff;\"><strong>595 \u20ac<\/strong><\/span> (85 \u20ac\/Nacht)<br \/>\n\u2013 F\u00fcr 10 Tage: <span style=\"color: #5694ff;\"><strong>800 \u20ac<\/strong><\/span> (80 \u20ac\/Nacht)<br \/>\n\u2013 F\u00fcr 2 Wochen: <span style=\"color: #5694ff;\"><strong>1050 \u20ac<\/strong><\/span> (75 \u20ac\/Nacht)<\/p>\n<p>Aufenthalt f\u00fcr <span style=\"color: #5694ff;\"><strong>6<\/strong><\/span> Personen :<\/p>\n<p>\u2013 F\u00fcr 1 Woche: <span style=\"color: #5694ff;\"><strong>700 \u20ac<\/strong><\/span> (100 \u20ac\/Nacht)<br \/>\n\u2013 F\u00fcr 10 Tage: <span style=\"color: #5694ff;\"><strong>950 \u20ac<\/strong><\/span> (95 \u20ac\/Nacht)<br \/>\n\u2013 F\u00fcr 2 Wochen: <span style=\"color: #5694ff;\"><strong>1260 \u20ac<\/strong><\/span> (90 \u20ac\/Nacht)<\/p>\n<h3>Saisonale Erg\u00e4nzungen :<\/h3>\n<ul>\n<li>&#8211; Vom 15.06. bis 30.06. und vom 01.09. bis 15.09.: 1,5-facher Rabatt auf die Preise (mindestens 3 N\u00e4chte)<\/li>\n<li>&#8211; Vom 01.07. bis 31.08.: 2-facher Preisnachlass (mindestens 7 N\u00e4chte)<\/li>\n<\/ul>\n<p><span style=\"color: #5694ff;\"><strong>Ben\u00f6tigen Sie eine Bootsfahrt ?<\/strong><\/span> F\u00fcr einen individuellen Kostenvoranschlag steht Ihnen online ein <a href=\"https:\/\/corsicacamping.com\/camping-corse-devis\/\" target=\"_blank\" rel=\"noopener\"><strong>Angebotsformular<\/strong><\/a> zur Verf\u00fcgung.[\/vc_column_text][\/vc_column][\/vc_row][vc_row][vc_column][vc_btn title=&#8220;Buchen Sie Ihren Aufenthalt auf Korsika&#8220; color=&#8220;success&#8220; align=&#8220;center&#8220; css=&#8220;&#8220; link=&#8220;url:https%3A%2F%2Freservation.secureholiday.net%2Fgroup%2Ffr%2F64%2Fpackage-purchase%3FnoBackBtn|title:Buchen|&#8220;][\/vc_column][\/vc_row][vc_row][vc_column][vc_raw_html]W3h5ei1pcHMgc25pcHBldD0iV2lkZ2V0LUd1ZXN0LVN1aXRlLVNpbXBsZSJd[\/vc_raw_html][\/vc_column][\/vc_row]<\/p>\n<\/div>","protected":false},"excerpt":{"rendered":"<p>[vc_row full_width=&#8220;stretch_row_content&#8220; css_animation=&#8220;fadeIn&#8220; css=&#8220;.vc_custom_1590262261269{background-image: url(https:\/\/www.camping-corse-du-sud.com\/wp-content\/uploads\/2020\/05\/bandeau-circuits-etapes-mobile-home.jpg?id=3041) !important;background-position: center !important;background-repeat: no-repeat !important;background-size: cover !important;}&#8220;][vc_column][vc_empty_space height=&#8220;100px&#8220;][vc_custom_heading text=&#8220;Die &quot;Stufen im Mobilheim&quot;&#8220; font_container=&#8220;tag:h1|text_align:center|color:%23ffffff&#8220; use_theme_fonts=&#8220;yes&#8220;][vc_empty_space height=&#8220;200px&#8220;][vc_row_inner][vc_column_inner][vc_empty_space [&hellip;]<\/p>\n","protected":false},"author":3,"featured_media":22871,"parent":0,"menu_order":0,"comment_status":"closed","ping_status":"closed","template":"","meta":{"_seopress_robots_primary_cat":"","_seopress_titles_title":"Lager. %%post_title%% %%page%% %%sep%% %%sitetitle%%","_seopress_titles_desc":"Zwischenstopps in Chalets, Bungalows oder Mobilheimen f\u00fcr 2, 4, 5 oder 6 Personen, entdecken Sie unsere Campingrundg\u00e4nge mit 7 \u00dcbernachtungen, mit oder ohne Transport, au\u00dfer Juli und August","_seopress_robots_index":"","_uag_custom_page_level_css":"","site-sidebar-layout":"default","site-content-layout":"","ast-site-content-layout":"default","site-content-style":"default","site-sidebar-style":"default","ast-global-header-display":"","ast-banner-title-visibility":"","ast-main-header-display":"","ast-hfb-above-header-display":"","ast-hfb-below-header-display":"","ast-hfb-mobile-header-display":"","site-post-title":"","ast-breadcrumbs-content":"","ast-featured-img":"","footer-sml-layout":"","ast-disable-related-posts":"","theme-transparent-header-meta":"","adv-header-id-meta":"","stick-header-meta":"","header-above-stick-meta":"","header-main-stick-meta":"","header-below-stick-meta":"","astra-migrate-meta-layouts":"default","ast-page-background-enabled":"default","ast-page-background-meta":{"desktop":{"background-color":"var(--ast-global-color-5)","background-image":"","background-repeat":"repeat","background-position":"center center","background-size":"auto","background-attachment":"scroll","background-type":"","background-media":"","overlay-type":"","overlay-color":"","overlay-opacity":"","overlay-gradient":""},"tablet":{"background-color":"","background-image":"","background-repeat":"repeat","background-position":"center center","background-size":"auto","background-attachment":"scroll","background-type":"","background-media":"","overlay-type":"","overlay-color":"","overlay-opacity":"","overlay-gradient":""},"mobile":{"background-color":"","background-image":"","background-repeat":"repeat","background-position":"center center","background-size":"auto","background-attachment":"scroll","background-type":"","background-media":"","overlay-type":"","overlay-color":"","overlay-opacity":"","overlay-gradient":""}},"ast-content-background-meta":{"desktop":{"background-color":"var(--ast-global-color-4)","background-image":"","background-repeat":"repeat","background-position":"center center","background-size":"auto","background-attachment":"scroll","background-type":"","background-media":"","overlay-type":"","overlay-color":"","overlay-opacity":"","overlay-gradient":""},"tablet":{"background-color":"var(--ast-global-color-4)","background-image":"","background-repeat":"repeat","background-position":"center center","background-size":"auto","background-attachment":"scroll","background-type":"","background-media":"","overlay-type":"","overlay-color":"","overlay-opacity":"","overlay-gradient":""},"mobile":{"background-color":"var(--ast-global-color-4)","background-image":"","background-repeat":"repeat","background-position":"center center","background-size":"auto","background-attachment":"scroll","background-type":"","background-media":"","overlay-type":"","overlay-color":"","overlay-opacity":"","overlay-gradient":""}},"_vp_format_video_url":"","_vp_image_focal_point":[],"footnotes":""},"categories":[],"tags":[],"class_list":["post-19428","page","type-page","status-publish","has-post-thumbnail"],"spectra_custom_meta":{"_vp_words_count":["255"],"_wpml_media_duplicate":["0"],"_wpml_media_featured":["1"],"_top_nav_excluded":[""],"_cms_nav_minihome":[""],"_wpb_shortcodes_custom_css":[".vc_custom_1590262261269{background-image: url(https:\/\/www.camping-corse-du-sud.com\/wp-content\/uploads\/2020\/05\/bandeau-circuits-etapes-mobile-home.jpg?id=3041) !important;background-position: center !important;background-repeat: no-repeat !important;background-size: cover !important;}",".vc_custom_1590262261269{background-image: url(https:\/\/www.camping-corse-du-sud.com\/wp-content\/uploads\/2020\/05\/bandeau-circuits-etapes-mobile-home.jpg?id=3041) !important;background-position: center !important;background-repeat: no-repeat !important;background-size: cover !important;}",".vc_custom_1590262261269{background-image: url(https:\/\/www.camping-corse-du-sud.com\/wp-content\/uploads\/2020\/05\/bandeau-circuits-etapes-mobile-home.jpg?id=3041) !important;background-position: center !important;background-repeat: no-repeat !important;background-size: cover !important;}"],"_thumbnail_id":["22871"],"_last_translation_edit_mode":["translation-editor"],"_wpb_shortcodes_default_css":[".vc_do_custom_heading{margin-bottom:0.625rem;margin-top:0;}.vc_do_btn{margin-bottom:22px;}.vc_do_toggle{margin-bottom:22px;}"],"_wpb_shortcodes_default_css_updated":["1"],"_wpb_shortcodes_custom_css_updated":["1"],"rank_math_news_sitemap_robots":["index"],"rank_math_robots":["a:1:{i:0;s:5:\"index\";}"],"rank_math_analytic_object_id":["2691"],"rank_math_primary_category":["0"],"_wp_page_template":[""],"rank_math_internal_links_processed":["1"],"_yoast_wpseo_title":["Lager. %%title%% %%page%% %%sep%% %%sitename%%"],"_yoast_wpseo_metadesc":["Zwischenstopps in Chalets, Bungalows oder Mobilheimen f\u00fcr 2, 4, 5 oder 6 Personen, entdecken Sie unsere Campingrundg\u00e4nge mit 7 \u00dcbernachtungen, mit oder ohne Transport, au\u00dfer Juli und August"],"_seopress_titles_title":["Lager. %%post_title%% %%page%% %%sep%% %%sitetitle%%"],"_seopress_titles_desc":["Zwischenstopps in Chalets, Bungalows oder Mobilheimen f\u00fcr 2, 4, 5 oder 6 Personen, entdecken Sie unsere Campingrundg\u00e4nge mit 7 \u00dcbernachtungen, mit oder ohne Transport, au\u00dfer Juli und August"],"rank_math_title":["Lager. %title% %page% %sep% %sitename%"],"rank_math_description":["Zwischenstopps in Chalets, Bungalows oder Mobilheimen f\u00fcr 2, 4, 5 oder 6 Personen, entdecken Sie unsere Campingrundg\u00e4nge mit 7 \u00dcbernachtungen, mit oder ohne Transport, au\u00dfer Juli und August"],"_wpml_word_count":["248"],"_uag_page_assets":["a:9:{s:3:\"css\";s:7859:\".wp-block-uagb-container{display:flex;position:relative;box-sizing:border-box;transition-property:box-shadow;transition-duration:0.2s;transition-timing-function:ease}.wp-block-uagb-container .spectra-container-link-overlay{bottom:0;left:0;position:absolute;right:0;top:0;z-index:10}.wp-block-uagb-container.uagb-is-root-container{margin-left:auto;margin-right:auto}.wp-block-uagb-container.alignfull.uagb-is-root-container .uagb-container-inner-blocks-wrap{display:flex;position:relative;box-sizing:border-box;margin-left:auto !important;margin-right:auto !important}.wp-block-uagb-container .wp-block-uagb-blockquote,.wp-block-uagb-container .wp-block-spectra-pro-login,.wp-block-uagb-container .wp-block-spectra-pro-register{margin:unset}.wp-block-uagb-container .uagb-container__video-wrap{height:100%;width:100%;top:0;left:0;position:absolute;overflow:hidden;-webkit-transition:opacity 1s;-o-transition:opacity 1s;transition:opacity 1s}.wp-block-uagb-container .uagb-container__video-wrap video{max-width:100%;width:100%;height:100%;margin:0;line-height:1;border:none;display:inline-block;vertical-align:baseline;-o-object-fit:cover;object-fit:cover;background-size:cover}.wp-block-uagb-container.uagb-layout-grid{display:grid;width:100%}.wp-block-uagb-container.uagb-layout-grid>.uagb-container-inner-blocks-wrap{display:inherit;width:inherit}.wp-block-uagb-container.uagb-layout-grid>.uagb-container-inner-blocks-wrap>.wp-block-uagb-container{max-width:unset !important;width:unset !important}.wp-block-uagb-container.uagb-layout-grid>.wp-block-uagb-container{max-width:unset !important;width:unset !important}.wp-block-uagb-container.uagb-layout-grid.uagb-is-root-container{margin-left:auto;margin-right:auto}.wp-block-uagb-container.uagb-layout-grid.uagb-is-root-container>.wp-block-uagb-container{max-width:unset !important;width:unset !important}.wp-block-uagb-container.uagb-layout-grid.alignwide.uagb-is-root-container{margin-left:auto;margin-right:auto}.wp-block-uagb-container.uagb-layout-grid.alignfull.uagb-is-root-container .uagb-container-inner-blocks-wrap{display:inherit;position:relative;box-sizing:border-box;margin-left:auto !important;margin-right:auto !important}body .wp-block-uagb-container>.uagb-container-inner-blocks-wrap>*:not(.wp-block-uagb-container):not(.wp-block-uagb-column):not(.wp-block-uagb-container):not(.wp-block-uagb-section):not(.uagb-container__shape):not(.uagb-container__video-wrap):not(.wp-block-spectra-pro-register):not(.wp-block-spectra-pro-login):not(.uagb-slider-container):not(.spectra-image-gallery__control-lightbox):not(.wp-block-uagb-info-box),body .wp-block-uagb-container>.uagb-container-inner-blocks-wrap,body .wp-block-uagb-container>*:not(.wp-block-uagb-container):not(.wp-block-uagb-column):not(.wp-block-uagb-container):not(.wp-block-uagb-section):not(.uagb-container__shape):not(.uagb-container__video-wrap):not(.wp-block-spectra-pro-register):not(.wp-block-spectra-pro-login):not(.uagb-slider-container):not(.spectra-container-link-overlay):not(.spectra-image-gallery__control-lightbox):not(.wp-block-uagb-lottie):not(.uagb-faq__outer-wrap){min-width:unset !important;width:100%;position:relative}body .ast-container .wp-block-uagb-container>.uagb-container-inner-blocks-wrap>.wp-block-uagb-container>ul,body .ast-container .wp-block-uagb-container>.uagb-container-inner-blocks-wrap>.wp-block-uagb-container ol,body .ast-container .wp-block-uagb-container>.uagb-container-inner-blocks-wrap>ul,body .ast-container .wp-block-uagb-container>.uagb-container-inner-blocks-wrap ol{max-width:-webkit-fill-available;margin-block-start:0;margin-block-end:0;margin-left:20px}.ast-plain-container .editor-styles-wrapper .block-editor-block-list__layout.is-root-container .uagb-is-root-container.wp-block-uagb-container.alignwide{margin-left:auto;margin-right:auto}.uagb-container__shape{overflow:hidden;position:absolute;left:0;width:100%;line-height:0;direction:ltr}.uagb-container__shape-top{top:-3px}.uagb-container__shape-bottom{bottom:-3px}.uagb-container__shape.uagb-container__invert.uagb-container__shape-bottom,.uagb-container__shape.uagb-container__invert.uagb-container__shape-top{-webkit-transform:rotate(180deg);-ms-transform:rotate(180deg);transform:rotate(180deg)}.uagb-container__shape.uagb-container__shape-flip svg{transform:translateX(-50%) rotateY(180deg)}.uagb-container__shape svg{display:block;width:-webkit-calc(100% + 1.3px);width:calc(100% + 1.3px);position:relative;left:50%;-webkit-transform:translateX(-50%);-ms-transform:translateX(-50%);transform:translateX(-50%)}.uagb-container__shape .uagb-container__shape-fill{-webkit-transform-origin:center;-ms-transform-origin:center;transform-origin:center;-webkit-transform:rotateY(0deg);transform:rotateY(0deg)}.uagb-container__shape.uagb-container__shape-above-content{z-index:9;pointer-events:none}.nv-single-page-wrap .nv-content-wrap.entry-content .wp-block-uagb-container.alignfull{margin-left:calc(50% - 50vw);margin-right:calc(50% - 50vw)}@media only screen and (max-width: 767px){.wp-block-uagb-container .wp-block-uagb-advanced-heading{width:-webkit-fill-available}}.wp-block-uagb-image--align-none{justify-content:center}\n.wp-block-uagb-container.uagb-block-360db477 .uagb-container__shape-top svg{width: calc( 100% + 1.3px );}.wp-block-uagb-container.uagb-block-360db477 .uagb-container__shape.uagb-container__shape-top .uagb-container__shape-fill{fill: rgba(51,51,51,1);}.wp-block-uagb-container.uagb-block-360db477 .uagb-container__shape-bottom svg{width: calc( 100% + 1.3px );}.wp-block-uagb-container.uagb-block-360db477 .uagb-container__shape.uagb-container__shape-bottom .uagb-container__shape-fill{fill: rgba(51,51,51,1);}.wp-block-uagb-container.uagb-block-360db477 .uagb-container__video-wrap video{opacity: 1;}.wp-block-uagb-container.uagb-is-root-container .uagb-block-360db477{max-width: 100%;width: 100%;}.wp-block-uagb-container.uagb-is-root-container.alignfull.uagb-block-360db477 > .uagb-container-inner-blocks-wrap{--inner-content-custom-width: min( 100%, 1600px);max-width: var(--inner-content-custom-width);width: 100%;flex-direction: column;align-items: center;justify-content: center;flex-wrap: nowrap;row-gap: 20px;column-gap: 20px;}.wp-block-uagb-container.uagb-block-360db477{box-shadow: 0px 0px   #00000070 ;padding-top: 10px;padding-bottom: 10px;padding-left: 10px;padding-right: 10px;margin-top:  !important;margin-bottom:  !important;overflow: visible;order: initial;border-color: inherit;row-gap: 20px;column-gap: 20px;}@media only screen and (max-width: 976px) {.wp-block-uagb-container.uagb-is-root-container .uagb-block-360db477{width: 100%;}.wp-block-uagb-container.uagb-is-root-container.alignfull.uagb-block-360db477 > .uagb-container-inner-blocks-wrap{--inner-content-custom-width: min( 100%, 1024px);max-width: var(--inner-content-custom-width);width: 100%;}.wp-block-uagb-container.uagb-block-360db477{padding-top: 10px;padding-bottom: 10px;padding-left: 10px;padding-right: 10px;margin-top:  !important;margin-bottom:  !important;order: initial;}}@media only screen and (max-width: 767px) {.wp-block-uagb-container.uagb-is-root-container .uagb-block-360db477{max-width: 100%;width: 100%;}.wp-block-uagb-container.uagb-is-root-container.alignfull.uagb-block-360db477 > .uagb-container-inner-blocks-wrap{--inner-content-custom-width: min( 100%, 767px);max-width: var(--inner-content-custom-width);width: 100%;flex-wrap: wrap;}.wp-block-uagb-container.uagb-block-360db477{padding-top: 10px;padding-bottom: 10px;padding-left: 10px;padding-right: 10px;margin-top:  !important;margin-bottom:  !important;order: initial;}}.uag-blocks-common-selector{z-index:var(--z-index-desktop) !important}@media (max-width: 976px){.uag-blocks-common-selector{z-index:var(--z-index-tablet) !important}}@media (max-width: 767px){.uag-blocks-common-selector{z-index:var(--z-index-mobile) !important}}\n\";s:2:\"js\";s:0:\"\";s:18:\"current_block_list\";a:4:{i:0;s:14:\"uagb\/container\";i:1;s:12:\"core\/heading\";i:2;s:14:\"core\/paragraph\";i:3;s:14:\"core\/shortcode\";}s:8:\"uag_flag\";b:1;s:11:\"uag_version\";s:10:\"1775138354\";s:6:\"gfonts\";a:0:{}s:10:\"gfonts_url\";s:0:\"\";s:12:\"gfonts_files\";a:0:{}s:14:\"uag_faq_layout\";b:0;}"],"_uag_css_file_name":["uag-css-19428.css"]},"uagb_featured_image_src":{"full":["https:\/\/dev.camping-corse-du-sud.com\/wp-content\/uploads\/2025\/01\/circuit-etapes-mobil-home.jpg",900,599,false],"thumbnail":["https:\/\/dev.camping-corse-du-sud.com\/wp-content\/uploads\/2025\/01\/circuit-etapes-mobil-home-150x150.jpg",150,150,true],"medium":["https:\/\/dev.camping-corse-du-sud.com\/wp-content\/uploads\/2025\/01\/circuit-etapes-mobil-home-300x200.jpg",300,200,true],"medium_large":["https:\/\/dev.camping-corse-du-sud.com\/wp-content\/uploads\/2025\/01\/circuit-etapes-mobil-home-768x511.jpg",768,511,true],"large":["https:\/\/dev.camping-corse-du-sud.com\/wp-content\/uploads\/2025\/01\/circuit-etapes-mobil-home.jpg",900,599,false],"1536x1536":["https:\/\/dev.camping-corse-du-sud.com\/wp-content\/uploads\/2025\/01\/circuit-etapes-mobil-home.jpg",900,599,false],"2048x2048":["https:\/\/dev.camping-corse-du-sud.com\/wp-content\/uploads\/2025\/01\/circuit-etapes-mobil-home.jpg",900,599,false],"vp_sm":["https:\/\/dev.camping-corse-du-sud.com\/wp-content\/uploads\/2025\/01\/circuit-etapes-mobil-home-500x333.jpg",500,333,true],"vp_md":["https:\/\/dev.camping-corse-du-sud.com\/wp-content\/uploads\/2025\/01\/circuit-etapes-mobil-home-800x532.jpg",800,532,true],"vp_lg":["https:\/\/dev.camping-corse-du-sud.com\/wp-content\/uploads\/2025\/01\/circuit-etapes-mobil-home.jpg",900,599,false],"vp_xl":["https:\/\/dev.camping-corse-du-sud.com\/wp-content\/uploads\/2025\/01\/circuit-etapes-mobil-home.jpg",900,599,false],"vp_sm_popup":["https:\/\/dev.camping-corse-du-sud.com\/wp-content\/uploads\/2025\/01\/circuit-etapes-mobil-home-500x333.jpg",500,333,true],"vp_md_popup":["https:\/\/dev.camping-corse-du-sud.com\/wp-content\/uploads\/2025\/01\/circuit-etapes-mobil-home-800x532.jpg",800,532,true],"vp_xl_popup":["https:\/\/dev.camping-corse-du-sud.com\/wp-content\/uploads\/2025\/01\/circuit-etapes-mobil-home.jpg",900,599,false]},"uagb_author_info":{"display_name":"Edouard","author_link":"https:\/\/dev.camping-corse-du-sud.com\/de\/author\/edouard\/"},"uagb_comment_info":0,"uagb_excerpt":"[vc_row full_width=&#8220;stretch_row_content&#8220; css_animation=&#8220;fadeIn&#8220; css=&#8220;.vc_custom_1590262261269{background-image: url(https:\/\/www.camping-corse-du-sud.com\/wp-content\/uploads\/2020\/05\/bandeau-circuits-etapes-mobile-home.jpg?id=3041) !important;background-position: center !important;background-repeat: no-repeat !important;background-size: cover !important;}&#8220;][vc_column][vc_empty_space height=&#8220;100px&#8220;][vc_custom_heading text=&#8220;Die &quot;Stufen im Mobilheim&quot;&#8220; font_container=&#8220;tag:h1|text_align:center|color:%23ffffff&#8220; use_theme_fonts=&#8220;yes&#8220;][vc_empty_space height=&#8220;200px&#8220;][vc_row_inner][vc_column_inner][vc_empty_space [&hellip;]","_links":{"self":[{"href":"https:\/\/dev.camping-corse-du-sud.com\/de\/wp-json\/wp\/v2\/pages\/19428","targetHints":{"allow":["GET"]}}],"collection":[{"href":"https:\/\/dev.camping-corse-du-sud.com\/de\/wp-json\/wp\/v2\/pages"}],"about":[{"href":"https:\/\/dev.camping-corse-du-sud.com\/de\/wp-json\/wp\/v2\/types\/page"}],"author":[{"embeddable":true,"href":"https:\/\/dev.camping-corse-du-sud.com\/de\/wp-json\/wp\/v2\/users\/3"}],"replies":[{"embeddable":true,"href":"https:\/\/dev.camping-corse-du-sud.com\/de\/wp-json\/wp\/v2\/comments?post=19428"}],"version-history":[{"count":0,"href":"https:\/\/dev.camping-corse-du-sud.com\/de\/wp-json\/wp\/v2\/pages\/19428\/revisions"}],"wp:featuredmedia":[{"embeddable":true,"href":"https:\/\/dev.camping-corse-du-sud.com\/de\/wp-json\/wp\/v2\/media\/22871"}],"wp:attachment":[{"href":"https:\/\/dev.camping-corse-du-sud.com\/de\/wp-json\/wp\/v2\/media?parent=19428"}],"wp:term":[{"taxonomy":"category","embeddable":true,"href":"https:\/\/dev.camping-corse-du-sud.com\/de\/wp-json\/wp\/v2\/categories?post=19428"},{"taxonomy":"post_tag","embeddable":true,"href":"https:\/\/dev.camping-corse-du-sud.com\/de\/wp-json\/wp\/v2\/tags?post=19428"}],"curies":[{"name":"wp","href":"https:\/\/api.w.org\/{rel}","templated":true}]}}