{"id":11354,"date":"2020-11-05T18:57:12","date_gmt":"2020-11-05T17:57:12","guid":{"rendered":"https:\/\/www.camping-corse-du-sud.com\/the-bomb-hole\/"},"modified":"2023-06-30T19:08:06","modified_gmt":"2023-06-30T17:08:06","slug":"das-bombenloch","status":"publish","type":"page","link":"https:\/\/dev.camping-corse-du-sud.com\/de\/das-bombenloch\/","title":{"rendered":"Das Bombenloch"},"content":{"rendered":"<div class=\"wpb-content-wrapper\"><p>[vc_row full_width=&#8220;stretch_row_content&#8220; css_animation=&#8220;fadeIn&#8220; css=&#8220;.vc_custom_1604618352129{background-image: url(https:\/\/www.camping-corse-du-sud.com\/wp-content\/uploads\/2020\/11\/visuel-plus-beaux-endroits-trou-de-la-bombe-interne-bandeau-voile50.jpg?id=5851) !important;background-position: center !important;background-repeat: no-repeat !important;background-size: cover !important;}&#8220;][vc_column][vc_empty_space height=&#8220;100px&#8220;][vc_custom_heading text=&#8220;Das Bombenloch&#8220; font_container=&#8220;tag:h1|text_align:center|color:%23ffffff&#8220; use_theme_fonts=&#8220;yes&#8220;][vc_empty_space height=&#8220;100px&#8220;][vc_row_inner][vc_column_inner][vc_empty_space height=&#8220;50px&#8220;][\/vc_column_inner][\/vc_row_inner][\/vc_column][\/vc_row][vc_row gap=&#8220;20&#8243;][vc_column width=&#8220;1\/2&#8243;][vc_single_image image=&#8220;10681&#8243; img_size=&#8220;full&#8220; onclick=&#8220;zoom&#8220;][\/vc_column][vc_column width=&#8220;1\/2&#8243;][vc_custom_heading text=&#8220;Das Bombenloch&#8220; font_container=&#8220;tag:h2|text_align:left|color:%23000000&#8243; use_theme_fonts=&#8220;yes&#8220; css_animation=&#8220;fadeIn&#8220;][vc_separator color=&#8220;custom&#8220; align=&#8220;align_left&#8220; border_width=&#8220;2&#8243; el_width=&#8220;30&#8243; accent_color=&#8220;#5694ff&#8220;][vc_column_text]<\/p>\n<p class=\"p1\">Beginnend am Col de Bavella, im Herzen des Regionalen Naturparks Korsika, ist das &#8222;Bombenloch&#8220; eine ber\u00fchmte Wanderung, die Sie zu einer der Kuriosit\u00e4ten der Insel f\u00fchrt; ein 8 Meter im Durchmesser gro\u00dfes Loch, das durch nat\u00fcrliche Erosion von Wind und Regen in den Felsen gebo schnitten wurde.<\/p>\n<p>[\/vc_column_text][\/vc_column][\/vc_row][vc_row css=&#8220;.vc_custom_1688063955363{margin-top: 20px !important;}&#8220;][vc_column][vc_column_text]<\/p>\n<h2 class=\"p1\">Das Bombenloch, ein Wanderparadies<\/h2>\n<p class=\"p1\">Die Geheimnisse von S\u00fcdkorsika sind zahlreich und vielf\u00e4ltig und bieten eine F\u00fclle von \u00dcberraschungen f\u00fcr angehende Abenteurer. Eines dieser Geheimnisse ist das &#8222;Bombenloch&#8220;, eine unglaublich faszinierende geologische Formation, die sich im Bavella-Massiv verbirgt.<\/p>\n<h3 class=\"p1\">Das Bombenloch, ein geologisches Wunder<\/h3>\n<p class=\"p1\">Im Herzen des Bavella-Massivs, eines der sch\u00f6nsten in S\u00fcdkorsika, verbirgt sich das Bombenloch. Es handelt sich um ein riesiges Loch in einem Felsen, das nat\u00fcrlich entstanden ist und fast 8 Meter Durchmesser hat. Die Herkunft dieser Formation gibt Anlass zu vielen Legenden, einige deuten auf einen Durchgang von Riesen hin, andere auf eine nat\u00fcrliche Explosion. So oder so, dieser Ort bietet einen atemberaubenden Blick auf das Tal und l\u00e4dt zum Staunen ein.<\/p>\n<h3 class=\"p1\">Die Wanderung zum Bombenloch<\/h3>\n<p class=\"p1\">Die Wanderung zum Bombenloch ist eine der beliebtesten in S\u00fcdkorsika. F\u00fcr alle zug\u00e4nglich, bietet diese Wanderung abwechslungsreiche und wundersch\u00f6ne Landschaften: von schattigen Unterholz bis zu kahlen K\u00e4mmen und verdrehten Kiefern ist f\u00fcr Abwechslung gesorgt. Wanderfreunde werden diesen Spaziergang in der wilden korsischen Natur zwischen Meer und Bergen sch\u00e4tzen, wo das Blau des Himmels mit dem Smaragd der W\u00e4lder verschmilzt.<\/p>\n<h3 class=\"p1\">Das Bombenloch: eine anerkannte Kletterstelle<\/h3>\n<p class=\"p1\">F\u00fcr Abenteuersuchende ist das Bombenloch auch ein bekannter Kletterplatz. Die felsigen W\u00e4nde, die es umgeben, bieten zahlreiche Kletterrouten f\u00fcr alle Schwierigkeitsgrade. Das Klettern des Bombenlochs ist ein unvergessliches Erlebnis, zwischen dem Adrenalinschub beim Klettern und dem Staunen \u00fcber die Sch\u00f6nheit der Landschaft.<\/p>\n<h3 class=\"p1\">Das Bombenloch, Symbol f\u00fcr S\u00fcdkorsika<\/h3>\n<p class=\"p1\">Das Bombenloch ist einer dieser Orte, die S\u00fcdkorsika symbolisieren. Wild, geheimnisvoll, gro\u00dfartig, verk\u00f6rpert es den Geist dieses charaktervollen Landes. Ob man es beim Wandern oder Klettern entdeckt, von weitem bewundert oder sich n\u00e4hert, um den rauen Felsen zu ber\u00fchren, das Bombenloch l\u00e4sst niemanden gleichg\u00fcltig.<\/p>\n<p class=\"p1\">Das Bombenloch ist wirklich ein absolutes Muss f\u00fcr jeden Besucher in S\u00fcdkorsika. Ob Sie ein erfahrener Wanderer oder einfach nur ein Liebhaber von sch\u00f6nen Landschaften sind, z\u00f6gern Sie nicht, dieses Juwel der korsischen Natur zu entdecken. Sie werden zweifellos von seiner rohen Sch\u00f6nheit und seinem wilden Charme fasziniert sein.<\/p>\n<p>[\/vc_column_text][\/vc_column][\/vc_row]<\/p>\n<\/div>","protected":false},"excerpt":{"rendered":"<p>[vc_row full_width=&#8220;stretch_row_content&#8220; css_animation=&#8220;fadeIn&#8220; css=&#8220;.vc_custom_1604618352129{background-image: url(https:\/\/www.camping-corse-du-sud.com\/wp-content\/uploads\/2020\/11\/visuel-plus-beaux-endroits-trou-de-la-bombe-interne-bandeau-voile50.jpg?id=5851) !important;background-position: center !important;background-repeat: no-repeat !important;background-size: cover !important;}&#8220;][vc_column][vc_empty_space height=&#8220;100px&#8220;][vc_custom_heading text=&#8220;Das Bombenloch&#8220; font_container=&#8220;tag:h1|text_align:center|color:%23ffffff&#8220; use_theme_fonts=&#8220;yes&#8220;][vc_empty_space height=&#8220;100px&#8220;][vc_row_inner][vc_column_inner][vc_empty_space height=&#8220;50px&#8220;][\/vc_column_inner][\/vc_row_inner][\/vc_column][\/vc_row][vc_row gap=&#8220;20&#8243;][vc_column [&hellip;]<\/p>\n","protected":false},"author":3,"featured_media":32659,"parent":0,"menu_order":0,"comment_status":"closed","ping_status":"closed","template":"","meta":{"_seopress_robots_primary_cat":"","_seopress_titles_title":"Das Bombenloch, ein Wanderparadies","_seopress_titles_desc":"","_seopress_robots_index":"","_uag_custom_page_level_css":"","site-sidebar-layout":"no-sidebar","site-content-layout":"plain-container","ast-site-content-layout":"default","site-content-style":"default","site-sidebar-style":"default","ast-global-header-display":"","ast-banner-title-visibility":"","ast-main-header-display":"","ast-hfb-above-header-display":"","ast-hfb-below-header-display":"","ast-hfb-mobile-header-display":"","site-post-title":"disabled","ast-breadcrumbs-content":"","ast-featured-img":"disabled","footer-sml-layout":"","ast-disable-related-posts":"","theme-transparent-header-meta":"","adv-header-id-meta":"","stick-header-meta":"","header-above-stick-meta":"","header-main-stick-meta":"","header-below-stick-meta":"","astra-migrate-meta-layouts":"default","ast-page-background-enabled":"default","ast-page-background-meta":{"desktop":{"background-color":"var(--ast-global-color-5)","background-image":"","background-repeat":"repeat","background-position":"center center","background-size":"auto","background-attachment":"scroll","background-type":"","background-media":"","overlay-type":"","overlay-color":"","overlay-opacity":"","overlay-gradient":""},"tablet":{"background-color":"","background-image":"","background-repeat":"repeat","background-position":"center center","background-size":"auto","background-attachment":"scroll","background-type":"","background-media":"","overlay-type":"","overlay-color":"","overlay-opacity":"","overlay-gradient":""},"mobile":{"background-color":"","background-image":"","background-repeat":"repeat","background-position":"center center","background-size":"auto","background-attachment":"scroll","background-type":"","background-media":"","overlay-type":"","overlay-color":"","overlay-opacity":"","overlay-gradient":""}},"ast-content-background-meta":{"desktop":{"background-color":"var(--ast-global-color-4)","background-image":"","background-repeat":"repeat","background-position":"center center","background-size":"auto","background-attachment":"scroll","background-type":"","background-media":"","overlay-type":"","overlay-color":"","overlay-opacity":"","overlay-gradient":""},"tablet":{"background-color":"var(--ast-global-color-4)","background-image":"","background-repeat":"repeat","background-position":"center center","background-size":"auto","background-attachment":"scroll","background-type":"","background-media":"","overlay-type":"","overlay-color":"","overlay-opacity":"","overlay-gradient":""},"mobile":{"background-color":"var(--ast-global-color-4)","background-image":"","background-repeat":"repeat","background-position":"center center","background-size":"auto","background-attachment":"scroll","background-type":"","background-media":"","overlay-type":"","overlay-color":"","overlay-opacity":"","overlay-gradient":""}},"_vp_format_video_url":"","_vp_image_focal_point":[],"footnotes":""},"categories":[],"tags":[],"class_list":["post-11354","page","type-page","status-publish","has-post-thumbnail"],"spectra_custom_meta":{"_vp_words_count":["409"],"_wpb_shortcodes_custom_css":[".vc_custom_1604618352129{background-image: url(https:\/\/www.camping-corse-du-sud.com\/wp-content\/uploads\/2020\/11\/visuel-plus-beaux-endroits-trou-de-la-bombe-interne-bandeau-voile50.jpg?id=5851) !important;background-position: center !important;background-repeat: no-repeat !important;background-size: cover !important;}.vc_custom_1688063955363{margin-top: 20px !important;}",".vc_custom_1604618352129{background-image: url(https:\/\/www.camping-corse-du-sud.com\/wp-content\/uploads\/2020\/11\/visuel-plus-beaux-endroits-trou-de-la-bombe-interne-bandeau-voile50.jpg?id=5851) !important;background-position: center !important;background-repeat: no-repeat !important;background-size: cover !important;}.vc_custom_1688063955363{margin-top: 20px !important;}",".vc_custom_1604618352129{background-image: url(https:\/\/www.camping-corse-du-sud.com\/wp-content\/uploads\/2020\/11\/visuel-plus-beaux-endroits-trou-de-la-bombe-interne-bandeau-voile50.jpg?id=5851) !important;background-position: center !important;background-repeat: no-repeat !important;background-size: cover !important;}.vc_custom_1688063955363{margin-top: 20px !important;}",".vc_custom_1604618352129{background-image: url(https:\/\/www.camping-corse-du-sud.com\/wp-content\/uploads\/2020\/11\/visuel-plus-beaux-endroits-trou-de-la-bombe-interne-bandeau-voile50.jpg?id=5851) !important;background-position: center !important;background-repeat: no-repeat !important;background-size: cover !important;}.vc_custom_1688063955363{margin-top: 20px !important;}"],"_wpb_vc_js_status":["true"],"_yoast_wpseo_content_score":["30"],"_wpml_media_featured":["1"],"_wpml_media_duplicate":["0"],"_yoast_wpseo_estimated-reading-time-minutes":["3"],"_yoast_wpseo_wordproof_timestamp":[""],"_yoast_wpseo_primary_category":[""],"_wpml_location_migration_done":["1"],"_wpml_word_count":["{\"total\":531,\"to_translate\":{\"en\":531,\"de\":531}}"],"_last_translation_edit_mode":["native-editor"],"_yoast_wpseo_title":["Das Bombenloch, ein Wanderparadies"],"_thumbnail_id":["32659"],"_wp_page_template":[""],"_edit_lock":["1688144748:11"],"_edit_last":["11"],"_wpml_media_has_media":["1"],"_wpb_shortcodes_default_css":[".vc_do_custom_heading{margin-bottom:0.625rem;margin-top:0;}"],"_wpb_shortcodes_default_css_updated":["1"],"_wpb_shortcodes_custom_css_updated":["1"],"_seopress_titles_title":["Das Bombenloch, ein Wanderparadies"],"rank_math_title":["Das Bombenloch, ein Wanderparadies"],"rank_math_news_sitemap_robots":["index"],"rank_math_robots":["a:1:{i:0;s:5:\"index\";}"],"rank_math_analytic_object_id":["2096"],"rank_math_primary_category":["0"],"rank_math_internal_links_processed":["1"],"_astra_content_layout_flag":["disabled"],"site-post-title":["disabled"],"ast-title-bar-display":["disabled"],"ast-featured-img":["disabled"],"site-content-layout":["plain-container"],"site-sidebar-layout":["no-sidebar"],"_uag_page_assets":["a:9:{s:3:\"css\";s:7859:\".wp-block-uagb-container{display:flex;position:relative;box-sizing:border-box;transition-property:box-shadow;transition-duration:0.2s;transition-timing-function:ease}.wp-block-uagb-container .spectra-container-link-overlay{bottom:0;left:0;position:absolute;right:0;top:0;z-index:10}.wp-block-uagb-container.uagb-is-root-container{margin-left:auto;margin-right:auto}.wp-block-uagb-container.alignfull.uagb-is-root-container .uagb-container-inner-blocks-wrap{display:flex;position:relative;box-sizing:border-box;margin-left:auto !important;margin-right:auto !important}.wp-block-uagb-container .wp-block-uagb-blockquote,.wp-block-uagb-container .wp-block-spectra-pro-login,.wp-block-uagb-container .wp-block-spectra-pro-register{margin:unset}.wp-block-uagb-container .uagb-container__video-wrap{height:100%;width:100%;top:0;left:0;position:absolute;overflow:hidden;-webkit-transition:opacity 1s;-o-transition:opacity 1s;transition:opacity 1s}.wp-block-uagb-container .uagb-container__video-wrap video{max-width:100%;width:100%;height:100%;margin:0;line-height:1;border:none;display:inline-block;vertical-align:baseline;-o-object-fit:cover;object-fit:cover;background-size:cover}.wp-block-uagb-container.uagb-layout-grid{display:grid;width:100%}.wp-block-uagb-container.uagb-layout-grid>.uagb-container-inner-blocks-wrap{display:inherit;width:inherit}.wp-block-uagb-container.uagb-layout-grid>.uagb-container-inner-blocks-wrap>.wp-block-uagb-container{max-width:unset !important;width:unset !important}.wp-block-uagb-container.uagb-layout-grid>.wp-block-uagb-container{max-width:unset !important;width:unset !important}.wp-block-uagb-container.uagb-layout-grid.uagb-is-root-container{margin-left:auto;margin-right:auto}.wp-block-uagb-container.uagb-layout-grid.uagb-is-root-container>.wp-block-uagb-container{max-width:unset !important;width:unset !important}.wp-block-uagb-container.uagb-layout-grid.alignwide.uagb-is-root-container{margin-left:auto;margin-right:auto}.wp-block-uagb-container.uagb-layout-grid.alignfull.uagb-is-root-container .uagb-container-inner-blocks-wrap{display:inherit;position:relative;box-sizing:border-box;margin-left:auto !important;margin-right:auto !important}body .wp-block-uagb-container>.uagb-container-inner-blocks-wrap>*:not(.wp-block-uagb-container):not(.wp-block-uagb-column):not(.wp-block-uagb-container):not(.wp-block-uagb-section):not(.uagb-container__shape):not(.uagb-container__video-wrap):not(.wp-block-spectra-pro-register):not(.wp-block-spectra-pro-login):not(.uagb-slider-container):not(.spectra-image-gallery__control-lightbox):not(.wp-block-uagb-info-box),body .wp-block-uagb-container>.uagb-container-inner-blocks-wrap,body .wp-block-uagb-container>*:not(.wp-block-uagb-container):not(.wp-block-uagb-column):not(.wp-block-uagb-container):not(.wp-block-uagb-section):not(.uagb-container__shape):not(.uagb-container__video-wrap):not(.wp-block-spectra-pro-register):not(.wp-block-spectra-pro-login):not(.uagb-slider-container):not(.spectra-container-link-overlay):not(.spectra-image-gallery__control-lightbox):not(.wp-block-uagb-lottie):not(.uagb-faq__outer-wrap){min-width:unset !important;width:100%;position:relative}body .ast-container .wp-block-uagb-container>.uagb-container-inner-blocks-wrap>.wp-block-uagb-container>ul,body .ast-container .wp-block-uagb-container>.uagb-container-inner-blocks-wrap>.wp-block-uagb-container ol,body .ast-container .wp-block-uagb-container>.uagb-container-inner-blocks-wrap>ul,body .ast-container .wp-block-uagb-container>.uagb-container-inner-blocks-wrap ol{max-width:-webkit-fill-available;margin-block-start:0;margin-block-end:0;margin-left:20px}.ast-plain-container .editor-styles-wrapper .block-editor-block-list__layout.is-root-container .uagb-is-root-container.wp-block-uagb-container.alignwide{margin-left:auto;margin-right:auto}.uagb-container__shape{overflow:hidden;position:absolute;left:0;width:100%;line-height:0;direction:ltr}.uagb-container__shape-top{top:-3px}.uagb-container__shape-bottom{bottom:-3px}.uagb-container__shape.uagb-container__invert.uagb-container__shape-bottom,.uagb-container__shape.uagb-container__invert.uagb-container__shape-top{-webkit-transform:rotate(180deg);-ms-transform:rotate(180deg);transform:rotate(180deg)}.uagb-container__shape.uagb-container__shape-flip svg{transform:translateX(-50%) rotateY(180deg)}.uagb-container__shape svg{display:block;width:-webkit-calc(100% + 1.3px);width:calc(100% + 1.3px);position:relative;left:50%;-webkit-transform:translateX(-50%);-ms-transform:translateX(-50%);transform:translateX(-50%)}.uagb-container__shape .uagb-container__shape-fill{-webkit-transform-origin:center;-ms-transform-origin:center;transform-origin:center;-webkit-transform:rotateY(0deg);transform:rotateY(0deg)}.uagb-container__shape.uagb-container__shape-above-content{z-index:9;pointer-events:none}.nv-single-page-wrap .nv-content-wrap.entry-content .wp-block-uagb-container.alignfull{margin-left:calc(50% - 50vw);margin-right:calc(50% - 50vw)}@media only screen and (max-width: 767px){.wp-block-uagb-container .wp-block-uagb-advanced-heading{width:-webkit-fill-available}}.wp-block-uagb-image--align-none{justify-content:center}\n.wp-block-uagb-container.uagb-block-360db477 .uagb-container__shape-top svg{width: calc( 100% + 1.3px );}.wp-block-uagb-container.uagb-block-360db477 .uagb-container__shape.uagb-container__shape-top .uagb-container__shape-fill{fill: rgba(51,51,51,1);}.wp-block-uagb-container.uagb-block-360db477 .uagb-container__shape-bottom svg{width: calc( 100% + 1.3px );}.wp-block-uagb-container.uagb-block-360db477 .uagb-container__shape.uagb-container__shape-bottom .uagb-container__shape-fill{fill: rgba(51,51,51,1);}.wp-block-uagb-container.uagb-block-360db477 .uagb-container__video-wrap video{opacity: 1;}.wp-block-uagb-container.uagb-is-root-container .uagb-block-360db477{max-width: 100%;width: 100%;}.wp-block-uagb-container.uagb-is-root-container.alignfull.uagb-block-360db477 > .uagb-container-inner-blocks-wrap{--inner-content-custom-width: min( 100%, 1600px);max-width: var(--inner-content-custom-width);width: 100%;flex-direction: column;align-items: center;justify-content: center;flex-wrap: nowrap;row-gap: 20px;column-gap: 20px;}.wp-block-uagb-container.uagb-block-360db477{box-shadow: 0px 0px   #00000070 ;padding-top: 10px;padding-bottom: 10px;padding-left: 10px;padding-right: 10px;margin-top:  !important;margin-bottom:  !important;overflow: visible;order: initial;border-color: inherit;row-gap: 20px;column-gap: 20px;}@media only screen and (max-width: 976px) {.wp-block-uagb-container.uagb-is-root-container .uagb-block-360db477{width: 100%;}.wp-block-uagb-container.uagb-is-root-container.alignfull.uagb-block-360db477 > .uagb-container-inner-blocks-wrap{--inner-content-custom-width: min( 100%, 1024px);max-width: var(--inner-content-custom-width);width: 100%;}.wp-block-uagb-container.uagb-block-360db477{padding-top: 10px;padding-bottom: 10px;padding-left: 10px;padding-right: 10px;margin-top:  !important;margin-bottom:  !important;order: initial;}}@media only screen and (max-width: 767px) {.wp-block-uagb-container.uagb-is-root-container .uagb-block-360db477{max-width: 100%;width: 100%;}.wp-block-uagb-container.uagb-is-root-container.alignfull.uagb-block-360db477 > .uagb-container-inner-blocks-wrap{--inner-content-custom-width: min( 100%, 767px);max-width: var(--inner-content-custom-width);width: 100%;flex-wrap: wrap;}.wp-block-uagb-container.uagb-block-360db477{padding-top: 10px;padding-bottom: 10px;padding-left: 10px;padding-right: 10px;margin-top:  !important;margin-bottom:  !important;order: initial;}}.uag-blocks-common-selector{z-index:var(--z-index-desktop) !important}@media (max-width: 976px){.uag-blocks-common-selector{z-index:var(--z-index-tablet) !important}}@media (max-width: 767px){.uag-blocks-common-selector{z-index:var(--z-index-mobile) !important}}\n\";s:2:\"js\";s:0:\"\";s:18:\"current_block_list\";a:4:{i:0;s:14:\"uagb\/container\";i:1;s:12:\"core\/heading\";i:2;s:14:\"core\/paragraph\";i:3;s:14:\"core\/shortcode\";}s:8:\"uag_flag\";b:1;s:11:\"uag_version\";s:10:\"1775138354\";s:6:\"gfonts\";a:0:{}s:10:\"gfonts_url\";s:0:\"\";s:12:\"gfonts_files\";a:0:{}s:14:\"uag_faq_layout\";b:0;}"],"_uag_css_file_name":["uag-css-11354.css"]},"uagb_featured_image_src":{"full":["https:\/\/dev.camping-corse-du-sud.com\/wp-content\/uploads\/2025\/10\/visuel-plus-beaux-endroits-trou-de-la-bombe-interne-741254.jpg",500,333,false],"thumbnail":["https:\/\/dev.camping-corse-du-sud.com\/wp-content\/uploads\/2025\/10\/visuel-plus-beaux-endroits-trou-de-la-bombe-interne-741254-150x150.jpg",150,150,true],"medium":["https:\/\/dev.camping-corse-du-sud.com\/wp-content\/uploads\/2025\/10\/visuel-plus-beaux-endroits-trou-de-la-bombe-interne-741254-300x200.jpg",300,200,true],"medium_large":["https:\/\/dev.camping-corse-du-sud.com\/wp-content\/uploads\/2025\/10\/visuel-plus-beaux-endroits-trou-de-la-bombe-interne-741254.jpg",500,333,false],"large":["https:\/\/dev.camping-corse-du-sud.com\/wp-content\/uploads\/2025\/10\/visuel-plus-beaux-endroits-trou-de-la-bombe-interne-741254.jpg",500,333,false],"1536x1536":["https:\/\/dev.camping-corse-du-sud.com\/wp-content\/uploads\/2025\/10\/visuel-plus-beaux-endroits-trou-de-la-bombe-interne-741254.jpg",500,333,false],"2048x2048":["https:\/\/dev.camping-corse-du-sud.com\/wp-content\/uploads\/2025\/10\/visuel-plus-beaux-endroits-trou-de-la-bombe-interne-741254.jpg",500,333,false],"vp_sm":["https:\/\/dev.camping-corse-du-sud.com\/wp-content\/uploads\/2025\/10\/visuel-plus-beaux-endroits-trou-de-la-bombe-interne-741254.jpg",500,333,false],"vp_md":["https:\/\/dev.camping-corse-du-sud.com\/wp-content\/uploads\/2025\/10\/visuel-plus-beaux-endroits-trou-de-la-bombe-interne-741254.jpg",500,333,false],"vp_lg":["https:\/\/dev.camping-corse-du-sud.com\/wp-content\/uploads\/2025\/10\/visuel-plus-beaux-endroits-trou-de-la-bombe-interne-741254.jpg",500,333,false],"vp_xl":["https:\/\/dev.camping-corse-du-sud.com\/wp-content\/uploads\/2025\/10\/visuel-plus-beaux-endroits-trou-de-la-bombe-interne-741254.jpg",500,333,false],"vp_sm_popup":["https:\/\/dev.camping-corse-du-sud.com\/wp-content\/uploads\/2025\/10\/visuel-plus-beaux-endroits-trou-de-la-bombe-interne-741254.jpg",500,333,false],"vp_md_popup":["https:\/\/dev.camping-corse-du-sud.com\/wp-content\/uploads\/2025\/10\/visuel-plus-beaux-endroits-trou-de-la-bombe-interne-741254.jpg",500,333,false],"vp_xl_popup":["https:\/\/dev.camping-corse-du-sud.com\/wp-content\/uploads\/2025\/10\/visuel-plus-beaux-endroits-trou-de-la-bombe-interne-741254.jpg",500,333,false]},"uagb_author_info":{"display_name":"Edouard","author_link":"https:\/\/dev.camping-corse-du-sud.com\/de\/author\/edouard\/"},"uagb_comment_info":0,"uagb_excerpt":"[vc_row full_width=&#8220;stretch_row_content&#8220; css_animation=&#8220;fadeIn&#8220; css=&#8220;.vc_custom_1604618352129{background-image: url(https:\/\/www.camping-corse-du-sud.com\/wp-content\/uploads\/2020\/11\/visuel-plus-beaux-endroits-trou-de-la-bombe-interne-bandeau-voile50.jpg?id=5851) !important;background-position: center !important;background-repeat: no-repeat !important;background-size: cover !important;}&#8220;][vc_column][vc_empty_space height=&#8220;100px&#8220;][vc_custom_heading text=&#8220;Das Bombenloch&#8220; font_container=&#8220;tag:h1|text_align:center|color:%23ffffff&#8220; use_theme_fonts=&#8220;yes&#8220;][vc_empty_space height=&#8220;100px&#8220;][vc_row_inner][vc_column_inner][vc_empty_space height=&#8220;50px&#8220;][\/vc_column_inner][\/vc_row_inner][\/vc_column][\/vc_row][vc_row gap=&#8220;20&#8243;][vc_column [&hellip;]","_links":{"self":[{"href":"https:\/\/dev.camping-corse-du-sud.com\/de\/wp-json\/wp\/v2\/pages\/11354","targetHints":{"allow":["GET"]}}],"collection":[{"href":"https:\/\/dev.camping-corse-du-sud.com\/de\/wp-json\/wp\/v2\/pages"}],"about":[{"href":"https:\/\/dev.camping-corse-du-sud.com\/de\/wp-json\/wp\/v2\/types\/page"}],"author":[{"embeddable":true,"href":"https:\/\/dev.camping-corse-du-sud.com\/de\/wp-json\/wp\/v2\/users\/3"}],"replies":[{"embeddable":true,"href":"https:\/\/dev.camping-corse-du-sud.com\/de\/wp-json\/wp\/v2\/comments?post=11354"}],"version-history":[{"count":0,"href":"https:\/\/dev.camping-corse-du-sud.com\/de\/wp-json\/wp\/v2\/pages\/11354\/revisions"}],"wp:featuredmedia":[{"embeddable":true,"href":"https:\/\/dev.camping-corse-du-sud.com\/de\/wp-json\/wp\/v2\/media\/32659"}],"wp:attachment":[{"href":"https:\/\/dev.camping-corse-du-sud.com\/de\/wp-json\/wp\/v2\/media?parent=11354"}],"wp:term":[{"taxonomy":"category","embeddable":true,"href":"https:\/\/dev.camping-corse-du-sud.com\/de\/wp-json\/wp\/v2\/categories?post=11354"},{"taxonomy":"post_tag","embeddable":true,"href":"https:\/\/dev.camping-corse-du-sud.com\/de\/wp-json\/wp\/v2\/tags?post=11354"}],"curies":[{"name":"wp","href":"https:\/\/api.w.org\/{rel}","templated":true}]}}