{"id":11309,"date":"2020-11-05T18:49:40","date_gmt":"2020-11-05T17:49:40","guid":{"rendered":"https:\/\/www.camping-corse-du-sud.com\/the-lavezzi-islands\/"},"modified":"2023-06-30T19:12:53","modified_gmt":"2023-06-30T17:12:53","slug":"archipel-der-sanguinaires","status":"publish","type":"page","link":"https:\/\/dev.camping-corse-du-sud.com\/de\/archipel-der-sanguinaires\/","title":{"rendered":"Archipel der Sanguinaires"},"content":{"rendered":"<div class=\"wpb-content-wrapper\"><p>[vc_row full_width=&#8220;stretch_row_content&#8220; css_animation=&#8220;fadeIn&#8220; css=&#8220;.vc_custom_1604612156573{background-image: url(https:\/\/www.camping-corse-du-sud.com\/wp-content\/uploads\/2020\/11\/visuel-plus-beaux-endroits-iles-lavezzi-interne-bandeau-voile50.jpg?id=5814) !important;background-position: center !important;background-repeat: no-repeat !important;background-size: cover !important;}&#8220;][vc_column][vc_empty_space height=&#8220;100px&#8220;][vc_custom_heading text=&#8220;Archipel der Sanguinaires&#8220; font_container=&#8220;tag:h1|text_align:center|color:%23ffffff&#8220; use_theme_fonts=&#8220;yes&#8220;][vc_empty_space height=&#8220;100px&#8220;][vc_row_inner][vc_column_inner][vc_empty_space height=&#8220;50px&#8220;][\/vc_column_inner][\/vc_row_inner][\/vc_column][\/vc_row][vc_row gap=&#8220;20&#8243;][vc_column width=&#8220;1\/2&#8243;][vc_single_image image=&#8220;10662&#8243; img_size=&#8220;full&#8220; onclick=&#8220;zoom&#8220;][\/vc_column][vc_column width=&#8220;1\/2&#8243;][vc_custom_heading text=&#8220;Archipel der Sanguinaires&#8220; font_container=&#8220;tag:h2|text_align:left|color:%23000000&#8243; use_theme_fonts=&#8220;yes&#8220; css_animation=&#8220;fadeIn&#8220;][vc_separator color=&#8220;custom&#8220; align=&#8220;align_left&#8220; border_width=&#8220;2&#8243; el_width=&#8220;30&#8243; accent_color=&#8220;#5694ff&#8220;][vc_column_text]<\/p>\n<p class=\"p1\">Einer der sch\u00f6nsten Orte Korsikas, den man nicht verpassen darf! Im Golf von Ajaccio, am Ende der Pointe de la Parata, ist dieses terrestrische und maritime Naturschutzgebiet klassifiziert und gesch\u00fctzt. Die Flora und Fauna auf diesen Inseln ist sehr vielf\u00e4ltig. Der Archipel der Sanguinaires besteht aus 4 kleinen Inseln; Mezu Mare (Gro\u00dfe Sanguinaire), Cormorans (oder Isolotto), Cala d&#8217;Alga und Porri. Dieser Archipel dient auch als Zufluchtsort f\u00fcr verschiedene Vogelarten; der Kormoran, der Wanderfalke, die sardische Grasm\u00fccke, die M\u00f6we und viele andere. Einer der sch\u00f6nsten Orte, um einen Sonnenuntergang zu bewundern.<\/p>\n<p>[\/vc_column_text][\/vc_column][\/vc_row][vc_row css=&#8220;.vc_custom_1687982792935{margin-top: 20px !important;}&#8220;][vc_column][vc_column_text]<\/p>\n<h2 class=\"p1\">Die Lavezzi-Inseln: Ein nat\u00fcrliches Wunder im Herzen von S\u00fcdkorsika<\/h2>\n<p class=\"p1\">Eingebettet vor Bonifacio sind die Lavezzi-Inseln ein echtes nat\u00fcrliches Juwel von S\u00fcdkorsika. Dieser kleine Granitarchipel, von Winden gepeitscht, ist ein Zufluchtsort f\u00fcr die einheimische Fauna und Flora. Die &#8222;Lavezzi-Inseln&#8220;, wie sie liebevoll genannt werden, bieten ein atemberaubendes Schauspiel, von wilden Landschaften bis hin zu unerwartet reichen Meeresb\u00f6den.<\/p>\n<p class=\"p1\">Schon bei Ihrer Ankunft auf den &#8222;Lavezzi-Inseln&#8220; werden Sie von der Sch\u00f6nheit dieser kleinen Inseln, einem echten Juwel der Biodiversit\u00e4t, begeistert sein. Ihre wilde Natur, bewahrt vor dem Massentourismus, macht sie zu einem beliebten Ziel f\u00fcr Naturliebhaber und Authentizit\u00e4t. Der dichte und duftende korsische Macchia verschmilzt mit beeindruckenden Felsformationen, die im Laufe der Jahrhunderte durch Wind und Meer geformt wurden.<\/p>\n<p class=\"p1\">Die &#8222;Lavezzi-Inseln&#8220; sind auch ein Paradies f\u00fcr Taucher und Schnorchler. Ihr t\u00fcrkisfarbenes, klares und n\u00e4hrstoffreiches Wasser beherbergt eine Vielzahl von Meeresarten. Bunte Korallen, exotische Fische, Schw\u00e4mme und Seeanemonen gedeihen in dieser gesch\u00fctzten Umgebung. Verpassen Sie nicht einen Halt am &#8222;Pool der Lavezzi-Inseln&#8220;, einer nat\u00fcrlichen Bucht mit ruhigem und flachem Wasser, ideal f\u00fcr ein Familienbad.<\/p>\n<p class=\"p1\">Der Archipel ist auch reich an Geschichte. Hier fand 1855 der Schiffbruch der &#8222;S\u00e9millante&#8220; statt, eine Seetrag\u00f6die, die fast 700 Menschen das Leben kostete. Ein Seefriedhof, bestehend aus Grabsteinen in Form von Schiffsb\u00fcgeln, wurde auf der Hauptinsel zu ihrem Gedenken errichtet.<\/p>\n<p class=\"p1\">Neben ihrer nat\u00fcrlichen Sch\u00f6nheit sind die &#8222;Lavezzi-Inseln&#8220; auch ein Refugium des Friedens. Das Fehlen von Geb\u00e4uden, mit Ausnahme eines kleinen Friedhofs und eines Leuchtturms, verst\u00e4rkt das Gef\u00fchl von Isolation und Ruhe. Hier f\u00fchlt man sich weit weg von allem, in perfekter Gemeinschaft mit der Natur. Die einzigen Ger\u00e4usche, die die Stille st\u00f6ren, sind der Schrei der M\u00f6wen, das Zirpen der Zikaden und das Ger\u00e4usch der Wellen, die an den Felsen zerbrechen.<\/p>\n<p class=\"p1\">Um die &#8222;Lavezzi-Inseln&#8220; zu besuchen, haben Sie mehrere M\u00f6glichkeiten. Regelm\u00e4\u00dfige Bootsshuttles fahren von Bonifacio aus und setzen Sie auf der Hauptinsel ab. Sie k\u00f6nnen auch eine private Bootstour w\u00e4hlen, die es Ihnen erm\u00f6glicht, den Archipel in Ihrem eigenen Tempo und nach Ihren W\u00fcnschen zu erkunden.<\/p>\n<h3 class=\"p1\">Die paradiesischen Str\u00e4nde der Lavezzi-Inseln<\/h3>\n<p class=\"p1\">Die Lavezzi-Inseln sind auch bekannt f\u00fcr ihre idyllischen Str\u00e4nde, die kristallklares Wasser und feinen Sand bieten, der zum Entspannen und Schwimmen einl\u00e4dt. Unter den beliebtesten ist der Strand von Cala Lazarina ein echtes Juwel, eing bettet zwischen granitischen Felsen. Es bietet einen atemberaubenden Blick auf Sardinien und ist ideal f\u00fcr das Schnorcheln, dank der Vielfalt seiner Meeresfauna. Der Strand von Cala del Ceppo hingegen ist eine Oase des Friedens, umgeben von D\u00fcnen und Macchia, perfekt f\u00fcr einen Familientag. Schlie\u00dflich ist der Strand von Cala Giunco, der oft weniger frequentiert wird, eine kleine Ecke des Paradieses, wo man t\u00fcrkisfarbenes Wasser und eine unber\u00fchrte Umgebung genie\u00dfen kann. Die Str\u00e4nde der Lavezzi-Inseln bieten unvergessliche Momente in einer au\u00dfergew\u00f6hnlichen nat\u00fcrlichen Umgebung, wo Entspannung und Staunen auf dem Programm stehen.<\/p>\n<p class=\"p1\">Die &#8222;Lavezzi-Inseln&#8220; sind ein unverzichtbares Ziel bei einem Aufenthalt in S\u00fcdkorsika. Zwischen wilden Landschaften, au\u00dfergew\u00f6hnlichen Meeresb\u00f6den und historischem Erbe bieten sie eine v\u00f6llige Ver\u00e4nderung der Umgebung und ein Eintauchen in die korsische Natur. Ein absolutes Muss!<\/p>\n<p>[\/vc_column_text][\/vc_column][\/vc_row]<\/p>\n<\/div>","protected":false},"excerpt":{"rendered":"<p>[vc_row full_width=&#8220;stretch_row_content&#8220; css_animation=&#8220;fadeIn&#8220; css=&#8220;.vc_custom_1604612156573{background-image: url(https:\/\/www.camping-corse-du-sud.com\/wp-content\/uploads\/2020\/11\/visuel-plus-beaux-endroits-iles-lavezzi-interne-bandeau-voile50.jpg?id=5814) !important;background-position: center !important;background-repeat: no-repeat !important;background-size: cover !important;}&#8220;][vc_column][vc_empty_space height=&#8220;100px&#8220;][vc_custom_heading text=&#8220;Archipel der Sanguinaires&#8220; font_container=&#8220;tag:h1|text_align:center|color:%23ffffff&#8220; use_theme_fonts=&#8220;yes&#8220;][vc_empty_space height=&#8220;100px&#8220;][vc_row_inner][vc_column_inner][vc_empty_space height=&#8220;50px&#8220;][\/vc_column_inner][\/vc_row_inner][\/vc_column][\/vc_row][vc_row [&hellip;]<\/p>\n","protected":false},"author":3,"featured_media":31664,"parent":0,"menu_order":0,"comment_status":"closed","ping_status":"closed","template":"","meta":{"_seopress_robots_primary_cat":"","_seopress_titles_title":"Die Lavezzi-Inseln: Ein nat\u00fcrliches Wunder im Herzen von S\u00fcdkorsika","_seopress_titles_desc":"","_seopress_robots_index":"","_uag_custom_page_level_css":"","site-sidebar-layout":"no-sidebar","site-content-layout":"plain-container","ast-site-content-layout":"default","site-content-style":"default","site-sidebar-style":"default","ast-global-header-display":"","ast-banner-title-visibility":"","ast-main-header-display":"","ast-hfb-above-header-display":"","ast-hfb-below-header-display":"","ast-hfb-mobile-header-display":"","site-post-title":"disabled","ast-breadcrumbs-content":"","ast-featured-img":"disabled","footer-sml-layout":"","ast-disable-related-posts":"","theme-transparent-header-meta":"","adv-header-id-meta":"","stick-header-meta":"","header-above-stick-meta":"","header-main-stick-meta":"","header-below-stick-meta":"","astra-migrate-meta-layouts":"default","ast-page-background-enabled":"default","ast-page-background-meta":{"desktop":{"background-color":"var(--ast-global-color-5)","background-image":"","background-repeat":"repeat","background-position":"center center","background-size":"auto","background-attachment":"scroll","background-type":"","background-media":"","overlay-type":"","overlay-color":"","overlay-opacity":"","overlay-gradient":""},"tablet":{"background-color":"","background-image":"","background-repeat":"repeat","background-position":"center center","background-size":"auto","background-attachment":"scroll","background-type":"","background-media":"","overlay-type":"","overlay-color":"","overlay-opacity":"","overlay-gradient":""},"mobile":{"background-color":"","background-image":"","background-repeat":"repeat","background-position":"center center","background-size":"auto","background-attachment":"scroll","background-type":"","background-media":"","overlay-type":"","overlay-color":"","overlay-opacity":"","overlay-gradient":""}},"ast-content-background-meta":{"desktop":{"background-color":"var(--ast-global-color-4)","background-image":"","background-repeat":"repeat","background-position":"center center","background-size":"auto","background-attachment":"scroll","background-type":"","background-media":"","overlay-type":"","overlay-color":"","overlay-opacity":"","overlay-gradient":""},"tablet":{"background-color":"var(--ast-global-color-4)","background-image":"","background-repeat":"repeat","background-position":"center center","background-size":"auto","background-attachment":"scroll","background-type":"","background-media":"","overlay-type":"","overlay-color":"","overlay-opacity":"","overlay-gradient":""},"mobile":{"background-color":"var(--ast-global-color-4)","background-image":"","background-repeat":"repeat","background-position":"center center","background-size":"auto","background-attachment":"scroll","background-type":"","background-media":"","overlay-type":"","overlay-color":"","overlay-opacity":"","overlay-gradient":""}},"_vp_format_video_url":"","_vp_image_focal_point":[],"footnotes":""},"categories":[],"tags":[],"class_list":["post-11309","page","type-page","status-publish","has-post-thumbnail"],"spectra_custom_meta":{"_vp_words_count":["625"],"_wpb_shortcodes_custom_css":[".vc_custom_1604612156573{background-image: url(https:\/\/www.camping-corse-du-sud.com\/wp-content\/uploads\/2020\/11\/visuel-plus-beaux-endroits-iles-lavezzi-interne-bandeau-voile50.jpg?id=5814) !important;background-position: center !important;background-repeat: no-repeat !important;background-size: cover !important;}.vc_custom_1687982792935{margin-top: 20px !important;}",".vc_custom_1604612156573{background-image: url(https:\/\/www.camping-corse-du-sud.com\/wp-content\/uploads\/2020\/11\/visuel-plus-beaux-endroits-iles-lavezzi-interne-bandeau-voile50.jpg?id=5814) !important;background-position: center !important;background-repeat: no-repeat !important;background-size: cover !important;}.vc_custom_1687982792935{margin-top: 20px !important;}",".vc_custom_1604612156573{background-image: url(https:\/\/www.camping-corse-du-sud.com\/wp-content\/uploads\/2020\/11\/visuel-plus-beaux-endroits-iles-lavezzi-interne-bandeau-voile50.jpg?id=5814) !important;background-position: center !important;background-repeat: no-repeat !important;background-size: cover !important;}.vc_custom_1687982792935{margin-top: 20px !important;}",".vc_custom_1604612156573{background-image: url(https:\/\/www.camping-corse-du-sud.com\/wp-content\/uploads\/2020\/11\/visuel-plus-beaux-endroits-iles-lavezzi-interne-bandeau-voile50.jpg?id=5814) !important;background-position: center !important;background-repeat: no-repeat !important;background-size: cover !important;}.vc_custom_1687982792935{margin-top: 20px !important;}"],"_wpb_vc_js_status":["true"],"_yoast_wpseo_content_score":["30"],"_wpml_media_featured":["1"],"_wpml_media_duplicate":["0"],"_yoast_wpseo_estimated-reading-time-minutes":["4"],"_yoast_wpseo_wordproof_timestamp":[""],"_yoast_wpseo_primary_category":[""],"_wpml_location_migration_done":["1"],"_wpml_word_count":["{\"total\":755,\"to_translate\":{\"en\":755,\"de\":755}}"],"_last_translation_edit_mode":["native-editor"],"_yoast_wpseo_title":["Die Lavezzi-Inseln: Ein nat\u00fcrliches Wunder im Herzen von S\u00fcdkorsika"],"_thumbnail_id":["31664"],"_wp_page_template":[""],"_edit_lock":["1688145038:11"],"_edit_last":["11"],"_wpml_media_has_media":["1"],"_wpb_shortcodes_default_css":[".vc_do_custom_heading{margin-bottom:0.625rem;margin-top:0;}"],"_wpb_shortcodes_default_css_updated":["1"],"_wpb_shortcodes_custom_css_updated":["1"],"_seopress_titles_title":["Die Lavezzi-Inseln: Ein nat\u00fcrliches Wunder im Herzen von S\u00fcdkorsika"],"rank_math_title":["Die Lavezzi-Inseln: Ein nat\u00fcrliches Wunder im Herzen von S\u00fcdkorsika"],"rank_math_news_sitemap_robots":["index"],"rank_math_robots":["a:1:{i:0;s:5:\"index\";}"],"rank_math_analytic_object_id":["2120"],"rank_math_primary_category":["0"],"rank_math_internal_links_processed":["1"],"_astra_content_layout_flag":["disabled"],"site-post-title":["disabled"],"ast-title-bar-display":["disabled"],"ast-featured-img":["disabled"],"site-content-layout":["plain-container"],"site-sidebar-layout":["no-sidebar"],"_uag_page_assets":["a:9:{s:3:\"css\";s:7859:\".wp-block-uagb-container{display:flex;position:relative;box-sizing:border-box;transition-property:box-shadow;transition-duration:0.2s;transition-timing-function:ease}.wp-block-uagb-container .spectra-container-link-overlay{bottom:0;left:0;position:absolute;right:0;top:0;z-index:10}.wp-block-uagb-container.uagb-is-root-container{margin-left:auto;margin-right:auto}.wp-block-uagb-container.alignfull.uagb-is-root-container .uagb-container-inner-blocks-wrap{display:flex;position:relative;box-sizing:border-box;margin-left:auto !important;margin-right:auto !important}.wp-block-uagb-container .wp-block-uagb-blockquote,.wp-block-uagb-container .wp-block-spectra-pro-login,.wp-block-uagb-container .wp-block-spectra-pro-register{margin:unset}.wp-block-uagb-container .uagb-container__video-wrap{height:100%;width:100%;top:0;left:0;position:absolute;overflow:hidden;-webkit-transition:opacity 1s;-o-transition:opacity 1s;transition:opacity 1s}.wp-block-uagb-container .uagb-container__video-wrap video{max-width:100%;width:100%;height:100%;margin:0;line-height:1;border:none;display:inline-block;vertical-align:baseline;-o-object-fit:cover;object-fit:cover;background-size:cover}.wp-block-uagb-container.uagb-layout-grid{display:grid;width:100%}.wp-block-uagb-container.uagb-layout-grid>.uagb-container-inner-blocks-wrap{display:inherit;width:inherit}.wp-block-uagb-container.uagb-layout-grid>.uagb-container-inner-blocks-wrap>.wp-block-uagb-container{max-width:unset !important;width:unset !important}.wp-block-uagb-container.uagb-layout-grid>.wp-block-uagb-container{max-width:unset !important;width:unset !important}.wp-block-uagb-container.uagb-layout-grid.uagb-is-root-container{margin-left:auto;margin-right:auto}.wp-block-uagb-container.uagb-layout-grid.uagb-is-root-container>.wp-block-uagb-container{max-width:unset !important;width:unset !important}.wp-block-uagb-container.uagb-layout-grid.alignwide.uagb-is-root-container{margin-left:auto;margin-right:auto}.wp-block-uagb-container.uagb-layout-grid.alignfull.uagb-is-root-container .uagb-container-inner-blocks-wrap{display:inherit;position:relative;box-sizing:border-box;margin-left:auto !important;margin-right:auto !important}body .wp-block-uagb-container>.uagb-container-inner-blocks-wrap>*:not(.wp-block-uagb-container):not(.wp-block-uagb-column):not(.wp-block-uagb-container):not(.wp-block-uagb-section):not(.uagb-container__shape):not(.uagb-container__video-wrap):not(.wp-block-spectra-pro-register):not(.wp-block-spectra-pro-login):not(.uagb-slider-container):not(.spectra-image-gallery__control-lightbox):not(.wp-block-uagb-info-box),body .wp-block-uagb-container>.uagb-container-inner-blocks-wrap,body .wp-block-uagb-container>*:not(.wp-block-uagb-container):not(.wp-block-uagb-column):not(.wp-block-uagb-container):not(.wp-block-uagb-section):not(.uagb-container__shape):not(.uagb-container__video-wrap):not(.wp-block-spectra-pro-register):not(.wp-block-spectra-pro-login):not(.uagb-slider-container):not(.spectra-container-link-overlay):not(.spectra-image-gallery__control-lightbox):not(.wp-block-uagb-lottie):not(.uagb-faq__outer-wrap){min-width:unset !important;width:100%;position:relative}body .ast-container .wp-block-uagb-container>.uagb-container-inner-blocks-wrap>.wp-block-uagb-container>ul,body .ast-container .wp-block-uagb-container>.uagb-container-inner-blocks-wrap>.wp-block-uagb-container ol,body .ast-container .wp-block-uagb-container>.uagb-container-inner-blocks-wrap>ul,body .ast-container .wp-block-uagb-container>.uagb-container-inner-blocks-wrap ol{max-width:-webkit-fill-available;margin-block-start:0;margin-block-end:0;margin-left:20px}.ast-plain-container .editor-styles-wrapper .block-editor-block-list__layout.is-root-container .uagb-is-root-container.wp-block-uagb-container.alignwide{margin-left:auto;margin-right:auto}.uagb-container__shape{overflow:hidden;position:absolute;left:0;width:100%;line-height:0;direction:ltr}.uagb-container__shape-top{top:-3px}.uagb-container__shape-bottom{bottom:-3px}.uagb-container__shape.uagb-container__invert.uagb-container__shape-bottom,.uagb-container__shape.uagb-container__invert.uagb-container__shape-top{-webkit-transform:rotate(180deg);-ms-transform:rotate(180deg);transform:rotate(180deg)}.uagb-container__shape.uagb-container__shape-flip svg{transform:translateX(-50%) rotateY(180deg)}.uagb-container__shape svg{display:block;width:-webkit-calc(100% + 1.3px);width:calc(100% + 1.3px);position:relative;left:50%;-webkit-transform:translateX(-50%);-ms-transform:translateX(-50%);transform:translateX(-50%)}.uagb-container__shape .uagb-container__shape-fill{-webkit-transform-origin:center;-ms-transform-origin:center;transform-origin:center;-webkit-transform:rotateY(0deg);transform:rotateY(0deg)}.uagb-container__shape.uagb-container__shape-above-content{z-index:9;pointer-events:none}.nv-single-page-wrap .nv-content-wrap.entry-content .wp-block-uagb-container.alignfull{margin-left:calc(50% - 50vw);margin-right:calc(50% - 50vw)}@media only screen and (max-width: 767px){.wp-block-uagb-container .wp-block-uagb-advanced-heading{width:-webkit-fill-available}}.wp-block-uagb-image--align-none{justify-content:center}\n.wp-block-uagb-container.uagb-block-360db477 .uagb-container__shape-top svg{width: calc( 100% + 1.3px );}.wp-block-uagb-container.uagb-block-360db477 .uagb-container__shape.uagb-container__shape-top .uagb-container__shape-fill{fill: rgba(51,51,51,1);}.wp-block-uagb-container.uagb-block-360db477 .uagb-container__shape-bottom svg{width: calc( 100% + 1.3px );}.wp-block-uagb-container.uagb-block-360db477 .uagb-container__shape.uagb-container__shape-bottom .uagb-container__shape-fill{fill: rgba(51,51,51,1);}.wp-block-uagb-container.uagb-block-360db477 .uagb-container__video-wrap video{opacity: 1;}.wp-block-uagb-container.uagb-is-root-container .uagb-block-360db477{max-width: 100%;width: 100%;}.wp-block-uagb-container.uagb-is-root-container.alignfull.uagb-block-360db477 > .uagb-container-inner-blocks-wrap{--inner-content-custom-width: min( 100%, 1600px);max-width: var(--inner-content-custom-width);width: 100%;flex-direction: column;align-items: center;justify-content: center;flex-wrap: nowrap;row-gap: 20px;column-gap: 20px;}.wp-block-uagb-container.uagb-block-360db477{box-shadow: 0px 0px   #00000070 ;padding-top: 10px;padding-bottom: 10px;padding-left: 10px;padding-right: 10px;margin-top:  !important;margin-bottom:  !important;overflow: visible;order: initial;border-color: inherit;row-gap: 20px;column-gap: 20px;}@media only screen and (max-width: 976px) {.wp-block-uagb-container.uagb-is-root-container .uagb-block-360db477{width: 100%;}.wp-block-uagb-container.uagb-is-root-container.alignfull.uagb-block-360db477 > .uagb-container-inner-blocks-wrap{--inner-content-custom-width: min( 100%, 1024px);max-width: var(--inner-content-custom-width);width: 100%;}.wp-block-uagb-container.uagb-block-360db477{padding-top: 10px;padding-bottom: 10px;padding-left: 10px;padding-right: 10px;margin-top:  !important;margin-bottom:  !important;order: initial;}}@media only screen and (max-width: 767px) {.wp-block-uagb-container.uagb-is-root-container .uagb-block-360db477{max-width: 100%;width: 100%;}.wp-block-uagb-container.uagb-is-root-container.alignfull.uagb-block-360db477 > .uagb-container-inner-blocks-wrap{--inner-content-custom-width: min( 100%, 767px);max-width: var(--inner-content-custom-width);width: 100%;flex-wrap: wrap;}.wp-block-uagb-container.uagb-block-360db477{padding-top: 10px;padding-bottom: 10px;padding-left: 10px;padding-right: 10px;margin-top:  !important;margin-bottom:  !important;order: initial;}}.uag-blocks-common-selector{z-index:var(--z-index-desktop) !important}@media (max-width: 976px){.uag-blocks-common-selector{z-index:var(--z-index-tablet) !important}}@media (max-width: 767px){.uag-blocks-common-selector{z-index:var(--z-index-mobile) !important}}\n\";s:2:\"js\";s:0:\"\";s:18:\"current_block_list\";a:4:{i:0;s:14:\"uagb\/container\";i:1;s:12:\"core\/heading\";i:2;s:14:\"core\/paragraph\";i:3;s:14:\"core\/shortcode\";}s:8:\"uag_flag\";b:1;s:11:\"uag_version\";s:10:\"1775138354\";s:6:\"gfonts\";a:0:{}s:10:\"gfonts_url\";s:0:\"\";s:12:\"gfonts_files\";a:0:{}s:14:\"uag_faq_layout\";b:0;}"],"_uag_css_file_name":["uag-css-11309.css"]},"uagb_featured_image_src":{"full":["https:\/\/dev.camping-corse-du-sud.com\/wp-content\/uploads\/2025\/10\/visuel-plus-beaux-endroits-iles-lavezzi-interne.jpg",500,333,false],"thumbnail":["https:\/\/dev.camping-corse-du-sud.com\/wp-content\/uploads\/2025\/10\/visuel-plus-beaux-endroits-iles-lavezzi-interne-150x150.jpg",150,150,true],"medium":["https:\/\/dev.camping-corse-du-sud.com\/wp-content\/uploads\/2025\/10\/visuel-plus-beaux-endroits-iles-lavezzi-interne-300x200.jpg",300,200,true],"medium_large":["https:\/\/dev.camping-corse-du-sud.com\/wp-content\/uploads\/2025\/10\/visuel-plus-beaux-endroits-iles-lavezzi-interne.jpg",500,333,false],"large":["https:\/\/dev.camping-corse-du-sud.com\/wp-content\/uploads\/2025\/10\/visuel-plus-beaux-endroits-iles-lavezzi-interne.jpg",500,333,false],"1536x1536":["https:\/\/dev.camping-corse-du-sud.com\/wp-content\/uploads\/2025\/10\/visuel-plus-beaux-endroits-iles-lavezzi-interne.jpg",500,333,false],"2048x2048":["https:\/\/dev.camping-corse-du-sud.com\/wp-content\/uploads\/2025\/10\/visuel-plus-beaux-endroits-iles-lavezzi-interne.jpg",500,333,false],"vp_sm":["https:\/\/dev.camping-corse-du-sud.com\/wp-content\/uploads\/2025\/10\/visuel-plus-beaux-endroits-iles-lavezzi-interne.jpg",500,333,false],"vp_md":["https:\/\/dev.camping-corse-du-sud.com\/wp-content\/uploads\/2025\/10\/visuel-plus-beaux-endroits-iles-lavezzi-interne.jpg",500,333,false],"vp_lg":["https:\/\/dev.camping-corse-du-sud.com\/wp-content\/uploads\/2025\/10\/visuel-plus-beaux-endroits-iles-lavezzi-interne.jpg",500,333,false],"vp_xl":["https:\/\/dev.camping-corse-du-sud.com\/wp-content\/uploads\/2025\/10\/visuel-plus-beaux-endroits-iles-lavezzi-interne.jpg",500,333,false],"vp_sm_popup":["https:\/\/dev.camping-corse-du-sud.com\/wp-content\/uploads\/2025\/10\/visuel-plus-beaux-endroits-iles-lavezzi-interne.jpg",500,333,false],"vp_md_popup":["https:\/\/dev.camping-corse-du-sud.com\/wp-content\/uploads\/2025\/10\/visuel-plus-beaux-endroits-iles-lavezzi-interne.jpg",500,333,false],"vp_xl_popup":["https:\/\/dev.camping-corse-du-sud.com\/wp-content\/uploads\/2025\/10\/visuel-plus-beaux-endroits-iles-lavezzi-interne.jpg",500,333,false]},"uagb_author_info":{"display_name":"Edouard","author_link":"https:\/\/dev.camping-corse-du-sud.com\/de\/author\/edouard\/"},"uagb_comment_info":0,"uagb_excerpt":"[vc_row full_width=&#8220;stretch_row_content&#8220; css_animation=&#8220;fadeIn&#8220; css=&#8220;.vc_custom_1604612156573{background-image: url(https:\/\/www.camping-corse-du-sud.com\/wp-content\/uploads\/2020\/11\/visuel-plus-beaux-endroits-iles-lavezzi-interne-bandeau-voile50.jpg?id=5814) !important;background-position: center !important;background-repeat: no-repeat !important;background-size: cover !important;}&#8220;][vc_column][vc_empty_space height=&#8220;100px&#8220;][vc_custom_heading text=&#8220;Archipel der Sanguinaires&#8220; font_container=&#8220;tag:h1|text_align:center|color:%23ffffff&#8220; use_theme_fonts=&#8220;yes&#8220;][vc_empty_space height=&#8220;100px&#8220;][vc_row_inner][vc_column_inner][vc_empty_space height=&#8220;50px&#8220;][\/vc_column_inner][\/vc_row_inner][\/vc_column][\/vc_row][vc_row [&hellip;]","_links":{"self":[{"href":"https:\/\/dev.camping-corse-du-sud.com\/de\/wp-json\/wp\/v2\/pages\/11309","targetHints":{"allow":["GET"]}}],"collection":[{"href":"https:\/\/dev.camping-corse-du-sud.com\/de\/wp-json\/wp\/v2\/pages"}],"about":[{"href":"https:\/\/dev.camping-corse-du-sud.com\/de\/wp-json\/wp\/v2\/types\/page"}],"author":[{"embeddable":true,"href":"https:\/\/dev.camping-corse-du-sud.com\/de\/wp-json\/wp\/v2\/users\/3"}],"replies":[{"embeddable":true,"href":"https:\/\/dev.camping-corse-du-sud.com\/de\/wp-json\/wp\/v2\/comments?post=11309"}],"version-history":[{"count":0,"href":"https:\/\/dev.camping-corse-du-sud.com\/de\/wp-json\/wp\/v2\/pages\/11309\/revisions"}],"wp:featuredmedia":[{"embeddable":true,"href":"https:\/\/dev.camping-corse-du-sud.com\/de\/wp-json\/wp\/v2\/media\/31664"}],"wp:attachment":[{"href":"https:\/\/dev.camping-corse-du-sud.com\/de\/wp-json\/wp\/v2\/media?parent=11309"}],"wp:term":[{"taxonomy":"category","embeddable":true,"href":"https:\/\/dev.camping-corse-du-sud.com\/de\/wp-json\/wp\/v2\/categories?post=11309"},{"taxonomy":"post_tag","embeddable":true,"href":"https:\/\/dev.camping-corse-du-sud.com\/de\/wp-json\/wp\/v2\/tags?post=11309"}],"curies":[{"name":"wp","href":"https:\/\/api.w.org\/{rel}","templated":true}]}}