{"id":11259,"date":"2020-11-05T18:57:58","date_gmt":"2020-11-05T17:57:58","guid":{"rendered":"https:\/\/www.camping-corse-du-sud.com\/bonifacio\/"},"modified":"2023-06-30T19:41:49","modified_gmt":"2023-06-30T17:41:49","slug":"bonifacio","status":"publish","type":"page","link":"https:\/\/dev.camping-corse-du-sud.com\/de\/bonifacio\/","title":{"rendered":"Bonifacio"},"content":{"rendered":"<div class=\"wpb-content-wrapper\"><p>[vc_row full_width=&#8220;stretch_row_content&#8220; css_animation=&#8220;fadeIn&#8220; css=&#8220;.vc_custom_1604619293696{background-image: url(https:\/\/www.camping-corse-du-sud.com\/wp-content\/uploads\/2020\/11\/visuel-plus-beaux-endroits-bonifacio-interne-bandeau-voile50.jpg?id=5857) !important;background-position: center !important;background-repeat: no-repeat !important;background-size: cover !important;}&#8220;][vc_column][vc_empty_space height=&#8220;100px&#8220;][vc_custom_heading text=&#8220;BONIFACIO&#8220; font_container=&#8220;tag:h1|text_align:center|color:%23ffffff&#8220; use_theme_fonts=&#8220;yes&#8220;][vc_empty_space height=&#8220;100px&#8220;][vc_row_inner][vc_column_inner][vc_empty_space height=&#8220;50px&#8220;][\/vc_column_inner][\/vc_row_inner][\/vc_column][\/vc_row][vc_row gap=&#8220;20&#8243;][vc_column width=&#8220;1\/2&#8243;][vc_single_image image=&#8220;10684&#8243; img_size=&#8220;full&#8220; onclick=&#8220;zoom&#8220;][\/vc_column][vc_column width=&#8220;1\/2&#8243;][vc_custom_heading text=&#8220;Bonifacio&#8220; font_container=&#8220;tag:h2|text_align:left|color:%23000000&#8243; use_theme_fonts=&#8220;yes&#8220; css_animation=&#8220;fadeIn&#8220;][vc_separator color=&#8220;custom&#8220; align=&#8220;align_left&#8220; border_width=&#8220;2&#8243; el_width=&#8220;30&#8243; accent_color=&#8220;#5694ff&#8220;][vc_column_text]<\/p>\n<p class=\"p1\">Im \u00e4u\u00dfersten S\u00fcden der Insel der Sch\u00f6nheit gelegen, ist die Stadt Bonifacio ein unverzichtbarer Teil der sch\u00f6nsten Orte Korsikas. Bekannt f\u00fcr ihre Kalksteinklippen, von denen aus Sie bei klarem Wetter die K\u00fcsten von Sardinien sehen k\u00f6nnen, die nur 14 km entfernt liegen. Sie werden auch gerne durch den Hafen spazieren oder durch die Gassen der Altstadt schlendern. Folgen Sie dem Rundweg und entdecken Sie das mittelalterliche Herz inmitten der Stadtbefestigungen. F\u00fcr weitere Entdeckungen gehen Sie zur Treppe des K\u00f6nigs von Aragon, die direkt in den Felsen gehauen ist. Sie befinden sich mitten in der Klippe, die Landschaften und die Aussicht sind atemberaubend.<\/p>\n<p>[\/vc_column_text][\/vc_column][\/vc_row][vc_row css=&#8220;.vc_custom_1687791608430{margin-top: 20px !important;}&#8220;][vc_column][vc_column_text]<\/p>\n<h2 class=\"p1\">Bonifacio, m\u00e4rchenhaftes Juwel im S\u00fcden Korsikas<\/h2>\n<p class=\"p1\">Die bezaubernde Landschaft S\u00fcdkorsikas f\u00fchrt uns heute zur Entdeckung einer ihrer emblematischsten St\u00e4dte: Bonifacio. Auf einer Klippe aus wei\u00dfem Kalkstein gelegen, scheint diese mittelalterliche Stadt \u00fcber das Mittelmeer zu wachen und bietet ein unvergessliches Naturschauspiel und architektonisches Meisterwerk.<\/p>\n<h3 class=\"p1\">Bonifacio, der \u00e4u\u00dferste S\u00fcden von S\u00fcdkorsika<\/h3>\n<p class=\"p1\">Bonifacio, gelegen im \u00e4u\u00dfersten S\u00fcden von S\u00fcdkorsika, ist eine Stadt einzigartiger Art. Ihre besondere Lage, auf einem Kalksteinausl\u00e4ufer mit Blick auf das Meer, verleiht ihr eine Atmosph\u00e4re, die gleicherma\u00dfen majest\u00e4tisch und geheimnisvoll ist. Die schwindelerregenden Klippen, die die Stadt umrahmen, sind Versprechen f\u00fcr Abenteuer und Entdeckungen.<\/p>\n<h3 class=\"p1\">Die Altstadt: Ein Tauchgang in die Geschichte<\/h3>\n<p class=\"p1\">Das historische Herz von Bonifacio, oft als Oberstadt bezeichnet, ist ein wahres architektonisches Juwel. Zwischen ihren gepflasterten Gassen, den eng zusammengedr\u00e4ngten wei\u00dfen H\u00e4usern und ihrer uneinnehmbaren Zitadelle erz\u00e4hlt die Altstadt von den Jahrhunderten der Geschichte dieser korsischen Stadt. Geschichtsbegeisterte werden hier Spuren der genuesischen Vergangenheit der Stadt entdecken, insbesondere durch den beeindruckenden Etendard-Turm.<\/p>\n<h3 class=\"p1\">Der Hafen von Bonifacio: Der Charme von S\u00fcdkorsika<\/h3>\n<p class=\"p1\">Der Hafen von Bonifacio, eingebettet in einen nat\u00fcrlichen Fjord, ist eine wahre Postkarte. Mit seinen luxuri\u00f6sen Yachten, belebten Terrassen und bunten Fassaden bietet der Hafen eine modernere und lebendigere Ansicht von Bonifacio. Treffpunkt f\u00fcr Bootsfahrer ist er auch der Ausgangspunkt f\u00fcr Bootsausfl\u00fcge zu den Lavezzi-Inseln.<\/p>\n<h3 class=\"p1\">Die Str\u00e4nde von Bonifacio: Versteckte Juwelen von S\u00fcdkorsika<\/h3>\n<p class=\"p1\">Bonifacio ist nicht nur f\u00fcr seine Geschichte und Architektur ber\u00fchmt, sondern auch f\u00fcr seine paradiesischen Str\u00e4nde. Diese feinsandigen, mit t\u00fcrkisfarbenem und kristallklarem Wasser gesegneten Str\u00e4nde bieten idyllische Kulissen zum Entspannen. Der Strand von Petit Sp\u00e9rone zum Beispiel gilt oft als einer der sch\u00f6nsten in S\u00fcdkorsika. Sein klares Wasser, die reiche Unterwasserwelt und seine Ruhe machen ihn zu einer wahren Oase des Friedens. Vom Strand von Paraguan bis zum Cala Longa, jeder Strand in Bonifacio bietet ein einzigartiges Erlebnis f\u00fcr Naturliebhaber und Sonnenanbeter.<\/p>\n<h3 class=\"p1\">Die Klippen von Bonifacio: Ein atemberaubendes Naturschauspiel<\/h3>\n<p class=\"p1\">Die Natur hat in Bonifacio Wunder gewirkt. Die wei\u00dfen Kalksteinklippen, die die Stadt umgeben, sind eines der markantesten Landschaftsbilder S\u00fcdkorsikas. Diese nat\u00fcrlichen Formationen bieten spektakul\u00e4re Aussichten, besonders bei Sonnenuntergang, wenn der Kalkstein goldene Farbt\u00f6ne annimmt. Der Blick vom Klippenpfad ist bei einem Besuch in Bonifacio ein Muss.<\/p>\n<p class=\"p1\">Mit ihrer au\u00dfergew\u00f6hnlichen Lage, ihrem reichen historischen Erbe und ihrer mediterranen Atmosph\u00e4re ist Bonifacio ein Muss f\u00fcr jeden Besucher von S\u00fcdkorsika. Jede ihrer Gassen, jede ihrer Klippen erz\u00e4hlt eine Geschichte und l\u00e4dt zur Entdeckung ein. Bonifacio ist nicht nur eine Stadt, es ist ein Buch voller Geschichten, ein lebendiges Gem\u00e4lde, eine Symphonie aus Farben und Empfindungen.<\/p>\n<p>[\/vc_column_text][\/vc_column][\/vc_row]<\/p>\n<\/div>","protected":false},"excerpt":{"rendered":"<p>[vc_row full_width=&#8220;stretch_row_content&#8220; css_animation=&#8220;fadeIn&#8220; css=&#8220;.vc_custom_1604619293696{background-image: url(https:\/\/www.camping-corse-du-sud.com\/wp-content\/uploads\/2020\/11\/visuel-plus-beaux-endroits-bonifacio-interne-bandeau-voile50.jpg?id=5857) !important;background-position: center !important;background-repeat: no-repeat !important;background-size: cover !important;}&#8220;][vc_column][vc_empty_space height=&#8220;100px&#8220;][vc_custom_heading text=&#8220;BONIFACIO&#8220; font_container=&#8220;tag:h1|text_align:center|color:%23ffffff&#8220; use_theme_fonts=&#8220;yes&#8220;][vc_empty_space height=&#8220;100px&#8220;][vc_row_inner][vc_column_inner][vc_empty_space height=&#8220;50px&#8220;][\/vc_column_inner][\/vc_row_inner][\/vc_column][\/vc_row][vc_row gap=&#8220;20&#8243;][vc_column width=&#8220;1\/2&#8243;][vc_single_image [&hellip;]<\/p>\n","protected":false},"author":3,"featured_media":24515,"parent":0,"menu_order":0,"comment_status":"closed","ping_status":"closed","template":"","meta":{"_seopress_robots_primary_cat":"","_seopress_titles_title":"Bonifacio, m\u00e4rchenhaftes Juwel im S\u00fcden Korsikas","_seopress_titles_desc":"","_seopress_robots_index":"","_uag_custom_page_level_css":"","site-sidebar-layout":"no-sidebar","site-content-layout":"plain-container","ast-site-content-layout":"default","site-content-style":"default","site-sidebar-style":"default","ast-global-header-display":"","ast-banner-title-visibility":"","ast-main-header-display":"","ast-hfb-above-header-display":"","ast-hfb-below-header-display":"","ast-hfb-mobile-header-display":"","site-post-title":"disabled","ast-breadcrumbs-content":"","ast-featured-img":"disabled","footer-sml-layout":"","ast-disable-related-posts":"","theme-transparent-header-meta":"","adv-header-id-meta":"","stick-header-meta":"","header-above-stick-meta":"","header-main-stick-meta":"","header-below-stick-meta":"","astra-migrate-meta-layouts":"default","ast-page-background-enabled":"default","ast-page-background-meta":{"desktop":{"background-color":"var(--ast-global-color-5)","background-image":"","background-repeat":"repeat","background-position":"center center","background-size":"auto","background-attachment":"scroll","background-type":"","background-media":"","overlay-type":"","overlay-color":"","overlay-opacity":"","overlay-gradient":""},"tablet":{"background-color":"","background-image":"","background-repeat":"repeat","background-position":"center center","background-size":"auto","background-attachment":"scroll","background-type":"","background-media":"","overlay-type":"","overlay-color":"","overlay-opacity":"","overlay-gradient":""},"mobile":{"background-color":"","background-image":"","background-repeat":"repeat","background-position":"center center","background-size":"auto","background-attachment":"scroll","background-type":"","background-media":"","overlay-type":"","overlay-color":"","overlay-opacity":"","overlay-gradient":""}},"ast-content-background-meta":{"desktop":{"background-color":"var(--ast-global-color-4)","background-image":"","background-repeat":"repeat","background-position":"center center","background-size":"auto","background-attachment":"scroll","background-type":"","background-media":"","overlay-type":"","overlay-color":"","overlay-opacity":"","overlay-gradient":""},"tablet":{"background-color":"var(--ast-global-color-4)","background-image":"","background-repeat":"repeat","background-position":"center center","background-size":"auto","background-attachment":"scroll","background-type":"","background-media":"","overlay-type":"","overlay-color":"","overlay-opacity":"","overlay-gradient":""},"mobile":{"background-color":"var(--ast-global-color-4)","background-image":"","background-repeat":"repeat","background-position":"center center","background-size":"auto","background-attachment":"scroll","background-type":"","background-media":"","overlay-type":"","overlay-color":"","overlay-opacity":"","overlay-gradient":""}},"_vp_format_video_url":"","_vp_image_focal_point":[],"footnotes":""},"categories":[],"tags":[],"class_list":["post-11259","page","type-page","status-publish","has-post-thumbnail"],"spectra_custom_meta":{"_vp_words_count":["549"],"_wpb_shortcodes_custom_css":[".vc_custom_1604619293696{background-image: url(https:\/\/www.camping-corse-du-sud.com\/wp-content\/uploads\/2020\/11\/visuel-plus-beaux-endroits-bonifacio-interne-bandeau-voile50.jpg?id=5857) !important;background-position: center !important;background-repeat: no-repeat !important;background-size: cover !important;}.vc_custom_1687791608430{margin-top: 20px !important;}",".vc_custom_1604619293696{background-image: url(https:\/\/www.camping-corse-du-sud.com\/wp-content\/uploads\/2020\/11\/visuel-plus-beaux-endroits-bonifacio-interne-bandeau-voile50.jpg?id=5857) !important;background-position: center !important;background-repeat: no-repeat !important;background-size: cover !important;}.vc_custom_1687791608430{margin-top: 20px !important;}",".vc_custom_1604619293696{background-image: url(https:\/\/www.camping-corse-du-sud.com\/wp-content\/uploads\/2020\/11\/visuel-plus-beaux-endroits-bonifacio-interne-bandeau-voile50.jpg?id=5857) !important;background-position: center !important;background-repeat: no-repeat !important;background-size: cover !important;}.vc_custom_1687791608430{margin-top: 20px !important;}",".vc_custom_1604619293696{background-image: url(https:\/\/www.camping-corse-du-sud.com\/wp-content\/uploads\/2020\/11\/visuel-plus-beaux-endroits-bonifacio-interne-bandeau-voile50.jpg?id=5857) !important;background-position: center !important;background-repeat: no-repeat !important;background-size: cover !important;}.vc_custom_1687791608430{margin-top: 20px !important;}"],"_wpb_vc_js_status":["true"],"_yoast_wpseo_content_score":["60"],"_wpml_media_featured":["1"],"_wpml_media_duplicate":["0"],"_yoast_wpseo_estimated-reading-time-minutes":["3"],"_yoast_wpseo_wordproof_timestamp":[""],"_yoast_wpseo_primary_category":[""],"_wpml_location_migration_done":["1"],"_wpml_word_count":["{\"total\":682,\"to_translate\":{\"en\":682,\"de\":682}}"],"_last_translation_edit_mode":["native-editor"],"_yoast_wpseo_title":["Bonifacio, m\u00e4rchenhaftes Juwel im S\u00fcden Korsikas"],"_thumbnail_id":["24515"],"_wp_page_template":[""],"_edit_lock":["1688146772:11"],"_edit_last":["11"],"_wpml_media_has_media":["1"],"_wpb_shortcodes_default_css":[".vc_do_custom_heading{margin-bottom:0.625rem;margin-top:0;}"],"_wpb_shortcodes_default_css_updated":["1"],"_wpb_shortcodes_custom_css_updated":["1"],"_seopress_titles_title":["Bonifacio, m\u00e4rchenhaftes Juwel im S\u00fcden Korsikas"],"rank_math_title":["Bonifacio, m\u00e4rchenhaftes Juwel im S\u00fcden Korsikas"],"rank_math_news_sitemap_robots":["index"],"rank_math_robots":["a:1:{i:0;s:5:\"index\";}"],"rank_math_analytic_object_id":["2092"],"rank_math_primary_category":["0"],"rank_math_internal_links_processed":["1"],"_astra_content_layout_flag":["disabled"],"site-post-title":["disabled"],"ast-title-bar-display":["disabled"],"ast-featured-img":["disabled"],"site-content-layout":["plain-container"],"site-sidebar-layout":["no-sidebar"],"_uag_page_assets":["a:9:{s:3:\"css\";s:7859:\".wp-block-uagb-container{display:flex;position:relative;box-sizing:border-box;transition-property:box-shadow;transition-duration:0.2s;transition-timing-function:ease}.wp-block-uagb-container .spectra-container-link-overlay{bottom:0;left:0;position:absolute;right:0;top:0;z-index:10}.wp-block-uagb-container.uagb-is-root-container{margin-left:auto;margin-right:auto}.wp-block-uagb-container.alignfull.uagb-is-root-container .uagb-container-inner-blocks-wrap{display:flex;position:relative;box-sizing:border-box;margin-left:auto !important;margin-right:auto !important}.wp-block-uagb-container .wp-block-uagb-blockquote,.wp-block-uagb-container .wp-block-spectra-pro-login,.wp-block-uagb-container .wp-block-spectra-pro-register{margin:unset}.wp-block-uagb-container .uagb-container__video-wrap{height:100%;width:100%;top:0;left:0;position:absolute;overflow:hidden;-webkit-transition:opacity 1s;-o-transition:opacity 1s;transition:opacity 1s}.wp-block-uagb-container .uagb-container__video-wrap video{max-width:100%;width:100%;height:100%;margin:0;line-height:1;border:none;display:inline-block;vertical-align:baseline;-o-object-fit:cover;object-fit:cover;background-size:cover}.wp-block-uagb-container.uagb-layout-grid{display:grid;width:100%}.wp-block-uagb-container.uagb-layout-grid>.uagb-container-inner-blocks-wrap{display:inherit;width:inherit}.wp-block-uagb-container.uagb-layout-grid>.uagb-container-inner-blocks-wrap>.wp-block-uagb-container{max-width:unset !important;width:unset !important}.wp-block-uagb-container.uagb-layout-grid>.wp-block-uagb-container{max-width:unset !important;width:unset !important}.wp-block-uagb-container.uagb-layout-grid.uagb-is-root-container{margin-left:auto;margin-right:auto}.wp-block-uagb-container.uagb-layout-grid.uagb-is-root-container>.wp-block-uagb-container{max-width:unset !important;width:unset !important}.wp-block-uagb-container.uagb-layout-grid.alignwide.uagb-is-root-container{margin-left:auto;margin-right:auto}.wp-block-uagb-container.uagb-layout-grid.alignfull.uagb-is-root-container .uagb-container-inner-blocks-wrap{display:inherit;position:relative;box-sizing:border-box;margin-left:auto !important;margin-right:auto !important}body .wp-block-uagb-container>.uagb-container-inner-blocks-wrap>*:not(.wp-block-uagb-container):not(.wp-block-uagb-column):not(.wp-block-uagb-container):not(.wp-block-uagb-section):not(.uagb-container__shape):not(.uagb-container__video-wrap):not(.wp-block-spectra-pro-register):not(.wp-block-spectra-pro-login):not(.uagb-slider-container):not(.spectra-image-gallery__control-lightbox):not(.wp-block-uagb-info-box),body .wp-block-uagb-container>.uagb-container-inner-blocks-wrap,body .wp-block-uagb-container>*:not(.wp-block-uagb-container):not(.wp-block-uagb-column):not(.wp-block-uagb-container):not(.wp-block-uagb-section):not(.uagb-container__shape):not(.uagb-container__video-wrap):not(.wp-block-spectra-pro-register):not(.wp-block-spectra-pro-login):not(.uagb-slider-container):not(.spectra-container-link-overlay):not(.spectra-image-gallery__control-lightbox):not(.wp-block-uagb-lottie):not(.uagb-faq__outer-wrap){min-width:unset !important;width:100%;position:relative}body .ast-container .wp-block-uagb-container>.uagb-container-inner-blocks-wrap>.wp-block-uagb-container>ul,body .ast-container .wp-block-uagb-container>.uagb-container-inner-blocks-wrap>.wp-block-uagb-container ol,body .ast-container .wp-block-uagb-container>.uagb-container-inner-blocks-wrap>ul,body .ast-container .wp-block-uagb-container>.uagb-container-inner-blocks-wrap ol{max-width:-webkit-fill-available;margin-block-start:0;margin-block-end:0;margin-left:20px}.ast-plain-container .editor-styles-wrapper .block-editor-block-list__layout.is-root-container .uagb-is-root-container.wp-block-uagb-container.alignwide{margin-left:auto;margin-right:auto}.uagb-container__shape{overflow:hidden;position:absolute;left:0;width:100%;line-height:0;direction:ltr}.uagb-container__shape-top{top:-3px}.uagb-container__shape-bottom{bottom:-3px}.uagb-container__shape.uagb-container__invert.uagb-container__shape-bottom,.uagb-container__shape.uagb-container__invert.uagb-container__shape-top{-webkit-transform:rotate(180deg);-ms-transform:rotate(180deg);transform:rotate(180deg)}.uagb-container__shape.uagb-container__shape-flip svg{transform:translateX(-50%) rotateY(180deg)}.uagb-container__shape svg{display:block;width:-webkit-calc(100% + 1.3px);width:calc(100% + 1.3px);position:relative;left:50%;-webkit-transform:translateX(-50%);-ms-transform:translateX(-50%);transform:translateX(-50%)}.uagb-container__shape .uagb-container__shape-fill{-webkit-transform-origin:center;-ms-transform-origin:center;transform-origin:center;-webkit-transform:rotateY(0deg);transform:rotateY(0deg)}.uagb-container__shape.uagb-container__shape-above-content{z-index:9;pointer-events:none}.nv-single-page-wrap .nv-content-wrap.entry-content .wp-block-uagb-container.alignfull{margin-left:calc(50% - 50vw);margin-right:calc(50% - 50vw)}@media only screen and (max-width: 767px){.wp-block-uagb-container .wp-block-uagb-advanced-heading{width:-webkit-fill-available}}.wp-block-uagb-image--align-none{justify-content:center}\n.wp-block-uagb-container.uagb-block-360db477 .uagb-container__shape-top svg{width: calc( 100% + 1.3px );}.wp-block-uagb-container.uagb-block-360db477 .uagb-container__shape.uagb-container__shape-top .uagb-container__shape-fill{fill: rgba(51,51,51,1);}.wp-block-uagb-container.uagb-block-360db477 .uagb-container__shape-bottom svg{width: calc( 100% + 1.3px );}.wp-block-uagb-container.uagb-block-360db477 .uagb-container__shape.uagb-container__shape-bottom .uagb-container__shape-fill{fill: rgba(51,51,51,1);}.wp-block-uagb-container.uagb-block-360db477 .uagb-container__video-wrap video{opacity: 1;}.wp-block-uagb-container.uagb-is-root-container .uagb-block-360db477{max-width: 100%;width: 100%;}.wp-block-uagb-container.uagb-is-root-container.alignfull.uagb-block-360db477 > .uagb-container-inner-blocks-wrap{--inner-content-custom-width: min( 100%, 1600px);max-width: var(--inner-content-custom-width);width: 100%;flex-direction: column;align-items: center;justify-content: center;flex-wrap: nowrap;row-gap: 20px;column-gap: 20px;}.wp-block-uagb-container.uagb-block-360db477{box-shadow: 0px 0px   #00000070 ;padding-top: 10px;padding-bottom: 10px;padding-left: 10px;padding-right: 10px;margin-top:  !important;margin-bottom:  !important;overflow: visible;order: initial;border-color: inherit;row-gap: 20px;column-gap: 20px;}@media only screen and (max-width: 976px) {.wp-block-uagb-container.uagb-is-root-container .uagb-block-360db477{width: 100%;}.wp-block-uagb-container.uagb-is-root-container.alignfull.uagb-block-360db477 > .uagb-container-inner-blocks-wrap{--inner-content-custom-width: min( 100%, 1024px);max-width: var(--inner-content-custom-width);width: 100%;}.wp-block-uagb-container.uagb-block-360db477{padding-top: 10px;padding-bottom: 10px;padding-left: 10px;padding-right: 10px;margin-top:  !important;margin-bottom:  !important;order: initial;}}@media only screen and (max-width: 767px) {.wp-block-uagb-container.uagb-is-root-container .uagb-block-360db477{max-width: 100%;width: 100%;}.wp-block-uagb-container.uagb-is-root-container.alignfull.uagb-block-360db477 > .uagb-container-inner-blocks-wrap{--inner-content-custom-width: min( 100%, 767px);max-width: var(--inner-content-custom-width);width: 100%;flex-wrap: wrap;}.wp-block-uagb-container.uagb-block-360db477{padding-top: 10px;padding-bottom: 10px;padding-left: 10px;padding-right: 10px;margin-top:  !important;margin-bottom:  !important;order: initial;}}.uag-blocks-common-selector{z-index:var(--z-index-desktop) !important}@media (max-width: 976px){.uag-blocks-common-selector{z-index:var(--z-index-tablet) !important}}@media (max-width: 767px){.uag-blocks-common-selector{z-index:var(--z-index-mobile) !important}}\n\";s:2:\"js\";s:0:\"\";s:18:\"current_block_list\";a:4:{i:0;s:14:\"uagb\/container\";i:1;s:12:\"core\/heading\";i:2;s:14:\"core\/paragraph\";i:3;s:14:\"core\/shortcode\";}s:8:\"uag_flag\";b:1;s:11:\"uag_version\";s:10:\"1775138354\";s:6:\"gfonts\";a:0:{}s:10:\"gfonts_url\";s:0:\"\";s:12:\"gfonts_files\";a:0:{}s:14:\"uag_faq_layout\";b:0;}"],"_uag_css_file_name":["uag-css-11259.css"]},"uagb_featured_image_src":{"full":["https:\/\/dev.camping-corse-du-sud.com\/wp-content\/uploads\/2025\/01\/bonifacio_vue_port_refletant_batiments_historique_village.jpg",500,333,false],"thumbnail":["https:\/\/dev.camping-corse-du-sud.com\/wp-content\/uploads\/2025\/01\/bonifacio_vue_port_refletant_batiments_historique_village-150x150.jpg",150,150,true],"medium":["https:\/\/dev.camping-corse-du-sud.com\/wp-content\/uploads\/2025\/01\/bonifacio_vue_port_refletant_batiments_historique_village-300x200.jpg",300,200,true],"medium_large":["https:\/\/dev.camping-corse-du-sud.com\/wp-content\/uploads\/2025\/01\/bonifacio_vue_port_refletant_batiments_historique_village.jpg",500,333,false],"large":["https:\/\/dev.camping-corse-du-sud.com\/wp-content\/uploads\/2025\/01\/bonifacio_vue_port_refletant_batiments_historique_village.jpg",500,333,false],"1536x1536":["https:\/\/dev.camping-corse-du-sud.com\/wp-content\/uploads\/2025\/01\/bonifacio_vue_port_refletant_batiments_historique_village.jpg",500,333,false],"2048x2048":["https:\/\/dev.camping-corse-du-sud.com\/wp-content\/uploads\/2025\/01\/bonifacio_vue_port_refletant_batiments_historique_village.jpg",500,333,false],"vp_sm":["https:\/\/dev.camping-corse-du-sud.com\/wp-content\/uploads\/2025\/01\/bonifacio_vue_port_refletant_batiments_historique_village.jpg",500,333,false],"vp_md":["https:\/\/dev.camping-corse-du-sud.com\/wp-content\/uploads\/2025\/01\/bonifacio_vue_port_refletant_batiments_historique_village.jpg",500,333,false],"vp_lg":["https:\/\/dev.camping-corse-du-sud.com\/wp-content\/uploads\/2025\/01\/bonifacio_vue_port_refletant_batiments_historique_village.jpg",500,333,false],"vp_xl":["https:\/\/dev.camping-corse-du-sud.com\/wp-content\/uploads\/2025\/01\/bonifacio_vue_port_refletant_batiments_historique_village.jpg",500,333,false],"vp_sm_popup":["https:\/\/dev.camping-corse-du-sud.com\/wp-content\/uploads\/2025\/01\/bonifacio_vue_port_refletant_batiments_historique_village.jpg",500,333,false],"vp_md_popup":["https:\/\/dev.camping-corse-du-sud.com\/wp-content\/uploads\/2025\/01\/bonifacio_vue_port_refletant_batiments_historique_village.jpg",500,333,false],"vp_xl_popup":["https:\/\/dev.camping-corse-du-sud.com\/wp-content\/uploads\/2025\/01\/bonifacio_vue_port_refletant_batiments_historique_village.jpg",500,333,false]},"uagb_author_info":{"display_name":"Edouard","author_link":"https:\/\/dev.camping-corse-du-sud.com\/de\/author\/edouard\/"},"uagb_comment_info":0,"uagb_excerpt":"[vc_row full_width=&#8220;stretch_row_content&#8220; css_animation=&#8220;fadeIn&#8220; css=&#8220;.vc_custom_1604619293696{background-image: url(https:\/\/www.camping-corse-du-sud.com\/wp-content\/uploads\/2020\/11\/visuel-plus-beaux-endroits-bonifacio-interne-bandeau-voile50.jpg?id=5857) !important;background-position: center !important;background-repeat: no-repeat !important;background-size: cover !important;}&#8220;][vc_column][vc_empty_space height=&#8220;100px&#8220;][vc_custom_heading text=&#8220;BONIFACIO&#8220; font_container=&#8220;tag:h1|text_align:center|color:%23ffffff&#8220; use_theme_fonts=&#8220;yes&#8220;][vc_empty_space height=&#8220;100px&#8220;][vc_row_inner][vc_column_inner][vc_empty_space height=&#8220;50px&#8220;][\/vc_column_inner][\/vc_row_inner][\/vc_column][\/vc_row][vc_row gap=&#8220;20&#8243;][vc_column width=&#8220;1\/2&#8243;][vc_single_image [&hellip;]","_links":{"self":[{"href":"https:\/\/dev.camping-corse-du-sud.com\/de\/wp-json\/wp\/v2\/pages\/11259","targetHints":{"allow":["GET"]}}],"collection":[{"href":"https:\/\/dev.camping-corse-du-sud.com\/de\/wp-json\/wp\/v2\/pages"}],"about":[{"href":"https:\/\/dev.camping-corse-du-sud.com\/de\/wp-json\/wp\/v2\/types\/page"}],"author":[{"embeddable":true,"href":"https:\/\/dev.camping-corse-du-sud.com\/de\/wp-json\/wp\/v2\/users\/3"}],"replies":[{"embeddable":true,"href":"https:\/\/dev.camping-corse-du-sud.com\/de\/wp-json\/wp\/v2\/comments?post=11259"}],"version-history":[{"count":0,"href":"https:\/\/dev.camping-corse-du-sud.com\/de\/wp-json\/wp\/v2\/pages\/11259\/revisions"}],"wp:featuredmedia":[{"embeddable":true,"href":"https:\/\/dev.camping-corse-du-sud.com\/de\/wp-json\/wp\/v2\/media\/24515"}],"wp:attachment":[{"href":"https:\/\/dev.camping-corse-du-sud.com\/de\/wp-json\/wp\/v2\/media?parent=11259"}],"wp:term":[{"taxonomy":"category","embeddable":true,"href":"https:\/\/dev.camping-corse-du-sud.com\/de\/wp-json\/wp\/v2\/categories?post=11259"},{"taxonomy":"post_tag","embeddable":true,"href":"https:\/\/dev.camping-corse-du-sud.com\/de\/wp-json\/wp\/v2\/tags?post=11259"}],"curies":[{"name":"wp","href":"https:\/\/api.w.org\/{rel}","templated":true}]}}