{"id":11078,"date":"2020-11-06T15:22:51","date_gmt":"2020-11-06T14:22:51","guid":{"rendered":"https:\/\/www.camping-corse-du-sud.com\/sartene-the-authentic-heart-of-corsica\/"},"modified":"2023-06-30T18:54:02","modified_gmt":"2023-06-30T16:54:02","slug":"sartene-das-authentische-herz-von-korsika","status":"publish","type":"page","link":"https:\/\/dev.camping-corse-du-sud.com\/de\/sartene-das-authentische-herz-von-korsika\/","title":{"rendered":"Sart\u00e8ne, das authentische Herz von Korsika"},"content":{"rendered":"<div class=\"wpb-content-wrapper\"><p>[vc_row full_width=&#8220;stretch_row_content&#8220; css_animation=&#8220;fadeIn&#8220; css=&#8220;.vc_custom_1604675741812{background-image: url(https:\/\/www.camping-corse-du-sud.com\/wp-content\/uploads\/2020\/11\/visuel-village-sartene-interne-bandeau-voile50.jpg?id=5953) !important;background-position: center !important;background-repeat: no-repeat !important;background-size: cover !important;}&#8220;][vc_column][vc_empty_space height=&#8220;100px&#8220;][vc_custom_heading text=&#8220;Sart\u00e8ne, das authentische Herz von Korsika&#8220; font_container=&#8220;tag:h1|text_align:center|color:%23ffffff&#8220; use_theme_fonts=&#8220;yes&#8220;][vc_empty_space height=&#8220;100px&#8220;][vc_row_inner][vc_column_inner][vc_empty_space height=&#8220;50px&#8220;][\/vc_column_inner][\/vc_row_inner][\/vc_column][\/vc_row][vc_row gap=&#8220;20&#8243;][vc_column width=&#8220;1\/2&#8243;][vc_single_image image=&#8220;10709&#8243; img_size=&#8220;full&#8220; onclick=&#8220;zoom&#8220;][\/vc_column][vc_column width=&#8220;1\/2&#8243;][vc_custom_heading text=&#8220;Sart\u00e8ne, &#8222;die korsischste aller korsischen St\u00e4dte&#8222;<br \/>\n&#8220; font_container=&#8220;tag:h2|text_align:left|color:%23000000&#8243; use_theme_fonts=&#8220;yes&#8220; css_animation=&#8220;fadeIn&#8220;][vc_separator color=&#8220;custom&#8220; align=&#8220;align_left&#8220; border_width=&#8220;2&#8243; el_width=&#8220;30&#8243; accent_color=&#8220;#5694ff&#8220;][vc_column_text]<\/p>\n<div class=\"page\" title=\"Page 2\">\n<div class=\"layoutArea\">\n<div class=\"column\">\n<div class=\"page\" title=\"Page 5\">\n<div class=\"layoutArea\">\n<div class=\"column\">\n<p class=\"p1\">In einer seiner gr\u00f6\u00dften Novellen &#8222;Colomba&#8220; bezeichnet M\u00e9rim\u00e9e Sart\u00e8ne als &#8222;die korsischste aller korsischen St\u00e4dte&#8220;. Auf einem H\u00fcgel wenige Kilometer s\u00fcdlich von Propriano gelegen, \u00fcberblickt die Stadt das Rizzan\u00e8se-Tal und den Golf von Valinco.<\/p>\n<p class=\"p1\">Bei einem Spaziergang zwischen den hohen Granith\u00e4usern entdecken Sie die Gassen. Das mittelalterliche Viertel Santa-Anna beherbergt das Rathaus und gew\u00f6lbte Treppen.<\/p>\n<p class=\"p1\">Die Kirche Santa Maria Assunta mit ihren drei Glockent\u00fcrmen, der ehemalige Palast der genuesischen Gouverneure, der Place de la Lib\u00e9ration und die Stadtmauern verleihen der Stadt ihren Charme. Petraghju ist das \u00e4lteste Viertel der Stadt. Vom genuesischen Wachturm aus dem 16. Jahrhundert aus kann man das Rizzanese-Tal sehen.<\/p>\n<p class=\"p1\">Als &#8222;Stadt der Kunst und Geschichte&#8220; hat Sart\u00e8ne ihre typischsten Traditionen, insbesondere die religi\u00f6sen Feierlichkeiten, die zu den ber\u00fchmtesten der Insel geh\u00f6ren, bewahrt.<\/p>\n<\/div>\n<\/div>\n<\/div>\n<\/div>\n<\/div>\n<\/div>\n<p>[\/vc_column_text][\/vc_column][\/vc_row][vc_row][vc_column][vc_column_text]<\/p>\n<div class=\"page\" title=\"Page 2\">\n<div class=\"layoutArea\">\n<div class=\"column\">\n<div class=\"page\" title=\"Page 5\">\n<div class=\"layoutArea\">\n<div class=\"column\">\n<p class=\"p1\">Eingebettet in die H\u00fcgel im S\u00fcdwesten von Korsika liegt Sart\u00e8ne, ein Juwel, das den authentischen Charakter der Insel der Sch\u00f6nheit perfekt verk\u00f6rpert. Bei einem Spaziergang durch die engen, verwinkelten Gassen sp\u00fcrt man eine geschichtstr\u00e4chtige Atmosph\u00e4re, eine Stimmung, in der die Zeit stehen geblieben zu sein scheint.<\/p>\n<p class=\"p1\">Sart\u00e8ne, oder &#8222;die korsischste aller korsischen St\u00e4dte&#8220;, wie der Schriftsteller Prosper M\u00e9rim\u00e9e es beschrieb, klammert sich an den Berg und bietet einen atemberaubenden Blick auf das Rizzanese-Tal. Die Stadt ist von einer typisch korsischen Wildnis umgeben, mit duftendem Macchia-Buschland und beeindruckenden Felsformationen.<\/p>\n<p class=\"p1\">Die Architektur von Sart\u00e8ne spiegelt das traditionelle Korsika perfekt wider. Graue Granitgeb\u00e4ude, wie die robuste Kirche Santa Maria, dominieren die Altstadt. Diese imposanten Bauten, errichtet, um Angriffen von Eindringlingen standzuhalten, zeugen von der bewegten Geschichte Korsikas.<\/p>\n<p class=\"p1\">Der Place de la Lib\u00e9ration, oft als das schlagende Herz von Sart\u00e8ne betrachtet, ist ein absolutes Muss. Sie k\u00f6nnen in einem der Caf\u00e9s auf dem Platz sitzen, ein Glas korsischen Wein genie\u00dfen und dem Treiben der Einheimischen zuschauen. Der \u00f6rtliche Markt, auf dem die Produzenten der Region ihre frischen Waren verkaufen, ist ein Fest f\u00fcr die Sinne. Kr\u00e4ftige korsische K\u00e4sesorten, sonnengereiftes Obst und Gem\u00fcse, handwerkliche Wurstwaren und hausgemachte Marmeladen f\u00fcllen die St\u00e4nde und bieten einen authentischen Einblick in die gastronomische Kultur Korsikas.<\/p>\n<p class=\"p1\">Die Stadt Sart\u00e8ne, mit ihren Granith\u00e4usern, engen Gassen und ruhigen Pl\u00e4tzen, entf\u00fchrt Sie ins Herz der korsischen Kultur. Sie wird oft als die &#8222;korsischste aller korsischen St\u00e4dte&#8220; bezeichnet, eine Behauptung, die offensichtlich wird, wenn man die gepflasterten Stra\u00dfen und historischen Geb\u00e4ude erkundet.<\/p>\n<p class=\"p1\">Bei einem Spaziergang durch die Altstadt entdecken Sie den Place de la Lib\u00e9ration mit der Kirche Sainte-Marie. Diese Kirche aus dem 17. Jahrhundert mit ihrer Granitfassade und dem imposanten Glockenturm ist ein wahres Juwel des korsischen Erbes. Ganz in der N\u00e4he bietet das pr\u00e4historische Museum von Korsika einen faszinierenden Einblick in die ersten Bewohner der Insel.<\/p>\n<p class=\"p1\">Sart\u00e8ne ist auch f\u00fcr seine kulturellen Traditionen bekannt. Jedes Jahr w\u00e4hrend der Karwoche findet in der Stadt der &#8222;Catenacciu&#8220; statt, eine spektakul\u00e4re religi\u00f6se Prozession, die die Passion Christi nachbildet. Dieses jahrhundertealte Ritual ist eines der beeindruckendsten auf Korsika und zieht Besucher aus aller Welt an.<\/p>\n<p class=\"p1\">Aber Sart\u00e8ne ist nicht nur eine Stadt der Geschichte und Tradition. Sie ist auch von atemberaubender Natur umgeben. Nur wenige Kilometer entfernt finden Sie beeindruckende Natur Sehensw\u00fcrdigkeiten wie das Rizzanese-Tal, die Cauria-Hochebene und nat\u00fcrlich die wundersch\u00f6nen Str\u00e4nde der Westk\u00fcste Korsikas.<\/p>\n<p class=\"p1\">Die Gastronomie in Sart\u00e8ne wird Sie nicht entt\u00e4uschen. Die \u00f6rtlichen Restaurants bieten eine Vielzahl traditioneller korsischer Gerichte an, vom &#8222;Brocciu&#8220; (Schafsk\u00e4se) \u00fcber &#8222;korsische Wurstwaren&#8220; bis hin zur &#8222;Polenta&#8220; und nat\u00fcrlich korsischem Wein, der f\u00fcr seine Qualit\u00e4t und Vielfalt bekannt ist.<\/p>\n<p class=\"p1\">Das Dorf Sart\u00e8ne ist eine Stadt, die die korsische Seele verk\u00f6rpert. Ob Sie ein Liebhaber von Geschichte, Kultur, Natur oder Gastronomie sind, Sart\u00e8ne hat f\u00fcr jeden etwas zu bieten. Ein Besuch in Sart\u00e8ne ist ein absolutes Muss auf Ihrer Reise nach Korsika.<\/p>\n<\/div>\n<\/div>\n<\/div>\n<\/div>\n<\/div>\n<\/div>\n<p>[\/vc_column_text][\/vc_column][\/vc_row]<\/p>\n<\/div>","protected":false},"excerpt":{"rendered":"<p>[vc_row full_width=&#8220;stretch_row_content&#8220; css_animation=&#8220;fadeIn&#8220; css=&#8220;.vc_custom_1604675741812{background-image: url(https:\/\/www.camping-corse-du-sud.com\/wp-content\/uploads\/2020\/11\/visuel-village-sartene-interne-bandeau-voile50.jpg?id=5953) !important;background-position: center !important;background-repeat: no-repeat !important;background-size: cover !important;}&#8220;][vc_column][vc_empty_space height=&#8220;100px&#8220;][vc_custom_heading text=&#8220;Sart\u00e8ne, das authentische Herz von Korsika&#8220; font_container=&#8220;tag:h1|text_align:center|color:%23ffffff&#8220; [&hellip;]<\/p>\n","protected":false},"author":3,"featured_media":21715,"parent":0,"menu_order":0,"comment_status":"closed","ping_status":"closed","template":"","meta":{"_seopress_robots_primary_cat":"","_seopress_titles_title":"%%post_title%% %%sep%% Camping im S\u00fcden Korsikas! Gute Deals!","_seopress_titles_desc":"","_seopress_robots_index":"","_uag_custom_page_level_css":"","site-sidebar-layout":"no-sidebar","site-content-layout":"plain-container","ast-site-content-layout":"default","site-content-style":"default","site-sidebar-style":"default","ast-global-header-display":"","ast-banner-title-visibility":"","ast-main-header-display":"","ast-hfb-above-header-display":"","ast-hfb-below-header-display":"","ast-hfb-mobile-header-display":"","site-post-title":"disabled","ast-breadcrumbs-content":"","ast-featured-img":"disabled","footer-sml-layout":"","ast-disable-related-posts":"","theme-transparent-header-meta":"","adv-header-id-meta":"","stick-header-meta":"","header-above-stick-meta":"","header-main-stick-meta":"","header-below-stick-meta":"","astra-migrate-meta-layouts":"default","ast-page-background-enabled":"default","ast-page-background-meta":{"desktop":{"background-color":"var(--ast-global-color-5)","background-image":"","background-repeat":"repeat","background-position":"center center","background-size":"auto","background-attachment":"scroll","background-type":"","background-media":"","overlay-type":"","overlay-color":"","overlay-opacity":"","overlay-gradient":""},"tablet":{"background-color":"","background-image":"","background-repeat":"repeat","background-position":"center center","background-size":"auto","background-attachment":"scroll","background-type":"","background-media":"","overlay-type":"","overlay-color":"","overlay-opacity":"","overlay-gradient":""},"mobile":{"background-color":"","background-image":"","background-repeat":"repeat","background-position":"center center","background-size":"auto","background-attachment":"scroll","background-type":"","background-media":"","overlay-type":"","overlay-color":"","overlay-opacity":"","overlay-gradient":""}},"ast-content-background-meta":{"desktop":{"background-color":"var(--ast-global-color-4)","background-image":"","background-repeat":"repeat","background-position":"center center","background-size":"auto","background-attachment":"scroll","background-type":"","background-media":"","overlay-type":"","overlay-color":"","overlay-opacity":"","overlay-gradient":""},"tablet":{"background-color":"var(--ast-global-color-4)","background-image":"","background-repeat":"repeat","background-position":"center center","background-size":"auto","background-attachment":"scroll","background-type":"","background-media":"","overlay-type":"","overlay-color":"","overlay-opacity":"","overlay-gradient":""},"mobile":{"background-color":"var(--ast-global-color-4)","background-image":"","background-repeat":"repeat","background-position":"center center","background-size":"auto","background-attachment":"scroll","background-type":"","background-media":"","overlay-type":"","overlay-color":"","overlay-opacity":"","overlay-gradient":""}},"_vp_format_video_url":"","_vp_image_focal_point":[],"footnotes":""},"categories":[],"tags":[],"class_list":["post-11078","page","type-page","status-publish","has-post-thumbnail"],"spectra_custom_meta":{"_vp_words_count":["643"],"_wpb_shortcodes_custom_css":[".vc_custom_1604675741812{background-image: url(https:\/\/www.camping-corse-du-sud.com\/wp-content\/uploads\/2020\/11\/visuel-village-sartene-interne-bandeau-voile50.jpg?id=5953) !important;background-position: center !important;background-repeat: no-repeat !important;background-size: cover !important;}",".vc_custom_1604675741812{background-image: url(https:\/\/www.camping-corse-du-sud.com\/wp-content\/uploads\/2020\/11\/visuel-village-sartene-interne-bandeau-voile50.jpg?id=5953) !important;background-position: center !important;background-repeat: no-repeat !important;background-size: cover !important;}",".vc_custom_1604675741812{background-image: url(https:\/\/www.camping-corse-du-sud.com\/wp-content\/uploads\/2020\/11\/visuel-village-sartene-interne-bandeau-voile50.jpg?id=5953) !important;background-position: center !important;background-repeat: no-repeat !important;background-size: cover !important;}",".vc_custom_1604675741812{background-image: url(https:\/\/www.camping-corse-du-sud.com\/wp-content\/uploads\/2020\/11\/visuel-village-sartene-interne-bandeau-voile50.jpg?id=5953) !important;background-position: center !important;background-repeat: no-repeat !important;background-size: cover !important;}",".vc_custom_1604675741812{background-image: url(https:\/\/www.camping-corse-du-sud.com\/wp-content\/uploads\/2020\/11\/visuel-village-sartene-interne-bandeau-voile50.jpg?id=5953) !important;background-position: center !important;background-repeat: no-repeat !important;background-size: cover !important;}",".vc_custom_1604675741812{background-image: url(https:\/\/www.camping-corse-du-sud.com\/wp-content\/uploads\/2020\/11\/visuel-village-sartene-interne-bandeau-voile50.jpg?id=5953) !important;background-position: center !important;background-repeat: no-repeat !important;background-size: cover !important;}",".vc_custom_1604675741812{background-image: url(https:\/\/www.camping-corse-du-sud.com\/wp-content\/uploads\/2020\/11\/visuel-village-sartene-interne-bandeau-voile50.jpg?id=5953) !important;background-position: center !important;background-repeat: no-repeat !important;background-size: cover !important;}",".vc_custom_1604675741812{background-image: url(https:\/\/www.camping-corse-du-sud.com\/wp-content\/uploads\/2020\/11\/visuel-village-sartene-interne-bandeau-voile50.jpg?id=5953) !important;background-position: center !important;background-repeat: no-repeat !important;background-size: cover !important;}"],"_wpb_vc_js_status":["true"],"_yoast_wpseo_content_score":["30"],"_wpml_media_featured":["1"],"_wpml_media_duplicate":["0"],"_yoast_wpseo_estimated-reading-time-minutes":["4"],"_yoast_wpseo_wordproof_timestamp":[""],"_yoast_wpseo_primary_category":[""],"_wpml_location_migration_done":["1"],"_wpml_word_count":["{\"total\":758,\"to_translate\":{\"en\":758,\"de\":758}}"],"_last_translation_edit_mode":["native-editor"],"_thumbnail_id":["21715"],"_wp_page_template":[""],"_edit_lock":["1688144044:11"],"_edit_last":["11"],"_wpml_media_has_media":["1"],"_yoast_wpseo_title":["%%title%% %%sep%% Camping im S\u00fcden Korsikas! Gute Deals!"],"_wpb_shortcodes_default_css":[".vc_do_custom_heading{margin-bottom:0.625rem;margin-top:0;}"],"_wpb_shortcodes_default_css_updated":["1"],"_wpb_shortcodes_custom_css_updated":["1"],"_seopress_titles_title":["%%post_title%% %%sep%% Camping im S\u00fcden Korsikas! Gute Deals!"],"rank_math_title":["%title% %sep% Camping im S\u00fcden Korsikas! Gute Deals!"],"rank_math_news_sitemap_robots":["index"],"rank_math_robots":["a:1:{i:0;s:5:\"index\";}"],"rank_math_analytic_object_id":["2072"],"rank_math_primary_category":["0"],"rank_math_internal_links_processed":["1"],"_astra_content_layout_flag":["disabled"],"site-post-title":["disabled"],"ast-title-bar-display":["disabled"],"ast-featured-img":["disabled"],"site-content-layout":["plain-container"],"site-sidebar-layout":["no-sidebar"],"_uag_page_assets":["a:9:{s:3:\"css\";s:7859:\".wp-block-uagb-container{display:flex;position:relative;box-sizing:border-box;transition-property:box-shadow;transition-duration:0.2s;transition-timing-function:ease}.wp-block-uagb-container .spectra-container-link-overlay{bottom:0;left:0;position:absolute;right:0;top:0;z-index:10}.wp-block-uagb-container.uagb-is-root-container{margin-left:auto;margin-right:auto}.wp-block-uagb-container.alignfull.uagb-is-root-container .uagb-container-inner-blocks-wrap{display:flex;position:relative;box-sizing:border-box;margin-left:auto !important;margin-right:auto !important}.wp-block-uagb-container .wp-block-uagb-blockquote,.wp-block-uagb-container .wp-block-spectra-pro-login,.wp-block-uagb-container .wp-block-spectra-pro-register{margin:unset}.wp-block-uagb-container .uagb-container__video-wrap{height:100%;width:100%;top:0;left:0;position:absolute;overflow:hidden;-webkit-transition:opacity 1s;-o-transition:opacity 1s;transition:opacity 1s}.wp-block-uagb-container .uagb-container__video-wrap video{max-width:100%;width:100%;height:100%;margin:0;line-height:1;border:none;display:inline-block;vertical-align:baseline;-o-object-fit:cover;object-fit:cover;background-size:cover}.wp-block-uagb-container.uagb-layout-grid{display:grid;width:100%}.wp-block-uagb-container.uagb-layout-grid>.uagb-container-inner-blocks-wrap{display:inherit;width:inherit}.wp-block-uagb-container.uagb-layout-grid>.uagb-container-inner-blocks-wrap>.wp-block-uagb-container{max-width:unset !important;width:unset !important}.wp-block-uagb-container.uagb-layout-grid>.wp-block-uagb-container{max-width:unset !important;width:unset !important}.wp-block-uagb-container.uagb-layout-grid.uagb-is-root-container{margin-left:auto;margin-right:auto}.wp-block-uagb-container.uagb-layout-grid.uagb-is-root-container>.wp-block-uagb-container{max-width:unset !important;width:unset !important}.wp-block-uagb-container.uagb-layout-grid.alignwide.uagb-is-root-container{margin-left:auto;margin-right:auto}.wp-block-uagb-container.uagb-layout-grid.alignfull.uagb-is-root-container .uagb-container-inner-blocks-wrap{display:inherit;position:relative;box-sizing:border-box;margin-left:auto !important;margin-right:auto !important}body .wp-block-uagb-container>.uagb-container-inner-blocks-wrap>*:not(.wp-block-uagb-container):not(.wp-block-uagb-column):not(.wp-block-uagb-container):not(.wp-block-uagb-section):not(.uagb-container__shape):not(.uagb-container__video-wrap):not(.wp-block-spectra-pro-register):not(.wp-block-spectra-pro-login):not(.uagb-slider-container):not(.spectra-image-gallery__control-lightbox):not(.wp-block-uagb-info-box),body .wp-block-uagb-container>.uagb-container-inner-blocks-wrap,body .wp-block-uagb-container>*:not(.wp-block-uagb-container):not(.wp-block-uagb-column):not(.wp-block-uagb-container):not(.wp-block-uagb-section):not(.uagb-container__shape):not(.uagb-container__video-wrap):not(.wp-block-spectra-pro-register):not(.wp-block-spectra-pro-login):not(.uagb-slider-container):not(.spectra-container-link-overlay):not(.spectra-image-gallery__control-lightbox):not(.wp-block-uagb-lottie):not(.uagb-faq__outer-wrap){min-width:unset !important;width:100%;position:relative}body .ast-container .wp-block-uagb-container>.uagb-container-inner-blocks-wrap>.wp-block-uagb-container>ul,body .ast-container .wp-block-uagb-container>.uagb-container-inner-blocks-wrap>.wp-block-uagb-container ol,body .ast-container .wp-block-uagb-container>.uagb-container-inner-blocks-wrap>ul,body .ast-container .wp-block-uagb-container>.uagb-container-inner-blocks-wrap ol{max-width:-webkit-fill-available;margin-block-start:0;margin-block-end:0;margin-left:20px}.ast-plain-container .editor-styles-wrapper .block-editor-block-list__layout.is-root-container .uagb-is-root-container.wp-block-uagb-container.alignwide{margin-left:auto;margin-right:auto}.uagb-container__shape{overflow:hidden;position:absolute;left:0;width:100%;line-height:0;direction:ltr}.uagb-container__shape-top{top:-3px}.uagb-container__shape-bottom{bottom:-3px}.uagb-container__shape.uagb-container__invert.uagb-container__shape-bottom,.uagb-container__shape.uagb-container__invert.uagb-container__shape-top{-webkit-transform:rotate(180deg);-ms-transform:rotate(180deg);transform:rotate(180deg)}.uagb-container__shape.uagb-container__shape-flip svg{transform:translateX(-50%) rotateY(180deg)}.uagb-container__shape svg{display:block;width:-webkit-calc(100% + 1.3px);width:calc(100% + 1.3px);position:relative;left:50%;-webkit-transform:translateX(-50%);-ms-transform:translateX(-50%);transform:translateX(-50%)}.uagb-container__shape .uagb-container__shape-fill{-webkit-transform-origin:center;-ms-transform-origin:center;transform-origin:center;-webkit-transform:rotateY(0deg);transform:rotateY(0deg)}.uagb-container__shape.uagb-container__shape-above-content{z-index:9;pointer-events:none}.nv-single-page-wrap .nv-content-wrap.entry-content .wp-block-uagb-container.alignfull{margin-left:calc(50% - 50vw);margin-right:calc(50% - 50vw)}@media only screen and (max-width: 767px){.wp-block-uagb-container .wp-block-uagb-advanced-heading{width:-webkit-fill-available}}.wp-block-uagb-image--align-none{justify-content:center}\n.wp-block-uagb-container.uagb-block-360db477 .uagb-container__shape-top svg{width: calc( 100% + 1.3px );}.wp-block-uagb-container.uagb-block-360db477 .uagb-container__shape.uagb-container__shape-top .uagb-container__shape-fill{fill: rgba(51,51,51,1);}.wp-block-uagb-container.uagb-block-360db477 .uagb-container__shape-bottom svg{width: calc( 100% + 1.3px );}.wp-block-uagb-container.uagb-block-360db477 .uagb-container__shape.uagb-container__shape-bottom .uagb-container__shape-fill{fill: rgba(51,51,51,1);}.wp-block-uagb-container.uagb-block-360db477 .uagb-container__video-wrap video{opacity: 1;}.wp-block-uagb-container.uagb-is-root-container .uagb-block-360db477{max-width: 100%;width: 100%;}.wp-block-uagb-container.uagb-is-root-container.alignfull.uagb-block-360db477 > .uagb-container-inner-blocks-wrap{--inner-content-custom-width: min( 100%, 1600px);max-width: var(--inner-content-custom-width);width: 100%;flex-direction: column;align-items: center;justify-content: center;flex-wrap: nowrap;row-gap: 20px;column-gap: 20px;}.wp-block-uagb-container.uagb-block-360db477{box-shadow: 0px 0px   #00000070 ;padding-top: 10px;padding-bottom: 10px;padding-left: 10px;padding-right: 10px;margin-top:  !important;margin-bottom:  !important;overflow: visible;order: initial;border-color: inherit;row-gap: 20px;column-gap: 20px;}@media only screen and (max-width: 976px) {.wp-block-uagb-container.uagb-is-root-container .uagb-block-360db477{width: 100%;}.wp-block-uagb-container.uagb-is-root-container.alignfull.uagb-block-360db477 > .uagb-container-inner-blocks-wrap{--inner-content-custom-width: min( 100%, 1024px);max-width: var(--inner-content-custom-width);width: 100%;}.wp-block-uagb-container.uagb-block-360db477{padding-top: 10px;padding-bottom: 10px;padding-left: 10px;padding-right: 10px;margin-top:  !important;margin-bottom:  !important;order: initial;}}@media only screen and (max-width: 767px) {.wp-block-uagb-container.uagb-is-root-container .uagb-block-360db477{max-width: 100%;width: 100%;}.wp-block-uagb-container.uagb-is-root-container.alignfull.uagb-block-360db477 > .uagb-container-inner-blocks-wrap{--inner-content-custom-width: min( 100%, 767px);max-width: var(--inner-content-custom-width);width: 100%;flex-wrap: wrap;}.wp-block-uagb-container.uagb-block-360db477{padding-top: 10px;padding-bottom: 10px;padding-left: 10px;padding-right: 10px;margin-top:  !important;margin-bottom:  !important;order: initial;}}.uag-blocks-common-selector{z-index:var(--z-index-desktop) !important}@media (max-width: 976px){.uag-blocks-common-selector{z-index:var(--z-index-tablet) !important}}@media (max-width: 767px){.uag-blocks-common-selector{z-index:var(--z-index-mobile) !important}}\n\";s:2:\"js\";s:0:\"\";s:18:\"current_block_list\";a:4:{i:0;s:14:\"uagb\/container\";i:1;s:12:\"core\/heading\";i:2;s:14:\"core\/paragraph\";i:3;s:14:\"core\/shortcode\";}s:8:\"uag_flag\";b:1;s:11:\"uag_version\";s:10:\"1775138354\";s:6:\"gfonts\";a:0:{}s:10:\"gfonts_url\";s:0:\"\";s:12:\"gfonts_files\";a:0:{}s:14:\"uag_faq_layout\";b:0;}"],"_uag_css_file_name":["uag-css-11078.css"]},"uagb_featured_image_src":{"full":["https:\/\/dev.camping-corse-du-sud.com\/wp-content\/uploads\/2025\/01\/visuel-village-sartene-interne.jpg",500,333,false],"thumbnail":["https:\/\/dev.camping-corse-du-sud.com\/wp-content\/uploads\/2025\/01\/visuel-village-sartene-interne-150x150.jpg",150,150,true],"medium":["https:\/\/dev.camping-corse-du-sud.com\/wp-content\/uploads\/2025\/01\/visuel-village-sartene-interne-300x200.jpg",300,200,true],"medium_large":["https:\/\/dev.camping-corse-du-sud.com\/wp-content\/uploads\/2025\/01\/visuel-village-sartene-interne.jpg",500,333,false],"large":["https:\/\/dev.camping-corse-du-sud.com\/wp-content\/uploads\/2025\/01\/visuel-village-sartene-interne.jpg",500,333,false],"1536x1536":["https:\/\/dev.camping-corse-du-sud.com\/wp-content\/uploads\/2025\/01\/visuel-village-sartene-interne.jpg",500,333,false],"2048x2048":["https:\/\/dev.camping-corse-du-sud.com\/wp-content\/uploads\/2025\/01\/visuel-village-sartene-interne.jpg",500,333,false],"vp_sm":["https:\/\/dev.camping-corse-du-sud.com\/wp-content\/uploads\/2025\/01\/visuel-village-sartene-interne.jpg",500,333,false],"vp_md":["https:\/\/dev.camping-corse-du-sud.com\/wp-content\/uploads\/2025\/01\/visuel-village-sartene-interne.jpg",500,333,false],"vp_lg":["https:\/\/dev.camping-corse-du-sud.com\/wp-content\/uploads\/2025\/01\/visuel-village-sartene-interne.jpg",500,333,false],"vp_xl":["https:\/\/dev.camping-corse-du-sud.com\/wp-content\/uploads\/2025\/01\/visuel-village-sartene-interne.jpg",500,333,false],"vp_sm_popup":["https:\/\/dev.camping-corse-du-sud.com\/wp-content\/uploads\/2025\/01\/visuel-village-sartene-interne.jpg",500,333,false],"vp_md_popup":["https:\/\/dev.camping-corse-du-sud.com\/wp-content\/uploads\/2025\/01\/visuel-village-sartene-interne.jpg",500,333,false],"vp_xl_popup":["https:\/\/dev.camping-corse-du-sud.com\/wp-content\/uploads\/2025\/01\/visuel-village-sartene-interne.jpg",500,333,false]},"uagb_author_info":{"display_name":"Edouard","author_link":"https:\/\/dev.camping-corse-du-sud.com\/de\/author\/edouard\/"},"uagb_comment_info":0,"uagb_excerpt":"[vc_row full_width=&#8220;stretch_row_content&#8220; css_animation=&#8220;fadeIn&#8220; css=&#8220;.vc_custom_1604675741812{background-image: url(https:\/\/www.camping-corse-du-sud.com\/wp-content\/uploads\/2020\/11\/visuel-village-sartene-interne-bandeau-voile50.jpg?id=5953) !important;background-position: center !important;background-repeat: no-repeat !important;background-size: cover !important;}&#8220;][vc_column][vc_empty_space height=&#8220;100px&#8220;][vc_custom_heading text=&#8220;Sart\u00e8ne, das authentische Herz von Korsika&#8220; font_container=&#8220;tag:h1|text_align:center|color:%23ffffff&#8220; [&hellip;]","_links":{"self":[{"href":"https:\/\/dev.camping-corse-du-sud.com\/de\/wp-json\/wp\/v2\/pages\/11078","targetHints":{"allow":["GET"]}}],"collection":[{"href":"https:\/\/dev.camping-corse-du-sud.com\/de\/wp-json\/wp\/v2\/pages"}],"about":[{"href":"https:\/\/dev.camping-corse-du-sud.com\/de\/wp-json\/wp\/v2\/types\/page"}],"author":[{"embeddable":true,"href":"https:\/\/dev.camping-corse-du-sud.com\/de\/wp-json\/wp\/v2\/users\/3"}],"replies":[{"embeddable":true,"href":"https:\/\/dev.camping-corse-du-sud.com\/de\/wp-json\/wp\/v2\/comments?post=11078"}],"version-history":[{"count":0,"href":"https:\/\/dev.camping-corse-du-sud.com\/de\/wp-json\/wp\/v2\/pages\/11078\/revisions"}],"wp:featuredmedia":[{"embeddable":true,"href":"https:\/\/dev.camping-corse-du-sud.com\/de\/wp-json\/wp\/v2\/media\/21715"}],"wp:attachment":[{"href":"https:\/\/dev.camping-corse-du-sud.com\/de\/wp-json\/wp\/v2\/media?parent=11078"}],"wp:term":[{"taxonomy":"category","embeddable":true,"href":"https:\/\/dev.camping-corse-du-sud.com\/de\/wp-json\/wp\/v2\/categories?post=11078"},{"taxonomy":"post_tag","embeddable":true,"href":"https:\/\/dev.camping-corse-du-sud.com\/de\/wp-json\/wp\/v2\/tags?post=11078"}],"curies":[{"name":"wp","href":"https:\/\/api.w.org\/{rel}","templated":true}]}}